{"id":6019,"date":"2026-01-26T09:04:47","date_gmt":"2026-01-26T06:04:47","guid":{"rendered":"https:\/\/www.elevenestetik.com\/transplantation-de-barbe\/"},"modified":"2026-01-26T09:06:50","modified_gmt":"2026-01-26T06:06:50","slug":"transplantation-de-barbe","status":"publish","type":"page","link":"https:\/\/www.elevenestetik.com\/fr\/transplantation-de-barbe\/","title":{"rendered":"Transplantation de barbe"},"content":{"rendered":"<section class=\"l-section wpb_row us_custom_4e2a4f93 height_large\"><div class=\"l-section-h i-cf\"><div class=\"g-cols vc_row via_grid cols_1 laptops-cols_inherit tablets-cols_inherit mobiles-cols_1 valign_top type_default stacking_default\"><div class=\"wpb_column vc_column_container\"><div class=\"vc_column-inner\"><h1 class=\"w-text us_custom_28784076 has_text_color\"><span class=\"w-text-h\"><span class=\"w-text-value\">Esth\u00e9tique de la greffe de barbe<\/span><\/span><\/h1><\/div><\/div><\/div><\/div><\/section><section class=\"l-section wpb_row us_custom_6179e1d8 height_large width_full\"><div class=\"l-section-h i-cf\"><div class=\"g-cols vc_row via_grid cols_1 laptops-cols_inherit tablets-cols_inherit mobiles-cols_1 valign_top type_default stacking_default\"><div class=\"wpb_column vc_column_container\"><div class=\"vc_column-inner\"><div class=\"g-cols wpb_row via_grid cols_2 laptops-cols_inherit tablets-cols_inherit mobiles-cols_1 valign_top type_default stacking_default\" style=\"--columns-gap:2rem;\"><div class=\"wpb_column vc_column_container\"><div class=\"vc_column-inner\"><div class=\"w-image us_custom_9cf479d2 align_none\"><div class=\"w-image-h\"><img decoding=\"async\" width=\"1024\" height=\"574\" src=\"https:\/\/www.elevenestetik.com\/wp-content\/uploads\/2024\/02\/sakal-ekimi.jpg\" class=\"attachment-large size-large\" alt=\"\" loading=\"lazy\" srcset=\"https:\/\/www.elevenestetik.com\/wp-content\/uploads\/2024\/02\/sakal-ekimi.jpg 1024w, https:\/\/www.elevenestetik.com\/wp-content\/uploads\/2024\/02\/sakal-ekimi-300x168.jpg 300w\" sizes=\"auto, (max-width: 1024px) 100vw, 1024px\"><\/div><\/div><\/div><\/div><div class=\"wpb_column vc_column_container us_custom_29737451\"><div class=\"vc_column-inner\"><div class=\"w-hwrapper us_custom_147c3537 valign_top stack_on_mobiles align_center\" style=\"--hwrapper-gap:3rem\"><div class=\"w-iconbox us_custom_f9f315b4 has_text_color iconpos_top style_default color_primary align_center\"><div class=\"w-iconbox-icon\" style=\"font-size:2rem;\"><i class=\"fas fa-hospital\"><\/i><\/div><div class=\"w-iconbox-meta\"><p class=\"w-iconbox-title\">Dur\u00e9e de l&#039;hospitalisation<\/p><div class=\"w-iconbox-text\"><p>Pas d&rsquo;hospitalisation<\/p>\n<\/div><\/div><\/div><div class=\"w-iconbox us_custom_f9f315b4 has_text_color iconpos_top style_default color_primary align_center\"><div class=\"w-iconbox-icon\" style=\"font-size:2rem;\"><i class=\"fas fa-clock\"><\/i><\/div><div class=\"w-iconbox-meta\"><p class=\"w-iconbox-title\">Dur\u00e9e de l&#039;op\u00e9ration<\/p><div class=\"w-iconbox-text\"><p>4 &#8211; 8 heures<\/p>\n<\/div><\/div><\/div><div class=\"w-iconbox us_custom_f9f315b4 has_text_color iconpos_top style_default color_primary align_center\"><div class=\"w-iconbox-icon\" style=\"font-size:2rem;\"><i class=\"fas fa-stethoscope\"><\/i><\/div><div class=\"w-iconbox-meta\"><p class=\"w-iconbox-title\">Type d&#039;anesth\u00e9sie<\/p><div class=\"w-iconbox-text\"><p>Anesth\u00e9sie locale<\/p>\n<\/div><\/div><\/div><div class=\"w-iconbox us_custom_f9f315b4 has_text_color iconpos_top style_default color_primary align_center\"><div class=\"w-iconbox-icon\" style=\"font-size:2rem;\"><i class=\"fas fa-hands-heart\"><\/i><\/div><div class=\"w-iconbox-meta\"><p class=\"w-iconbox-title\">Processus de r\u00e9cup\u00e9ration<\/p><div class=\"w-iconbox-text\"><p>1 &#8211; 2 semaines<\/p>\n<\/div><\/div><\/div><\/div><h6 class=\"w-text us_custom_d0e1c2ad\"><span class=\"w-text-h\"><span class=\"w-text-value\">Contactez-nous pour plus d&#039;informations.<\/span><\/span><\/h6><div class=\"w-btn-wrapper align_center\"><a class=\"w-btn us-btn-style_1\" href=\"https:\/\/wa.me\/+905011552511\" target=\"_blank\" rel=\"noopener\"><span class=\"w-btn-label\">\u00c9crire sur WhatsApp<\/span><\/a><\/div><\/div><\/div><\/div><\/div><\/div><\/div><\/div><\/section><section class=\"l-section wpb_row us_custom_ddf21fbc height_large\"><div class=\"l-section-h i-cf\"><div class=\"g-cols vc_row via_grid cols_1 laptops-cols_inherit tablets-cols_inherit mobiles-cols_1 valign_top type_default stacking_default\"><div class=\"wpb_column vc_column_container\"><div class=\"vc_column-inner\"><div class=\"wpb_text_column\"><div class=\"wpb_wrapper\"><p>La transplantation de barbe est devenue une application populaire pr\u00e9f\u00e9r\u00e9e par les hommes ces derni\u00e8res ann\u00e9es pour am\u00e9liorer leur apparence esth\u00e9tique et personnelle. Dans cet article, nous r\u00e9pondrons aux questions curieuses telles que : qu&rsquo;est-ce que <strong>la transplantation de barbe<\/strong>, quelles sont les <strong>m\u00e9thodes de transplantation de barbe<\/strong> utilis\u00e9es et quels sont les <strong>prix de la transplantation de barbe<\/strong>. En outre, nous d\u00e9taillerons les \u00e9tapes du processus de <strong>traitement de la transplantation de barbe<\/strong> et nous aborderons les conseils de soins post-proc\u00e9dure. Ainsi, nous visons \u00e0 vous aider \u00e0 prendre une d\u00e9cision en vous fournissant des informations compl\u00e8tes sur la transplantation de barbe.   <\/p>\n<h2>Qu&rsquo;est-ce que la transplantation de barbe ?<\/h2>\n<p>La <strong>transplantation de barbe<\/strong> est une proc\u00e9dure chirurgicale appliqu\u00e9e \u00e0 la zone faciale des hommes, en particulier sous le menton, sur les joues et au-dessus des l\u00e8vres, afin de donner un aspect naturel aux zones de barbe. Cette proc\u00e9dure est g\u00e9n\u00e9ralement pr\u00e9f\u00e9r\u00e9e par les personnes dont la barbe ne pousse pas ou peu. La transplantation de barbe est devenue un domaine populaire de la chirurgie esth\u00e9tique aujourd&rsquo;hui et offre une solution id\u00e9ale pour de nombreux hommes.  <\/p>\n<p>L&rsquo;objectif principal de la transplantation de barbe est li\u00e9 \u00e0 la perte de barbe, \u00e0 la structure clairsem\u00e9e de la barbe ou \u00e0 la cr\u00e9ation de la forme de barbe souhait\u00e9e, ce qui est courant chez les hommes. Au cours de cette proc\u00e9dure, les propres follicules pileux de la personne sont g\u00e9n\u00e9ralement pr\u00e9lev\u00e9s \u00e0 l&rsquo;arri\u00e8re de la t\u00eate et transplant\u00e9s dans la zone de la barbe. Cette m\u00e9thode donne un aspect naturel et joue un r\u00f4le important dans l&rsquo;am\u00e9lioration de la confiance en soi.  <\/p>\n<p>Les <strong>m\u00e9thodes de transplantation de barbe<\/strong> les plus courantes sont la FUE (Follicular Unit Extraction) et la DHI (Direct Hair Implantation). Dans la m\u00e9thode FUE, les follicules pileux sont pr\u00e9lev\u00e9s un par un et plac\u00e9s dans la zone de la barbe, tandis que dans la m\u00e9thode DHI, un processus de transplantation direct et plus rapide est r\u00e9alis\u00e9 \u00e0 l&rsquo;aide d&rsquo;un outil d&rsquo;implantation sp\u00e9cial. Les deux m\u00e9thodes pr\u00e9sentent des avantages diff\u00e9rents. Par exemple, alors que la m\u00e9thode FUE attire l&rsquo;attention par ses cicatrices moins importantes, la m\u00e9thode DHI offre un processus de gu\u00e9rison plus rapide.   <\/p>\n<p>La transplantation de barbe offre des avantages significatifs non seulement sur le plan esth\u00e9tique, mais aussi sur le plan psychologique. De nombreux hommes pensent que le fait d&rsquo;avoir une barbe plus pro\u00e9minente et plus soign\u00e9e augmente leur confiance en eux. Les personnes qui ont constamment une barbe mal entretenue et clairsem\u00e9e ressentent un changement \u00e0 la fois physique et \u00e9motionnel gr\u00e2ce \u00e0 cette intervention.  <\/p>\n<p>Par cons\u00e9quent, <strong>la transplantation de barbe<\/strong> est une pratique courante chez les hommes, \u00e0 la fois par n\u00e9cessit\u00e9 esth\u00e9tique et par pr\u00e9f\u00e9rence personnelle. Cette m\u00e9thode donne des r\u00e9sultats probants et peut r\u00e9pondre aux attentes des individus lorsqu&rsquo;elle est pratiqu\u00e9e par le bon sp\u00e9cialiste. <\/p>\n<h2><img loading=\"lazy\" decoding=\"async\" src=\"https:\/\/www.elevenestetik.com\/wp-content\/uploads\/2024\/02\/Sakal-Ekimi-Nasil-Yapilir.jpg\" alt=\"\" width=\"1920\" height=\"1080\"><\/h2>\n<h2>M\u00e9thodes de transplantation de barbe<\/h2>\n<p>La transplantation de barbe est devenue une intervention esth\u00e9tique qui attire l&rsquo;attention d&rsquo;un nombre croissant d&rsquo;hommes. Le succ\u00e8s de cette proc\u00e9dure d\u00e9pend des <strong>m\u00e9thodes de transplantation de barbe<\/strong>utilis\u00e9es. Quelles sont donc ces m\u00e9thodes et dans quels cas sont-elles privil\u00e9gi\u00e9es ?  <\/p>\n<p>La transplantation <strong>d&rsquo;unit\u00e9s folliculaires (FUT)<\/strong> est l&rsquo;une des m\u00e9thodes les plus anciennes et les plus courantes de transplantation de barbe. Dans cette m\u00e9thode, des unit\u00e9s folliculaires saines sont pr\u00e9lev\u00e9es sur le cuir chevelu et transplant\u00e9es dans les zones o\u00f9 la barbe est clairsem\u00e9e. L&rsquo;avantage de la FUT est qu&rsquo;elle permet g\u00e9n\u00e9ralement de couvrir plus rapidement de grandes zones. Cependant, il existe un risque qu&rsquo;une cicatrice visible subsiste apr\u00e8s cette m\u00e9thode.   <\/p>\n<p>Une autre m\u00e9thode courante est la technique <strong>FUE (Follicular Unit Extraction)<\/strong>. Cette m\u00e9thode consiste \u00e0 pr\u00e9lever les follicules pileux un par un et \u00e0 les placer dans la zone de la barbe. De cette mani\u00e8re, la cicatrisation apr\u00e8s l&rsquo;intervention est r\u00e9duite au minimum. Bien que la technique FUE soit moins invasive, elle peut prendre plus de temps et est g\u00e9n\u00e9ralement associ\u00e9e \u00e0 un co\u00fbt plus \u00e9lev\u00e9.   <\/p>\n<p>Ces derni\u00e8res ann\u00e9es, la m\u00e9thode <strong>DHI (transplantation capillaire directe)<\/strong> a gagn\u00e9 en popularit\u00e9 gr\u00e2ce au d\u00e9veloppement de la technologie. La DHI permet de transplanter des follicules pileux directement dans les zones souhait\u00e9es \u00e0 l&rsquo;aide d&rsquo;un stylo sp\u00e9cial. Le principal avantage de cette m\u00e9thode est qu&rsquo;elle permet d&rsquo;obtenir un r\u00e9sultat plus naturel et plus dense. En outre, la transplantation de barbe avec la m\u00e9thode DHI attire l&rsquo;attention parce qu&rsquo;elle raccourcit le processus de gu\u00e9rison.   <\/p>\n<p>En outre, les m\u00e9thodes de transplantation de barbe comprennent des syst\u00e8mes de nouvelle g\u00e9n\u00e9ration tels que la <strong>restauration robotique des cheveux<\/strong>. Ces syst\u00e8mes robotiques offrent une grande pr\u00e9cision dans le pr\u00e9l\u00e8vement et la mise en place des follicules pileux, ce qui permet de r\u00e9duire les dommages et d&rsquo;obtenir de meilleurs r\u00e9sultats. <\/p>\n<p>Chaque m\u00e9thode a ses propres avantages et inconv\u00e9nients. Par cons\u00e9quent, il est important que les personnes qui envisagent une transplantation de barbe choisissent la m\u00e9thode appropri\u00e9e en tenant compte de leurs besoins personnels, de leur budget et de leurs attentes esth\u00e9tiques. En cons\u00e9quence, il devient possible d&rsquo;obtenir l&rsquo;apparence de barbe d\u00e9sir\u00e9e avec le bon <strong>traitement de transplantation de barbe<\/strong>. Des conseils suppl\u00e9mentaires concernant les soins post-proc\u00e9dure augmenteront le succ\u00e8s du processus.   <\/p>\n<h2>Prix des greffes de barbe<\/h2>\n<p>La transplantation de barbe est devenue une m\u00e9thode courante ces derni\u00e8res ann\u00e9es, r\u00e9pondant \u00e0 la fois \u00e0 des pr\u00e9occupations esth\u00e9tiques et \u00e0 des pr\u00e9f\u00e9rences personnelles. Cependant, le <strong>prix de la transplantation de barbe<\/strong> est l&rsquo;une des questions les plus curieuses. Les prix varient g\u00e9n\u00e9ralement en fonction de nombreux facteurs. Ces facteurs comprennent la m\u00e9thode pr\u00e9f\u00e9r\u00e9e pour la transplantation, la clinique o\u00f9 l&rsquo;application est r\u00e9alis\u00e9e, le niveau d&rsquo;expertise du m\u00e9decin et les diff\u00e9rences r\u00e9gionales.   <\/p>\n<p>Tout d&rsquo;abord, les <strong>m\u00e9thodes de transplantation de barbe<\/strong> les plus courantes sont la FUE (Follicular Unit Extraction) et la FUT (Follicular Unit Transplantation). Les m\u00e9thodes FUE et FUT peuvent toutes deux diff\u00e9rer en termes de prix. Par exemple, la m\u00e9thode FUE n\u00e9cessite g\u00e9n\u00e9ralement plus de travail et de temps, ce qui peut augmenter quelque peu le co\u00fbt. Toutefois, les deux m\u00e9thodes sont pr\u00e9f\u00e9r\u00e9es et pr\u00e9sentent un taux de r\u00e9ussite \u00e9lev\u00e9.   <\/p>\n<p>En outre, les mat\u00e9riaux et l&rsquo;\u00e9quipement utilis\u00e9s pendant le <strong>traitement de la transplantation de barbe<\/strong> sont \u00e9galement un facteur important qui influe sur les co\u00fbts. Si l&rsquo;utilisation d&rsquo;un \u00e9quipement moderne et de qualit\u00e9 augmente la qualit\u00e9 des r\u00e9sultats, il ne faut pas oublier que cela se r\u00e9percute \u00e9galement sur le prix. Les m\u00e9dicaments utilis\u00e9s pendant le processus de traitement et les m\u00e9thodes de traitement suppl\u00e9mentaires \u00e0 appliquer si n\u00e9cessaire peuvent \u00e9galement avoir une incidence sur le co\u00fbt total.  <\/p>\n<p>Les diff\u00e9rences r\u00e9gionales jouent \u00e9galement un r\u00f4le important dans les co\u00fbts. Les cliniques des grandes villes proposent g\u00e9n\u00e9ralement des prix plus \u00e9lev\u00e9s. Cependant, cela ne garantit pas toujours une meilleure qualit\u00e9, il est donc important de faire des recherches et de pr\u00eater attention aux r\u00e9f\u00e9rences des m\u00e9decins.  <\/p>\n<p>Par cons\u00e9quent, <strong>les prix de la transplantation de barbe<\/strong> varient en fonction de nombreuses variables, ce qui ne permet pas d&rsquo;obtenir un chiffre pr\u00e9cis. Il est donc recommand\u00e9 aux patients potentiels de contacter diff\u00e9rentes cliniques et de mener des recherches approfondies afin d&rsquo;obtenir des informations pr\u00e9cises sur les prix. Ainsi, vous pourrez \u00e0 la fois choisir la m\u00e9thode de traitement la plus adapt\u00e9e \u00e0 vos besoins et trouver le meilleur prix pour votre budget.  <\/p>\n<h2>Processus de traitement de la greffe de barbe<\/h2>\n<p>Le processus de transplantation de barbe est planifi\u00e9 individuellement en fonction des souhaits et des besoins des individus. Ce processus se compose g\u00e9n\u00e9ralement de plusieurs \u00e9tapes et chacune d&rsquo;entre elles doit \u00eatre soigneusement mise en \u0153uvre pour obtenir un r\u00e9sultat satisfaisant. <\/p>\n<p>Tout d&rsquo;abord, la consultation d&rsquo;un sp\u00e9cialiste pour le <strong>traitement de la transplantation de barbe<\/strong> constitue la base du processus. Le sp\u00e9cialiste d\u00e9termine la m\u00e9thode la plus appropri\u00e9e en \u00e9valuant la structure de la peau du patient, la densit\u00e9 de sa barbe et ses attentes. Si le consentement du patient est obtenu apr\u00e8s la consultation, la date de la proc\u00e9dure de transplantation est planifi\u00e9e.  <\/p>\n<p>La deuxi\u00e8me \u00e9tape est celle des pr\u00e9parations pr\u00e9alables \u00e0 l&rsquo;application. Le patient subit les examens de sant\u00e9 n\u00e9cessaires \u00e0 la transplantation de barbe. Ces examens fournissent des informations importantes sur l&rsquo;\u00e9tat de sant\u00e9 du patient et permettent de pr\u00e9venir d&rsquo;\u00e9ventuelles complications. En outre, les m\u00e9dicaments que le patient doit utiliser et les points \u00e0 prendre en compte sont expliqu\u00e9s en d\u00e9tail.   <\/p>\n<p>La troisi\u00e8me \u00e9tape est la proc\u00e9dure de transplantation de barbe elle-m\u00eame. \u00c0 ce stade, deux <strong>m\u00e9thodes<\/strong> diff\u00e9rentes <strong>de transplantation de barbe<\/strong> sont g\u00e9n\u00e9ralement appliqu\u00e9es : FUT (Follicular Unit Transfer) et FUE (Follicular Unit Extraction). La <a href=\"https:\/\/www.elevenestetik.com\/fr\/transplantation-de-barbe\/\">m\u00e9thode FUE<\/a> est pr\u00e9f\u00e9r\u00e9e depuis quelques ann\u00e9es car elle laisse moins de cicatrices. Une anesth\u00e9sie locale est appliqu\u00e9e pour minimiser la douleur pendant l&rsquo;intervention. Ensuite, les follicules pileux sont soigneusement pr\u00e9lev\u00e9s dans la zone donneuse et transf\u00e9r\u00e9s dans la zone cible.   <\/p>\n<p>Une fois la proc\u00e9dure termin\u00e9e, le patient est gard\u00e9 en observation pendant un certain temps. Au cours de ce processus, il est important de fournir des informations sur les suites du <strong>traitement de transplantation de barbe<\/strong> par un personnel de sant\u00e9 qualifi\u00e9. Le patient est inform\u00e9 du processus de gu\u00e9rison et des r\u00e9sultats attendus.  <\/p>\n<p>Par cons\u00e9quent, le processus de traitement de la <strong>greffe de barbe<\/strong> est planifi\u00e9 et mis en \u0153uvre avec soin afin de garantir une efficacit\u00e9 maximale. Chaque \u00e9tape est adapt\u00e9e aux attentes du patient. Ainsi, des r\u00e9sultats esth\u00e9tiquement satisfaisants sont obtenus et un processus de r\u00e9cup\u00e9ration sain est offert au patient. C&rsquo;est pourquoi le point le plus important auquel les personnes qui vont subir une transplantation de barbe doivent pr\u00eater attention est de veiller \u00e0 mener le processus de mani\u00e8re m\u00e9ticuleuse et de travailler avec une \u00e9quipe experte.   <\/p>\n<h2>Conseils d&rsquo;entretien apr\u00e8s une greffe de barbe<\/h2>\n<p>Apr\u00e8s la transplantation de barbe, il est tr\u00e8s important de suivre quelques conseils de soins importants pour que le processus de gu\u00e9rison se d\u00e9roule de mani\u00e8re saine. Des soins appropri\u00e9s apr\u00e8s le traitement de transplantation de barbe sont extr\u00eamement importants \u00e0 la fois pour maintenir l&rsquo;int\u00e9grit\u00e9 du site de la proc\u00e9dure et pour affecter positivement le r\u00e9sultat final. <\/p>\n<p><strong>1) Nettoyage :<\/strong> Afin de r\u00e9duire le risque d&rsquo;infection de la zone apr\u00e8s la transplantation de barbe, il est n\u00e9cessaire de garder la zone propre au cours des premiers jours. Il est recommand\u00e9 de laver d\u00e9licatement la zone transplant\u00e9e plusieurs fois par jour \u00e0 l&rsquo;aide d&rsquo;un savon sp\u00e9cial ou d&rsquo;un nettoyant recommand\u00e9 par le m\u00e9decin. \u00c0 ce stade, il convient d&rsquo;\u00e9viter tout contact direct de l&rsquo;eau avec la zone de transplantation.  <\/p>\n<p><strong>2. l&rsquo;hydratation :<\/strong> Maintenir l&rsquo;hydratation de la peau acc\u00e9l\u00e8re le processus de gu\u00e9rison. L&rsquo;utilisation de cr\u00e8mes hydratantes recommand\u00e9es par le m\u00e9decin au d\u00e9but du processus permet de nourrir la peau. Ces produits pr\u00e9viennent les irritations en \u00e9vitant le dess\u00e8chement.  <\/p>\n<p><strong>3. respect des instructions du m\u00e9decin :<\/strong> apr\u00e8s une greffe de barbe, il est important que les patients suivent strictement toutes les instructions donn\u00e9es par leur m\u00e9decin. Ces instructions visent \u00e0 r\u00e9duire le risque d&rsquo;inflammation et \u00e0 obtenir les meilleurs r\u00e9sultats. Il est particuli\u00e8rement important d&rsquo;obtenir des informations sur l&rsquo;utilisation des m\u00e9dicaments.  <\/p>\n<p><strong>4. \u00e9viter l&rsquo;activit\u00e9 physique :<\/strong> \u00c9viter toute activit\u00e9 physique intense pendant les premiers jours r\u00e9duira le risque de gonflement et de saignement. Il est \u00e9galement n\u00e9cessaire d&rsquo;\u00e9viter les exercices qui sollicitent trop le visage. Le repos pendant cette p\u00e9riode a un effet positif sur le processus de cicatrisation.  <\/p>\n<p><strong>5. protection solaire :<\/strong> La zone trait\u00e9e est tr\u00e8s sensible aux rayons du soleil pendant le processus de gu\u00e9rison. C&rsquo;est pourquoi l&rsquo;utilisation d&rsquo;un \u00e9cran solaire ou le port d&rsquo;un chapeau lors des sorties permet de prot\u00e9ger la peau. Les rayons UV nocifs du soleil peuvent avoir un effet n\u00e9gatif sur la croissance saine des cheveux nouvellement transplant\u00e9s.  <\/p>\n<p><strong>6. nutrition et consommation d&rsquo;eau :<\/strong> Une alimentation \u00e9quilibr\u00e9e et saine favorise le processus de gu\u00e9rison. Boire beaucoup d&rsquo;eau maintient l&rsquo;\u00e9quilibre hydrique du corps, tandis que la consommation d&rsquo;aliments riches en vitamines et en min\u00e9raux contribue \u00e0 la croissance saine de la barbe. <\/p>\n<p>Par cons\u00e9quent, les bonnes m\u00e9thodes de soins appliqu\u00e9es apr\u00e8s le <strong>traitement de transplantation de barbe<\/strong> acc\u00e9l\u00e8rent le processus de gu\u00e9rison et affectent positivement l&rsquo;apparence finale de la barbe. L&rsquo;entretien d&rsquo;une barbe saine est le compl\u00e9ment d&rsquo;une proc\u00e9dure r\u00e9ussie. <\/p>\n<h2>Questions fr\u00e9quemment pos\u00e9es<\/h2>\n<h3>Qu&rsquo;est-ce que la transplantation de barbe ?<\/h3>\n<p>La transplantation de barbe est une proc\u00e9dure de chirurgie esth\u00e9tique appliqu\u00e9e aux personnes dont la barbe ne pousse pas ou peu. Elle consiste g\u00e9n\u00e9ralement \u00e0 transplanter dans la zone de la barbe des follicules pileux pr\u00e9lev\u00e9s sur des follicules pileux sains situ\u00e9s \u00e0 l&rsquo;arri\u00e8re de la t\u00eate. La transplantation de barbe vise \u00e0 donner une apparence naturelle et \u00e0 accro\u00eetre la confiance en soi.  <\/p>\n<h3>Comment se d\u00e9roule la transplantation de barbe ?<\/h3>\n<p>La transplantation de barbe est g\u00e9n\u00e9ralement r\u00e9alis\u00e9e sous anesth\u00e9sie locale. Avant de commencer l&rsquo;intervention, la zone de barbe du patient est cartographi\u00e9e et la densit\u00e9 de la barbe existante est \u00e9valu\u00e9e. Ensuite, des follicules pileux sont pr\u00e9lev\u00e9s sur la zone donneuse (g\u00e9n\u00e9ralement l&rsquo;arri\u00e8re de la t\u00eate) et ces follicules sont soigneusement plac\u00e9s dans la zone requise de la barbe. Apr\u00e8s l&rsquo;application, le processus de gu\u00e9rison de la zone commence et l&rsquo;apparence souhait\u00e9e de la barbe est atteinte en quelques mois.   <\/p>\n<h3>Quel est le processus de r\u00e9tablissement apr\u00e8s une greffe de barbe ?<\/h3>\n<p>Le processus de gu\u00e9rison apr\u00e8s une greffe de barbe peut varier d&rsquo;un patient \u00e0 l&rsquo;autre, mais le gonflement et la rougeur diminuent g\u00e9n\u00e9ralement au bout d&rsquo;une \u00e0 deux semaines. Les premiers jours, il peut y avoir des cro\u00fbtes dans la zone de la barbe, mais c&rsquo;est normal et cela passe avec le temps. Il peut s&rsquo;\u00e9couler 3 \u00e0 4 mois avant que les poils transplant\u00e9s ne tombent et que de nouveaux poils ne poussent. Les r\u00e9sultats complets sont g\u00e9n\u00e9ralement obtenus au bout de 6 \u00e0 12 mois. Des soins ad\u00e9quats et le respect des recommandations du m\u00e9decin permettent d&rsquo;acc\u00e9l\u00e9rer et de faciliter le processus de gu\u00e9rison.    <\/p>\n<h3>\u00c0 qui s&rsquo;adresse la transplantation de barbe ?<\/h3>\n<p>La transplantation de barbe convient aux hommes dont la barbe pousse peu, dont la structure de la barbe est irr\u00e9guli\u00e8re ou qui \u00e9prouvent des difficult\u00e9s \u00e0 faire pousser leur barbe. Toutefois, les candidats id\u00e9aux pour cette proc\u00e9dure sont les hommes en bonne sant\u00e9 g\u00e9n\u00e9rale et d&rsquo;un certain \u00e2ge (g\u00e9n\u00e9ralement 18 ans et plus). Il est \u00e9galement important de consulter un sp\u00e9cialiste et de proc\u00e9der \u00e0 une \u00e9valuation appropri\u00e9e avant de proc\u00e9der \u00e0 une transplantation de barbe.  <\/p>\n<\/div><\/div><\/div><\/div><\/div><\/div><\/section><section class=\"l-section wpb_row us_custom_315b8835 height_medium color_footer-bottom\"><div class=\"l-section-h i-cf\"><div class=\"g-cols vc_row via_grid cols_1 laptops-cols_inherit tablets-cols_inherit mobiles-cols_1 valign_middle type_default stacking_default\"><div class=\"wpb_column vc_column_container\"><div class=\"vc_column-inner\"><div class=\"g-cols wpb_row us_custom_ee246b62 has_text_color via_grid cols_2 laptops-cols_inherit tablets-cols_1 mobiles-cols_1 valign_middle type_default stacking_default\" style=\"--columns-gap:0rem;\"><div class=\"wpb_column vc_column_container us_custom_2c279b99\"><div class=\"vc_column-inner\"><div class=\"w-text us_custom_a5df9810 has_text_color\"><span class=\"w-text-h\"><span class=\"w-text-value\">Obtenez des informations et du soutien d\u00e8s maintenant<\/span><\/span><\/div><h2 class=\"w-text\"><span class=\"w-text-h\"><span class=\"w-text-value\">Demandez une consultation gratuite.<\/span><\/span><\/h2><\/div><\/div><div class=\"wpb_column vc_column_container us_custom_16154244\"><div class=\"vc_column-inner\"><div class=\"w-btn-wrapper default_align_right laptops_align_right tablets_align_left mobiles_align_left\"><a class=\"w-btn us-btn-style_2 us_custom_b4198c51\" href=\"https:\/\/www.elevenestetik.com\/fr\/contact\/\"><span class=\"w-btn-label\">Cr\u00e9er un rendez-vous<\/span><\/a><\/div><\/div><\/div><\/div><\/div><\/div><\/div><\/div><\/section>\n","protected":false},"excerpt":{"rendered":"Esth\u00e9tique de la greffe de barbeDur\u00e9e de l&#039;hospitalisationPas d'hospitalisation Dur\u00e9e de l&#039;op\u00e9ration4 - 8 heures Type d&#039;anesth\u00e9sieAnesth\u00e9sie locale Processus de r\u00e9cup\u00e9ration1 - 2 semaines Contactez-nous pour plus d&#039;informations.\u00c9crire sur WhatsAppLa transplantation de barbe est devenue une application populaire pr\u00e9f\u00e9r\u00e9e par les hommes ces derni\u00e8res ann\u00e9es pour am\u00e9liorer leur apparence esth\u00e9tique et personnelle. Dans cet article,...","protected":false},"author":1,"featured_media":3508,"parent":0,"menu_order":0,"comment_status":"closed","ping_status":"closed","template":"","meta":{"rank_math_focus_keyword":"greffe de barbe","rank_math_description":"Obtenez des informations sur la transplantation de barbe ! Obtenez une barbe saine en consultant les m\u00e9thodes, les prix et les conseils d'entretien. ","footnotes":""},"class_list":["post-6019","page","type-page","status-publish","has-post-thumbnail","hentry"],"_links":{"self":[{"href":"https:\/\/www.elevenestetik.com\/fr\/wp-json\/wp\/v2\/pages\/6019","targetHints":{"allow":["GET"]}}],"collection":[{"href":"https:\/\/www.elevenestetik.com\/fr\/wp-json\/wp\/v2\/pages"}],"about":[{"href":"https:\/\/www.elevenestetik.com\/fr\/wp-json\/wp\/v2\/types\/page"}],"author":[{"embeddable":true,"href":"https:\/\/www.elevenestetik.com\/fr\/wp-json\/wp\/v2\/users\/1"}],"replies":[{"embeddable":true,"href":"https:\/\/www.elevenestetik.com\/fr\/wp-json\/wp\/v2\/comments?post=6019"}],"version-history":[{"count":2,"href":"https:\/\/www.elevenestetik.com\/fr\/wp-json\/wp\/v2\/pages\/6019\/revisions"}],"predecessor-version":[{"id":7831,"href":"https:\/\/www.elevenestetik.com\/fr\/wp-json\/wp\/v2\/pages\/6019\/revisions\/7831"}],"wp:featuredmedia":[{"embeddable":true,"href":"https:\/\/www.elevenestetik.com\/fr\/wp-json\/wp\/v2\/media\/3508"}],"wp:attachment":[{"href":"https:\/\/www.elevenestetik.com\/fr\/wp-json\/wp\/v2\/media?parent=6019"}],"curies":[{"name":"wp","href":"https:\/\/api.w.org\/{rel}","templated":true}]}}