{"id":5783,"date":"2026-01-26T09:05:53","date_gmt":"2026-01-26T06:05:53","guid":{"rendered":"https:\/\/www.elevenestetik.com\/esthetique-gingivale\/"},"modified":"2026-01-26T09:05:54","modified_gmt":"2026-01-26T06:05:54","slug":"esthetique-gingivale","status":"publish","type":"page","link":"https:\/\/www.elevenestetik.com\/fr\/esthetique-gingivale\/","title":{"rendered":"Esth\u00e9tique gingivale"},"content":{"rendered":"<section class=\"l-section wpb_row us_custom_4e2a4f93 height_large\"><div class=\"l-section-h i-cf\"><div class=\"g-cols vc_row via_grid cols_1 laptops-cols_inherit tablets-cols_inherit mobiles-cols_1 valign_top type_default stacking_default\"><div class=\"wpb_column vc_column_container\"><div class=\"vc_column-inner\"><h1 class=\"w-text us_custom_28784076 has_text_color\"><span class=\"w-text-h\"><span class=\"w-text-value\">Esth\u00e9tique gingivale<\/span><\/span><\/h1><\/div><\/div><\/div><\/div><\/section><section class=\"l-section wpb_row us_custom_6179e1d8 height_large width_full\"><div class=\"l-section-h i-cf\"><div class=\"g-cols vc_row via_grid cols_1 laptops-cols_inherit tablets-cols_inherit mobiles-cols_1 valign_top type_default stacking_default\"><div class=\"wpb_column vc_column_container\"><div class=\"vc_column-inner\"><div class=\"g-cols wpb_row via_grid cols_2 laptops-cols_inherit tablets-cols_inherit mobiles-cols_1 valign_top type_default stacking_default\" style=\"--columns-gap:2rem;\"><div class=\"wpb_column vc_column_container\"><div class=\"vc_column-inner\"><div class=\"w-image us_custom_9cf479d2 align_none\"><div class=\"w-image-h\"><img decoding=\"async\" width=\"1024\" height=\"568\" src=\"https:\/\/www.elevenestetik.com\/wp-content\/uploads\/2024\/02\/dis-eti.jpg\" class=\"attachment-large size-large\" alt=\"\" loading=\"lazy\" srcset=\"https:\/\/www.elevenestetik.com\/wp-content\/uploads\/2024\/02\/dis-eti.jpg 1024w, https:\/\/www.elevenestetik.com\/wp-content\/uploads\/2024\/02\/dis-eti-300x166.jpg 300w\" sizes=\"auto, (max-width: 1024px) 100vw, 1024px\"><\/div><\/div><\/div><\/div><div class=\"wpb_column vc_column_container us_custom_29737451\"><div class=\"vc_column-inner\"><div class=\"w-hwrapper us_custom_147c3537 valign_top stack_on_mobiles align_center\" style=\"--hwrapper-gap:3rem\"><div class=\"w-iconbox us_custom_f9f315b4 has_text_color iconpos_top style_default color_primary align_center\"><div class=\"w-iconbox-icon\" style=\"font-size:2rem;\"><i class=\"fas fa-hospital\"><\/i><\/div><div class=\"w-iconbox-meta\"><p class=\"w-iconbox-title\">Dur\u00e9e de l&#039;hospitalisation<\/p><div class=\"w-iconbox-text\"><p>Pas d&rsquo;hospitalisation<\/p>\n<\/div><\/div><\/div><div class=\"w-iconbox us_custom_f9f315b4 has_text_color iconpos_top style_default color_primary align_center\"><div class=\"w-iconbox-icon\" style=\"font-size:2rem;\"><i class=\"fas fa-clock\"><\/i><\/div><div class=\"w-iconbox-meta\"><p class=\"w-iconbox-title\">Dur\u00e9e de l&#039;op\u00e9ration<\/p><div class=\"w-iconbox-text\"><p>1 &#8211; 2 heures<\/p>\n<\/div><\/div><\/div><div class=\"w-iconbox us_custom_f9f315b4 has_text_color iconpos_top style_default color_primary align_center\"><div class=\"w-iconbox-icon\" style=\"font-size:2rem;\"><i class=\"fas fa-stethoscope\"><\/i><\/div><div class=\"w-iconbox-meta\"><p class=\"w-iconbox-title\">Type d&#039;anesth\u00e9sie<\/p><div class=\"w-iconbox-text\"><p>Anesth\u00e9sie locale<\/p>\n<\/div><\/div><\/div><div class=\"w-iconbox us_custom_f9f315b4 has_text_color iconpos_top style_default color_primary align_center\"><div class=\"w-iconbox-icon\" style=\"font-size:2rem;\"><i class=\"fas fa-hands-heart\"><\/i><\/div><div class=\"w-iconbox-meta\"><p class=\"w-iconbox-title\">Processus de r\u00e9cup\u00e9ration<\/p><div class=\"w-iconbox-text\"><p>1 &#8211; 2 semaines<\/p>\n<\/div><\/div><\/div><\/div><h6 class=\"w-text us_custom_d0e1c2ad\"><span class=\"w-text-h\"><span class=\"w-text-value\">Contactez-nous pour plus d&#039;informations.<\/span><\/span><\/h6><div class=\"w-btn-wrapper align_center\"><a class=\"w-btn us-btn-style_1\" href=\"https:\/\/wa.me\/+905011552511\" target=\"_blank\" rel=\"noopener\"><span class=\"w-btn-label\">\u00c9crire sur WhatsApp<\/span><\/a><\/div><\/div><\/div><\/div><\/div><\/div><\/div><\/div><\/section><section class=\"l-section wpb_row us_custom_ddf21fbc height_large\"><div class=\"l-section-h i-cf\"><div class=\"g-cols vc_row via_grid cols_1 laptops-cols_inherit tablets-cols_inherit mobiles-cols_1 valign_top type_default stacking_default\"><div class=\"wpb_column vc_column_container\"><div class=\"vc_column-inner\"><div class=\"wpb_text_column\"><div class=\"wpb_wrapper\"><p>Lorsqu&rsquo;il s&rsquo;agit d&rsquo;esth\u00e9tique dentaire, l&rsquo;aspect des dents est g\u00e9n\u00e9ralement mis en avant, mais la sant\u00e9 et l&rsquo;esth\u00e9tique des gencives sont tout aussi importantes que les dents. L&rsquo;<strong>esth\u00e9tique gingivale<\/strong> recouvre diff\u00e9rentes m\u00e9thodes appliqu\u00e9es pour augmenter l&rsquo;int\u00e9grit\u00e9 de votre sourire. Gr\u00e2ce \u00e0 ces m\u00e9thodes, vous pouvez avoir un sourire plus esth\u00e9tique en am\u00e9liorant l&rsquo;aspect de vos gencives. Cependant, les co\u00fbts de ces proc\u00e9dures varient en fonction des <strong>prix de l&rsquo;esth\u00e9tique gingivale<\/strong>. Ce que vous devez faire apr\u00e8s l&rsquo;intervention est \u00e9galement tr\u00e8s important ; avec un bon <strong>suivi de l&rsquo;esth\u00e9tique gingivale<\/strong>, vous pouvez conserver les r\u00e9sultats pendant longtemps. Voyons maintenant plus en d\u00e9tail ce qu&rsquo;est l&rsquo;esth\u00e9tique gingivale.    <\/p>\n<h2>Qu&rsquo;est-ce que l&rsquo;esth\u00e9tique gingivale ?<\/h2>\n<p>L&rsquo;esth\u00e9tique gingivale est un ensemble de diverses proc\u00e9dures cosm\u00e9tiques visant \u00e0 am\u00e9liorer l&rsquo;apparence des gencives, qui est un \u00e9l\u00e9ment important de l&rsquo;esth\u00e9tique du sourire. Ces interventions permettent d&rsquo;obtenir un aspect plus harmonieux et esth\u00e9tique des dents et des gencives. La sant\u00e9 des gencives est extr\u00eamement importante pour la sant\u00e9 bucco-dentaire g\u00e9n\u00e9rale et est un facteur qui affecte directement la confiance en soi et la vie sociale des individus.  <\/p>\n<p>Les applications esth\u00e9tiques des gencives peuvent \u00eatre utilis\u00e9es pour r\u00e9soudre diff\u00e9rents probl\u00e8mes. En particulier, des probl\u00e8mes tels que l&rsquo;aspect excessif des gencives, la r\u00e9cession gingivale ou les irr\u00e9gularit\u00e9s des dents n\u00e9cessitent un traitement \u00e0 la fois esth\u00e9tique et sanitaire. Voici quelques conditions qui rendent l&rsquo;esth\u00e9tique gingivale n\u00e9cessaire :  <\/p>\n<figure class=\"table\">\n<table>\n<thead>\n<tr>\n<th>Probl\u00e8mes<\/th>\n<th>Description des probl\u00e8mes<\/th>\n<\/tr>\n<\/thead>\n<tbody>\n<tr>\n<td>Apparence excessive de la gencive<\/td>\n<td>Il s&rsquo;agit d&rsquo;un \u00e9tat dans lequel les dents sont couvertes plus que la normale, ce qui affecte le sourire.<\/td>\n<\/tr>\n<tr>\n<td>R\u00e9cession gingivale<\/td>\n<td>Apparition des racines des dents suite \u00e0 la r\u00e9traction des gencives.<\/td>\n<\/tr>\n<tr>\n<td>Gencives asym\u00e9triques<\/td>\n<td>Les gencives ne sont pas uniformes pour diverses raisons.<\/td>\n<\/tr>\n<\/tbody>\n<\/table>\n<\/figure>\n<p>Les m\u00e9thodes esth\u00e9tiques gingivales comprennent diff\u00e9rentes techniques. Ces m\u00e9thodes comprennent des applications appel\u00e9es <strong>m\u00e9thodes esth\u00e9tiques gingivales<\/strong> et incluent des proc\u00e9dures telles que le traitement des gencives au laser, le modelage des gencives et la greffe de tissus. Chaque m\u00e9thode a ses propres avantages. Par exemple, le traitement au laser se distingue par son caract\u00e8re moins invasif et son processus de gu\u00e9rison rapide, tandis que le processus de greffe de tissu est plus complexe et prend plus de temps.   <\/p>\n<p>Dans notre pays, les proc\u00e9dures d&rsquo;esth\u00e9tique gingivale sont g\u00e9n\u00e9ralement bas\u00e9es sur la m\u00e9thode que le dentiste juge appropri\u00e9e en fonction de l&rsquo;\u00e9tat particulier du patient. Dans ce contexte, les processus de soins des patients apr\u00e8s l&rsquo;esth\u00e9tique gingivale sont \u00e9galement tr\u00e8s importants. La gu\u00e9rison et la pr\u00e9servation de la sant\u00e9 des gencives apr\u00e8s l&rsquo;intervention est un facteur d\u00e9terminant pour la permanence des r\u00e9sultats esth\u00e9tiques.  <\/p>\n<p>Par cons\u00e9quent, l&rsquo;esth\u00e9tique gingivale repr\u00e9sente un domaine important en termes de sant\u00e9 et d&rsquo;esth\u00e9tique. Par cons\u00e9quent, suivre les d\u00e9veloppements dans ce domaine et obtenir les bonnes informations de la part des experts apportera de grands avantages aux individus \u00e0 long terme. <\/p>\n<figure class=\"image\"><img loading=\"lazy\" decoding=\"async\" src=\"https:\/\/www.elevenestetik.com\/wp-content\/uploads\/2024\/03\/2-7.jpg\" alt=\"Esth\u00e9tique gingivale\" width=\"1920\" height=\"1080\"><\/figure>\n<h2>M\u00e9thodes esth\u00e9tiques gingivales<\/h2>\n<p>L&rsquo;esth\u00e9tique gingivale comprend diverses m\u00e9thodes appliqu\u00e9es pour am\u00e9liorer l&rsquo;aspect esth\u00e9tique <a href=\"https:\/\/www.elevenestetik.com\/fr\/smile-design\/\">de votre sourire<\/a>. Ces m\u00e9thodes donnent une apparence saine et augmentent la confiance en soi des individus en apportant des changements positifs \u00e0 des facteurs tels que la forme, la taille et la couleur des gencives. Voici les principales m\u00e9thodes couramment utilis\u00e9es en esth\u00e9tique gingivale :  <\/p>\n<figure class=\"table\">\n<table>\n<thead>\n<tr>\n<th>M\u00e9thode<\/th>\n<th>Description de la m\u00e9thode<\/th>\n<\/tr>\n<\/thead>\n<tbody>\n<tr>\n<td><strong>Contournement des gencives<\/strong><\/td>\n<td>Cette intervention, qui consiste \u00e0 tailler les gencives dans la forme souhait\u00e9e, donne au sourire un aspect naturel.<\/td>\n<\/tr>\n<tr>\n<td><strong>Abrasion de la gencive<\/strong><\/td>\n<td>En aplatissant les parties exc\u00e9dentaires de la gencive, la dent devient plus visible.<\/td>\n<\/tr>\n<tr>\n<td><strong>Esth\u00e9tique rose<\/strong><\/td>\n<td>Il s&rsquo;agit d&rsquo;applications r\u00e9alis\u00e9es au laser pour am\u00e9liorer l&rsquo;aspect esth\u00e9tique des gencives. Les gencives d\u00e9color\u00e9es sont trait\u00e9es par cette m\u00e9thode. <\/td>\n<\/tr>\n<tr>\n<td><strong>Gingivoplastie<\/strong><\/td>\n<td>Il s&rsquo;agit d&rsquo;une intervention chirurgicale visant \u00e0 modeler et \u00e0 reconstruire les gencives.<\/td>\n<\/tr>\n<tr>\n<td><strong>Greffe de gencive<\/strong><\/td>\n<td>Pour augmenter le volume et la qualit\u00e9 des gencives, on utilise g\u00e9n\u00e9ralement des tissus provenant d&rsquo;une autre partie de la bouche.<\/td>\n<\/tr>\n<\/tbody>\n<\/table>\n<\/figure>\n<p>Les m\u00e9thodes susmentionn\u00e9es sont s\u00e9lectionn\u00e9es en fonction des besoins de chaque individu et de la situation clinique. En plus de ces m\u00e9thodes, l&rsquo;utilisation des derni\u00e8res technologies dans le domaine de l&rsquo;esth\u00e9tique gingivale est assez courante. La technologie laser, en particulier, offre aux patients des r\u00e9sultats rapides et efficaces avec une sensibilit\u00e9 moindre.  <\/p>\n<p>Toutefois, certains \u00e9l\u00e9ments doivent \u00eatre pris en compte apr\u00e8s chaque application esth\u00e9tique. <strong>Les soins apr\u00e8s l&rsquo;esth\u00e9tique gingivale<\/strong> sont tr\u00e8s importants pour que le processus soit sain et r\u00e9ussi. Apr\u00e8s l&rsquo;application, la sensibilit\u00e9 des gencives, les saignements, etc. doivent \u00eatre \u00e9vit\u00e9s. L&rsquo;utilisation r\u00e9guli\u00e8re de m\u00e9dicaments et d&rsquo;analg\u00e9siques recommand\u00e9s par le m\u00e9decin est un autre facteur qui acc\u00e9l\u00e9rera le processus de gu\u00e9rison.   <\/p>\n<p>Par cons\u00e9quent, les m\u00e9thodes esth\u00e9tiques gingivales contribuent grandement \u00e0 l&rsquo;esth\u00e9tique du sourire des individus. Le choix des bonnes m\u00e9thodes est possible gr\u00e2ce \u00e0 une \u00e9valuation professionnelle et doit toujours \u00eatre fait en tenant compte des besoins sp\u00e9cifiques du patient. <\/p>\n<figure class=\"image\"><img loading=\"lazy\" decoding=\"async\" src=\"https:\/\/www.elevenestetik.com\/wp-content\/uploads\/2024\/02\/dis-eti-estetigi-98.png\" alt=\"esth\u00e9tique des gencives\" width=\"1920\" height=\"1080\"><\/figure>\n<h2>Prix de l&rsquo;esth\u00e9tique gingivale<\/h2>\n<p>L&rsquo;esth\u00e9tique gingivale joue un r\u00f4le important en termes d&rsquo;esth\u00e9tique et de protection de la sant\u00e9 dentaire. Cependant, le prix de ces proc\u00e9dures est une question que les patients se posent souvent. <strong>Les prix de l&rsquo;esth\u00e9tique gingivale<\/strong> varient en fonction du type de proc\u00e9dure, de la m\u00e9thode \u00e0 appliquer et de la qualit\u00e9 du service dans la clinique. <\/p>\n<h3>Facteurs influen\u00e7ant les prix de l&rsquo;esth\u00e9tique gingivale<\/h3>\n<p>Les facteurs suivants jouent un r\u00f4le important dans la d\u00e9termination des prix de l&rsquo;esth\u00e9tique gingivale :<\/p>\n<figure class=\"table\">\n<table>\n<thead>\n<tr>\n<th>Facteur<\/th>\n<th>Description<\/th>\n<\/tr>\n<\/thead>\n<tbody>\n<tr>\n<td><strong>M\u00e9thode appliqu\u00e9e<\/strong><\/td>\n<td>Les diff\u00e9rentes m\u00e9thodes (par exemple, correction des gencives au laser, intervention chirurgicale, application de botox) peuvent avoir des fourchettes de prix diff\u00e9rentes.<\/td>\n<\/tr>\n<tr>\n<td><strong>Exp\u00e9rience des m\u00e9decins<\/strong><\/td>\n<td>L&rsquo;exp\u00e9rience et le taux de r\u00e9ussite dans la sp\u00e9cialit\u00e9 est un autre facteur qui influe directement sur les prix. Il est g\u00e9n\u00e9ralement plus co\u00fbteux de consulter des m\u00e9decins plus exp\u00e9riment\u00e9s. <\/td>\n<\/tr>\n<tr>\n<td><strong>Emplacement de la clinique<\/strong><\/td>\n<td>Les politiques de prix des cliniques de votre ville ou de votre r\u00e9gion peuvent varier. Par exemple, les cliniques situ\u00e9es dans les grandes villes pratiquent g\u00e9n\u00e9ralement des prix plus \u00e9lev\u00e9s. <\/td>\n<\/tr>\n<tr>\n<td><strong>\u00c9quipement technique<\/strong><\/td>\n<td>La qualit\u00e9 de la technologie utilis\u00e9e et la nouvelle g\u00e9n\u00e9ration d&rsquo;\u00e9quipements peuvent augmenter le prix de la proc\u00e9dure. La technologie laser peut souvent \u00eatre une option plus co\u00fbteuse. <\/td>\n<\/tr>\n<\/tbody>\n<\/table>\n<\/figure>\n<h3>Fourchettes de prix moyens<\/h3>\n<p>Vous trouverez ci-dessous les prix moyens des diff\u00e9rentes m\u00e9thodes d&rsquo;esth\u00e9tique gingivale :<\/p>\n<figure class=\"table\">\n<table>\n<thead>\n<tr>\n<th>M\u00e9thode<\/th>\n<th>Prix moyen (TL)<\/th>\n<\/tr>\n<\/thead>\n<tbody>\n<tr>\n<td>Correction des gencives au laser<\/td>\n<td>Demandez une offre<\/td>\n<\/tr>\n<tr>\n<td>Esth\u00e9tique gingivale chirurgicale<\/td>\n<td>Demandez une offre<\/td>\n<\/tr>\n<tr>\n<td>Demande de Botox<\/td>\n<td>Demande d&rsquo;offre<\/td>\n<\/tr>\n<tr>\n<td>Application de la couronne (facette)<\/td>\n<td>Demande d&rsquo;offre<\/td>\n<\/tr>\n<\/tbody>\n<\/table>\n<\/figure>\n<p>Ces prix peuvent varier en fonction de la vari\u00e9t\u00e9 des services offerts par les cliniques et des besoins individuels du patient. C&rsquo;est pourquoi il est important d&rsquo;obtenir des informations d\u00e9taill\u00e9es sur le prix et la proc\u00e9dure en consultant un m\u00e9decin avant d&rsquo;avoir recours \u00e0 l&rsquo;esth\u00e9tique gingivale. <\/p>\n<h3>Conclusion<\/h3>\n<p>Les prix de l&rsquo;esth\u00e9tique gingivale varient en fonction de divers facteurs. L&rsquo;\u00e9valuation des options adapt\u00e9es au budget et aux besoins des patients les aidera \u00e0 prendre la bonne d\u00e9cision. Il est possible d&rsquo;obtenir un sourire esth\u00e9tique et sain avec une bonne planification et en travaillant avec un sp\u00e9cialiste dans ce domaine.  <\/p>\n<h2>Soins apr\u00e8s l&rsquo;esth\u00e9tique gingivale<\/h2>\n<p>Le processus de soins apr\u00e8s l&rsquo;esth\u00e9tique gingivale est extr\u00eamement important pour assurer la permanence des r\u00e9sultats obtenus et acc\u00e9l\u00e9rer le processus de gu\u00e9rison. Ce processus aide les individus \u00e0 prot\u00e9ger leur sant\u00e9 bucco-dentaire et favorise l&rsquo;obtention de r\u00e9sultats esth\u00e9tiques \u00e0 long terme. Il y a quelques points importants \u00e0 prendre en compte pour les soins apr\u00e8s l&rsquo;esth\u00e9tique gingivale.  <\/p>\n<h3>1. l&rsquo;hygi\u00e8ne bucco-dentaire<\/h3>\n<p>Le facteur le plus important dans les applications esth\u00e9tiques gingivales est l&rsquo;hygi\u00e8ne. Une bonne hygi\u00e8ne bucco-dentaire minimise le risque d&rsquo;infection. Un brossage r\u00e9gulier des dents et l&rsquo;utilisation de fil dentaire sont les mesures de base \u00e0 prendre pendant la p\u00e9riode de cicatrisation. En particulier, il est \u00e9galement utile d&rsquo;utiliser des bains de bouche sp\u00e9ciaux recommand\u00e9s par le m\u00e9decin.   <\/p>\n<h3>2. suivre et \u00e9valuer<\/h3>\n<p>Apr\u00e8s l&rsquo;esth\u00e9tique gingivale, il est important de surveiller le processus de gu\u00e9rison. En cas de probl\u00e8me ou de situation inattendue, il convient de consulter le dentiste sans perdre de temps. En outre, le respect des rendez-vous de suivi fix\u00e9s par le dentiste permet d&rsquo;\u00e9valuer la situation.  <\/p>\n<h3>3. r\u00e9gime alimentaire<\/h3>\n<p>Les habitudes alimentaires jouent \u00e9galement un r\u00f4le important dans le processus de gu\u00e9rison. Il convient de rappeler que les aliments durs et collants doivent \u00eatre \u00e9vit\u00e9s. Il est pr\u00e9f\u00e9rable d&rsquo;opter pour des aliments mous et nutritifs. Il faut \u00e9galement tenir compte du fait que les aliments \u00e9pic\u00e9s et acides peuvent \u00e9galement endommager les gencives.   <\/p>\n<h3>4. \u00e9viter de fumer et de consommer de l&rsquo;alcool<\/h3>\n<p>La consommation de substances telles que le tabac et l&rsquo;alcool apr\u00e8s une intervention esth\u00e9tique sur les gencives peut avoir un effet n\u00e9gatif sur le processus de cicatrisation. Ces substances r\u00e9duisent la circulation sanguine et peuvent augmenter le risque d&rsquo;infection. Il est donc recommand\u00e9 d&rsquo;\u00e9viter de fumer et de boire de l&rsquo;alcool pendant ce processus.  <\/p>\n<h3>Aper\u00e7u des soins apr\u00e8s l&rsquo;esth\u00e9tique gingivale<\/h3>\n<figure class=\"table\">\n<table>\n<thead>\n<tr>\n<th>\u00c9l\u00e9ments de soins<\/th>\n<th>Description des \u00e9l\u00e9ments de soins<\/th>\n<\/tr>\n<\/thead>\n<tbody>\n<tr>\n<td>Hygi\u00e8ne bucco-dentaire<\/td>\n<td>Brossage des dents, utilisation de bains de bouche.<\/td>\n<\/tr>\n<tr>\n<td>Suivi et \u00e9valuation<\/td>\n<td>Assurer le suivi des rendez-vous avec les m\u00e9decins et \u00e9valuer la situation.<\/td>\n<\/tr>\n<tr>\n<td>Mode d&rsquo;alimentation<\/td>\n<td>Consommez des aliments doux et nutritifs.<\/td>\n<\/tr>\n<tr>\n<td>Consommation de tabac et d&rsquo;alcool<\/td>\n<td>\u00c9vitez ces substances afin de ne pas nuire \u00e0 la cicatrisation.<\/td>\n<\/tr>\n<\/tbody>\n<\/table>\n<\/figure>\n<p>Les soins apr\u00e8s l&rsquo;esth\u00e9tique gingivale sont un processus critique en termes de pr\u00e9servation des r\u00e9sultats esth\u00e9tiques et de continuit\u00e9 de la sant\u00e9 bucco-dentaire. Lorsque les points susmentionn\u00e9s sont pris en consid\u00e9ration, le niveau de douleur et d&rsquo;inconfort diminue et le processus se d\u00e9roule de mani\u00e8re saine. Il ne faut pas oublier que les prix et les m\u00e9thodes de l&rsquo;esth\u00e9tique gingivale ainsi que les soins postop\u00e9ratoires sont aussi importants que la validit\u00e9 des r\u00e9sultats esth\u00e9tiques.  <\/p>\n<h2>Questions fr\u00e9quemment pos\u00e9es<\/h2>\n<h3>Qu&rsquo;est-ce que l&rsquo;esth\u00e9tique gingivale ?<\/h3>\n<p>L&rsquo;esth\u00e9tique gingivale est une s\u00e9rie de proc\u00e9dures visant \u00e0 am\u00e9liorer l&rsquo;apparence et la sant\u00e9 des gencives. Ces proc\u00e9dures ciblent des probl\u00e8mes tels que la r\u00e9cession excessive des gencives, les d\u00e9formations ou la d\u00e9coloration des gencives. L&rsquo;esth\u00e9tique gingivale est g\u00e9n\u00e9ralement pratiqu\u00e9e par des dentistes ou des parodontistes et vise \u00e0 am\u00e9liorer la sant\u00e9 dentaire tout en r\u00e9pondant aux pr\u00e9occupations esth\u00e9tiques.  <\/p>\n<h3>Qui peut b\u00e9n\u00e9ficier de l&rsquo;esth\u00e9tique gingivale ?<\/h3>\n<p>L&rsquo;esth\u00e9tique gingivale convient \u00e0 toute personne pr\u00e9sentant des probl\u00e8mes tels qu&rsquo;une r\u00e9cession excessive des gencives, une apparence in\u00e9gale des gencives ou une d\u00e9coloration. En outre, les personnes qui s&rsquo;inqui\u00e8tent de leur sourire et sont g\u00ean\u00e9es par l&rsquo;apparence de leurs gencives peuvent \u00e9galement b\u00e9n\u00e9ficier de cette proc\u00e9dure. Toutefois, il est important d&rsquo;\u00eatre examin\u00e9 par un dentiste avant d&rsquo;entamer une proc\u00e9dure d&rsquo;esth\u00e9tique gingivale.  <\/p>\n<h3>Comment se d\u00e9roule la proc\u00e9dure d&rsquo;esth\u00e9tique gingivale ?<\/h3>\n<p>L&rsquo;intervention esth\u00e9tique sur les gencives est g\u00e9n\u00e9ralement r\u00e9alis\u00e9e sous anesth\u00e9sie locale. L&rsquo;intervention peut consister \u00e0 aplatir, remodeler ou \u00e9paissir les gencives dans certaines zones \u00e0 l&rsquo;aide de produits de comblement esth\u00e9tiques. Avant l&rsquo;intervention, l&rsquo;\u00e9tat de sant\u00e9 dentaire du patient est examin\u00e9 et les m\u00e9thodes de traitement n\u00e9cessaires sont d\u00e9termin\u00e9es. Apr\u00e8s l&rsquo;intervention, les patients doivent \u00eatre attentifs au processus de gu\u00e9rison et suivre les recommandations du m\u00e9decin.   <\/p>\n<h3>Quels sont les soins \u00e0 prodiguer apr\u00e8s l&rsquo;esth\u00e9tique gingivale ?<\/h3>\n<p>Les soins apr\u00e8s l&rsquo;esth\u00e9tique gingivale sont essentiels pour un processus de gu\u00e9rison r\u00e9ussi. Tout d&rsquo;abord, les analg\u00e9siques recommand\u00e9s par le m\u00e9decin peuvent \u00eatre utilis\u00e9s apr\u00e8s l&rsquo;intervention. Il est \u00e9galement important de brosser d\u00e9licatement les zones trait\u00e9es et d&rsquo;\u00e9viter les aliments particuli\u00e8rement tenaces. Pour pr\u00e9server la sant\u00e9 des gencives, il est essentiel de se rendre r\u00e9guli\u00e8rement aux rendez-vous de contr\u00f4le recommand\u00e9s par le m\u00e9decin et de prendre soin de l&rsquo;hygi\u00e8ne bucco-dentaire.   <\/p>\n<\/div><\/div><\/div><\/div><\/div><\/div><\/section><section class=\"l-section wpb_row us_custom_315b8835 height_medium color_footer-bottom\"><div class=\"l-section-h i-cf\"><div class=\"g-cols vc_row via_grid cols_1 laptops-cols_inherit tablets-cols_inherit mobiles-cols_1 valign_middle type_default stacking_default\"><div class=\"wpb_column vc_column_container\"><div class=\"vc_column-inner\"><div class=\"g-cols wpb_row us_custom_ee246b62 has_text_color via_grid cols_2 laptops-cols_inherit tablets-cols_1 mobiles-cols_1 valign_middle type_default stacking_default\" style=\"--columns-gap:0rem;\"><div class=\"wpb_column vc_column_container us_custom_2c279b99\"><div class=\"vc_column-inner\"><div class=\"w-text us_custom_a5df9810 has_text_color\"><span class=\"w-text-h\"><span class=\"w-text-value\">Obtenez des informations et du soutien d\u00e8s maintenant<\/span><\/span><\/div><h2 class=\"w-text\"><span class=\"w-text-h\"><span class=\"w-text-value\">Demandez une consultation gratuite.<\/span><\/span><\/h2><\/div><\/div><div class=\"wpb_column vc_column_container us_custom_16154244\"><div class=\"vc_column-inner\"><div class=\"w-btn-wrapper default_align_right laptops_align_right tablets_align_left mobiles_align_left\"><a class=\"w-btn us-btn-style_2 us_custom_b4198c51\" href=\"https:\/\/www.elevenestetik.com\/fr\/contact\/\"><span class=\"w-btn-label\">Cr\u00e9er un rendez-vous<\/span><\/a><\/div><\/div><\/div><\/div><\/div><\/div><\/div><\/div><\/section>\n","protected":false},"excerpt":{"rendered":"Esth\u00e9tique gingivaleDur\u00e9e de l&#039;hospitalisationPas d'hospitalisation Dur\u00e9e de l&#039;op\u00e9ration1 - 2 heures Type d&#039;anesth\u00e9sieAnesth\u00e9sie locale Processus de r\u00e9cup\u00e9ration1 - 2 semaines Contactez-nous pour plus d&#039;informations.\u00c9crire sur WhatsAppLorsqu&rsquo;il s&rsquo;agit d&rsquo;esth\u00e9tique dentaire, l&rsquo;aspect des dents est g\u00e9n\u00e9ralement mis en avant, mais la sant\u00e9 et l&rsquo;esth\u00e9tique des gencives sont tout aussi importantes que les dents. L&rsquo;esth\u00e9tique gingivale recouvre diff\u00e9rentes...","protected":false},"author":1,"featured_media":5789,"parent":0,"menu_order":0,"comment_status":"closed","ping_status":"closed","template":"","meta":{"rank_math_focus_keyword":"esth\u00e9tique des gencives","rank_math_description":"Trouvez des informations sur l'esth\u00e9tique des gencives. D\u00e9couvrez les m\u00e9thodes, les prix et les conseils de suivi. ","footnotes":""},"class_list":["post-5783","page","type-page","status-publish","has-post-thumbnail","hentry"],"_links":{"self":[{"href":"https:\/\/www.elevenestetik.com\/fr\/wp-json\/wp\/v2\/pages\/5783","targetHints":{"allow":["GET"]}}],"collection":[{"href":"https:\/\/www.elevenestetik.com\/fr\/wp-json\/wp\/v2\/pages"}],"about":[{"href":"https:\/\/www.elevenestetik.com\/fr\/wp-json\/wp\/v2\/types\/page"}],"author":[{"embeddable":true,"href":"https:\/\/www.elevenestetik.com\/fr\/wp-json\/wp\/v2\/users\/1"}],"replies":[{"embeddable":true,"href":"https:\/\/www.elevenestetik.com\/fr\/wp-json\/wp\/v2\/comments?post=5783"}],"version-history":[{"count":2,"href":"https:\/\/www.elevenestetik.com\/fr\/wp-json\/wp\/v2\/pages\/5783\/revisions"}],"predecessor-version":[{"id":5792,"href":"https:\/\/www.elevenestetik.com\/fr\/wp-json\/wp\/v2\/pages\/5783\/revisions\/5792"}],"wp:featuredmedia":[{"embeddable":true,"href":"https:\/\/www.elevenestetik.com\/fr\/wp-json\/wp\/v2\/media\/5789"}],"wp:attachment":[{"href":"https:\/\/www.elevenestetik.com\/fr\/wp-json\/wp\/v2\/media?parent=5783"}],"curies":[{"name":"wp","href":"https:\/\/api.w.org\/{rel}","templated":true}]}}