{"id":5762,"date":"2026-01-26T09:05:06","date_gmt":"2026-01-26T06:05:06","guid":{"rendered":"https:\/\/www.elevenestetik.com\/traitement-des-dents-de-pont\/"},"modified":"2026-01-26T09:07:03","modified_gmt":"2026-01-26T06:07:03","slug":"traitement-des-dents-de-pont","status":"publish","type":"page","link":"https:\/\/www.elevenestetik.com\/fr\/traitement-des-dents-de-pont\/","title":{"rendered":"Traitement des dents de pont"},"content":{"rendered":"<section class=\"l-section wpb_row us_custom_4e2a4f93 height_large\"><div class=\"l-section-h i-cf\"><div class=\"g-cols vc_row via_grid cols_1 laptops-cols_inherit tablets-cols_inherit mobiles-cols_1 valign_top type_default stacking_default\"><div class=\"wpb_column vc_column_container\"><div class=\"vc_column-inner\"><h1 class=\"w-text us_custom_28784076 has_text_color\"><span class=\"w-text-h\"><span class=\"w-text-value\">Traitement des dents de pont<\/span><\/span><\/h1><\/div><\/div><\/div><\/div><\/section><section class=\"l-section wpb_row us_custom_6179e1d8 height_large width_full\"><div class=\"l-section-h i-cf\"><div class=\"g-cols vc_row via_grid cols_1 laptops-cols_inherit tablets-cols_inherit mobiles-cols_1 valign_top type_default stacking_default\"><div class=\"wpb_column vc_column_container\"><div class=\"vc_column-inner\"><div class=\"g-cols wpb_row via_grid cols_2 laptops-cols_inherit tablets-cols_inherit mobiles-cols_1 valign_top type_default stacking_default\" style=\"--columns-gap:2rem;\"><div class=\"wpb_column vc_column_container\"><div class=\"vc_column-inner\"><div class=\"w-image us_custom_9cf479d2 align_none\"><div class=\"w-image-h\"><img decoding=\"async\" width=\"1024\" height=\"574\" src=\"https:\/\/www.elevenestetik.com\/wp-content\/uploads\/2024\/02\/dis-kopru.jpg\" class=\"attachment-large size-large\" alt=\"\" loading=\"lazy\" srcset=\"https:\/\/www.elevenestetik.com\/wp-content\/uploads\/2024\/02\/dis-kopru.jpg 1024w, https:\/\/www.elevenestetik.com\/wp-content\/uploads\/2024\/02\/dis-kopru-300x168.jpg 300w\" sizes=\"auto, (max-width: 1024px) 100vw, 1024px\"><\/div><\/div><\/div><\/div><div class=\"wpb_column vc_column_container us_custom_29737451\"><div class=\"vc_column-inner\"><div class=\"w-hwrapper us_custom_147c3537 valign_top stack_on_mobiles align_center\" style=\"--hwrapper-gap:3rem\"><div class=\"w-iconbox us_custom_f9f315b4 has_text_color iconpos_top style_default color_primary align_center\"><div class=\"w-iconbox-icon\" style=\"font-size:2rem;\"><i class=\"fas fa-hospital\"><\/i><\/div><div class=\"w-iconbox-meta\"><p class=\"w-iconbox-title\">Dur\u00e9e de l&#039;hospitalisation<\/p><div class=\"w-iconbox-text\"><p>Pas d&rsquo;hospitalisation<\/p>\n<\/div><\/div><\/div><div class=\"w-iconbox us_custom_f9f315b4 has_text_color iconpos_top style_default color_primary align_center\"><div class=\"w-iconbox-icon\" style=\"font-size:2rem;\"><i class=\"fas fa-clock\"><\/i><\/div><div class=\"w-iconbox-meta\"><p class=\"w-iconbox-title\">Dur\u00e9e de l&#039;op\u00e9ration<\/p><div class=\"w-iconbox-text\"><p>2 heures<\/p>\n<\/div><\/div><\/div><div class=\"w-iconbox us_custom_f9f315b4 has_text_color iconpos_top style_default color_primary align_center\"><div class=\"w-iconbox-icon\" style=\"font-size:2rem;\"><i class=\"fas fa-stethoscope\"><\/i><\/div><div class=\"w-iconbox-meta\"><p class=\"w-iconbox-title\">Type d&#039;anesth\u00e9sie<\/p><div class=\"w-iconbox-text\"><p>Anesth\u00e9sie locale<\/p>\n<\/div><\/div><\/div><div class=\"w-iconbox us_custom_f9f315b4 has_text_color iconpos_top style_default color_primary align_center\"><div class=\"w-iconbox-icon\" style=\"font-size:2rem;\"><i class=\"fas fa-hands-heart\"><\/i><\/div><div class=\"w-iconbox-meta\"><p class=\"w-iconbox-title\">Processus de r\u00e9cup\u00e9ration<\/p><div class=\"w-iconbox-text\"><p>Il n&rsquo;y a pas de processus de gu\u00e9rison<\/p>\n<\/div><\/div><\/div><\/div><h6 class=\"w-text us_custom_d0e1c2ad\"><span class=\"w-text-h\"><span class=\"w-text-value\">Contactez-nous pour plus d&#039;informations.<\/span><\/span><\/h6><div class=\"w-btn-wrapper align_center\"><a class=\"w-btn us-btn-style_1\" href=\"https:\/\/wa.me\/+905011552511\" target=\"_blank\" rel=\"noopener\"><span class=\"w-btn-label\">\u00c9crire sur WhatsApp<\/span><\/a><\/div><\/div><\/div><\/div><\/div><\/div><\/div><\/div><\/section><section class=\"l-section wpb_row us_custom_ddf21fbc height_large\"><div class=\"l-section-h i-cf\"><div class=\"g-cols vc_row via_grid cols_1 laptops-cols_inherit tablets-cols_inherit mobiles-cols_1 valign_top type_default stacking_default\"><div class=\"wpb_column vc_column_container\"><div class=\"vc_column-inner\"><div class=\"wpb_text_column\"><div class=\"wpb_wrapper\"><p>Le traitement dentaire par bridge offre une solution efficace pour \u00e9liminer vos d\u00e9ficiences dentaires. <strong>Qu&rsquo;est-ce qu&rsquo;un bridge<\/strong>? Dans cet article, nous vous donnerons des informations d\u00e9taill\u00e9es sur le <strong>processus de traitement dentaire par bridge<\/strong>, sur la mani\u00e8re dont le traitement est effectu\u00e9 et sur les \u00e9tapes auxquelles vous pouvez vous attendre. Nous vous fournirons \u00e9galement des informations actualis\u00e9es sur <strong>les prix des traitements de bridges dentaires<\/strong> et vous ferons part de conseils qui vous seront utiles pour planifier votre budget. Enfin, nous examinerons les avantages de ce traitement et d\u00e9couvrirons les moyens de retrouver un sourire sain. Si vous \u00eates pr\u00eat, partons \u00e0 la d\u00e9couverte du bridge dentaire !     <\/p>\n<h2>Qu&rsquo;est-ce qu&rsquo;un traitement dentaire par bridge ?<\/h2>\n<p>Le traitement dentaire par bridge est une m\u00e9thode de restauration utilis\u00e9e en dentisterie pour remplacer les dents manquantes. Cette m\u00e9thode de traitement permet de placer un prototype de dent sur deux ou plusieurs dents saines pour remplacer la dent manquante. Outre l&rsquo;aspect esth\u00e9tique, le <strong>traitement dentaire par bridge<\/strong> remplit \u00e9galement des fonctions importantes telles que la restauration de la fonction de mastication et la pr\u00e9vention du d\u00e9placement des dents. <\/p>\n<p>Les \u00e9l\u00e9ments de base du traitement par pont sont les suivants :<\/p>\n<figure class=\"table\">\n<table>\n<thead>\n<tr>\n<th>Composant<\/th>\n<th>Description<\/th>\n<\/tr>\n<\/thead>\n<tbody>\n<tr>\n<td>Dents piliers<\/td>\n<td>Ce sont des dents saines qui soutiennent le bridge et sont situ\u00e9es sur son c\u00f4t\u00e9.<\/td>\n<\/tr>\n<tr>\n<td>Fil de pont<\/td>\n<td>Ce sont des dents artificielles qui remplacent la dent manquante.<\/td>\n<\/tr>\n<tr>\n<td>Porcelaine ou m\u00e9tal<\/td>\n<td>Mat\u00e9riaux utilis\u00e9s dans la construction du bridge.<\/td>\n<\/tr>\n<\/tbody>\n<\/table>\n<\/figure>\n<p>Le traitement dentaire par bridge est une option tr\u00e8s avantageuse pour les personnes qui ont perdu des dents pour diverses raisons. La perte de dents pouvant entra\u00eener divers probl\u00e8mes de sant\u00e9 et d&rsquo;esth\u00e9tique, le <strong>traitement dentaire par bridge<\/strong> joue un r\u00f4le important dans la r\u00e9solution de ces probl\u00e8mes. L&rsquo;espace entre les dents peut entra\u00eener un d\u00e9placement des dents, des difficult\u00e9s de mastication et des troubles de l&rsquo;\u00e9locution. Le processus de traitement est donc essentiel pour la sant\u00e9 bucco-dentaire du patient et sa qualit\u00e9 de vie en g\u00e9n\u00e9ral.   <\/p>\n<p>Quant au processus de pose, il se d\u00e9roule g\u00e9n\u00e9ralement en deux \u00e9tapes. Au cours de la premi\u00e8re \u00e9tape, le dentiste pr\u00e9pare les dents piliers et prend des empreintes. Ces empreintes sont envoy\u00e9es au laboratoire pour que le bridge soit fabriqu\u00e9 sur mesure. Au cours de la deuxi\u00e8me \u00e9tape, le bridge sur mesure est plac\u00e9 et ajust\u00e9 de la mani\u00e8re la plus appropri\u00e9e pour le patient. Ce processus peut varier en fonction de la structure buccale et des besoins du patient.    <\/p>\n<p>En conclusion, la question de savoir <strong>ce qu&rsquo;est un traitement dentaire par bridge<\/strong> peut se r\u00e9sumer \u00e0 la restauration de la sant\u00e9 bucco-dentaire et de l&rsquo;esth\u00e9tique en rempla\u00e7ant les dents manquantes par des dents artificielles. Il s&rsquo;agit d&rsquo;une m\u00e9thode de traitement importante pour la sant\u00e9 dentaire, tant sur le plan esth\u00e9tique que fonctionnel. <\/p>\n<figure class=\"image\"><img loading=\"lazy\" decoding=\"async\" src=\"https:\/\/www.elevenestetik.com\/wp-content\/uploads\/2024\/02\/Kopru-Dis-Tedavileri-Uygulandigi-Durumlar.jpg\" alt=\"\" width=\"1920\" height=\"1080\"><\/figure>\n<h2>Processus de traitement des bridges<\/h2>\n<p><strong>Le processus de traitement dentaire par bridge<\/strong> se d\u00e9roule g\u00e9n\u00e9ralement en plusieurs \u00e9tapes et chacune d&rsquo;entre elles est planifi\u00e9e sp\u00e9cifiquement en fonction de la sant\u00e9 bucco-dentaire du patient. Ce processus commence par une \u00e9valuation d\u00e9taill\u00e9e avec le dentiste. Voici les \u00e9tapes du traitement par bridge dentaire :  <\/p>\n<figure class=\"table\">\n<table>\n<thead>\n<tr>\n<th>Phase<\/th>\n<th>Description de la phase<\/th>\n<\/tr>\n<\/thead>\n<tbody>\n<tr>\n<td>1. l&rsquo;\u00e9valuation<\/td>\n<td>Le dentiste examine la structure buccale, localise les dents manquantes et \u00e9value la sant\u00e9 bucco-dentaire g\u00e9n\u00e9rale.<\/td>\n<\/tr>\n<tr>\n<td>2. la prise de mesures<\/td>\n<td>Les mesures n\u00e9cessaires sont prises et le bridge est con\u00e7u en fonction de la structure dentaire du patient.<\/td>\n<\/tr>\n<tr>\n<td>3. dent temporaire<\/td>\n<td>Une dent temporaire est plac\u00e9e chez le patient jusqu&rsquo;\u00e0 ce qu&rsquo;un bridge permanent soit construit.<\/td>\n<\/tr>\n<tr>\n<td>4. mise en place du bridge permanent<\/td>\n<td>Apr\u00e8s avoir v\u00e9rifi\u00e9 l&rsquo;exactitude des dents et de la conception du bridge, le bridge permanent est mis en place.<\/td>\n<\/tr>\n<tr>\n<td>5. le suivi<\/td>\n<td>Apr\u00e8s le traitement, des contr\u00f4les r\u00e9guliers sont effectu\u00e9s et des recommandations sont donn\u00e9es pour les soins bucco-dentaires du patient.<\/td>\n<\/tr>\n<\/tbody>\n<\/table>\n<\/figure>\n<h3>D\u00e9tails du processus<\/h3>\n<p>La <strong>premi\u00e8re \u00e9tape du traitement dentaire par bridge<\/strong> est l&rsquo;\u00e9tablissement d&rsquo;un dialogue entre le patient et le dentiste. Le dentiste d\u00e9termine la m\u00e9thode de traitement la plus appropri\u00e9e, en tenant compte du mode de vie, des habitudes et de la sant\u00e9 bucco-dentaire du patient. Des m\u00e9thodes d&rsquo;imagerie telles que les radiographies peuvent \u00e9galement \u00eatre utilis\u00e9es \u00e0 ce stade.  <\/p>\n<p>Au cours de la deuxi\u00e8me \u00e9tape, des empreintes sont prises avec une grande pr\u00e9cision. Ces mesures sont tr\u00e8s importantes pour s&rsquo;assurer que le bridge s&rsquo;adapte exactement aux dents en termes de taille, de position et d&rsquo;angle. Apr\u00e8s la prise d&#8217;empreintes, des dents provisoires sont pos\u00e9es sur le patient. Les dents provisoires constituent une solution esth\u00e9tique et fonctionnelle jusqu&rsquo;\u00e0 ce que le bridge d\u00e9finitif soit r\u00e9alis\u00e9.   <\/p>\n<p>Lorsque la phase finale de la mise en place du bridge permanent commence, le dentiste v\u00e9rifie tous les d\u00e9tails. Si tout est en ordre, la dent du bridge permanent est pos\u00e9e. Toutefois, certains points doivent \u00eatre pris en compte au cours de ce processus. L&rsquo;entretien et le contr\u00f4le r\u00e9gulier des dents du bridge sont extr\u00eamement importants pour la sant\u00e9 bucco-dentaire du patient. Dans cette phase de suivi, les recommandations du dentiste doivent \u00eatre suivies.    <\/p>\n<p>En conclusion, le <strong>traitement par bridge dentaire<\/strong> est une proc\u00e9dure qui n\u00e9cessite de l&rsquo;attention, des soins et une planification d\u00e9taill\u00e9e. Chaque \u00e9tape est fa\u00e7onn\u00e9e en fonction des besoins individuels du patient et est essentielle \u00e0 la r\u00e9ussite du traitement. <\/p>\n<figure class=\"image\"><img loading=\"lazy\" decoding=\"async\" src=\"https:\/\/www.elevenestetik.com\/wp-content\/uploads\/2024\/02\/Dis-Koprusu-Tedavisinden-Sonrasinda-Dikkat-Edilecekler.jpg\" alt=\"\" width=\"1920\" height=\"1080\"><\/figure>\n<h2>Prix des traitements dentaires en pont<\/h2>\n<p>Le traitement dentaire par pont est une m\u00e9thode efficace appliqu\u00e9e pour \u00e9liminer les d\u00e9ficiences dentaires. Toutefois, les prix de ce traitement varient en fonction de nombreux facteurs. C&rsquo;est pourquoi il est important de fournir des informations g\u00e9n\u00e9rales sur <strong>les prix des traitements par bridge dentaire<\/strong>.  <\/p>\n<h3>Facteurs affectant les prix<\/h3>\n<p>Les principaux facteurs qui influencent les prix des traitements dentaires par bridge sont les suivants :<\/p>\n<figure class=\"table\">\n<table>\n<thead>\n<tr>\n<th>Facteurs<\/th>\n<th>Description des facteurs<\/th>\n<\/tr>\n<\/thead>\n<tbody>\n<tr>\n<td><strong>\u00c9tat de la dent<\/strong><\/td>\n<td>Les situations dans lesquelles la dent doit \u00eatre extraite ou trait\u00e9e ont une incidence sur le prix.<\/td>\n<\/tr>\n<tr>\n<td><strong>Type de pont<\/strong><\/td>\n<td>L&rsquo;utilisation de diff\u00e9rents mat\u00e9riaux (c\u00e9ramique, m\u00e9tal, etc.) peut modifier le prix.<\/td>\n<\/tr>\n<tr>\n<td><strong>Lieu de la demande<\/strong><\/td>\n<td>Il faut tenir compte du fait que les prix peuvent varier selon qu&rsquo;il s&rsquo;agit de cliniques priv\u00e9es, d&rsquo;h\u00f4pitaux ou d&rsquo;h\u00f4pitaux publics.<\/td>\n<\/tr>\n<tr>\n<td><strong>Exp\u00e9rience du dentiste<\/strong><\/td>\n<td>Le niveau d&rsquo;expertise et d&rsquo;exp\u00e9rience peut influencer le co\u00fbt du traitement.<\/td>\n<\/tr>\n<tr>\n<td><strong>Processus de traitement<\/strong><\/td>\n<td>Dans les cas n\u00e9cessitant des op\u00e9rations suppl\u00e9mentaires, le co\u00fbt total peut augmenter.<\/td>\n<\/tr>\n<\/tbody>\n<\/table>\n<\/figure>\n<h3>Prix moyens<\/h3>\n<p>Aujourd&rsquo;hui, les prix des traitements dentaires par pont varient selon les fourchettes suivantes :<\/p>\n<figure class=\"table\">\n<table>\n<thead>\n<tr>\n<th>Type de pont<\/th>\n<th>Fourchette de prix moyenne (TL)<\/th>\n<\/tr>\n<\/thead>\n<tbody>\n<tr>\n<td>Pont \u00e0 support m\u00e9tallique<\/td>\n<td>Demandez une offre<\/td>\n<\/tr>\n<tr>\n<td>Pont en c\u00e9ramique<\/td>\n<td>Demandez une offre<\/td>\n<\/tr>\n<tr>\n<td>Pont en zircone<\/td>\n<td>Demandez une offre<\/td>\n<\/tr>\n<\/tbody>\n<\/table>\n<\/figure>\n<p>Les prix indiqu\u00e9s dans ce tableau peuvent varier d&rsquo;une ann\u00e9e \u00e0 l&rsquo;autre. En outre, le mat\u00e9riau et la m\u00e9thode que vous choisissez sont \u00e9galement des facteurs qui influencent les prix. <\/p>\n<h3>Assurance maladie et options de paiement<\/h3>\n<p>De nombreuses polices d&rsquo;assurance couvrent les co\u00fbts des traitements dentaires. Il est donc utile de v\u00e9rifier quels services sont couverts par votre police d&rsquo;assurance avant de proc\u00e9der \u00e0 un traitement par bridge dentaire. En outre, certaines cliniques proposent des options de paiement \u00e9chelonn\u00e9 pour faciliter le co\u00fbt de votre traitement.  <\/p>\n<p>Par cons\u00e9quent, <strong>les prix des bridges dentaires<\/strong> varient en fonction de nombreux facteurs. Il est donc important de proc\u00e9der \u00e0 un examen et de se renseigner sur le prix avant de commencer le traitement. N&rsquo;oubliez pas de faire les bons choix pour un sourire sain !  <\/p>\n<h2>Avantages du traitement dentaire par bridge<\/h2>\n<p><strong>Le traitement dentaire par bridge<\/strong> offre de nombreux avantages et am\u00e9liore la qualit\u00e9 de vie des individus tant sur le plan esth\u00e9tique que fonctionnel. Cette m\u00e9thode de traitement permet d&#8217;embellir le sourire et de retrouver la fonction de mastication en rempla\u00e7ant les dents perdues. Voici quelques-uns des principaux avantages du traitement par bridge dentaire :  <\/p>\n<h3>1. l&rsquo;aspect esth\u00e9tique<\/h3>\n<p>L&rsquo;un des avantages les plus \u00e9vidents du traitement dentaire par bridge est son aspect esth\u00e9tique. Lorsque les zones de dents manquantes sont combl\u00e9es par des bridges, le sourire des patients retrouve un aspect naturel. Les bridges r\u00e9alis\u00e9s \u00e0 l&rsquo;aide de mat\u00e9riaux dentaires sp\u00e9ciaux sont con\u00e7us de la mani\u00e8re la plus proche possible des vraies dents et leur harmonie dans la bouche est assur\u00e9e.  <\/p>\n<h3>2. gain fonctionnel<\/h3>\n<p>Le traitement dentaire par bridge permet de restaurer la fonction de mastication. Les bridges, qui remplacent les dents perdues, permettent de manger plus confortablement. Les patients peuvent ainsi suivre un r\u00e9gime alimentaire sain en organisant leur alimentation.  <\/p>\n<h3>3. stabilisation des dents<\/h3>\n<p>En cas d&rsquo;\u00e9dentement, les dents environnantes risquent de se d\u00e9placer ou d&rsquo;\u00eatre d\u00e9plac\u00e9es. L&rsquo;application d&rsquo;<strong>un traitement dentaire par bridge<\/strong> permet de maintenir la position des autres dents, de sorte que le flux dentaire n&rsquo;est pas perturb\u00e9. En outre, l&rsquo;\u00e9quilibre de l&rsquo;occlusion est maintenu et les probl\u00e8mes de mastication sont minimis\u00e9s.  <\/p>\n<h3>4. solution \u00e0 long terme<\/h3>\n<p>Avec des soins appropri\u00e9s, les bridges peuvent durer de nombreuses ann\u00e9es. Gr\u00e2ce \u00e0 une hygi\u00e8ne dentaire et \u00e0 des contr\u00f4les r\u00e9guliers, les bridges conservent leur sant\u00e9 pendant longtemps. Les patients disposent ainsi d&rsquo;une solution permanente.  <\/p>\n<h3>5. processus de mise en \u0153uvre rapide<\/h3>\n<p>Le traitement dentaire par bridge peut \u00eatre r\u00e9alis\u00e9 dans un d\u00e9lai plus court que d&rsquo;autres traitements dentaires. En suivant un processus de traitement court, les patients peuvent rapidement obtenir des gains esth\u00e9tiques et fonctionnels. <\/p>\n<figure class=\"table\">\n<table>\n<thead>\n<tr>\n<th>Avantages<\/th>\n<th>Description<\/th>\n<\/tr>\n<\/thead>\n<tbody>\n<tr>\n<td>Aspect esth\u00e9tique<\/td>\n<td>Les dessins se rapprochent le plus de l&rsquo;aspect des dents naturelles.<\/td>\n<\/tr>\n<tr>\n<td>Gain fonctionnel<\/td>\n<td>Restauration de la fonction masticatoire.<\/td>\n<\/tr>\n<tr>\n<td>Stabilisation des dents<\/td>\n<td>R\u00e9duit le risque de glissement et de d\u00e9placement.<\/td>\n<\/tr>\n<tr>\n<td>Solution \u00e0 long terme<\/td>\n<td>Il offre la possibilit\u00e9 de conserver sa sant\u00e9 pendant des ann\u00e9es gr\u00e2ce \u00e0 des soins appropri\u00e9s.<\/td>\n<\/tr>\n<tr>\n<td>Processus de demande rapide<\/td>\n<td>Des retours rapides sont fournis en peu de temps.<\/td>\n<\/tr>\n<\/tbody>\n<\/table>\n<\/figure>\n<p>En conclusion, le traitement par bridge dentaire offre de nombreux avantages, tant sur le plan esth\u00e9tique que fonctionnel. Il est donc tr\u00e8s important que les personnes ayant des dents manquantes envisagent cette m\u00e9thode de traitement. <\/p>\n<h2>Questions fr\u00e9quemment pos\u00e9es<\/h2>\n<h3>Qu&rsquo;est-ce qu&rsquo;un traitement de bridge ?<\/h3>\n<p>Le traitement dentaire par bridge consiste \u00e0 remplacer les dents manquantes par des proth\u00e8ses dentaires temporaires ou permanentes. Cette proc\u00e9dure est une m\u00e9thode appliqu\u00e9e en coupant les dents adjacentes. Le bridge remplace la dent manquante en s&rsquo;appuyant sur deux dents intactes ou sur des implants. Il aide les patients \u00e0 restaurer leur apparence esth\u00e9tique et \u00e0 am\u00e9liorer leurs fonctions dentaires.   <\/p>\n<h3>Combien de temps dure un bridge dentaire ?<\/h3>\n<p>La dur\u00e9e d&rsquo;un traitement de bridge varie en fonction de la structure buccale g\u00e9n\u00e9rale du patient, de sa sant\u00e9 dentaire et de son plan de traitement. En g\u00e9n\u00e9ral, la premi\u00e8re \u00e9tape de mesure et de pr\u00e9paration prend une \u00e0 deux heures, tandis que la construction du bridge peut prendre plusieurs jours car elle n\u00e9cessite un travail de laboratoire. L&rsquo;\u00e9tape finale, la pose du bridge, est g\u00e9n\u00e9ralement r\u00e9alis\u00e9e en peu de temps.  <\/p>\n<h3>Quels sont les avantages d&rsquo;un bridge ?<\/h3>\n<p>Le traitement dentaire par bridge pr\u00e9sente de nombreux avantages. Tout d&rsquo;abord, il permet de pr\u00e9server la sant\u00e9 bucco-dentaire en rempla\u00e7ant les dents manquantes. Il permet \u00e9galement d&rsquo;\u00e9viter le d\u00e9placement des dents et l&rsquo;alt\u00e9ration de la fonction de mastication. D&rsquo;un point de vue esth\u00e9tique, il donne \u00e0 la personne une apparence naturelle. Enfin, l&rsquo;application du traitement par bridge est reconnue comme une m\u00e9thode moins invasive que les implants dentaires.    <\/p>\n<h3>Quels sont les \u00e9l\u00e9ments \u00e0 prendre en compte apr\u00e8s un bridge dentaire ?<\/h3>\n<p>Apr\u00e8s le <a href=\"https:\/\/www.elevenestetik.com\/fr\/operations-dentaires\/ce-que-vous-devez-savoir-sur-le-traitement-par-bridge-dentaire-et-les-prix-des-bridges-dentaires\/\">traitement d&rsquo;un bridge dentaire<\/a>, il est tr\u00e8s important de veiller \u00e0 l&rsquo;hygi\u00e8ne bucco-dentaire. Un brossage r\u00e9gulier des dents et l&rsquo;utilisation du fil dentaire permettent de pr\u00e9server la sant\u00e9 des dents autour du bridge. En outre, le fait d&rsquo;\u00e9viter les aliments trop durs prolongera la dur\u00e9e de vie du bridge. Ne pas manquer les rendez-vous de suivi et suivre les recommandations du dentiste sont \u00e9galement essentiels pour une r\u00e9ussite \u00e0 long terme.   <\/p>\n<\/div><\/div><\/div><\/div><\/div><\/div><\/section><section class=\"l-section wpb_row us_custom_315b8835 height_medium color_footer-bottom\"><div class=\"l-section-h i-cf\"><div class=\"g-cols vc_row via_grid cols_1 laptops-cols_inherit tablets-cols_inherit mobiles-cols_1 valign_middle type_default stacking_default\"><div class=\"wpb_column vc_column_container\"><div class=\"vc_column-inner\"><div class=\"g-cols wpb_row us_custom_ee246b62 has_text_color via_grid cols_2 laptops-cols_inherit tablets-cols_1 mobiles-cols_1 valign_middle type_default stacking_default\" style=\"--columns-gap:0rem;\"><div class=\"wpb_column vc_column_container us_custom_2c279b99\"><div class=\"vc_column-inner\"><div class=\"w-text us_custom_a5df9810 has_text_color\"><span class=\"w-text-h\"><span class=\"w-text-value\">Obtenez des informations et du soutien d\u00e8s maintenant<\/span><\/span><\/div><h2 class=\"w-text\"><span class=\"w-text-h\"><span class=\"w-text-value\">Demandez une consultation gratuite.<\/span><\/span><\/h2><\/div><\/div><div class=\"wpb_column vc_column_container us_custom_16154244\"><div class=\"vc_column-inner\"><div class=\"w-btn-wrapper default_align_right laptops_align_right tablets_align_left mobiles_align_left\"><a class=\"w-btn us-btn-style_2 us_custom_b4198c51\" href=\"https:\/\/www.elevenestetik.com\/fr\/contact\/\"><span class=\"w-btn-label\">Cr\u00e9er un rendez-vous<\/span><\/a><\/div><\/div><\/div><\/div><\/div><\/div><\/div><\/div><\/section>\n","protected":false},"excerpt":{"rendered":"Traitement des dents de pontDur\u00e9e de l&#039;hospitalisationPas d'hospitalisation Dur\u00e9e de l&#039;op\u00e9ration2 heures Type d&#039;anesth\u00e9sieAnesth\u00e9sie locale Processus de r\u00e9cup\u00e9rationIl n'y a pas de processus de gu\u00e9rison Contactez-nous pour plus d&#039;informations.\u00c9crire sur WhatsAppLe traitement dentaire par bridge offre une solution efficace pour \u00e9liminer vos d\u00e9ficiences dentaires. Qu&rsquo;est-ce qu&rsquo;un bridge? Dans cet article, nous vous donnerons des informations...","protected":false},"author":1,"featured_media":3470,"parent":0,"menu_order":0,"comment_status":"closed","ping_status":"closed","template":"","meta":{"rank_math_focus_keyword":"traitement des dents en pont","rank_math_description":"Qu'est-ce qu'un traitement de bridge ? Prenez une d\u00e9cision \u00e9clair\u00e9e en d\u00e9couvrant le processus, les prix et les avantages ! ","footnotes":""},"class_list":["post-5762","page","type-page","status-publish","has-post-thumbnail","hentry"],"_links":{"self":[{"href":"https:\/\/www.elevenestetik.com\/fr\/wp-json\/wp\/v2\/pages\/5762","targetHints":{"allow":["GET"]}}],"collection":[{"href":"https:\/\/www.elevenestetik.com\/fr\/wp-json\/wp\/v2\/pages"}],"about":[{"href":"https:\/\/www.elevenestetik.com\/fr\/wp-json\/wp\/v2\/types\/page"}],"author":[{"embeddable":true,"href":"https:\/\/www.elevenestetik.com\/fr\/wp-json\/wp\/v2\/users\/1"}],"replies":[{"embeddable":true,"href":"https:\/\/www.elevenestetik.com\/fr\/wp-json\/wp\/v2\/comments?post=5762"}],"version-history":[{"count":3,"href":"https:\/\/www.elevenestetik.com\/fr\/wp-json\/wp\/v2\/pages\/5762\/revisions"}],"predecessor-version":[{"id":7806,"href":"https:\/\/www.elevenestetik.com\/fr\/wp-json\/wp\/v2\/pages\/5762\/revisions\/7806"}],"wp:featuredmedia":[{"embeddable":true,"href":"https:\/\/www.elevenestetik.com\/fr\/wp-json\/wp\/v2\/media\/3470"}],"wp:attachment":[{"href":"https:\/\/www.elevenestetik.com\/fr\/wp-json\/wp\/v2\/media?parent=5762"}],"curies":[{"name":"wp","href":"https:\/\/api.w.org\/{rel}","templated":true}]}}