{"id":5680,"date":"2026-01-26T09:05:16","date_gmt":"2026-01-26T06:05:16","guid":{"rendered":"https:\/\/www.elevenestetik.com\/greffe-de-sourcils\/"},"modified":"2026-01-26T09:07:09","modified_gmt":"2026-01-26T06:07:09","slug":"greffe-de-sourcils","status":"publish","type":"page","link":"https:\/\/www.elevenestetik.com\/fr\/greffe-de-sourcils\/","title":{"rendered":"Greffe de sourcils"},"content":{"rendered":"<section class=\"l-section wpb_row us_custom_4e2a4f93 height_large\"><div class=\"l-section-h i-cf\"><div class=\"g-cols vc_row via_grid cols_1 laptops-cols_inherit tablets-cols_inherit mobiles-cols_1 valign_top type_default stacking_default\"><div class=\"wpb_column vc_column_container\"><div class=\"vc_column-inner\"><h1 class=\"w-text us_custom_28784076 has_text_color\"><span class=\"w-text-h\"><span class=\"w-text-value\">Esth\u00e9tique de la greffe de sourcils<\/span><\/span><\/h1><\/div><\/div><\/div><\/div><\/section><section class=\"l-section wpb_row us_custom_6179e1d8 height_large width_full\"><div class=\"l-section-h i-cf\"><div class=\"g-cols vc_row via_grid cols_1 laptops-cols_inherit tablets-cols_inherit mobiles-cols_1 valign_top type_default stacking_default\"><div class=\"wpb_column vc_column_container\"><div class=\"vc_column-inner\"><div class=\"g-cols wpb_row via_grid cols_2 laptops-cols_inherit tablets-cols_inherit mobiles-cols_1 valign_top type_default stacking_default\" style=\"--columns-gap:2rem;\"><div class=\"wpb_column vc_column_container\"><div class=\"vc_column-inner\"><div class=\"w-image us_custom_9cf479d2 align_none\"><div class=\"w-image-h\"><img decoding=\"async\" width=\"1024\" height=\"574\" src=\"https:\/\/www.elevenestetik.com\/wp-content\/uploads\/2024\/02\/kas-ekimi.jpg\" class=\"attachment-large size-large\" alt=\"\" loading=\"lazy\" srcset=\"https:\/\/www.elevenestetik.com\/wp-content\/uploads\/2024\/02\/kas-ekimi.jpg 1024w, https:\/\/www.elevenestetik.com\/wp-content\/uploads\/2024\/02\/kas-ekimi-300x168.jpg 300w\" sizes=\"auto, (max-width: 1024px) 100vw, 1024px\"><\/div><\/div><\/div><\/div><div class=\"wpb_column vc_column_container us_custom_29737451\"><div class=\"vc_column-inner\"><div class=\"w-hwrapper us_custom_147c3537 valign_top stack_on_mobiles align_center\" style=\"--hwrapper-gap:3rem\"><div class=\"w-iconbox us_custom_f9f315b4 has_text_color iconpos_top style_default color_primary align_center\"><div class=\"w-iconbox-icon\" style=\"font-size:2rem;\"><i class=\"fas fa-hospital\"><\/i><\/div><div class=\"w-iconbox-meta\"><p class=\"w-iconbox-title\">Dur\u00e9e de l&#039;hospitalisation<\/p><div class=\"w-iconbox-text\"><p>0 jour<\/p>\n<\/div><\/div><\/div><div class=\"w-iconbox us_custom_f9f315b4 has_text_color iconpos_top style_default color_primary align_center\"><div class=\"w-iconbox-icon\" style=\"font-size:2rem;\"><i class=\"fas fa-clock\"><\/i><\/div><div class=\"w-iconbox-meta\"><p class=\"w-iconbox-title\">Dur\u00e9e de l&#039;op\u00e9ration<\/p><div class=\"w-iconbox-text\"><p>2 &#8211; 4 heures<\/p>\n<\/div><\/div><\/div><div class=\"w-iconbox us_custom_f9f315b4 has_text_color iconpos_top style_default color_primary align_center\"><div class=\"w-iconbox-icon\" style=\"font-size:2rem;\"><i class=\"fas fa-stethoscope\"><\/i><\/div><div class=\"w-iconbox-meta\"><p class=\"w-iconbox-title\">Type d&#039;anesth\u00e9sie<\/p><div class=\"w-iconbox-text\"><p>Anesth\u00e9sie locale<\/p>\n<\/div><\/div><\/div><div class=\"w-iconbox us_custom_f9f315b4 has_text_color iconpos_top style_default color_primary align_center\"><div class=\"w-iconbox-icon\" style=\"font-size:2rem;\"><i class=\"fas fa-hands-heart\"><\/i><\/div><div class=\"w-iconbox-meta\"><p class=\"w-iconbox-title\">Processus de r\u00e9cup\u00e9ration<\/p><div class=\"w-iconbox-text\"><p>1 &#8211; 2 semaines<\/p>\n<\/div><\/div><\/div><\/div><h6 class=\"w-text us_custom_d0e1c2ad\"><span class=\"w-text-h\"><span class=\"w-text-value\">Contactez-nous pour plus d&#039;informations.<\/span><\/span><\/h6><div class=\"w-btn-wrapper align_center\"><a class=\"w-btn us-btn-style_1\" href=\"https:\/\/wa.me\/+905011552511\" target=\"_blank\" rel=\"noopener\"><span class=\"w-btn-label\">\u00c9crire sur WhatsApp<\/span><\/a><\/div><\/div><\/div><\/div><\/div><\/div><\/div><\/div><\/section><section class=\"l-section wpb_row us_custom_ddf21fbc height_large\"><div class=\"l-section-h i-cf\"><div class=\"g-cols vc_row via_grid cols_1 laptops-cols_inherit tablets-cols_inherit mobiles-cols_1 valign_top type_default stacking_default\"><div class=\"wpb_column vc_column_container\"><div class=\"vc_column-inner\"><div class=\"wpb_text_column\"><div class=\"wpb_wrapper\"><p>Ces derni\u00e8res ann\u00e9es, la greffe de sourcils est devenue une application populaire privil\u00e9gi\u00e9e pour les probl\u00e8mes esth\u00e9tiques. <strong>Qu&rsquo;est-ce que la greffe de sourcils<\/strong> et par quel processus passe-t-elle ? Dans cet article, nous aborderons tous les d\u00e9tails curieux concernant la transplantation <strong>de sourcils<\/strong>, le processus d&rsquo;application, les <strong>soins<\/strong> n\u00e9cessaires <strong>apr\u00e8s la transplantation de sourcils<\/strong> et, bien s\u00fbr, <strong>les prix de la transplantation de sourcils<\/strong>. Si vous r\u00eavez d&rsquo;avoir des sourcils plus fournis et plus pro\u00e9minents, vous \u00eates au bon endroit !   <\/p>\n<h2>Qu&rsquo;est-ce que la greffe de sourcils ?<\/h2>\n<p>La greffe de sourcils est devenue tr\u00e8s populaire ces derni\u00e8res ann\u00e9es en tant que proc\u00e9dure esth\u00e9tique. Cette proc\u00e9dure, que les gens pratiquent pour clarifier les traits de leur visage et obtenir une apparence plus jeune, permet de r\u00e9cup\u00e9rer les poils des sourcils perdus ou clairsem\u00e9s. La greffe de sourcils permet notamment de rem\u00e9dier \u00e0 l&rsquo;amincissement ou \u00e0 la perte des sourcils dus \u00e0 des facteurs g\u00e9n\u00e9tiques, au vieillissement, au stress intense ou \u00e0 des produits cosm\u00e9tiques inadapt\u00e9s.  <\/p>\n<p>Cette proc\u00e9dure consiste \u00e0 transplanter les greffons pr\u00e9lev\u00e9s sur les propres follicules <a href=\"https:\/\/www.elevenestetik.com\/fr\/greffe-de-cheveux\/\">pileux<\/a> de la personne dans la zone des sourcils. Pour r\u00e9pondre \u00e0 la question de savoir <strong>comment se d\u00e9roule la greffe de sourcils<\/strong>, la premi\u00e8re \u00e9tape de la proc\u00e9dure consiste \u00e0 pr\u00e9lever des follicules pileux sains sur le cuir chevelu de la personne. Ces follicules sont ensuite plac\u00e9s dans la zone des sourcils \u00e0 l&rsquo;aide de techniques sp\u00e9ciales. Ce processus, qui est g\u00e9n\u00e9ralement r\u00e9alis\u00e9 \u00e0 l&rsquo;aide de la m\u00e9thode FUE (Follicular Unit Extraction), est effectu\u00e9 avec une grande pr\u00e9cision. Apr\u00e8s l&rsquo;application, il est possible d&rsquo;obtenir des r\u00e9sultats naturels et permanents.   <\/p>\n<p>La greffe de sourcils n&rsquo;est pas seulement un besoin esth\u00e9tique, elle a aussi pour effet d&rsquo;am\u00e9liorer la confiance en soi. Des sourcils clairsem\u00e9s ou manquants peuvent rendre difficile la compr\u00e9hension des expressions faciales. C&rsquo;est pourquoi la greffe de sourcils est une m\u00e9thode privil\u00e9gi\u00e9e par de nombreuses personnes qui accordent une grande importance \u00e0 l&rsquo;esth\u00e9tique visuelle. Cette application esth\u00e9tique aide donc les individus \u00e0 se sentir mieux et \u00e0 \u00eatre plus \u00e0 l&rsquo;aise dans leur vie sociale.   <\/p>\n<p>Enfin, les <strong>prix des greffes de sourcils<\/strong> varient en fonction de la clinique, de l&rsquo;exp\u00e9rience du m\u00e9decin et des mat\u00e9riaux utilis\u00e9s. L&rsquo;information sur les diff\u00e9rentes options est tr\u00e8s importante dans le processus de prise de d\u00e9cision. Il est possible de trouver une solution adapt\u00e9e \u00e0 chacun. Pour obtenir des r\u00e9sultats satisfaisants en mati\u00e8re de greffe de sourcils, il sera tr\u00e8s utile de faire des recherches approfondies et de consulter des sp\u00e9cialistes.   <\/p>\n<figure class=\"image\"><img loading=\"lazy\" decoding=\"async\" src=\"https:\/\/www.elevenestetik.com\/wp-content\/uploads\/2024\/03\/2-6.jpg\" alt=\"Greffe de sourcils\" width=\"1920\" height=\"1080\"><\/figure>\n<h2>Comment se fait la greffe de sourcils ?<\/h2>\n<p>La greffe de sourcils est devenue une application populaire qui r\u00e9pond aux pr\u00e9occupations esth\u00e9tiques d&rsquo;aujourd&rsquo;hui. La r\u00e9ponse \u00e0 la question de savoir <strong>comment la greffe de sourcils est effectu\u00e9e<\/strong> comprend les processus avant et apr\u00e8s l&rsquo;intervention. En r\u00e8gle g\u00e9n\u00e9rale, la transplantation de sourcils se d\u00e9roule en plusieurs \u00e9tapes.  <\/p>\n<p>Tout d&rsquo;abord, le processus de conseil avant l&rsquo;intervention commence. \u00c0 ce stade, le patient et le m\u00e9decin ont une discussion approfondie sur les r\u00e9sultats attendus, les pr\u00e9f\u00e9rences personnelles et la situation actuelle. La forme id\u00e9ale des sourcils est d\u00e9termin\u00e9e en fonction des traits du visage du patient, de la structure des sourcils et de l&rsquo;esth\u00e9tique g\u00e9n\u00e9rale du visage.  <\/p>\n<p>Ensuite, pour r\u00e9pondre \u00e0 la question de savoir <strong>comment la greffe de sourcils est r\u00e9alis\u00e9e<\/strong>, un environnement indolore est assur\u00e9 par l&rsquo;application d&rsquo;une anesth\u00e9sie locale au patient. \u00c0 ce stade, on commence \u00e0 pr\u00e9lever les follicules pileux, qui sont g\u00e9n\u00e9ralement consid\u00e9r\u00e9s comme la zone donneuse. Les follicules pileux sont soumis \u00e0 une s\u00e9rie de proc\u00e9dures st\u00e9riles et pr\u00e9par\u00e9s pour la transplantation.  <\/p>\n<p>La zone o\u00f9 sont pr\u00e9lev\u00e9s les follicules pileux est soigneusement pr\u00e9par\u00e9e en fonction de la technique utilis\u00e9e. Ensuite, les follicules sont plac\u00e9s le long de la ligne de sourcils d\u00e9termin\u00e9e en ouvrant de petits canaux afin d&rsquo;obtenir un aspect naturel. Ce proc\u00e9d\u00e9 permet aux sourcils de para\u00eetre plus fournis et plus pro\u00e9minents. Les experts qui travaillent avec une technique minutieuse pendant l&rsquo;application veillent \u00e0 ne pas perturber le caract\u00e8re naturel du site de transplantation.   <\/p>\n<p>Apr\u00e8s l&rsquo;intervention, les patients doivent \u00eatre attentifs \u00e0 certains points. Le processus de <strong>soins apr\u00e8s la greffe de sourcils<\/strong> est tr\u00e8s important pour pr\u00e9venir les effets n\u00e9gatifs qui peuvent survenir. Apr\u00e8s la transplantation, le processus de gu\u00e9rison des sourcils commence. Le respect des recommandations de soins acc\u00e9l\u00e9rera le processus de cicatrisation. En outre, il est conseill\u00e9 aux patients de ne pas pratiquer d&rsquo;activit\u00e9s telles que la natation et le sauna pendant un certain temps apr\u00e8s l&rsquo;intervention.   <\/p>\n<p>Par cons\u00e9quent, la <strong>greffe de sourcils<\/strong> est une proc\u00e9dure qui permet d&rsquo;obtenir une structure de sourcils esth\u00e9tiquement attrayante ainsi qu&rsquo;une apparence naturelle. \u00c0 toutes les \u00e9tapes, il est essentiel de travailler avec une \u00e9quipe d&rsquo;experts pour obtenir un r\u00e9sultat sain et efficace. <\/p>\n<h2>Prix de la greffe de sourcils<\/h2>\n<p><strong>Les prix de la greffe de sourcils<\/strong> varient en fonction de la clinique o\u00f9 elle est pratiqu\u00e9e et de l&rsquo;exp\u00e9rience du m\u00e9decin sp\u00e9cialiste. Toutefois, ces fourchettes de prix ne sont qu&rsquo;un point de d\u00e9part. L&rsquo;\u00e9tendue de l&rsquo;intervention, les techniques utilis\u00e9es et les besoins personnels sont autant de facteurs qui influencent le co\u00fbt.  <\/p>\n<p>Avant l&rsquo;application, des plans sont \u00e9labor\u00e9s en fonction des besoins des patients. La forme du visage, l&rsquo;\u00e9tat actuel des sourcils et les souhaits du patient sont pris en consid\u00e9ration. Par cons\u00e9quent, la r\u00e9ponse \u00e0 la question de savoir <strong>comment la greffe de sourcils est r\u00e9alis\u00e9e<\/strong> est d\u00e9termin\u00e9e par un plan personnalis\u00e9, ce qui fait varier les co\u00fbts. L&rsquo;utilisation de mat\u00e9riaux de qualit\u00e9 et d&rsquo;\u00e9quipes exp\u00e9riment\u00e9es joue un r\u00f4le important dans l&rsquo;augmentation des prix.   <\/p>\n<p>En outre, les services suppl\u00e9mentaires propos\u00e9s dans certaines cliniques sont \u00e9galement des facteurs qui influencent les prix. Par exemple, le co\u00fbt total peut augmenter lorsque des services suppl\u00e9mentaires tels que l&rsquo;examen, l&rsquo;entretien pr\u00e9liminaire, les produits recommand\u00e9s ou les processus de suivi sont re\u00e7us. En outre, il peut \u00eatre possible de b\u00e9n\u00e9ficier de campagnes et de r\u00e9ductions qui varient d&rsquo;une clinique \u00e0 l&rsquo;autre.  <\/p>\n<p><strong>Les soins apr\u00e8s la greffe de sourcils<\/strong> sont \u00e9galement un facteur qui influe sur le prix. Apr\u00e8s l&rsquo;application, les patients doivent g\u00e9n\u00e9ralement utiliser certains produits et les co\u00fbts de ces produits doivent \u00eatre pris en compte dans la phase de planification. Il est donc utile de pr\u00eater attention non seulement au co\u00fbt de l&rsquo;application, mais aussi au co\u00fbt de ce processus de soins.  <\/p>\n<p>En r\u00e9sum\u00e9, les <strong>prix des greffes de sourcils<\/strong> varient en fonction de nombreux facteurs. Faire une recherche d\u00e9taill\u00e9e avant la demande et comparer les prix propos\u00e9s par diff\u00e9rentes cliniques vous permettra d&rsquo;avoir une exp\u00e9rience plus satisfaisante en termes de budget et de r\u00e9sultat. Si vous envisagez une greffe de sourcils, il vous sera utile de rencontrer diff\u00e9rents experts et de compiler les informations que vous recevrez.  <\/p>\n<h2>Soins post-greffe de sourcils<\/h2>\n<p>Des soins corrects apr\u00e8s une greffe de sourcils ont un effet important sur la r\u00e9ussite des r\u00e9sultats. Le processus de <strong>soins apr\u00e8s une greffe de sour<\/strong> cils est tr\u00e8s important pour assurer une croissance saine des cheveux transplant\u00e9s et pour am\u00e9liorer la qualit\u00e9 des r\u00e9sultats. Voici quelques points \u00e0 prendre en compte apr\u00e8s une greffe de sourcils :  <\/p>\n<p>Tout d&rsquo;abord, il faut veiller \u00e0 ce que la zone des sourcils reste propre et s\u00e8che pendant plusieurs jours apr\u00e8s l&rsquo;intervention. Il convient d&rsquo;\u00e9viter les mouvements brusques lors du lavage du visage et de veiller \u00e0 ce que l&rsquo;eau ne touche pas directement la zone des sourcils lors du lavage du visage. De cette mani\u00e8re, le processus de fixation des poils transplant\u00e9s est favoris\u00e9.  <\/p>\n<p>Par la suite, il peut \u00eatre n\u00e9cessaire d&rsquo;utiliser des produits de <strong>soins post-transplantation de sourcils<\/strong> recommand\u00e9s par le m\u00e9decin sp\u00e9cialiste. En g\u00e9n\u00e9ral, des lotions ou des cr\u00e8mes sp\u00e9ciales qui acc\u00e9l\u00e8rent la cicatrisation des plaies sont recommand\u00e9es. Ces produits aident \u00e0 maintenir l&rsquo;\u00e9quilibre hydrique de la zone des sourcils. En outre, vous devez boire beaucoup d&rsquo;eau pour maintenir la sant\u00e9 du corps et veiller \u00e0 une alimentation \u00e9quilibr\u00e9e.   <\/p>\n<p>Il convient \u00e9galement de rappeler que la lumi\u00e8re directe du soleil et la chaleur intense doivent \u00eatre \u00e9vit\u00e9es apr\u00e8s une greffe de sourcils. Ces environnements peuvent accro\u00eetre la sensibilit\u00e9 des follicules pileux transplant\u00e9s et affecter n\u00e9gativement le processus de gu\u00e9rison. Il est donc recommand\u00e9 d&rsquo;utiliser des cr\u00e8mes solaires lorsque vous sortez.  <\/p>\n<p>Il est \u00e9galement important de ne pas n\u00e9gliger les contr\u00f4les recommand\u00e9s par le m\u00e9decin apr\u00e8s l&rsquo;intervention. Gr\u00e2ce \u00e0 ces contr\u00f4les, l&rsquo;\u00e9tat de la zone transplant\u00e9e peut \u00eatre surveill\u00e9 et des m\u00e9thodes de traitement suppl\u00e9mentaires peuvent \u00eatre appliqu\u00e9es si n\u00e9cessaire. <\/p>\n<p>Enfin, il est recommand\u00e9 d&rsquo;\u00e9viter de se raser les cheveux pendant 4 \u00e0 6 semaines pour assurer la permanence des r\u00e9sultats de la greffe de sourcils. Ainsi, les follicules pileux transplant\u00e9s peuvent se fixer compl\u00e8tement et cro\u00eetre de mani\u00e8re saine. <\/p>\n<p>Si ces facteurs sont pris en consid\u00e9ration, il est possible d&rsquo;obtenir les sourcils naturels et fournis que vous souhaitez en rentabilisant les investissements r\u00e9alis\u00e9s en ce qui concerne les <strong>prix de la greffe de sourcils<\/strong>. En r\u00e9sum\u00e9, des pratiques correctes de <strong>soins post-transplantation de sourcils<\/strong> contribuent directement \u00e0 la qualit\u00e9 des r\u00e9sultats esth\u00e9tiques. <\/p>\n<h2>Questions fr\u00e9quemment pos\u00e9es<\/h2>\n<h3>Qu&rsquo;est-ce que la greffe de sourcils ?<\/h3>\n<p>La greffe de sourcils consiste \u00e0 faire repousser les poils manquants ou clairsem\u00e9s dans la zone des sourcils en utilisant les propres follicules pileux du patient. Cette intervention est g\u00e9n\u00e9ralement r\u00e9alis\u00e9e sous anesth\u00e9sie locale et permet aux patients d&rsquo;avoir des sourcils d&rsquo;apparence naturelle. La greffe de sourcils n&rsquo;est pas seulement une proc\u00e9dure esth\u00e9tique, c&rsquo;est aussi une \u00e9tape importante pour augmenter la confiance en soi.  <\/p>\n<h3>Combien de temps dure une greffe de sourcils ?<\/h3>\n<p>La transplantation de sourcils dure g\u00e9n\u00e9ralement entre 1,5 et 3 heures. Cette dur\u00e9e peut varier en fonction des besoins personnels et de l&rsquo;ampleur de la transplantation. Pendant l&rsquo;intervention, le patient est mis \u00e0 l&rsquo;aise et les meilleurs r\u00e9sultats sont obtenus gr\u00e2ce \u00e0 l&rsquo;utilisation de techniques appropri\u00e9es. Pour que les sourcils transplant\u00e9s aient l&rsquo;air naturel, une phase de planification et d&rsquo;application minutieuse est n\u00e9cessaire.   <\/p>\n<h3>Quel est le processus de gu\u00e9rison apr\u00e8s une greffe de sourcils ?<\/h3>\n<p>Le processus de gu\u00e9rison apr\u00e8s une greffe de sourcils est g\u00e9n\u00e9ralement rapide. Il peut y avoir un l\u00e9ger gonflement ou une rougeur qui durera quelques jours apr\u00e8s l&rsquo;intervention, mais ces sympt\u00f4mes disparaissent avec le temps. Il est g\u00e9n\u00e9ralement conseill\u00e9 aux patients de prendre soin de la zone transplant\u00e9e et d&rsquo;\u00e9viter tout frottement excessif. Les sourcils commencent \u00e0 pousser lentement d\u00e8s la premi\u00e8re semaine et les r\u00e9sultats complets sont obtenus au bout de 3 \u00e0 4 mois.   <\/p>\n<h3>La greffe de sourcils est-elle permanente ?<\/h3>\n<p>Oui, la greffe de sourcils est une proc\u00e9dure permanente. Les cellules folliculaires pr\u00e9lev\u00e9es lors de la transplantation continuent \u00e0 pousser de mani\u00e8re permanente dans la zone o\u00f9 elles sont plac\u00e9es. Toutefois, en fonction du cycle naturel des cheveux, les sourcils peuvent perdre leurs poils pendant un certain temps. Il est donc recommand\u00e9 d&rsquo;entretenir r\u00e9guli\u00e8rement les sourcils pour qu&rsquo;ils soient forts et sains. Les experts recommandent \u00e9galement des traitements de soutien \u00e0 certains intervalles apr\u00e8s la transplantation.    <\/p>\n<\/div><\/div><\/div><\/div><\/div><\/div><\/section><section class=\"l-section wpb_row us_custom_315b8835 height_medium color_footer-bottom\"><div class=\"l-section-h i-cf\"><div class=\"g-cols vc_row via_grid cols_1 laptops-cols_inherit tablets-cols_inherit mobiles-cols_1 valign_middle type_default stacking_default\"><div class=\"wpb_column vc_column_container\"><div class=\"vc_column-inner\"><div class=\"g-cols wpb_row us_custom_ee246b62 has_text_color via_grid cols_2 laptops-cols_inherit tablets-cols_1 mobiles-cols_1 valign_middle type_default stacking_default\" style=\"--columns-gap:0rem;\"><div class=\"wpb_column vc_column_container us_custom_2c279b99\"><div class=\"vc_column-inner\"><div class=\"w-text us_custom_a5df9810 has_text_color\"><span class=\"w-text-h\"><span class=\"w-text-value\">Obtenez des informations et du soutien d\u00e8s maintenant<\/span><\/span><\/div><h2 class=\"w-text\"><span class=\"w-text-h\"><span class=\"w-text-value\">Demandez une consultation gratuite.<\/span><\/span><\/h2><\/div><\/div><div class=\"wpb_column vc_column_container us_custom_16154244\"><div class=\"vc_column-inner\"><div class=\"w-btn-wrapper default_align_right laptops_align_right tablets_align_left mobiles_align_left\"><a class=\"w-btn us-btn-style_2 us_custom_b4198c51\" href=\"https:\/\/www.elevenestetik.com\/fr\/contact\/\"><span class=\"w-btn-label\">Cr\u00e9er un rendez-vous<\/span><\/a><\/div><\/div><\/div><\/div><\/div><\/div><\/div><\/div><\/section>\n","protected":false},"excerpt":{"rendered":"Esth\u00e9tique de la greffe de sourcilsDur\u00e9e de l&#039;hospitalisation0 jour Dur\u00e9e de l&#039;op\u00e9ration2 - 4 heures Type d&#039;anesth\u00e9sieAnesth\u00e9sie locale Processus de r\u00e9cup\u00e9ration1 - 2 semaines Contactez-nous pour plus d&#039;informations.\u00c9crire sur WhatsAppCes derni\u00e8res ann\u00e9es, la greffe de sourcils est devenue une application populaire privil\u00e9gi\u00e9e pour les probl\u00e8mes esth\u00e9tiques. Qu&rsquo;est-ce que la greffe de sourcils et par quel...","protected":false},"author":1,"featured_media":5697,"parent":0,"menu_order":0,"comment_status":"closed","ping_status":"closed","template":"","meta":{"rank_math_focus_keyword":"greffe de sourcils","rank_math_description":"Embellissez d\u00e9finitivement vos sourcils gr\u00e2ce \u00e0 la greffe de sourcils. Obtenez des informations sur l'application et les prix. ","footnotes":""},"class_list":["post-5680","page","type-page","status-publish","has-post-thumbnail","hentry"],"_links":{"self":[{"href":"https:\/\/www.elevenestetik.com\/fr\/wp-json\/wp\/v2\/pages\/5680","targetHints":{"allow":["GET"]}}],"collection":[{"href":"https:\/\/www.elevenestetik.com\/fr\/wp-json\/wp\/v2\/pages"}],"about":[{"href":"https:\/\/www.elevenestetik.com\/fr\/wp-json\/wp\/v2\/types\/page"}],"author":[{"embeddable":true,"href":"https:\/\/www.elevenestetik.com\/fr\/wp-json\/wp\/v2\/users\/1"}],"replies":[{"embeddable":true,"href":"https:\/\/www.elevenestetik.com\/fr\/wp-json\/wp\/v2\/comments?post=5680"}],"version-history":[{"count":3,"href":"https:\/\/www.elevenestetik.com\/fr\/wp-json\/wp\/v2\/pages\/5680\/revisions"}],"predecessor-version":[{"id":7798,"href":"https:\/\/www.elevenestetik.com\/fr\/wp-json\/wp\/v2\/pages\/5680\/revisions\/7798"}],"wp:featuredmedia":[{"embeddable":true,"href":"https:\/\/www.elevenestetik.com\/fr\/wp-json\/wp\/v2\/media\/5697"}],"wp:attachment":[{"href":"https:\/\/www.elevenestetik.com\/fr\/wp-json\/wp\/v2\/media?parent=5680"}],"curies":[{"name":"wp","href":"https:\/\/api.w.org\/{rel}","templated":true}]}}