{"id":5669,"date":"2026-01-26T09:06:00","date_gmt":"2026-01-26T06:06:00","guid":{"rendered":"https:\/\/www.elevenestetik.com\/transplantation-de-la-moustache\/"},"modified":"2026-01-26T09:06:01","modified_gmt":"2026-01-26T06:06:01","slug":"transplantation-de-la-moustache","status":"publish","type":"page","link":"https:\/\/www.elevenestetik.com\/fr\/transplantation-de-la-moustache\/","title":{"rendered":"Transplantation de la moustache"},"content":{"rendered":"<section class=\"l-section wpb_row us_custom_4e2a4f93 height_large\"><div class=\"l-section-h i-cf\"><div class=\"g-cols vc_row via_grid cols_1 laptops-cols_inherit tablets-cols_inherit mobiles-cols_1 valign_top type_default stacking_default\"><div class=\"wpb_column vc_column_container\"><div class=\"vc_column-inner\"><h1 class=\"w-text us_custom_28784076 has_text_color\"><span class=\"w-text-h\"><span class=\"w-text-value\">Esth\u00e9tique de la greffe de moustache<\/span><\/span><\/h1><\/div><\/div><\/div><\/div><\/section><section class=\"l-section wpb_row us_custom_6179e1d8 height_large width_full\"><div class=\"l-section-h i-cf\"><div class=\"g-cols vc_row via_grid cols_1 laptops-cols_inherit tablets-cols_inherit mobiles-cols_1 valign_top type_default stacking_default\"><div class=\"wpb_column vc_column_container\"><div class=\"vc_column-inner\"><div class=\"g-cols wpb_row via_grid cols_2 laptops-cols_inherit tablets-cols_inherit mobiles-cols_1 valign_top type_default stacking_default\" style=\"--columns-gap:2rem;\"><div class=\"wpb_column vc_column_container\"><div class=\"vc_column-inner\"><div class=\"w-image us_custom_9cf479d2 align_none\"><div class=\"w-image-h\"><img decoding=\"async\" width=\"1024\" height=\"574\" src=\"https:\/\/www.elevenestetik.com\/wp-content\/uploads\/2024\/02\/biyik-ekimi.jpg\" class=\"attachment-large size-large\" alt=\"\" loading=\"lazy\" srcset=\"https:\/\/www.elevenestetik.com\/wp-content\/uploads\/2024\/02\/biyik-ekimi.jpg 1024w, https:\/\/www.elevenestetik.com\/wp-content\/uploads\/2024\/02\/biyik-ekimi-300x168.jpg 300w\" sizes=\"auto, (max-width: 1024px) 100vw, 1024px\"><\/div><\/div><\/div><\/div><div class=\"wpb_column vc_column_container us_custom_29737451\"><div class=\"vc_column-inner\"><div class=\"w-hwrapper us_custom_147c3537 valign_top stack_on_mobiles align_center\" style=\"--hwrapper-gap:3rem\"><div class=\"w-iconbox us_custom_f9f315b4 has_text_color iconpos_top style_default color_primary align_center\"><div class=\"w-iconbox-icon\" style=\"font-size:2rem;\"><i class=\"fas fa-hospital\"><\/i><\/div><div class=\"w-iconbox-meta\"><p class=\"w-iconbox-title\">Dur\u00e9e de l&#039;hospitalisation<\/p><div class=\"w-iconbox-text\"><p>Pas d&rsquo;hospitalisation<\/p>\n<\/div><\/div><\/div><div class=\"w-iconbox us_custom_f9f315b4 has_text_color iconpos_top style_default color_primary align_center\"><div class=\"w-iconbox-icon\" style=\"font-size:2rem;\"><i class=\"fas fa-clock\"><\/i><\/div><div class=\"w-iconbox-meta\"><p class=\"w-iconbox-title\">Dur\u00e9e de l&#039;op\u00e9ration<\/p><div class=\"w-iconbox-text\"><p>2 &#8211; 4 heures<\/p>\n<\/div><\/div><\/div><div class=\"w-iconbox us_custom_f9f315b4 has_text_color iconpos_top style_default color_primary align_center\"><div class=\"w-iconbox-icon\" style=\"font-size:2rem;\"><i class=\"fas fa-stethoscope\"><\/i><\/div><div class=\"w-iconbox-meta\"><p class=\"w-iconbox-title\">Type d&#039;anesth\u00e9sie<\/p><div class=\"w-iconbox-text\"><p>Anesth\u00e9sie locale<\/p>\n<\/div><\/div><\/div><div class=\"w-iconbox us_custom_f9f315b4 has_text_color iconpos_top style_default color_primary align_center\"><div class=\"w-iconbox-icon\" style=\"font-size:2rem;\"><i class=\"fas fa-hands-heart\"><\/i><\/div><div class=\"w-iconbox-meta\"><p class=\"w-iconbox-title\">Processus de r\u00e9cup\u00e9ration<\/p><div class=\"w-iconbox-text\"><p>1 &#8211; 2 semaines<\/p>\n<\/div><\/div><\/div><\/div><h6 class=\"w-text us_custom_d0e1c2ad\"><span class=\"w-text-h\"><span class=\"w-text-value\">Contactez-nous pour plus d&#039;informations.<\/span><\/span><\/h6><div class=\"w-btn-wrapper align_center\"><a class=\"w-btn us-btn-style_1\" href=\"https:\/\/wa.me\/+905011552511\" target=\"_blank\" rel=\"noopener\"><span class=\"w-btn-label\">\u00c9crire sur WhatsApp<\/span><\/a><\/div><\/div><\/div><\/div><\/div><\/div><\/div><\/div><\/section><section class=\"l-section wpb_row us_custom_ddf21fbc height_large\"><div class=\"l-section-h i-cf\"><div class=\"g-cols vc_row via_grid cols_1 laptops-cols_inherit tablets-cols_inherit mobiles-cols_1 valign_top type_default stacking_default\"><div class=\"wpb_column vc_column_container\"><div class=\"vc_column-inner\"><div class=\"wpb_text_column\"><div class=\"wpb_wrapper\"><p>La moustache est un \u00e9l\u00e9ment esth\u00e9tique important pour de nombreux hommes, et une moustache soign\u00e9e joue un r\u00f4le majeur dans l&rsquo;am\u00e9lioration de l&rsquo;image personnelle. Cependant, certaines personnes ne peuvent pas obtenir une moustache compl\u00e8te et saine en raison de facteurs g\u00e9n\u00e9tiques ou d&rsquo;autres raisons. C&rsquo;est l\u00e0 que <strong>la transplantation de moustache<\/strong> entre en jeu. Dans cet article, nous r\u00e9pondrons d&rsquo;abord \u00e0 la question de savoir <strong>ce qu&rsquo;est la transplantation de moustache<\/strong>. Ensuite, nous passerons aux d\u00e9tails de la <strong>transplantation de moustache<\/strong>. Bien entendu, nous vous donnerons \u00e9galement des informations sur les <strong>prix de la greffe de moustache<\/strong>. Apr\u00e8s l&rsquo;intervention, nous parlerons des <strong>soins \u00e0 prodiguer apr\u00e8s la greffe de moustache<\/strong> et, enfin, nous r\u00e9sumerons le sujet en r\u00e9pondant aux questions fr\u00e9quemment pos\u00e9es. Si vous \u00eates curieux de conna\u00eetre le processus de transplantation de la moustache, continuez \u00e0 lire notre article !       <\/p>\n<h2>Qu&rsquo;est-ce que la transplantation de moustache ?<\/h2>\n<p>La <strong>greffe de moustache<\/strong> est une intervention cosm\u00e9tique privil\u00e9gi\u00e9e pour des raisons esth\u00e9tiques, notamment parce que certains hommes ont une moustache clairsem\u00e9e ou absente. Cette intervention est g\u00e9n\u00e9ralement r\u00e9alis\u00e9e avec les m\u00e9thodes utilis\u00e9es pour la transplantation de cheveux et vise \u00e0 donner une apparence personnalis\u00e9e. Cette application, qui est fr\u00e9quemment demand\u00e9e par les hommes, peut \u00eatre une source de motivation sociale et personnelle.  <\/p>\n<p>L&rsquo;objectif principal de la greffe de moustache est de donner \u00e0 la <strong>moustache<\/strong> un aspect naturel et fourni. Au cours de l&rsquo;intervention, des cheveux sains, g\u00e9n\u00e9ralement pr\u00e9lev\u00e9s \u00e0 l&rsquo;arri\u00e8re de la t\u00eate ou dans la r\u00e9gion de la <a href=\"https:\/\/www.elevenestetik.com\/fr\/transplantation-de-barbe\/\">barbe<\/a>, sont transf\u00e9r\u00e9s dans la r\u00e9gion de la moustache. Le facteur le plus important \u00e0 prendre en compte est l&#8217;emplacement le plus appropri\u00e9 des greffons (follicules pileux), ce qui permet d&rsquo;obtenir un aspect naturel.  <\/p>\n<p>Il existe diff\u00e9rentes techniques pour cette proc\u00e9dure. L&rsquo;une des plus courantes est l&rsquo;extraction d&rsquo;unit\u00e9s folliculaires ( <i>FUE<\/i> ). Dans cette m\u00e9thode, les poils sont pr\u00e9lev\u00e9s un par un et transplant\u00e9s dans la zone de la moustache. D&rsquo;autres m\u00e9thodes telles que la <i>FUT<\/i> (Follicular Unit Transplantation) peuvent \u00e9galement \u00eatre utilis\u00e9es. Ces deux m\u00e9thodes donnent des r\u00e9sultats tr\u00e8s satisfaisants en termes d&rsquo;esth\u00e9tique.    <\/p>\n<p><strong>La transplantation de moustache<\/strong> n&rsquo;est pas seulement une solution esth\u00e9tique, mais aussi une initiative qui peut aider les individus \u00e0 augmenter leur confiance en soi. Le fait d&rsquo;avoir une moustache clairsem\u00e9e peut \u00eatre une source d&rsquo;inconfort pour certains hommes. Pour surmonter ces probl\u00e8mes, la greffe de moustache s&rsquo;impose comme une option efficace.  <\/p>\n<p>Toutefois, avant d&rsquo;envisager la proc\u00e9dure, il est important de planifier en fonction de la structure du visage, de la pilosit\u00e9 existante et du mod\u00e8le de moustache pr\u00e9f\u00e9r\u00e9 de chaque individu. Un entretien pr\u00e9liminaire avec un m\u00e9decin sp\u00e9cialiste est une \u00e9tape cruciale pour la r\u00e9ussite du processus. La <strong>transplantation de moustache<\/strong> est donc devenue une application de plus en plus populaire dans le domaine de la chirurgie esth\u00e9tique et il est possible d&rsquo;obtenir des r\u00e9sultats satisfaisants avec une approche ad\u00e9quate.  <\/p>\n<h2><img loading=\"lazy\" decoding=\"async\" src=\"https:\/\/www.elevenestetik.com\/wp-content\/uploads\/2024\/02\/Biyik-Ekimlerinin-Faydalari.jpg\" alt=\"Avantages de la greffe de moustache\" width=\"1920\" height=\"1080\"><\/h2>\n<h2>Comment se fait la transplantation de la moustache ?<\/h2>\n<p>La transplantation de moustache est devenue une intervention esth\u00e9tique tr\u00e8s populaire ces derni\u00e8res ann\u00e9es. Cette proc\u00e9dure est g\u00e9n\u00e9ralement r\u00e9alis\u00e9e de mani\u00e8re similaire aux m\u00e9thodes de transplantation de cheveux et vise \u00e0 obtenir une apparence naturelle \u00e0 l&rsquo;aide de techniques sp\u00e9ciales. Examinons le processus de <strong>transplantation de la moustache<\/strong> \u00e9tape par \u00e9tape. <\/p>\n<p>Il s&rsquo;agit tout d&rsquo;abord de d\u00e9terminer la m\u00e9thode la plus appropri\u00e9e pour la transplantation de la moustache. Il existe deux techniques principales : <strong>FUE (Follicular Unit Extraction)<\/strong> et <strong>FUT (Follicular Unit Transplantation)<\/strong>. Alors que la m\u00e9thode FUE consiste \u00e0 extraire et \u00e0 transplanter les follicules pileux un par un, la m\u00e9thode FUT consiste \u00e0 pr\u00e9lever une bande de peau et \u00e0 en extraire les follicules pileux. \u00c0 ce stade, le m\u00e9decin sp\u00e9cialiste \u00e9value la structure de la peau et les besoins de la personne et recommande la technique la plus appropri\u00e9e.   <\/p>\n<p>Le processus commence g\u00e9n\u00e9ralement par une anesth\u00e9sie locale dans les \u00e9tablissements de chirurgie esth\u00e9tique. Apr\u00e8s l&rsquo;anesth\u00e9sie, des follicules pileux sont pr\u00e9lev\u00e9s \u00e0 l&rsquo;aide d&rsquo;appareils m\u00e9dicaux et transplant\u00e9s dans la zone o\u00f9 la moustache sera transplant\u00e9e sans aucun dommage. \u00c0 ce stade, un aspect naturel est obtenu gr\u00e2ce aux applications qui doivent \u00eatre effectu\u00e9es avec soin. Le processus de transplantation dure g\u00e9n\u00e9ralement quelques heures.   <\/p>\n<p>Il existe quelques recommandations pour les patients apr\u00e8s la transplantation. Le processus de <strong>soins apr\u00e8s la transplantation de la moustache<\/strong> est tr\u00e8s important pour obtenir un r\u00e9sultat sain et permanent. Dans les premiers jours suivant la transplantation, il est fortement d\u00e9conseill\u00e9 de mettre en contact direct de l&rsquo;eau ou d&rsquo;autres liquides avec la zone transplant\u00e9e. Au retour, les produits de soin sp\u00e9cifi\u00e9s par le m\u00e9decin doivent \u00eatre utilis\u00e9s pour prot\u00e9ger la zone de la moustache. Il est \u00e9galement recommand\u00e9 d&rsquo;examiner la peau \u00e0 intervalles r\u00e9guliers afin de soutenir le processus de cicatrisation.   <\/p>\n<p>Enfin, l&rsquo;apparence et la croissance de la zone moustachue apr\u00e8s l&rsquo;intervention deviennent plus claires avec le temps, et tous ces \u00e9l\u00e9ments contribuent \u00e0 un processus plus sain gr\u00e2ce aux techniques de soins recommand\u00e9es par les experts. Il est donc tr\u00e8s important de ne pas ignorer les points \u00e0 prendre en compte apr\u00e8s la transplantation de la moustache. <\/p>\n<h2>Prix de la transplantation de moustache<\/h2>\n<p>Les prix des greffes de moustache varient en fonction de nombreux facteurs. Ces facteurs comprennent les besoins du patient, les techniques utilis\u00e9es, l&#8217;emplacement de la clinique et l&rsquo;exp\u00e9rience du m\u00e9decin. En g\u00e9n\u00e9ral, les proc\u00e9dures de transplantation de moustache sont plus abordables que d&rsquo;autres applications dans le domaine de la chirurgie esth\u00e9tique. Toutefois, la situation de chaque patient \u00e9tant diff\u00e9rente, il est difficile de donner un prix exact.   <\/p>\n<p>\u00c0 ce stade, il convient \u00e9galement de prendre en consid\u00e9ration la qualit\u00e9 de l&rsquo;\u00e9quipement et des mat\u00e9riaux n\u00e9cessaires \u00e0 la <strong>transplantation de la moustache<\/strong>. Lorsque des mat\u00e9riaux de meilleure qualit\u00e9 et des \u00e9quipements modernes sont utilis\u00e9s, les co\u00fbts augmentent \u00e9galement et cette situation prend de l&rsquo;importance pour la sant\u00e9 des patients. <\/p>\n<p>En outre, le contenu des services propos\u00e9s par les cliniques est \u00e9galement un facteur qui influe sur les prix. Par exemple, certaines cliniques peuvent proposer des contr\u00f4les de routine, des produits d&rsquo;entretien ou des services de conseil gratuits apr\u00e8s la transplantation de la moustache. Ces services suppl\u00e9mentaires peuvent avoir une incidence sur le co\u00fbt total et constituer un avantage significatif pour les patients.  <\/p>\n<p>Il est recommand\u00e9 aux patients d&rsquo;obtenir des informations d\u00e9taill\u00e9es aupr\u00e8s des cliniques o\u00f9 ils envisagent de subir une greffe de moustache et d&rsquo;avoir une opinion claire sur les prix. En particulier, outre les tarifs, l&rsquo;obtention d&rsquo;informations sur la dur\u00e9e de l&rsquo;intervention, les techniques utilis\u00e9es et les services postop\u00e9ratoires fournis joue un r\u00f4le important dans le processus de prise de d\u00e9cision. <\/p>\n<p>Enfin, selon les recherches, il est tr\u00e8s important de suivre correctement le processus de <strong>soins apr\u00e8s la transplantation de moustache<\/strong> afin de r\u00e9ussir l&rsquo;op\u00e9ration et d&rsquo;obtenir des r\u00e9sultats permanents. Dans ce contexte, les patients doivent veiller \u00e0 choisir une clinique offrant des services de qualit\u00e9 et ax\u00e9s sur les r\u00e9sultats, ainsi que des prix abordables. De cette mani\u00e8re, il sera possible d&rsquo;obtenir un r\u00e9sultat esth\u00e9tiquement satisfaisant et d&rsquo;\u00e9valuer l&rsquo;option la plus appropri\u00e9e d&rsquo;un point de vue financier.  <\/p>\n<h2>Soins apr\u00e8s la transplantation de la moustache<\/h2>\n<p>Les soins apr\u00e8s une transplantation de moustache sont extr\u00eamement importants pour am\u00e9liorer la qualit\u00e9 de l&rsquo;intervention et acc\u00e9l\u00e9rer le processus de gu\u00e9rison. Il y a quelques points importants \u00e0 prendre en compte dans ce processus. Tout d&rsquo;abord, pendant les <strong>soins post-greffe de moustache<\/strong>, des r\u00e8gles d&rsquo;hygi\u00e8ne doivent \u00eatre respect\u00e9es afin de pr\u00e9venir toute infection dans la zone concern\u00e9e. Il est donc essentiel de garder la zone transplant\u00e9e propre.   <\/p>\n<p>Apr\u00e8s la transplantation de la moustache, il convient de suivre scrupuleusement les instructions du m\u00e9decin. Pendant quelques jours apr\u00e8s l&rsquo;op\u00e9ration, il est recommand\u00e9 de ne pas exposer les zones de la moustache \u00e0 la lumi\u00e8re directe du soleil et d&rsquo;\u00e9viter les situations telles que les environnements chauds (sauna, massage, etc.). Ces facteurs peuvent en effet nuire au processus de cicatrisation. En outre, il est important de nettoyer d\u00e9licatement la zone transplant\u00e9e et les produits utilis\u00e9s doivent \u00eatre biologiques et non irritants.   <\/p>\n<p>Il peut \u00e9galement \u00eatre utile d&rsquo;utiliser des suppl\u00e9ments de vitamines et de min\u00e9raux qui soutiennent les processus de <strong>transplantation de la moustache<\/strong> apr\u00e8s l&rsquo;op\u00e9ration. Un soutien nutritionnel \u00e0 prendre sur les conseils d&rsquo;un m\u00e9decin aide les follicules pileux \u00e0 se d\u00e9velopper plus sainement. En outre, boire beaucoup d&rsquo;eau pendant cette p\u00e9riode facilite le processus de gu\u00e9rison en maintenant l&rsquo;\u00e9quilibre hydrique de la peau.  <\/p>\n<p>Dans les jours qui suivent, les patients peuvent ressentir des effets secondaires tels qu&rsquo;un gonflement ou une sensibilit\u00e9. Dans ce cas, les analg\u00e9siques recommand\u00e9s par le m\u00e9decin peuvent \u00eatre utilis\u00e9s. Toutefois, l&rsquo;autom\u00e9dication est \u00e0 \u00e9viter. Pendant le processus de cicatrisation, il est \u00e9galement recommand\u00e9 de ne pas peigner la moustache pendant un certain temps et d&rsquo;\u00e9viter de la fa\u00e7onner.   <\/p>\n<p>Enfin, il faut \u00eatre patient pendant la p\u00e9riode qui suit la transplantation de la moustache. La nouvelle moustache peut mettre du temps \u00e0 pousser et \u00e0 prendre forme. Le fait de se rendre r\u00e9guli\u00e8rement \u00e0 des visites de contr\u00f4le pendant ce processus permet de mieux observer le r\u00e9sultat. Un autre point \u00e0 ne pas oublier est de se renseigner sur les <strong>prix de la greffe de moustache<\/strong> et de s&rsquo;assurer de la satisfaction \u00e0 la fin du processus. Lorsque les bons soins sont appliqu\u00e9s, la transplantation de moustache peut offrir des r\u00e9sultats r\u00e9ussis et permanents.    <\/p>\n<h2>Questions fr\u00e9quemment pos\u00e9es sur la transplantation de la moustache<\/h2>\n<p>Ces derni\u00e8res ann\u00e9es, la transplantation de moustaches a \u00e9t\u00e9 au premier rang des demandes d&rsquo;interventions esth\u00e9tiques des hommes. Cependant, de nombreuses personnes se posent encore des questions sur cette intervention. Voici les questions et r\u00e9ponses les plus fr\u00e9quemment pos\u00e9es sur la greffe de moustache :  <\/p>\n<p><strong>\u00c0 qui s&rsquo;adresse la greffe de moustache ?<\/strong><br \/>\nLa transplantation de moustache constitue une solution id\u00e9ale pour les personnes dont les poils de la r\u00e9gion de la moustache sont clairsem\u00e9s, manquants ou excessivement fins. Les hommes qui ont des probl\u00e8mes de formation de la moustache en raison de facteurs g\u00e9n\u00e9tiques, de maladies ou d&rsquo;accidents peuvent b\u00e9n\u00e9ficier de cette application. Toutefois, un examen d\u00e9taill\u00e9 est n\u00e9cessaire avant l&rsquo;intervention et l&rsquo;aptitude doit \u00eatre \u00e9valu\u00e9e en fonction des recommandations du m\u00e9decin et de l&rsquo;\u00e9tat de sant\u00e9 du patient.  <\/p>\n<p><strong>Combien de temps dure une greffe de moustache ?<\/strong><br \/>\nLa proc\u00e9dure de transplantation de moustache dure g\u00e9n\u00e9ralement entre 3 et 5 heures. Cette dur\u00e9e peut varier en fonction des besoins du patient et de la technique choisie. Apr\u00e8s l&rsquo;intervention, il est conseill\u00e9 aux patients de se reposer davantage et d&rsquo;\u00eatre prudents pendant l&rsquo;op\u00e9ration.  <\/p>\n<p><strong>Comment se d\u00e9roulent les soins apr\u00e8s une greffe de moustache ?<\/strong><br \/>\nLes soins apr\u00e8s une greffe de moustache sont une \u00e9tape critique pour la r\u00e9ussite de l&rsquo;intervention. <strong>Les soins apr\u00e8s la greffe de moustache<\/strong> doivent \u00eatre effectu\u00e9s conform\u00e9ment aux recommandations de votre m\u00e9decin. Il faut veiller \u00e0 la propret\u00e9 et \u00e0 l&rsquo;hygi\u00e8ne de la zone d&rsquo;intervention. En outre, l&rsquo;utilisation r\u00e9guli\u00e8re de cr\u00e8mes \u00e0 base de cortisone ou d&rsquo;antibiotiques, d\u00e9termin\u00e9e par le m\u00e9decin, peut acc\u00e9l\u00e9rer le processus de gu\u00e9rison. Les activit\u00e9s telles que les sports lourds et la natation doivent \u00eatre \u00e9vit\u00e9es pendant les premi\u00e8res semaines suivant l&rsquo;intervention.   <\/p>\n<p><strong>Quand le r\u00e9sultat sera-t-il visible apr\u00e8s la greffe de moustache ?<\/strong><br \/>\nLes patients retrouvent g\u00e9n\u00e9ralement l&rsquo;aspect naturel de leur moustache entre 3 et 6 mois apr\u00e8s la greffe de moustache. Au d\u00e9but, les poils transplant\u00e9s peuvent tomber, mais il s&rsquo;agit d&rsquo;une \u00e9tape normale du processus de traitement. Avec le temps, de nouveaux poils durables commenceront \u00e0 pousser \u00e0 partir des racines.  <\/p>\n<p><strong>Quels sont les prix de la greffe de moustache ?<\/strong><br \/>\n<strong>Les prix de la transplantation de moustache<\/strong> peuvent varier en fonction de la technique choisie, de la clinique et de l&rsquo;exp\u00e9rience du m\u00e9decin. Cependant, il est important de se rappeler que les prix ne se limitent pas \u00e0 la proc\u00e9dure, mais qu&rsquo;il faut \u00e9galement prendre en consid\u00e9ration les services de suivi et d&rsquo;assistance. <\/p>\n<p>Outre ces questions fr\u00e9quemment pos\u00e9es, les personnes qui souhaitent en savoir plus sur le processus de transplantation de la moustache peuvent obtenir tous les d\u00e9tails n\u00e9cessaires \u00e0 ce processus en consultant un m\u00e9decin sp\u00e9cialiste. N&rsquo;oubliez pas qu&rsquo;il est toujours pr\u00e9f\u00e9rable d&rsquo;avoir suffisamment d&rsquo;informations pour prendre une d\u00e9cision \u00e9clair\u00e9e. <\/p>\n<h2>Questions fr\u00e9quemment pos\u00e9es<\/h2>\n<h3>Qu&rsquo;est-ce que la transplantation de moustache ?<\/h3>\n<p>La greffe de moustache consiste \u00e0 transplanter des follicules pileux dans des zones de moustache clairsem\u00e9es ou totalement absentes. Cette proc\u00e9dure est g\u00e9n\u00e9ralement pr\u00e9f\u00e9r\u00e9e pour des raisons esth\u00e9tiques. Le plus souvent, des follicules pileux pr\u00e9lev\u00e9s dans la r\u00e9gion de la nuque sont plac\u00e9s dans la r\u00e9gion de la moustache \u00e0 l&rsquo;aide de techniques sp\u00e9ciales. On obtient ainsi une moustache permanente d&rsquo;aspect naturel.   <\/p>\n<h3>Comment se fait la transplantation de la moustache ?<\/h3>\n<p>La greffe de moustache est g\u00e9n\u00e9ralement r\u00e9alis\u00e9e sous anesth\u00e9sie locale. La zone \u00e0 transplanter est tout d&rsquo;abord nettoy\u00e9e. Ensuite, des follicules pileux sont pr\u00e9lev\u00e9s sur la nuque ou d&rsquo;autres zones souhait\u00e9es et transplant\u00e9s dans la zone de la moustache. Des techniques modernes telles que l&rsquo;extraction d&rsquo;unit\u00e9s folliculaires (FUE) ou la transplantation d&rsquo;unit\u00e9s folliculaires (FUT) peuvent \u00eatre utilis\u00e9es au cours de cette proc\u00e9dure. Une certaine p\u00e9riode de r\u00e9cup\u00e9ration est n\u00e9cessaire apr\u00e8s l&rsquo;intervention.    <\/p>\n<h3>Quelle est la dur\u00e9e de la p\u00e9riode de convalescence apr\u00e8s une greffe de moustache ?<\/h3>\n<p>Le processus de cicatrisation apr\u00e8s une greffe de moustache peut varier d&rsquo;une personne \u00e0 l&rsquo;autre, mais il se d\u00e9roule g\u00e9n\u00e9ralement en 7 \u00e0 14 jours. Les premiers jours, il peut y avoir un l\u00e9ger gonflement et une certaine sensibilit\u00e9. Des cro\u00fbtes appara\u00eetront dans la zone transplant\u00e9e, qui dispara\u00eetront au bout de quelques semaines. Les r\u00e9sultats complets sont visibles entre 6 mois et 1 an.   <\/p>\n<h3>Quelle est la dur\u00e9e d&rsquo;une greffe de moustache ?<\/h3>\n<p>Les r\u00e9sultats de la transplantation de moustache sont g\u00e9n\u00e9ralement permanents. Les follicules pileux transplant\u00e9s garantissent que la moustache sera toujours pr\u00e9sente, car, g\u00e9n\u00e9tiquement, ils ne tomberont pas. Toutefois, l&rsquo;\u00e9tat de sant\u00e9 g\u00e9n\u00e9ral de la personne, son mode de vie et les facteurs g\u00e9n\u00e9tiques \u00e0 l&rsquo;origine de la perte de cheveux peuvent \u00e9galement influer sur le processus. Avec des soins r\u00e9guliers et l&rsquo;attention port\u00e9e \u00e0 certaines conditions de sant\u00e9, il est possible que la moustache transplant\u00e9e reste vivante et saine pendant longtemps.   <\/p>\n<\/div><\/div><\/div><\/div><\/div><\/div><\/section><section class=\"l-section wpb_row us_custom_315b8835 height_medium color_footer-bottom\"><div class=\"l-section-h i-cf\"><div class=\"g-cols vc_row via_grid cols_1 laptops-cols_inherit tablets-cols_inherit mobiles-cols_1 valign_middle type_default stacking_default\"><div class=\"wpb_column vc_column_container\"><div class=\"vc_column-inner\"><div class=\"g-cols wpb_row us_custom_ee246b62 has_text_color via_grid cols_2 laptops-cols_inherit tablets-cols_1 mobiles-cols_1 valign_middle type_default stacking_default\" style=\"--columns-gap:0rem;\"><div class=\"wpb_column vc_column_container us_custom_2c279b99\"><div class=\"vc_column-inner\"><div class=\"w-text us_custom_a5df9810 has_text_color\"><span class=\"w-text-h\"><span class=\"w-text-value\">Obtenez des informations et du soutien d\u00e8s maintenant<\/span><\/span><\/div><h2 class=\"w-text\"><span class=\"w-text-h\"><span class=\"w-text-value\">Demandez une consultation gratuite.<\/span><\/span><\/h2><\/div><\/div><div class=\"wpb_column vc_column_container us_custom_16154244\"><div class=\"vc_column-inner\"><div class=\"w-btn-wrapper default_align_right laptops_align_right tablets_align_left mobiles_align_left\"><a class=\"w-btn us-btn-style_2 us_custom_b4198c51\" href=\"https:\/\/www.elevenestetik.com\/fr\/contact\/\"><span class=\"w-btn-label\">Cr\u00e9er un rendez-vous<\/span><\/a><\/div><\/div><\/div><\/div><\/div><\/div><\/div><\/div><\/section>\n","protected":false},"excerpt":{"rendered":"Esth\u00e9tique de la greffe de moustacheDur\u00e9e de l&#039;hospitalisationPas d'hospitalisation Dur\u00e9e de l&#039;op\u00e9ration2 - 4 heures Type d&#039;anesth\u00e9sieAnesth\u00e9sie locale Processus de r\u00e9cup\u00e9ration1 - 2 semaines Contactez-nous pour plus d&#039;informations.\u00c9crire sur WhatsAppLa moustache est un \u00e9l\u00e9ment esth\u00e9tique important pour de nombreux hommes, et une moustache soign\u00e9e joue un r\u00f4le majeur dans l&rsquo;am\u00e9lioration de l&rsquo;image personnelle. Cependant, certaines...","protected":false},"author":1,"featured_media":3399,"parent":0,"menu_order":0,"comment_status":"closed","ping_status":"closed","template":"","meta":{"rank_math_focus_keyword":"greffe de moustache","rank_math_description":"La transplantation de moustache est devenue un \u00e9l\u00e9ment important de l'esth\u00e9tique faciale et des soins personnels des hommes.","footnotes":""},"class_list":["post-5669","page","type-page","status-publish","has-post-thumbnail","hentry"],"_links":{"self":[{"href":"https:\/\/www.elevenestetik.com\/fr\/wp-json\/wp\/v2\/pages\/5669","targetHints":{"allow":["GET"]}}],"collection":[{"href":"https:\/\/www.elevenestetik.com\/fr\/wp-json\/wp\/v2\/pages"}],"about":[{"href":"https:\/\/www.elevenestetik.com\/fr\/wp-json\/wp\/v2\/types\/page"}],"author":[{"embeddable":true,"href":"https:\/\/www.elevenestetik.com\/fr\/wp-json\/wp\/v2\/users\/1"}],"replies":[{"embeddable":true,"href":"https:\/\/www.elevenestetik.com\/fr\/wp-json\/wp\/v2\/comments?post=5669"}],"version-history":[{"count":3,"href":"https:\/\/www.elevenestetik.com\/fr\/wp-json\/wp\/v2\/pages\/5669\/revisions"}],"predecessor-version":[{"id":7759,"href":"https:\/\/www.elevenestetik.com\/fr\/wp-json\/wp\/v2\/pages\/5669\/revisions\/7759"}],"wp:featuredmedia":[{"embeddable":true,"href":"https:\/\/www.elevenestetik.com\/fr\/wp-json\/wp\/v2\/media\/3399"}],"wp:attachment":[{"href":"https:\/\/www.elevenestetik.com\/fr\/wp-json\/wp\/v2\/media?parent=5669"}],"curies":[{"name":"wp","href":"https:\/\/api.w.org\/{rel}","templated":true}]}}