{"id":5648,"date":"2026-01-26T09:05:41","date_gmt":"2026-01-26T06:05:41","guid":{"rendered":"https:\/\/www.elevenestetik.com\/placage-stratifie-emax\/"},"modified":"2026-01-26T09:07:26","modified_gmt":"2026-01-26T06:07:26","slug":"placage-stratifie-emax","status":"publish","type":"page","link":"https:\/\/www.elevenestetik.com\/fr\/placage-stratifie-emax\/","title":{"rendered":"Placage stratifi\u00e9 EMax"},"content":{"rendered":"<section class=\"l-section wpb_row us_custom_4e2a4f93 height_large\"><div class=\"l-section-h i-cf\"><div class=\"g-cols vc_row via_grid cols_1 laptops-cols_inherit tablets-cols_inherit mobiles-cols_1 valign_top type_default stacking_default\"><div class=\"wpb_column vc_column_container\"><div class=\"vc_column-inner\"><h1 class=\"w-text us_custom_28784076 has_text_color\"><span class=\"w-text-h\"><span class=\"w-text-value\">Placage stratifi\u00e9 EMax<\/span><\/span><\/h1><\/div><\/div><\/div><\/div><\/section><section class=\"l-section wpb_row us_custom_6179e1d8 height_large width_full\"><div class=\"l-section-h i-cf\"><div class=\"g-cols vc_row via_grid cols_1 laptops-cols_inherit tablets-cols_inherit mobiles-cols_1 valign_top type_default stacking_default\"><div class=\"wpb_column vc_column_container\"><div class=\"vc_column-inner\"><div class=\"g-cols wpb_row via_grid cols_2 laptops-cols_inherit tablets-cols_inherit mobiles-cols_1 valign_top type_default stacking_default\" style=\"--columns-gap:2rem;\"><div class=\"wpb_column vc_column_container\"><div class=\"vc_column-inner\"><div class=\"w-image us_custom_9cf479d2 align_none\"><div class=\"w-image-h\"><img decoding=\"async\" width=\"1024\" height=\"574\" src=\"https:\/\/www.elevenestetik.com\/wp-content\/uploads\/2024\/02\/EMax-Lamine-Kaplama.jpg\" class=\"attachment-large size-large\" alt=\"\" loading=\"lazy\" srcset=\"https:\/\/www.elevenestetik.com\/wp-content\/uploads\/2024\/02\/EMax-Lamine-Kaplama.jpg 1024w, https:\/\/www.elevenestetik.com\/wp-content\/uploads\/2024\/02\/EMax-Lamine-Kaplama-300x168.jpg 300w\" sizes=\"auto, (max-width: 1024px) 100vw, 1024px\"><\/div><\/div><\/div><\/div><div class=\"wpb_column vc_column_container us_custom_29737451\"><div class=\"vc_column-inner\"><div class=\"w-hwrapper us_custom_147c3537 valign_top stack_on_mobiles align_center\" style=\"--hwrapper-gap:3rem\"><div class=\"w-iconbox us_custom_f9f315b4 has_text_color iconpos_top style_default color_primary align_center\"><div class=\"w-iconbox-icon\" style=\"font-size:2rem;\"><i class=\"fas fa-hospital\"><\/i><\/div><div class=\"w-iconbox-meta\"><p class=\"w-iconbox-title\">Dur\u00e9e de l&#039;hospitalisation<\/p><div class=\"w-iconbox-text\"><p>Pas d&rsquo;hospitalisation<\/p>\n<\/div><\/div><\/div><div class=\"w-iconbox us_custom_f9f315b4 has_text_color iconpos_top style_default color_primary align_center\"><div class=\"w-iconbox-icon\" style=\"font-size:2rem;\"><i class=\"fas fa-clock\"><\/i><\/div><div class=\"w-iconbox-meta\"><p class=\"w-iconbox-title\">Dur\u00e9e de l&#039;op\u00e9ration<\/p><div class=\"w-iconbox-text\"><p>2 &#8211; 4 heures<\/p>\n<\/div><\/div><\/div><div class=\"w-iconbox us_custom_f9f315b4 has_text_color iconpos_top style_default color_primary align_center\"><div class=\"w-iconbox-icon\" style=\"font-size:2rem;\"><i class=\"fas fa-stethoscope\"><\/i><\/div><div class=\"w-iconbox-meta\"><p class=\"w-iconbox-title\">Type d&#039;anesth\u00e9sie<\/p><div class=\"w-iconbox-text\"><p>Anesth\u00e9sie locale<\/p>\n<\/div><\/div><\/div><div class=\"w-iconbox us_custom_f9f315b4 has_text_color iconpos_top style_default color_primary align_center\"><div class=\"w-iconbox-icon\" style=\"font-size:2rem;\"><i class=\"fas fa-hands-heart\"><\/i><\/div><div class=\"w-iconbox-meta\"><p class=\"w-iconbox-title\">Processus de r\u00e9cup\u00e9ration<\/p><div class=\"w-iconbox-text\"><p>Il n&rsquo;y a pas de processus de gu\u00e9rison<\/p>\n<\/div><\/div><\/div><\/div><h6 class=\"w-text us_custom_d0e1c2ad\"><span class=\"w-text-h\"><span class=\"w-text-value\">Contactez-nous pour plus d&#039;informations.<\/span><\/span><\/h6><div class=\"w-btn-wrapper align_center\"><a class=\"w-btn us-btn-style_1\" href=\"https:\/\/wa.me\/+905011552511\" target=\"_blank\" rel=\"noopener\"><span class=\"w-btn-label\">\u00c9crire sur WhatsApp<\/span><\/a><\/div><\/div><\/div><\/div><\/div><\/div><\/div><\/div><\/section><section class=\"l-section wpb_row us_custom_ddf21fbc height_large\"><div class=\"l-section-h i-cf\"><div class=\"g-cols vc_row via_grid cols_1 laptops-cols_inherit tablets-cols_inherit mobiles-cols_1 valign_top type_default stacking_default\"><div class=\"wpb_column vc_column_container\"><div class=\"vc_column-inner\"><div class=\"wpb_text_column\"><div class=\"wpb_wrapper\"><p>Si vous envisagez d&rsquo;am\u00e9liorer l&rsquo;esth\u00e9tique de votre dentition, les <strong>facettes stratifi\u00e9es emax<\/strong> peuvent \u00eatre une excellente option pour vous. <strong>Qu&rsquo;est-ce que la facette stratifi\u00e9e emax<\/strong> et quels sont les avantages de cette application ? Dans cet article, nous examinerons les <strong>avantages des facettes stratifi\u00e9es emax<\/strong>, la mani\u00e8re dont leur prix est d\u00e9termin\u00e9 et les d\u00e9tails du processus d&rsquo;application. Nous vous donnerons \u00e9galement des conseils sur la mani\u00e8re de prot\u00e9ger vos dents apr\u00e8s l&rsquo;intervention. Dans ce domaine o\u00f9 l&rsquo;esth\u00e9tique et la durabilit\u00e9 sont au premier plan, il est important de disposer des bonnes informations.    <\/p>\n<h2>Qu&rsquo;est-ce que la facette stratifi\u00e9e Emax ?<\/h2>\n<p>Les <strong>facettes stratifi\u00e9es Emax<\/strong> sont une m\u00e9thode de restauration dentaire moderne utilis\u00e9e pour am\u00e9liorer l&rsquo;esth\u00e9tique dentaire. Ces facettes, qui sont g\u00e9n\u00e9ralement fabriqu\u00e9es en vitroc\u00e9ramique fine et l\u00e9g\u00e8re, visent \u00e0 am\u00e9liorer esth\u00e9tiquement le sourire des patients en leur donnant un aspect extr\u00eamement similaire \u00e0 la structure naturelle des dents. Les facettes stratifi\u00e9es Emax sont appliqu\u00e9es sur la face avant des dents et sont souvent pr\u00e9f\u00e9r\u00e9es par les dentistes pour r\u00e9soudre des probl\u00e8mes esth\u00e9tiques tels que des d\u00e9colorations mineures, des fissures ou des dents difformes.  <\/p>\n<p>L&rsquo;un des principaux avantages de ces facettes, si nous r\u00e9pondons \u00e0 la <strong>question de savoir ce qu&rsquo;est une facette stratifi\u00e9e emax<\/strong>, est que leur structure est tr\u00e8s fine. Gr\u00e2ce \u00e0 cette finesse, elles ne peuvent \u00eatre appliqu\u00e9es que sur la surface sans qu&rsquo;il soit n\u00e9cessaire d&rsquo;enlever la dent. Ainsi, les dents sont prot\u00e9g\u00e9es au maximum. Lors de l&rsquo;application de ces facettes stratifi\u00e9es, les dentistes proposent la solution la plus adapt\u00e9e, en tenant compte de la structure des dents et de la sant\u00e9 bucco-dentaire des patients.   <\/p>\n<p>Outre les dents, les <strong>facettes stratifi\u00e9es emax<\/strong> pr\u00e9sentent l&rsquo;avantage d&rsquo;une grande esth\u00e9tique, d&rsquo;une transmission naturelle de la lumi\u00e8re, d&rsquo;une longue dur\u00e9e de vie et d&rsquo;un r\u00e9sultat \u00e9l\u00e9gant. Ces facettes sont tr\u00e8s avantageuses tant sur le plan m\u00e9dical qu&rsquo;esth\u00e9tique. Leur r\u00e9sistance \u00e0 la coloration des aliments et des boissons rencontr\u00e9s dans la vie quotidienne est \u00e9galement l&rsquo;une des principales caract\u00e9ristiques de ces rev\u00eatements. De plus, les facettes stratifi\u00e9es emax n\u00e9cessitent moins de d\u00e9coupe que les facettes traditionnelles en porcelaine, ce qui permet aux patients de perdre moins de mati\u00e8re dentaire.   <\/p>\n<p>Par cons\u00e9quent, les <strong>facettes stratifi\u00e9es emax<\/strong> constituent un choix id\u00e9al pour ceux qui souhaitent am\u00e9liorer l&rsquo;esth\u00e9tique dentaire et retrouver un sourire naturel. Ses avantages esth\u00e9tiques, combin\u00e9s \u00e0 la technologie, offrent une solution qui permet d&rsquo;obtenir des sourires plus sains et plus beaux. Comme les dentistes sont comp\u00e9tents et exp\u00e9riment\u00e9s dans l&rsquo;application de ces facettes, ils jouent un r\u00f4le important dans l&rsquo;obtention des meilleurs r\u00e9sultats.  <\/p>\n<figure class=\"image\"><img loading=\"lazy\" decoding=\"async\" src=\"https:\/\/www.elevenestetik.com\/wp-content\/uploads\/2024\/02\/Emax-Lamine-Kaplama-Omru-2.jpg\" alt=\"\" width=\"1920\" height=\"1080\"><\/figure>\n<h2>Avantages de la facette stratifi\u00e9e Emax<\/h2>\n<p>Les applications de <strong>facettes stratifi\u00e9es Emax<\/strong> attirent l&rsquo;attention par les nombreux avantages qu&rsquo;elles offrent dans le domaine de l&rsquo;esth\u00e9tique dentaire moderne. Ce type de rev\u00eatement joue un r\u00f4le important dans la protection de la sant\u00e9 dentaire et la perfection esth\u00e9tique. Voici une revue d\u00e9taill\u00e9e des <strong>avantages des facettes stratifi\u00e9es Emax<\/strong>:  <\/p>\n<h3>Aspect esth\u00e9tique<\/h3>\n<p>L&rsquo;aspect esth\u00e9tique des dents est tr\u00e8s important pour de nombreuses personnes. La <strong>facette stratifi\u00e9e Emax<\/strong> offre une esth\u00e9tique tr\u00e8s proche de celle des dents naturelles. Gr\u00e2ce \u00e0 sa structure fine, elle transmet bien la lumi\u00e8re et imite la couleur naturelle des dents. C&rsquo;est donc un choix id\u00e9al, en particulier pour les personnes ayant des pr\u00e9occupations esth\u00e9tiques.   <\/p>\n<h3>Durabilit\u00e9 et longue dur\u00e9e de vie<\/h3>\n<p>Le <strong>rev\u00eatement stratifi\u00e9 Emax<\/strong> est compos\u00e9 de mat\u00e9riaux c\u00e9ramiques tr\u00e8s r\u00e9sistants. Il offre ainsi une solution durable pour de nombreuses ann\u00e9es. Une fois appliqu\u00e9es sur les dents, les risques d&rsquo;abrasion et de fissuration sont minimes. De plus, avec des soins appropri\u00e9s, la dur\u00e9e de vie de ces facettes peut \u00eatre encore prolong\u00e9e.   <\/p>\n<h3>Abrasion dentaire minimale<\/h3>\n<p>Par rapport \u00e0 d&rsquo;autres m\u00e9thodes de rev\u00eatement, les dents ont besoin d&rsquo;\u00eatre moins abras\u00e9es lors de l&rsquo;application du <strong>rev\u00eatement stratifi\u00e9 emax<\/strong>. Cela signifie que les dents sont moins endommag\u00e9es et que leur sant\u00e9 s&rsquo;en trouve am\u00e9lior\u00e9e car la structure naturelle des dents est pr\u00e9serv\u00e9e. Cette application se distingue donc comme une solution moins invasive.  <\/p>\n<h3>Nettoyage et entretien faciles<\/h3>\n<p>L&rsquo;entretien des facettes d\u00e9pend de l&rsquo;hygi\u00e8ne bucco-dentaire quotidienne, tout comme les dents naturelles. Les facettes <strong>stratifi\u00e9es Emax<\/strong> peuvent \u00eatre facilement nettoy\u00e9es car leurs surfaces sont lisses. Cela permet de pr\u00e9server la sant\u00e9 des dents et de pr\u00e9venir les caries et autres probl\u00e8mes. En outre, ces facettes sont r\u00e9sistantes \u00e0 des probl\u00e8mes tels que la d\u00e9coloration des dents.   <\/p>\n<h3>Options de couleurs<\/h3>\n<p>Les options de couleur et de transparence offertes lors de la pose des <strong>facettes stratifi\u00e9es Emax<\/strong> donnent au patient une plus grande confiance en soi. La personne peut obtenir l&rsquo;apparence souhait\u00e9e gr\u00e2ce \u00e0 des options personnalis\u00e9es par rapport \u00e0 la couleur de ses dents naturelles. La perception esth\u00e9tique globale de l&rsquo;individu s&rsquo;en trouve am\u00e9lior\u00e9e.  <\/p>\n<p>En conclusion, la <strong>facette stratifi\u00e9e emax<\/strong> est une m\u00e9thode de traitement dentaire qui offre de nombreux avantages tels que l&rsquo;esth\u00e9tique, la durabilit\u00e9, des dommages minimaux aux dents et un entretien facile. Ce type de rev\u00eatement aide les individus \u00e0 se sentir bien physiquement et psychologiquement. Il devient une alternative indispensable pour ceux qui se soucient de l&rsquo;esth\u00e9tique dentaire.  <\/p>\n<figure class=\"image\"><img loading=\"lazy\" decoding=\"async\" src=\"https:\/\/www.elevenestetik.com\/wp-content\/uploads\/2024\/02\/Emax-Lamine-Kaplama-Omru.jpg\" alt=\"\" width=\"1920\" height=\"1080\"><\/figure>\n<h2>Prix des placages stratifi\u00e9s Emax<\/h2>\n<p><strong>Les prix des facettes stratifi\u00e9es Emax<\/strong> sont une question tr\u00e8s importante dans le domaine de l&rsquo;esth\u00e9tique et de la sant\u00e9 dentaires. Ces prix peuvent varier en fonction de plusieurs facteurs. Tout d&rsquo;abord, l&rsquo;exp\u00e9rience, l&rsquo;expertise et la localisation des cliniques qui pratiquent cette proc\u00e9dure sont parmi les principaux facteurs qui influencent les prix. Les cliniques dentaires des grandes villes proposent g\u00e9n\u00e9ralement des services plus on\u00e9reux, tandis que des prix plus abordables peuvent \u00eatre observ\u00e9s dans des localit\u00e9s plus petites.   <\/p>\n<p>En outre, lorsque vous r\u00e9pondez \u00e0 la question de savoir <strong>ce qu&rsquo;est le rev\u00eatement stratifi\u00e9 Emax<\/strong>, la qualit\u00e9 du mat\u00e9riau utilis\u00e9 a \u00e9galement une incidence sur le prix. L&rsquo;Emax est un mat\u00e9riau qui offre une esth\u00e9tique et une durabilit\u00e9 \u00e9lev\u00e9es. Par cons\u00e9quent, les co\u00fbts de transaction peuvent \u00eatre plus \u00e9lev\u00e9s que pour d&rsquo;autres types de facettes. Des discussions pr\u00e9liminaires avec votre dentiste vous aideront \u00e0 \u00e9tablir une tarification adapt\u00e9e \u00e0 vos besoins.   <\/p>\n<p>En outre, le nombre de facettes est \u00e9galement un facteur important dans la fixation du prix. Par exemple, il peut y avoir des diff\u00e9rences significatives entre le co\u00fbt d&rsquo;une couronne dentaire unique et le co\u00fbt d&rsquo;une couronne pour plusieurs dents. Le nombre de facettes recommand\u00e9 peut \u00eatre appliqu\u00e9 en fonction des attentes esth\u00e9tiques de la personne et de l&rsquo;\u00e9tat de la structure dentaire, ce qui influe sur le co\u00fbt total.  <\/p>\n<p>Il ne faut pas oublier que <strong>les facettes stratifi\u00e9es emax<\/strong> pr\u00e9sentent l&rsquo;<strong>avantage<\/strong> d&rsquo;\u00eatre esth\u00e9tiques, durables et r\u00e9sistantes. Cela signifie que les co\u00fbts initiaux \u00e9lev\u00e9s peuvent \u00eatre compens\u00e9s \u00e0 long terme par un nombre r\u00e9duit de visites chez le dentiste et de traitements. <\/p>\n<p>Enfin, les soins et les contr\u00f4les recommand\u00e9s apr\u00e8s la pose peuvent \u00e9galement avoir une incidence sur les prix. En prenant r\u00e9guli\u00e8rement rendez-vous avec votre dentiste, vous prolongerez la dur\u00e9e de vie des facettes et \u00e9viterez les frais suppl\u00e9mentaires. Pour obtenir des informations pr\u00e9cises sur les prix, vous pouvez proc\u00e9der \u00e0 une \u00e9valuation plus saine en appelant plusieurs cliniques dentaires par t\u00e9l\u00e9phone ou en consultant des plateformes en ligne.  <\/p>\n<h2>Processus de demande de facettes stratifi\u00e9es Emax<\/h2>\n<p>Le <strong>processus de pose de facettes stratifi\u00e9es Emax<\/strong> est un travail minutieux et syst\u00e9matique visant \u00e0 am\u00e9liorer l&rsquo;esth\u00e9tique dentaire. Ce processus est r\u00e9alis\u00e9 par des dentistes sp\u00e9cialis\u00e9s et se d\u00e9roule en plusieurs \u00e9tapes. Voici les d\u00e9tails de ces \u00e9tapes :  <\/p>\n<p><strong>Consultation et \u00e9valuation initiales<\/strong>: La proc\u00e9dure commence par une s\u00e9ance de conseil visant \u00e0 \u00e9valuer la structure dentaire existante et les besoins esth\u00e9tiques du patient. \u00c0 ce stade, les attentes du patient sont \u00e9cout\u00e9es et le plan de traitement le plus appropri\u00e9 est cr\u00e9\u00e9. En outre, des radiographies et des photographies sont prises \u00e0 la suite de l&rsquo;examen effectu\u00e9 par le dentiste.  <\/p>\n<p><strong>Prise de mesures<\/strong>: Conform\u00e9ment au plan d\u00e9termin\u00e9, le moule des dents est pris. Ce processus est tr\u00e8s important pour pr\u00e9parer la facette stratifi\u00e9e de la mani\u00e8re la plus appropri\u00e9e. L&#8217;empreinte prise est utilis\u00e9e pour la production de facettes en laboratoire.  <\/p>\n<p><strong>Pr\u00e9paration des dents<\/strong>: Les surfaces des dents sur lesquelles les facettes stratifi\u00e9es Emax seront appliqu\u00e9es sont pr\u00e9par\u00e9es par pon\u00e7age d&rsquo;une fine couche. Cette \u00e9tape joue un r\u00f4le essentiel dans la mise en place des facettes en harmonie avec les dents. Le confort du patient est important pendant le processus de pr\u00e9paration, c&rsquo;est pourquoi une anesth\u00e9sie locale peut \u00eatre utilis\u00e9e.  <\/p>\n<p><strong>Production de facettes<\/strong>: Apr\u00e8s la prise d&#8217;empreintes des dents, les <strong>facettes stratifi\u00e9es emax<\/strong> sont pr\u00e9par\u00e9es en laboratoire \u00e0 l&rsquo;aide de techniques sp\u00e9ciales. Ces facettes en c\u00e9ramique de haute qualit\u00e9 pr\u00e9sentent des caract\u00e9ristiques de haut niveau en termes d&rsquo;esth\u00e9tique et de durabilit\u00e9. <\/p>\n<p><strong>Application des facettes<\/strong>: Les facettes pr\u00e9par\u00e9es sont plac\u00e9es sur les dents du patient \u00e0 l&rsquo;aide d&rsquo;adh\u00e9sifs sp\u00e9ciaux apr\u00e8s le contr\u00f4le. \u00c0 ce stade, l&rsquo;ajustement et l&rsquo;apparence des facettes sont examin\u00e9s par le patient et le dentiste. Apr\u00e8s s&rsquo;\u00eatre assur\u00e9 que tout est en place, les adh\u00e9sifs sont durcis.  <\/p>\n<p><strong>Contr\u00f4les finaux<\/strong>: Lorsque la pose est termin\u00e9e, votre dentiste proc\u00e8de \u00e0 un contr\u00f4le final et \u00e9value la mise en place des facettes. L&rsquo;objectif est de fermer correctement les dents et d&rsquo;obtenir un aspect esth\u00e9tique. <\/p>\n<p>Bien que <strong>le processus de pose de facettes stratifi\u00e9es Emax<\/strong> se compose de plusieurs \u00e9tapes au total, chacune d&rsquo;entre elles doit \u00eatre ex\u00e9cut\u00e9e en d\u00e9tail. L&rsquo;apparence obtenue apr\u00e8s la pose contribue grandement au sourire des patients. Il est donc tr\u00e8s important que ce processus soit r\u00e9alis\u00e9 par une \u00e9quipe d&rsquo;experts.  <\/p>\n<h2>Conseils sur les soins apr\u00e8s la pose de facettes stratifi\u00e9es Emax<\/h2>\n<p>Les <strong>facettes stratifi\u00e9es Emax<\/strong> sont un choix tr\u00e8s populaire dans le domaine de la dentisterie esth\u00e9tique. Apr\u00e8s la pose des facettes, certains conseils d&rsquo;entretien doivent \u00eatre pris en compte pour prot\u00e9ger la sant\u00e9 dentaire et prolonger la dur\u00e9e de vie des facettes. Ces conseils permettent \u00e0 la fois de pr\u00e9server l&rsquo;apparence des facettes et de soutenir la sant\u00e9 bucco-dentaire.  <\/p>\n<p>Tout d&rsquo;abord, un <strong>brossage r\u00e9gulier des dents<\/strong> est tr\u00e8s important. En se brossant les dents au moins deux fois par jour, il est possible de pr\u00e9venir l&rsquo;accumulation de plaque et de tartre. L&rsquo;absence de r\u00e9sidus alimentaires \u00e0 l&rsquo;int\u00e9rieur et autour des facettes prot\u00e8ge l&rsquo;esth\u00e9tique des facettes et favorise la sant\u00e9 des gencives. En outre, l&rsquo;utilisation du fil dentaire est \u00e9galement tr\u00e8s importante. Le fil dentaire peut p\u00e9n\u00e9trer dans les zones difficiles d&rsquo;acc\u00e8s entre les dents et aide ainsi \u00e0 nettoyer les zones autour des facettes.    <\/p>\n<p>Deuxi\u00e8mement, les aliments durs doivent \u00eatre \u00e9vit\u00e9s. La mastication persistante d&rsquo;aliments durs peut entra\u00eener le d\u00e9logement ou la fissuration des facettes. Les aliments tels que les noix, les bonbons durs et les os doivent \u00eatre consomm\u00e9s avec prudence. Il est \u00e9galement conseill\u00e9 de limiter le contact avec les boissons et les aliments acides. Les substances acides peuvent endommager l&rsquo;\u00e9mail des dents et menacer la sant\u00e9 de la dent sous la couronne.    <\/p>\n<p>En outre, la consommation d&rsquo;aliments tr\u00e8s chauds ou tr\u00e8s froids doit \u00e9galement se faire avec prudence. Des aliments trop chauds ou trop froids peuvent provoquer une hypersensibilit\u00e9 des dents. La consommation progressive de ces aliments contribuera \u00e0 prot\u00e9ger vos dents.  <\/p>\n<p>Enfin, il ne faut pas n\u00e9gliger les contr\u00f4les dentaires r\u00e9guliers. Un dentiste expert peut v\u00e9rifier l&rsquo;\u00e9tat des facettes lors des examens et soutenir votre sant\u00e9 bucco-dentaire par des proc\u00e9dures de nettoyage professionnelles si n\u00e9cessaire. Les examens dentaires annuels sont d&rsquo;une grande importance en termes de d\u00e9tection pr\u00e9coce et d&rsquo;intervention en cas de probl\u00e8mes \u00e9ventuels.  <\/p>\n<p>L&rsquo;attention port\u00e9e \u00e0 tous ces conseils d&rsquo;entretien vous aidera \u00e0 conserver longtemps l&rsquo;aspect esth\u00e9tique obtenu gr\u00e2ce aux <strong>avantages du rev\u00eatement stratifi\u00e9 emax.<\/strong> Il est tr\u00e8s important de ne pas oublier ces conseils simples mais efficaces pour un sourire sain. <\/p>\n<h2>Questions fr\u00e9quemment pos\u00e9es<\/h2>\n<h3>Qu&rsquo;est-ce que le placage stratifi\u00e9 EMax ?<\/h3>\n<p>Les facettes stratifi\u00e9es EMax sont des couches de c\u00e9ramique fines et \u00e9l\u00e9gantes utilis\u00e9es pour am\u00e9liorer l&rsquo;esth\u00e9tique dentaire. Ces facettes sont tr\u00e8s efficaces pour r\u00e9soudre les probl\u00e8mes esth\u00e9tiques tels que la dissimulation des d\u00e9colorations, des \u00e9br\u00e9chures ou des fissures, tout en conservant l&rsquo;aspect naturel des dents. Les facettes EMax offrent une solution \u00e0 la fois fonctionnelle et esth\u00e9tique gr\u00e2ce \u00e0 leur grande durabilit\u00e9 et \u00e0 leur transmission naturelle de la lumi\u00e8re.  <\/p>\n<h3>Quels sont les avantages du placage stratifi\u00e9 EMax ?<\/h3>\n<p>L&rsquo;un des principaux avantages des facettes stratifi\u00e9es EMax est leur capacit\u00e9 \u00e0 reproduire parfaitement l&rsquo;aspect naturel des dents. En outre, comme ces facettes sont fines et l\u00e9g\u00e8res, elles ne n\u00e9cessitent qu&rsquo;une abrasion minimale des dents. Leur longue dur\u00e9e de vie gr\u00e2ce \u00e0 leur grande durabilit\u00e9 est \u00e9galement un atout important pour les utilisateurs. Elles constituent une solution id\u00e9ale en termes d&rsquo;esth\u00e9tique, de confort et de durabilit\u00e9.   <\/p>\n<h3>Comment se d\u00e9roule le processus d&rsquo;application du rev\u00eatement stratifi\u00e9 EMax ?<\/h3>\n<p>Le processus de pose des facettes stratifi\u00e9es EMax se d\u00e9roule g\u00e9n\u00e9ralement en plusieurs \u00e9tapes. Tout d&rsquo;abord, le dentiste d\u00e9termine les besoins du patient en proc\u00e9dant \u00e0 un examen. Ensuite, il proc\u00e8de \u00e0 une l\u00e9g\u00e8re abrasion pour pr\u00e9parer la surface ext\u00e9rieure des dents. Ensuite, des empreintes dentaires sont prises et envoy\u00e9es au laboratoire. Une fois que les facettes appropri\u00e9es sont produites, elles sont plac\u00e9es sur les dents \u00e0 l&rsquo;aide d&rsquo;adh\u00e9sifs sp\u00e9ciaux. Tous ces processus sont minutieusement ex\u00e9cut\u00e9s afin d&rsquo;am\u00e9liorer l&rsquo;aspect esth\u00e9tique de la dent et d&rsquo;obtenir des r\u00e9sultats durables.     <\/p>\n<h3>Comment entretenir les facettes stratifi\u00e9es EMax ?<\/h3>\n<p>L&rsquo;entretien des facettes stratifi\u00e9es EMax est tr\u00e8s important pour prolonger la dur\u00e9e de vie des facettes et conserver leur aspect esth\u00e9tique. Il est essentiel de se brosser les dents et d&rsquo;utiliser du fil dentaire tous les jours pour garder les gencives autour des facettes en bonne sant\u00e9. Il est \u00e9galement recommand\u00e9 d&rsquo;\u00e9viter les dentifrices abrasifs et de ne pas mordre dans les aliments durs. Des contr\u00f4les dentaires r\u00e9guliers sont \u00e9galement importants pour obtenir des informations sur l&rsquo;\u00e9tat des facettes et effectuer un entretien si n\u00e9cessaire.   <\/p>\n<\/div><\/div><\/div><\/div><\/div><\/div><\/section><section class=\"l-section wpb_row us_custom_315b8835 height_medium color_footer-bottom\"><div class=\"l-section-h i-cf\"><div class=\"g-cols vc_row via_grid cols_1 laptops-cols_inherit tablets-cols_inherit mobiles-cols_1 valign_middle type_default stacking_default\"><div class=\"wpb_column vc_column_container\"><div class=\"vc_column-inner\"><div class=\"g-cols wpb_row us_custom_ee246b62 has_text_color via_grid cols_2 laptops-cols_inherit tablets-cols_1 mobiles-cols_1 valign_middle type_default stacking_default\" style=\"--columns-gap:0rem;\"><div class=\"wpb_column vc_column_container us_custom_2c279b99\"><div class=\"vc_column-inner\"><div class=\"w-text us_custom_a5df9810 has_text_color\"><span class=\"w-text-h\"><span class=\"w-text-value\">Obtenez des informations et du soutien d\u00e8s maintenant<\/span><\/span><\/div><h2 class=\"w-text\"><span class=\"w-text-h\"><span class=\"w-text-value\">Demandez une consultation gratuite.<\/span><\/span><\/h2><\/div><\/div><div class=\"wpb_column vc_column_container us_custom_16154244\"><div class=\"vc_column-inner\"><div class=\"w-btn-wrapper default_align_right laptops_align_right tablets_align_left mobiles_align_left\"><a class=\"w-btn us-btn-style_2 us_custom_b4198c51\" href=\"https:\/\/www.elevenestetik.com\/fr\/contact\/\"><span class=\"w-btn-label\">Cr\u00e9er un rendez-vous<\/span><\/a><\/div><\/div><\/div><\/div><\/div><\/div><\/div><\/div><\/section>\n","protected":false},"excerpt":{"rendered":"Placage stratifi\u00e9 EMaxDur\u00e9e de l&#039;hospitalisationPas d'hospitalisation Dur\u00e9e de l&#039;op\u00e9ration2 - 4 heures Type d&#039;anesth\u00e9sieAnesth\u00e9sie locale Processus de r\u00e9cup\u00e9rationIl n'y a pas de processus de gu\u00e9rison Contactez-nous pour plus d&#039;informations.\u00c9crire sur WhatsAppSi vous envisagez d&rsquo;am\u00e9liorer l&rsquo;esth\u00e9tique de votre dentition, les facettes stratifi\u00e9es emax peuvent \u00eatre une excellente option pour vous. Qu&rsquo;est-ce que la facette stratifi\u00e9e emax...","protected":false},"author":1,"featured_media":3437,"parent":0,"menu_order":0,"comment_status":"closed","ping_status":"closed","template":"","meta":{"rank_math_focus_keyword":"rev\u00eatement stratifi\u00e9 emax","rank_math_description":"Obtenez des informations d\u00e9taill\u00e9es sur ce qu'est le rev\u00eatement stratifi\u00e9 Emax, ses avantages, ses prix et son processus d'application.","footnotes":""},"class_list":["post-5648","page","type-page","status-publish","has-post-thumbnail","hentry"],"_links":{"self":[{"href":"https:\/\/www.elevenestetik.com\/fr\/wp-json\/wp\/v2\/pages\/5648","targetHints":{"allow":["GET"]}}],"collection":[{"href":"https:\/\/www.elevenestetik.com\/fr\/wp-json\/wp\/v2\/pages"}],"about":[{"href":"https:\/\/www.elevenestetik.com\/fr\/wp-json\/wp\/v2\/types\/page"}],"author":[{"embeddable":true,"href":"https:\/\/www.elevenestetik.com\/fr\/wp-json\/wp\/v2\/users\/1"}],"replies":[{"embeddable":true,"href":"https:\/\/www.elevenestetik.com\/fr\/wp-json\/wp\/v2\/comments?post=5648"}],"version-history":[{"count":2,"href":"https:\/\/www.elevenestetik.com\/fr\/wp-json\/wp\/v2\/pages\/5648\/revisions"}],"predecessor-version":[{"id":5661,"href":"https:\/\/www.elevenestetik.com\/fr\/wp-json\/wp\/v2\/pages\/5648\/revisions\/5661"}],"wp:featuredmedia":[{"embeddable":true,"href":"https:\/\/www.elevenestetik.com\/fr\/wp-json\/wp\/v2\/media\/3437"}],"wp:attachment":[{"href":"https:\/\/www.elevenestetik.com\/fr\/wp-json\/wp\/v2\/media?parent=5648"}],"curies":[{"name":"wp","href":"https:\/\/api.w.org\/{rel}","templated":true}]}}