{"id":5410,"date":"2026-01-26T09:05:13","date_gmt":"2026-01-26T06:05:13","guid":{"rendered":"https:\/\/www.elevenestetik.com\/qualite-et-transparence\/"},"modified":"2026-01-26T09:07:07","modified_gmt":"2026-01-26T06:07:07","slug":"qualite-et-transparence","status":"publish","type":"page","link":"https:\/\/www.elevenestetik.com\/fr\/qualite-et-transparence\/","title":{"rendered":"Qualit\u00e9 et transparence"},"content":{"rendered":"<section class=\"l-section wpb_row us_custom_4e2a4f93 height_large\"><div class=\"l-section-h i-cf\"><div class=\"g-cols vc_row via_grid cols_1 laptops-cols_inherit tablets-cols_inherit mobiles-cols_1 valign_top type_default stacking_default\"><div class=\"wpb_column vc_column_container\"><div class=\"vc_column-inner\"><h1 class=\"w-text us_custom_28784076 has_text_color\"><span class=\"w-text-h\"><span class=\"w-text-value\">Qualit\u00e9 et transparence<\/span><\/span><\/h1><\/div><\/div><\/div><\/div><\/section><section class=\"l-section wpb_row us_custom_6179e1d8 height_large width_full\"><div class=\"l-section-h i-cf\"><div class=\"g-cols vc_row via_grid cols_1 laptops-cols_inherit tablets-cols_inherit mobiles-cols_1 valign_top type_default stacking_default\"><div class=\"wpb_column vc_column_container\"><div class=\"vc_column-inner\"><div class=\"wpb_text_column\"><div class=\"wpb_wrapper\"><h2><strong>Qualit\u00e9<\/strong><\/h2>\n<p>En tant qu&rsquo;Eleven Aesthetics, notre objectif est d&rsquo;am\u00e9liorer la qualit\u00e9 du service que nous offrons \u00e0 nos patients. Pour ce faire, nous donnons la priorit\u00e9 \u00e0 l&rsquo;exp\u00e9rience et \u00e0 la satisfaction des patients. Nous ne travaillons qu&rsquo;avec des chirurgiens sp\u00e9cialis\u00e9s et exp\u00e9riment\u00e9s afin de garantir la s\u00e9curit\u00e9 du processus et des r\u00e9sultats satisfaisants. En outre, nos chirurgiens travaillent dans des h\u00f4pitaux A+ dot\u00e9s d&rsquo;\u00e9quipements de la plus haute qualit\u00e9 afin de garantir le bon d\u00e9roulement de l&rsquo;op\u00e9ration pour tout le monde. Nos soins complets comprennent l&rsquo;h\u00e9bergement dans un h\u00f4tel 5 \u00e9toiles et des services infirmiers disponibles 24 heures sur 24 et 7 jours sur 7, afin de garantir la meilleure qualit\u00e9 de voyage possible.    <\/p>\n<p>Dans le cadre de notre politique de qualit\u00e9, nous dispensons r\u00e9guli\u00e8rement des formations \u00e0 nos employ\u00e9s afin d&rsquo;am\u00e9liorer la qualit\u00e9 de nos services tout en garantissant la s\u00e9curit\u00e9 du personnel et des patients. Nous \u00e9valuons r\u00e9guli\u00e8rement la satisfaction des patients et des employ\u00e9s, puis nous analysons les r\u00e9sultats afin d&rsquo;am\u00e9liorer les services que nous offrons. <\/p>\n<h2><strong>Transparence<\/strong><\/h2>\n<p class=\"text-start w-full mb-2\">Nous insistons sur l&rsquo;importance de la transparence dans le secteur des soins de sant\u00e9 pour un processus de traitement de qualit\u00e9. Cela renforce consid\u00e9rablement les relations que nous \u00e9tablissons avec nos patients et la confiance qu&rsquo;ils nous accordent. Des patients bien inform\u00e9s sont g\u00e9n\u00e9ralement plus confiants dans leur chirurgien et dans les m\u00e9thodes de traitement qu&rsquo;ils pr\u00e9f\u00e8rent. \u00catre pleinement inform\u00e9 de votre futur traitement et \u00eatre en mesure de trouver un chirurgien, un \u00e9tablissement et des services de soins comp\u00e9tents sont des facteurs importants \u00e0 prendre en compte au cours du processus de traitement.   <\/p>\n<p class=\"text-start w-full mb-2\">En tant qu&rsquo;Eleven Aesthetics, nous offrons \u00e0 nos patients une plateforme unique o\u00f9 ils peuvent partager leurs exp\u00e9riences, leurs r\u00e9sultats et leurs recommandations sur les chirurgiens d&rsquo;Eleven Aesthetics afin de les aider dans leurs recherches. Nous cr\u00e9ons des environnements o\u00f9 nos patients, leurs proches et nos employ\u00e9s peuvent exprimer leurs pens\u00e9es en toute tranquillit\u00e9. Eleven Aesthetics participe \u00e0 diverses plates-formes auxquelles chacun peut acc\u00e9der ou se joindre en priv\u00e9 et partager ses images avec de nouveaux membres. Ces plateformes se sont av\u00e9r\u00e9es avoir un effet extr\u00eamement positif sur l&rsquo;\u00e9ducation et le conseil aux patients.   <\/p>\n<p class=\"text-start w-full mb-2\">Au cours des processus pr\u00e9 et postop\u00e9ratoires, notre \u00e9quipe partage des informations compl\u00e8tes sur la sant\u00e9 avec nos patients afin d&rsquo;am\u00e9liorer les r\u00e9sultats et d&rsquo;accro\u00eetre la satisfaction des patients. Nos documents de consentement contiennent des informations d\u00e9taill\u00e9es sur l&rsquo;op\u00e9ration et les r\u00e9sultats possibles. Notre objectif est de changer des vies et nous accordons donc une grande importance \u00e0 la transparence afin de garantir \u00e0 nos patients les r\u00e9sultats les meilleurs et les plus sains. Nous collectons et traitons les donn\u00e9es personnelles de tous nos patients de mani\u00e8re \u00e9quitable et l\u00e9gale, conform\u00e9ment \u00e0 la loi sur la protection des donn\u00e9es personnelles.   <\/p>\n<\/div><\/div><\/div><\/div><\/div><\/div><\/section>\n","protected":false},"excerpt":{"rendered":"Qualit\u00e9 et transparenceQualit\u00e9 En tant qu&rsquo;Eleven Aesthetics, notre objectif est d&rsquo;am\u00e9liorer la qualit\u00e9 du service que nous offrons \u00e0 nos patients. Pour ce faire, nous donnons la priorit\u00e9 \u00e0 l&rsquo;exp\u00e9rience et \u00e0 la satisfaction des patients. Nous ne travaillons qu&rsquo;avec des chirurgiens sp\u00e9cialis\u00e9s et exp\u00e9riment\u00e9s afin de garantir la s\u00e9curit\u00e9 du processus et des r\u00e9sultats...","protected":false},"author":1,"featured_media":0,"parent":0,"menu_order":0,"comment_status":"closed","ping_status":"closed","template":"","meta":{"rank_math_focus_keyword":"qualit\u00e9 et transparence","rank_math_description":"","footnotes":""},"class_list":["post-5410","page","type-page","status-publish","hentry"],"_links":{"self":[{"href":"https:\/\/www.elevenestetik.com\/fr\/wp-json\/wp\/v2\/pages\/5410","targetHints":{"allow":["GET"]}}],"collection":[{"href":"https:\/\/www.elevenestetik.com\/fr\/wp-json\/wp\/v2\/pages"}],"about":[{"href":"https:\/\/www.elevenestetik.com\/fr\/wp-json\/wp\/v2\/types\/page"}],"author":[{"embeddable":true,"href":"https:\/\/www.elevenestetik.com\/fr\/wp-json\/wp\/v2\/users\/1"}],"replies":[{"embeddable":true,"href":"https:\/\/www.elevenestetik.com\/fr\/wp-json\/wp\/v2\/comments?post=5410"}],"version-history":[{"count":2,"href":"https:\/\/www.elevenestetik.com\/fr\/wp-json\/wp\/v2\/pages\/5410\/revisions"}],"predecessor-version":[{"id":5415,"href":"https:\/\/www.elevenestetik.com\/fr\/wp-json\/wp\/v2\/pages\/5410\/revisions\/5415"}],"wp:attachment":[{"href":"https:\/\/www.elevenestetik.com\/fr\/wp-json\/wp\/v2\/media?parent=5410"}],"curies":[{"name":"wp","href":"https:\/\/api.w.org\/{rel}","templated":true}]}}