{"id":4830,"date":"2026-01-26T09:05:09","date_gmt":"2026-01-26T06:05:09","guid":{"rendered":"https:\/\/www.elevenestetik.com\/lpdp\/"},"modified":"2026-01-26T09:07:05","modified_gmt":"2026-01-26T06:07:05","slug":"lpdp","status":"publish","type":"page","link":"https:\/\/www.elevenestetik.com\/fr\/lpdp\/","title":{"rendered":"LPDP"},"content":{"rendered":"<section class=\"l-section wpb_row height_medium\"><div class=\"l-section-h i-cf\"><div class=\"g-cols vc_row via_grid cols_1 laptops-cols_inherit tablets-cols_inherit mobiles-cols_1 valign_top type_default stacking_default\"><div class=\"wpb_column vc_column_container\"><div class=\"vc_column-inner\"><div class=\"wpb_text_column\"><div class=\"wpb_wrapper\"><h1><strong>Politique de protection des donn\u00e9es personnelles<\/strong><\/h1>\n<p data-pm-slice=\"1 1 &#091;&#093;\"><span>Ce texte de clarification a \u00e9t\u00e9 pr\u00e9par\u00e9 afin d&rsquo;informer les personnes concern\u00e9es des m\u00e9thodes et principes de traitement des donn\u00e9es personnelles des touristes de sant\u00e9 s&rsquo;adressant \u00e0 ELEVEN SPECIAL HEALTH SERVICES, conform\u00e9ment \u00e0 la loi sur la protection des donn\u00e9es personnelles n\u00b0 6698 en Turquie (\u00a0\u00bb KVKK \u00ab\u00a0) et au r\u00e8glement g\u00e9n\u00e9ral sur la protection des donn\u00e9es de l&rsquo;Union europ\u00e9enne (\u00a0\u00bb GDPR \u00ab\u00a0). ELEVEN SPECIAL HEALTH SERVICES est tenu d&rsquo;assurer la s\u00e9curit\u00e9 des donn\u00e9es personnelles des patients s&rsquo;inscrivant dans le cadre du tourisme de sant\u00e9 et de traiter ces donn\u00e9es dans le cadre l\u00e9gal. <\/span><\/p>\n<p><span>Vos donn\u00e9es personnelles sont trait\u00e9es par ELEVEN SPECIAL HEALTH SERVICES dans le cadre des articles 5 et 6 de la LPPD et des articles 6 et 9 du GDPR \u00e0 des fins telles que le diagnostic m\u00e9dical, le traitement, les proc\u00e9dures chirurgicales, les op\u00e9rations, l&rsquo;organisation de l&rsquo;h\u00e9bergement et du transfert, les services de conseil et d&rsquo;information, l&rsquo;ex\u00e9cution des proc\u00e9dures administratives n\u00e9cessaires conform\u00e9ment aux r\u00e9glementations du minist\u00e8re de la Sant\u00e9 et du minist\u00e8re du Tourisme, les activit\u00e9s de promotion et de marketing. Ces donn\u00e9es peuvent inclure des donn\u00e9es personnelles et sensibles telles que des informations sur l&rsquo;identit\u00e9, des informations de contact, des donn\u00e9es sur la sant\u00e9, des donn\u00e9es financi\u00e8res, des informations sur l&rsquo;h\u00e9bergement et les voyages. <\/span><\/p>\n<p><span>Le traitement de vos donn\u00e9es n&rsquo;est effectu\u00e9 que dans le respect des fondements juridiques susmentionn\u00e9s, \u00e0 des fins sp\u00e9cifiques, explicites et l\u00e9gitimes, de mani\u00e8re limit\u00e9e et mesur\u00e9e, et peut \u00eatre transf\u00e9r\u00e9 \u00e0 des institutions et organisations publiques nationales, \u00e0 des prestataires de services de sant\u00e9, \u00e0 des prestataires de services d&rsquo;h\u00e9bergement et de transport, \u00e0 des consultants internationaux en tourisme de sant\u00e9 et, le cas \u00e9ch\u00e9ant, \u00e0 des institutions autoris\u00e9es \u00e0 l&rsquo;\u00e9tranger.<\/span><\/p>\n<p><span>ELEVEN SPECIAL HEALTH SERVICES s&rsquo;assure que vous \u00eates inform\u00e9 dans toutes les transactions n\u00e9cessitant votre consentement explicite et obtient ces consentements par des moyens \u00e9crits, \u00e9lectroniques ou num\u00e9riques. Nous vous rappelons que vous avez toujours le droit de retirer votre consentement explicite. <\/span><\/p>\n<p><span>En lisant et en approuvant ce texte, vous consentez au traitement de vos donn\u00e9es personnelles par ELEVEN SPECIAL HEALTH SERVICES dans le cadre des activit\u00e9s de tourisme de sant\u00e9, conform\u00e9ment aux dispositions du KVKK et du GDPR.<\/span><\/p>\n<\/div><\/div><\/div><\/div><\/div><\/div><\/section>\n","protected":false},"excerpt":{"rendered":"Politique de protection des donn\u00e9es personnelles Ce texte de clarification a \u00e9t\u00e9 pr\u00e9par\u00e9 afin d&rsquo;informer les personnes concern\u00e9es des m\u00e9thodes et principes de traitement des donn\u00e9es personnelles des touristes de sant\u00e9 s&rsquo;adressant \u00e0 ELEVEN SPECIAL HEALTH SERVICES, conform\u00e9ment \u00e0 la loi sur la protection des donn\u00e9es personnelles n\u00b0 6698 en Turquie (\u00a0\u00bb KVKK \u00ab\u00a0) et...","protected":false},"author":1,"featured_media":0,"parent":0,"menu_order":0,"comment_status":"closed","ping_status":"closed","template":"","meta":{"rank_math_focus_keyword":"lpdp","rank_math_description":"LPDP Clarification Mentee","footnotes":""},"class_list":["post-4830","page","type-page","status-publish","hentry"],"_links":{"self":[{"href":"https:\/\/www.elevenestetik.com\/fr\/wp-json\/wp\/v2\/pages\/4830","targetHints":{"allow":["GET"]}}],"collection":[{"href":"https:\/\/www.elevenestetik.com\/fr\/wp-json\/wp\/v2\/pages"}],"about":[{"href":"https:\/\/www.elevenestetik.com\/fr\/wp-json\/wp\/v2\/types\/page"}],"author":[{"embeddable":true,"href":"https:\/\/www.elevenestetik.com\/fr\/wp-json\/wp\/v2\/users\/1"}],"replies":[{"embeddable":true,"href":"https:\/\/www.elevenestetik.com\/fr\/wp-json\/wp\/v2\/comments?post=4830"}],"version-history":[{"count":6,"href":"https:\/\/www.elevenestetik.com\/fr\/wp-json\/wp\/v2\/pages\/4830\/revisions"}],"predecessor-version":[{"id":7809,"href":"https:\/\/www.elevenestetik.com\/fr\/wp-json\/wp\/v2\/pages\/4830\/revisions\/7809"}],"wp:attachment":[{"href":"https:\/\/www.elevenestetik.com\/fr\/wp-json\/wp\/v2\/media?parent=4830"}],"curies":[{"name":"wp","href":"https:\/\/api.w.org\/{rel}","templated":true}]}}