{"id":4820,"date":"2026-01-26T09:05:33","date_gmt":"2026-01-26T06:05:33","guid":{"rendered":"https:\/\/www.elevenestetik.com\/politique-de-confidentialite\/"},"modified":"2026-01-26T09:07:20","modified_gmt":"2026-01-26T06:07:20","slug":"politique-de-confidentialite","status":"publish","type":"page","link":"https:\/\/www.elevenestetik.com\/fr\/politique-de-confidentialite\/","title":{"rendered":"Politique de confidentialit\u00e9"},"content":{"rendered":"<section class=\"l-section wpb_row height_medium\"><div class=\"l-section-h i-cf\"><div class=\"g-cols vc_row via_grid cols_1 laptops-cols_inherit tablets-cols_inherit mobiles-cols_1 valign_top type_default stacking_default\"><div class=\"wpb_column vc_column_container\"><div class=\"vc_column-inner\"><div class=\"wpb_text_column\"><div class=\"wpb_wrapper\"><h1><strong>Politique de confidentialit\u00e9<\/strong><\/h1>\n<h1><strong>Introduction<\/strong><\/h1>\n<p>En tant que page web, nous prenons au s\u00e9rieux la protection de la vie priv\u00e9e de nos utilisateurs. La pr\u00e9sente politique de confidentialit\u00e9 fournit des informations sur les donn\u00e9es personnelles que nous recueillons et sur la mani\u00e8re dont nous les utilisons.<\/p>\n<h2><strong>1. collecte d&rsquo;informations personnelles<\/strong><\/h2>\n<p>Lorsque vous visitez notre site web, certaines informations peuvent \u00eatre collect\u00e9es automatiquement, notamment votre adresse IP, votre type de navigateur, la dur\u00e9e de votre visite et les pages que vous avez consult\u00e9es. Nous pouvons \u00e9galement vous demander des informations personnelles, telles que votre nom et votre adresse \u00e9lectronique, si vous vous inscrivez sur notre site ou si vous nous contactez.<\/p>\n<h2><strong>2. les cookies<\/strong><\/h2>\n<p>Nous utilisons des cookies sur notre site web. Les cookies sont de petits fichiers que les sites web peuvent utiliser pour am\u00e9liorer l&rsquo;exp\u00e9rience de l&rsquo;utilisateur. Vous pouvez les refuser ou les supprimer en modifiant les param\u00e8tres de votre navigateur en mati\u00e8re de cookies.<\/p>\n<h2><strong>3. l&rsquo;utilisation des informations personnelles<\/strong><\/h2>\n<p>Nous pouvons utiliser les informations personnelles que nous recueillons pour fournir nos services, am\u00e9liorer l&rsquo;exp\u00e9rience des utilisateurs et communiquer avec eux.<\/p>\n<h2><strong>4. le partage des informations personnelles<\/strong><\/h2>\n<p>Vos informations personnelles ne sont partag\u00e9es que dans le cadre d&rsquo;obligations l\u00e9gales ou avec votre consentement explicite.<\/p>\n<h2><strong>5. la s\u00e9curit\u00e9<\/strong><\/h2>\n<p>Nous prenons des mesures de s\u00e9curit\u00e9 techniques et administratives pour garantir la s\u00e9curit\u00e9 des donn\u00e9es.<\/p>\n<\/div><\/div><\/div><\/div><\/div><\/div><\/section>\n","protected":false},"excerpt":{"rendered":"Politique de confidentialit\u00e9 Introduction En tant que page web, nous prenons au s\u00e9rieux la protection de la vie priv\u00e9e de nos utilisateurs. La pr\u00e9sente politique de confidentialit\u00e9 fournit des informations sur les donn\u00e9es personnelles que nous recueillons et sur la mani\u00e8re dont nous les utilisons. 1. collecte d&rsquo;informations personnelles Lorsque vous visitez notre site web,...","protected":false},"author":1,"featured_media":0,"parent":0,"menu_order":0,"comment_status":"closed","ping_status":"closed","template":"","meta":{"rank_math_focus_keyword":"","rank_math_description":"","footnotes":""},"class_list":["post-4820","page","type-page","status-publish","hentry"],"_links":{"self":[{"href":"https:\/\/www.elevenestetik.com\/fr\/wp-json\/wp\/v2\/pages\/4820","targetHints":{"allow":["GET"]}}],"collection":[{"href":"https:\/\/www.elevenestetik.com\/fr\/wp-json\/wp\/v2\/pages"}],"about":[{"href":"https:\/\/www.elevenestetik.com\/fr\/wp-json\/wp\/v2\/types\/page"}],"author":[{"embeddable":true,"href":"https:\/\/www.elevenestetik.com\/fr\/wp-json\/wp\/v2\/users\/1"}],"replies":[{"embeddable":true,"href":"https:\/\/www.elevenestetik.com\/fr\/wp-json\/wp\/v2\/comments?post=4820"}],"version-history":[{"count":2,"href":"https:\/\/www.elevenestetik.com\/fr\/wp-json\/wp\/v2\/pages\/4820\/revisions"}],"predecessor-version":[{"id":4822,"href":"https:\/\/www.elevenestetik.com\/fr\/wp-json\/wp\/v2\/pages\/4820\/revisions\/4822"}],"wp:attachment":[{"href":"https:\/\/www.elevenestetik.com\/fr\/wp-json\/wp\/v2\/media?parent=4820"}],"curies":[{"name":"wp","href":"https:\/\/api.w.org\/{rel}","templated":true}]}}