{"id":4742,"date":"2026-01-26T09:05:44","date_gmt":"2026-01-26T06:05:44","guid":{"rendered":"https:\/\/www.elevenestetik.com\/blog\/"},"modified":"2026-01-26T09:07:28","modified_gmt":"2026-01-26T06:07:28","slug":"blog","status":"publish","type":"page","link":"https:\/\/www.elevenestetik.com\/fr\/blog\/","title":{"rendered":"Blog"},"content":{"rendered":"<section class=\"l-section wpb_row us_custom_4fb9e5a3 height_medium\"><div class=\"l-section-h i-cf\"><div class=\"g-cols vc_row via_grid cols_1 laptops-cols_inherit tablets-cols_inherit mobiles-cols_1 valign_top type_default stacking_default\"><div class=\"wpb_column vc_column_container\"><div class=\"vc_column-inner\"><h1 class=\"w-text us_custom_a369f9ce\"><span class=\"w-text-h\"><span class=\"w-text-value\">Blog<\/span><\/span><\/h1><div class=\"w-grid us_grid type_grid layout_4638 cols_1 preload_style_spinner\" id=\"us_grid_1\" style=\"--columns:1;--gap:4vh;\" data-filterable=\"true\"><style>.layout_4638 .w-grid-item-h{}@media(max-width:479px){.layout_4638 .usg_post_image_1{display:none!important}}.layout_4638 .usg_hwrapper_1{color:var(--color-content-text)!important;margin-left:10%!important;padding-top:6%!important;padding-bottom:6%!important;background:var(--color-content-bg-alt)!important}.layout_4638 .usg_post_image_1{width:50%!important;margin-left:-11%!important;margin-right:0!important;border-radius:20px!important}.layout_4638 .usg_vwrapper_1{width:48%!important;margin-left:7%!important}.layout_4638 .usg_post_date_1{font-size:0.9rem!important}.layout_4638 .usg_post_title_1{line-height:1.2!important;letter-spacing:-1px!important;font-weight:700!important}.layout_4638 .usg_post_content_1{font-size:0.9rem!important}.layout_4638 .usg_btn_1{text-align:left!important;margin-left:-28px!important}@media (min-width:1025px) and (max-width:1380px){.layout_4638 .usg_post_title_1{line-height:1.2!important;letter-spacing:-1px!important;font-weight:700!important}}@media (min-width:601px) and (max-width:1024px){.layout_4638 .usg_post_title_1{line-height:1.2!important;letter-spacing:-1px!important;font-weight:700!important}}@media (max-width:600px){.layout_4638 .usg_hwrapper_1{margin-left:0!important;margin-right:0!important;padding-top:0!important;padding-bottom:0!important}.layout_4638 .usg_post_image_1{width:100%!important;margin-left:0!important;margin-right:0!important}.layout_4638 .usg_vwrapper_1{width:86%!important;margin:5% 7% 7% 7%!important}.layout_4638 .usg_post_title_1{line-height:1.2!important;letter-spacing:-1px!important;font-weight:700!important}}<\/style><div class=\"w-grid-list\">\t<article class=\"w-grid-item size_1x1 post-7462 post type-post status-publish format-standard has-post-thumbnail hentry category-esthetique-mammaire\" data-id=\"7462\">\r\n\t\t<div class=\"w-grid-item-h\">\r\n\t\t\t\t\t\t<div class=\"w-hwrapper usg_hwrapper_1 has_text_color align_none valign_center wrap\"><div class=\"w-post-elm post_image usg_post_image_1 has_width stretched\"><a href=\"https:\/\/www.elevenestetik.com\/fr\/esthetique-mammaire\/procedures-daugmentation-mammaire-avantages-et-risques\/\" aria-label=\"Proc\u00e9dures d&rsquo;augmentation mammaire : Avantages et risques\"><img loading=\"lazy\" decoding=\"async\" width=\"1920\" height=\"1080\" src=\"https:\/\/www.elevenestetik.com\/wp-content\/uploads\/2024\/11\/gogus-buyutme.jpg\" class=\"attachment-full size-full wp-post-image\" alt=\"g\u00f6\u011f\u00fcs b\u00fcy\u00fctme\" srcset=\"https:\/\/www.elevenestetik.com\/wp-content\/uploads\/2024\/11\/gogus-buyutme.jpg 1920w, https:\/\/www.elevenestetik.com\/wp-content\/uploads\/2024\/11\/gogus-buyutme-300x169.jpg 300w, https:\/\/www.elevenestetik.com\/wp-content\/uploads\/2024\/11\/gogus-buyutme-1024x576.jpg 1024w\" sizes=\"auto, (max-width: 1920px) 100vw, 1920px\" \/><\/a><\/div><div class=\"w-vwrapper usg_vwrapper_1 align_none valign_top\"><time class=\"w-post-elm post_date usg_post_date_1 entry-date published\" datetime=\"2024-11-07T17:50:47+03:00\" title=\"7 novembre 2024 \u00e0 17:50:47 +03:00\">il y a 1 an<\/time><h2 class=\"w-post-elm post_title usg_post_title_1 entry-title color_link_inherit\"><a href=\"https:\/\/www.elevenestetik.com\/fr\/esthetique-mammaire\/procedures-daugmentation-mammaire-avantages-et-risques\/\">Proc\u00e9dures d&rsquo;augmentation mammaire : Avantages et risques<\/a><\/h2><div class=\"w-post-elm post_content usg_post_content_1\">L&rsquo;augmentation mammaire est un choix esth\u00e9tique pour de nombreuses femmes, ainsi qu&rsquo;un moyen efficace d&rsquo;accro\u00eetre la confiance en soi. Dans cet article de blog, nous allons examiner en d\u00e9tail ce\u2026<\/div><a class=\"w-btn us-btn-style_4 usg_btn_1 icon_atright\" href=\"https:\/\/www.elevenestetik.com\/fr\/esthetique-mammaire\/procedures-daugmentation-mammaire-avantages-et-risques\/\"><span class=\"w-btn-label\">Voir le contenu<\/span><i class=\"far fa-angle-right\"><\/i><\/a><\/div><\/div>\t\t<\/div>\r\n\t\t\t<\/article>\r\n\t<article class=\"w-grid-item size_1x1 post-7454 post type-post status-publish format-standard has-post-thumbnail hentry category-esthetique-faciale\" data-id=\"7454\">\r\n\t\t<div class=\"w-grid-item-h\">\r\n\t\t\t\t\t\t<div class=\"w-hwrapper usg_hwrapper_1 has_text_color align_none valign_center wrap\"><div class=\"w-post-elm post_image usg_post_image_1 has_width stretched\"><a href=\"https:\/\/www.elevenestetik.com\/fr\/esthetique-faciale\/quelles-sont-les-causes-du-gonflement-des-paupieres-quest-ce-qui-est-bon-pour-le-gonflement-des-yeux\/\" aria-label=\"Quelles sont les causes du gonflement des paupi\u00e8res ? Qu&rsquo;est-ce qui est bon pour le gonflement des yeux ?\"><img loading=\"lazy\" decoding=\"async\" width=\"1000\" height=\"667\" src=\"https:\/\/www.elevenestetik.com\/wp-content\/uploads\/2024\/04\/goz-sismesine-ne-iyi-gelir.jpeg\" class=\"attachment-full size-full wp-post-image\" alt=\"g\u00f6z \u015fi\u015fmesine ne iyi gelir\" srcset=\"https:\/\/www.elevenestetik.com\/wp-content\/uploads\/2024\/04\/goz-sismesine-ne-iyi-gelir.jpeg 1000w, https:\/\/www.elevenestetik.com\/wp-content\/uploads\/2024\/04\/goz-sismesine-ne-iyi-gelir-300x200.jpeg 300w\" sizes=\"auto, (max-width: 1000px) 100vw, 1000px\" \/><\/a><\/div><div class=\"w-vwrapper usg_vwrapper_1 align_none valign_top\"><time class=\"w-post-elm post_date usg_post_date_1 entry-date published\" datetime=\"2024-04-29T17:54:50+03:00\" title=\"29 avril 2024 \u00e0 17:54:50 +03:00\">il y a 2 ans<\/time><h2 class=\"w-post-elm post_title usg_post_title_1 entry-title color_link_inherit\"><a href=\"https:\/\/www.elevenestetik.com\/fr\/esthetique-faciale\/quelles-sont-les-causes-du-gonflement-des-paupieres-quest-ce-qui-est-bon-pour-le-gonflement-des-yeux\/\">Quelles sont les causes du gonflement des paupi\u00e8res ? Qu&rsquo;est-ce qui est bon pour le gonflement des yeux ?<\/a><\/h2><div class=\"w-post-elm post_content usg_post_content_1\">Qu&rsquo;est-ce qui est bon pour le gonflement des yeux ? Le gonflement des paupi\u00e8res est une affection courante \u00e0 laquelle de nombreuses personnes sont confront\u00e9es. Cette affection peut souvent \u00eatre\u2026<\/div><a class=\"w-btn us-btn-style_4 usg_btn_1 icon_atright\" href=\"https:\/\/www.elevenestetik.com\/fr\/esthetique-faciale\/quelles-sont-les-causes-du-gonflement-des-paupieres-quest-ce-qui-est-bon-pour-le-gonflement-des-yeux\/\"><span class=\"w-btn-label\">Voir le contenu<\/span><i class=\"far fa-angle-right\"><\/i><\/a><\/div><\/div>\t\t<\/div>\r\n\t\t\t<\/article>\r\n\t<article class=\"w-grid-item size_1x1 post-7458 post type-post status-publish format-standard has-post-thumbnail hentry category-esthetique-faciale\" data-id=\"7458\">\r\n\t\t<div class=\"w-grid-item-h\">\r\n\t\t\t\t\t\t<div class=\"w-hwrapper usg_hwrapper_1 has_text_color align_none valign_center wrap\"><div class=\"w-post-elm post_image usg_post_image_1 has_width stretched\"><a href=\"https:\/\/www.elevenestetik.com\/fr\/esthetique-faciale\/informations-sur-le-traitement-esthetique-des-fossettes-et-les-prix-de-lesthetique-des-fossettes\/\" aria-label=\"Informations sur le traitement esth\u00e9tique des fossettes et les prix de l&rsquo;esth\u00e9tique des fossettes\"><img loading=\"lazy\" decoding=\"async\" width=\"1024\" height=\"745\" src=\"https:\/\/www.elevenestetik.com\/wp-content\/uploads\/2024\/04\/gamze-estetigi-fiyatlari.webp\" class=\"attachment-full size-full wp-post-image\" alt=\"gamze esteti\u011fi fiyatlar\u0131\" srcset=\"https:\/\/www.elevenestetik.com\/wp-content\/uploads\/2024\/04\/gamze-estetigi-fiyatlari.webp 1024w, https:\/\/www.elevenestetik.com\/wp-content\/uploads\/2024\/04\/gamze-estetigi-fiyatlari-300x218.webp 300w\" sizes=\"auto, (max-width: 1024px) 100vw, 1024px\" \/><\/a><\/div><div class=\"w-vwrapper usg_vwrapper_1 align_none valign_top\"><time class=\"w-post-elm post_date usg_post_date_1 entry-date published\" datetime=\"2024-04-28T16:32:20+03:00\" title=\"28 avril 2024 \u00e0 16:32:20 +03:00\">il y a 2 ans<\/time><h2 class=\"w-post-elm post_title usg_post_title_1 entry-title color_link_inherit\"><a href=\"https:\/\/www.elevenestetik.com\/fr\/esthetique-faciale\/informations-sur-le-traitement-esthetique-des-fossettes-et-les-prix-de-lesthetique-des-fossettes\/\">Informations sur le traitement esth\u00e9tique des fossettes et les prix de l&rsquo;esth\u00e9tique des fossettes<\/a><\/h2><div class=\"w-post-elm post_content usg_post_content_1\">L&rsquo;esth\u00e9tique des fossettes, qui gagne de plus en plus en popularit\u00e9 parmi les applications esth\u00e9tiques aujourd&rsquo;hui, est devenue une option indispensable pour ceux qui veulent ajouter un charme naturel \u00e0\u2026<\/div><a class=\"w-btn us-btn-style_4 usg_btn_1 icon_atright\" href=\"https:\/\/www.elevenestetik.com\/fr\/esthetique-faciale\/informations-sur-le-traitement-esthetique-des-fossettes-et-les-prix-de-lesthetique-des-fossettes\/\"><span class=\"w-btn-label\">Voir le contenu<\/span><i class=\"far fa-angle-right\"><\/i><\/a><\/div><\/div>\t\t<\/div>\r\n\t\t\t<\/article>\r\n\t<article class=\"w-grid-item size_1x1 post-7472 post type-post status-publish format-standard has-post-thumbnail hentry category-operations-dentaires\" data-id=\"7472\">\r\n\t\t<div class=\"w-grid-item-h\">\r\n\t\t\t\t\t\t<div class=\"w-hwrapper usg_hwrapper_1 has_text_color align_none valign_center wrap\"><div class=\"w-post-elm post_image usg_post_image_1 has_width stretched\"><a href=\"https:\/\/www.elevenestetik.com\/fr\/operations-dentaires\/ce-que-vous-devez-savoir-sur-le-traitement-par-bridge-dentaire-et-les-prix-des-bridges-dentaires\/\" aria-label=\"Ce que vous devez savoir sur le traitement par bridge dentaire et les prix des bridges dentaires\"><img loading=\"lazy\" decoding=\"async\" width=\"1200\" height=\"900\" src=\"https:\/\/www.elevenestetik.com\/wp-content\/uploads\/2024\/04\/dis-kopru-fiyatlari.webp\" class=\"attachment-full size-full wp-post-image\" alt=\"di\u015f k\u00f6pr\u00fc fiyatlar\u0131\" srcset=\"https:\/\/www.elevenestetik.com\/wp-content\/uploads\/2024\/04\/dis-kopru-fiyatlari.webp 1200w, https:\/\/www.elevenestetik.com\/wp-content\/uploads\/2024\/04\/dis-kopru-fiyatlari-300x225.webp 300w, https:\/\/www.elevenestetik.com\/wp-content\/uploads\/2024\/04\/dis-kopru-fiyatlari-1024x768.webp 1024w\" sizes=\"auto, (max-width: 1200px) 100vw, 1200px\" \/><\/a><\/div><div class=\"w-vwrapper usg_vwrapper_1 align_none valign_top\"><time class=\"w-post-elm post_date usg_post_date_1 entry-date published\" datetime=\"2024-04-28T16:24:02+03:00\" title=\"28 avril 2024 \u00e0 16:24:02 +03:00\">il y a 2 ans<\/time><h2 class=\"w-post-elm post_title usg_post_title_1 entry-title color_link_inherit\"><a href=\"https:\/\/www.elevenestetik.com\/fr\/operations-dentaires\/ce-que-vous-devez-savoir-sur-le-traitement-par-bridge-dentaire-et-les-prix-des-bridges-dentaires\/\">Ce que vous devez savoir sur le traitement par bridge dentaire et les prix des bridges dentaires<\/a><\/h2><div class=\"w-post-elm post_content usg_post_content_1\">Le traitement par bridge dentaire est une m\u00e9thode populaire privil\u00e9gi\u00e9e pour le remplacement esth\u00e9tique et fonctionnel des dents manquantes. L&rsquo;objectif principal de ce traitement est d&rsquo;am\u00e9liorer la fonction masticatoire de\u2026<\/div><a class=\"w-btn us-btn-style_4 usg_btn_1 icon_atright\" href=\"https:\/\/www.elevenestetik.com\/fr\/operations-dentaires\/ce-que-vous-devez-savoir-sur-le-traitement-par-bridge-dentaire-et-les-prix-des-bridges-dentaires\/\"><span class=\"w-btn-label\">Voir le contenu<\/span><i class=\"far fa-angle-right\"><\/i><\/a><\/div><\/div>\t\t<\/div>\r\n\t\t\t<\/article>\r\n\t<article class=\"w-grid-item size_1x1 post-7471 post type-post status-publish format-standard has-post-thumbnail hentry category-esthetique-corporelle\" data-id=\"7471\">\r\n\t\t<div class=\"w-grid-item-h\">\r\n\t\t\t\t\t\t<div class=\"w-hwrapper usg_hwrapper_1 has_text_color align_none valign_center wrap\"><div class=\"w-post-elm post_image usg_post_image_1 has_width stretched\"><a href=\"https:\/\/www.elevenestetik.com\/fr\/esthetique-corporelle\/methodes-parfaites-pour-blanchir-le-vagin\/\" aria-label=\"M\u00e9thodes parfaites pour blanchir le vagin\"><img loading=\"lazy\" decoding=\"async\" width=\"1024\" height=\"576\" src=\"https:\/\/www.elevenestetik.com\/wp-content\/uploads\/2024\/04\/vajina-beyazlatma.jpeg\" class=\"attachment-full size-full wp-post-image\" alt=\"vajina beyazlatma\" srcset=\"https:\/\/www.elevenestetik.com\/wp-content\/uploads\/2024\/04\/vajina-beyazlatma.jpeg 1024w, https:\/\/www.elevenestetik.com\/wp-content\/uploads\/2024\/04\/vajina-beyazlatma-300x169.jpeg 300w\" sizes=\"auto, (max-width: 1024px) 100vw, 1024px\" \/><\/a><\/div><div class=\"w-vwrapper usg_vwrapper_1 align_none valign_top\"><time class=\"w-post-elm post_date usg_post_date_1 entry-date published\" datetime=\"2024-04-18T17:43:24+03:00\" title=\"18 avril 2024 \u00e0 17:43:24 +03:00\">il y a 2 ans<\/time><h2 class=\"w-post-elm post_title usg_post_title_1 entry-title color_link_inherit\"><a href=\"https:\/\/www.elevenestetik.com\/fr\/esthetique-corporelle\/methodes-parfaites-pour-blanchir-le-vagin\/\">M\u00e9thodes parfaites pour blanchir le vagin<\/a><\/h2><div class=\"w-post-elm post_content usg_post_content_1\">Pour celles qui souhaitent obtenir des informations sur les m\u00e9thodes parfaites de blanchiment du vagin, nous avons examin\u00e9 les m\u00e9thodes naturelles et chimiques qui peuvent \u00eatre appliqu\u00e9es \u00e0 la maison,\u2026<\/div><a class=\"w-btn us-btn-style_4 usg_btn_1 icon_atright\" href=\"https:\/\/www.elevenestetik.com\/fr\/esthetique-corporelle\/methodes-parfaites-pour-blanchir-le-vagin\/\"><span class=\"w-btn-label\">Voir le contenu<\/span><i class=\"far fa-angle-right\"><\/i><\/a><\/div><\/div>\t\t<\/div>\r\n\t\t\t<\/article>\r\n\t<article class=\"w-grid-item size_1x1 post-4765 post type-post status-publish format-standard has-post-thumbnail hentry category-esthetique-faciale\" data-id=\"4765\">\r\n\t\t<div class=\"w-grid-item-h\">\r\n\t\t\t\t\t\t<div class=\"w-hwrapper usg_hwrapper_1 has_text_color align_none valign_center wrap\"><div class=\"w-post-elm post_image usg_post_image_1 has_width stretched\"><a href=\"https:\/\/www.elevenestetik.com\/fr\/esthetique-faciale\/choix-dun-medecin-esthetique-efficace-pour-le-lifting-du-visage\/\" aria-label=\"Choix d&rsquo;un m\u00e9decin esth\u00e9tique efficace pour le lifting du visage\"><img loading=\"lazy\" decoding=\"async\" width=\"1920\" height=\"1080\" src=\"https:\/\/www.elevenestetik.com\/wp-content\/uploads\/2024\/03\/yuz_germe_estetigi.jpg\" class=\"attachment-full size-full wp-post-image\" alt=\"\" srcset=\"https:\/\/www.elevenestetik.com\/wp-content\/uploads\/2024\/03\/yuz_germe_estetigi.jpg 1920w, https:\/\/www.elevenestetik.com\/wp-content\/uploads\/2024\/03\/yuz_germe_estetigi-300x169.jpg 300w, https:\/\/www.elevenestetik.com\/wp-content\/uploads\/2024\/03\/yuz_germe_estetigi-1024x576.jpg 1024w\" sizes=\"auto, (max-width: 1920px) 100vw, 1920px\"><\/a><\/div><div class=\"w-vwrapper usg_vwrapper_1 align_none valign_top\"><time class=\"w-post-elm post_date usg_post_date_1 entry-date published\" datetime=\"2024-03-13T18:47:47+03:00\" title=\"13 mars 2024 \u00e0 18:47:47 +03:00\">il y a 2 ans<\/time><h2 class=\"w-post-elm post_title usg_post_title_1 entry-title color_link_inherit\"><a href=\"https:\/\/www.elevenestetik.com\/fr\/esthetique-faciale\/choix-dun-medecin-esthetique-efficace-pour-le-lifting-du-visage\/\">Choix d&rsquo;un m\u00e9decin esth\u00e9tique efficace pour le lifting du visage<\/a><\/h2><div class=\"w-post-elm post_content usg_post_content_1\">Le choix d&rsquo;un m\u00e9decin esth\u00e9tique sp\u00e9cialis\u00e9 dans le lifting est essentiel pour la r\u00e9ussite d&rsquo;une op\u00e9ration esth\u00e9tique. Il existe plusieurs \u00e9tapes importantes pour trouver le bon m\u00e9decin. Tout d&rsquo;abord, il\u2026<\/div><a class=\"w-btn us-btn-style_4 usg_btn_1 icon_atright\" href=\"https:\/\/www.elevenestetik.com\/fr\/esthetique-faciale\/choix-dun-medecin-esthetique-efficace-pour-le-lifting-du-visage\/\"><span class=\"w-btn-label\">Voir le contenu<\/span><i class=\"far fa-angle-right\"><\/i><\/a><\/div><\/div>\t\t<\/div>\r\n\t\t\t<\/article>\r\n\t<article class=\"w-grid-item size_1x1 post-4769 post type-post status-publish format-standard has-post-thumbnail hentry category-esthetique-corporelle\" data-id=\"4769\">\r\n\t\t<div class=\"w-grid-item-h\">\r\n\t\t\t\t\t\t<div class=\"w-hwrapper usg_hwrapper_1 has_text_color align_none valign_center wrap\"><div class=\"w-post-elm post_image usg_post_image_1 has_width stretched\"><a href=\"https:\/\/www.elevenestetik.com\/fr\/esthetique-corporelle\/chirurgies-esthetiques-combinees-le-changement-parfait\/\" aria-label=\"Chirurgies esth\u00e9tiques combin\u00e9es : Le changement parfait\"><img loading=\"lazy\" decoding=\"async\" width=\"1600\" height=\"900\" src=\"https:\/\/www.elevenestetik.com\/wp-content\/uploads\/2024\/03\/PHOTO-2024-03-13-18-24-05.jpg\" class=\"attachment-full size-full wp-post-image\" alt=\"\" srcset=\"https:\/\/www.elevenestetik.com\/wp-content\/uploads\/2024\/03\/PHOTO-2024-03-13-18-24-05.jpg 1600w, https:\/\/www.elevenestetik.com\/wp-content\/uploads\/2024\/03\/PHOTO-2024-03-13-18-24-05-300x169.jpg 300w, https:\/\/www.elevenestetik.com\/wp-content\/uploads\/2024\/03\/PHOTO-2024-03-13-18-24-05-1024x576.jpg 1024w\" sizes=\"auto, (max-width: 1600px) 100vw, 1600px\"><\/a><\/div><div class=\"w-vwrapper usg_vwrapper_1 align_none valign_top\"><time class=\"w-post-elm post_date usg_post_date_1 entry-date published\" datetime=\"2024-03-13T18:26:46+03:00\" title=\"13 mars 2024 \u00e0 18:26:46 +03:00\">il y a 2 ans<\/time><h2 class=\"w-post-elm post_title usg_post_title_1 entry-title color_link_inherit\"><a href=\"https:\/\/www.elevenestetik.com\/fr\/esthetique-corporelle\/chirurgies-esthetiques-combinees-le-changement-parfait\/\">Chirurgies esth\u00e9tiques combin\u00e9es : Le changement parfait<\/a><\/h2><div class=\"w-post-elm post_content usg_post_content_1\">Les chirurgies esth\u00e9tiques combin\u00e9es sont une m\u00e9thode que de nombreuses personnes pr\u00e9f\u00e8rent pour modifier leur apparence et obtenir d&rsquo;excellents r\u00e9sultats. Ces op\u00e9rations consistent en une combinaison de diff\u00e9rentes proc\u00e9dures de\u2026<\/div><a class=\"w-btn us-btn-style_4 usg_btn_1 icon_atright\" href=\"https:\/\/www.elevenestetik.com\/fr\/esthetique-corporelle\/chirurgies-esthetiques-combinees-le-changement-parfait\/\"><span class=\"w-btn-label\">Voir le contenu<\/span><i class=\"far fa-angle-right\"><\/i><\/a><\/div><\/div>\t\t<\/div>\r\n\t\t\t<\/article>\r\n\t<article class=\"w-grid-item size_1x1 post-4773 post type-post status-publish format-standard has-post-thumbnail hentry category-esthetique-corporelle\" data-id=\"4773\">\r\n\t\t<div class=\"w-grid-item-h\">\r\n\t\t\t\t\t\t<div class=\"w-hwrapper usg_hwrapper_1 has_text_color align_none valign_center wrap\"><div class=\"w-post-elm post_image usg_post_image_1 has_width stretched\"><a href=\"https:\/\/www.elevenestetik.com\/fr\/esthetique-corporelle\/la-liposuccion-est-elle-risquee-en-ete\/\" aria-label=\"La liposuccion est-elle risqu\u00e9e en \u00e9t\u00e9 ?\"><img loading=\"lazy\" decoding=\"async\" width=\"1600\" height=\"900\" src=\"https:\/\/www.elevenestetik.com\/wp-content\/uploads\/2024\/03\/PHOTO-2024-03-13-18-05-48.jpg\" class=\"attachment-full size-full wp-post-image\" alt=\"\" srcset=\"https:\/\/www.elevenestetik.com\/wp-content\/uploads\/2024\/03\/PHOTO-2024-03-13-18-05-48.jpg 1600w, https:\/\/www.elevenestetik.com\/wp-content\/uploads\/2024\/03\/PHOTO-2024-03-13-18-05-48-300x169.jpg 300w, https:\/\/www.elevenestetik.com\/wp-content\/uploads\/2024\/03\/PHOTO-2024-03-13-18-05-48-1024x576.jpg 1024w\" sizes=\"auto, (max-width: 1600px) 100vw, 1600px\"><\/a><\/div><div class=\"w-vwrapper usg_vwrapper_1 align_none valign_top\"><time class=\"w-post-elm post_date usg_post_date_1 entry-date published\" datetime=\"2024-03-13T18:11:17+03:00\" title=\"13 mars 2024 \u00e0 18:11:17 +03:00\">il y a 2 ans<\/time><h2 class=\"w-post-elm post_title usg_post_title_1 entry-title color_link_inherit\"><a href=\"https:\/\/www.elevenestetik.com\/fr\/esthetique-corporelle\/la-liposuccion-est-elle-risquee-en-ete\/\">La liposuccion est-elle risqu\u00e9e en \u00e9t\u00e9 ?<\/a><\/h2><div class=\"w-post-elm post_content usg_post_content_1\">La liposuccion en \u00e9t\u00e9 est un sujet qui suscite la curiosit\u00e9 de nombreuses personnes. La liposuccion est le processus d&rsquo;\u00e9limination de la graisse ind\u00e9sirable dans le corps par aspiration. Cependant,\u2026<\/div><a class=\"w-btn us-btn-style_4 usg_btn_1 icon_atright\" href=\"https:\/\/www.elevenestetik.com\/fr\/esthetique-corporelle\/la-liposuccion-est-elle-risquee-en-ete\/\"><span class=\"w-btn-label\">Voir le contenu<\/span><i class=\"far fa-angle-right\"><\/i><\/a><\/div><\/div>\t\t<\/div>\r\n\t\t\t<\/article>\r\n<\/div>\t<div class=\"w-grid-preloader\">\r\n\t\t<div class=\"g-preloader type_1\">\r\n\t\t\t<div><\/div>\r\n\t\t<\/div>\r\n\t<\/div>\r\n\t\t<div class=\"w-grid-json hidden\" onclick='return {&quot;action&quot;:&quot;us_ajax_grid&quot;,&quot;infinite_scroll&quot;:0,&quot;max_num_pages&quot;:1,&quot;pagination&quot;:&quot;none&quot;,&quot;template_vars&quot;:{&quot;columns&quot;:&quot;1&quot;,&quot;exclude_items&quot;:&quot;none&quot;,&quot;img_size&quot;:&quot;full&quot;,&quot;ignore_items_size&quot;:0,&quot;items_layout&quot;:&quot;4638&quot;,&quot;items_offset&quot;:&quot;1&quot;,&quot;load_animation&quot;:&quot;none&quot;,&quot;overriding_link&quot;:&quot;%7B%22url%22%3A%22%22%7D&quot;,&quot;post_id&quot;:0,&quot;query_args&quot;:{&quot;post_type&quot;:[&quot;post&quot;],&quot;post_status&quot;:[&quot;publish&quot;],&quot;posts_per_page&quot;:&quot;12&quot;},&quot;orderby_query_args&quot;:{&quot;orderby&quot;:{&quot;date&quot;:&quot;DESC&quot;}},&quot;type&quot;:&quot;grid&quot;,&quot;us_grid_post_type&quot;:&quot;post&quot;,&quot;us_grid_ajax_index&quot;:1,&quot;us_grid_filter_query_string&quot;:null,&quot;us_grid_index&quot;:1,&quot;page_args&quot;:[],&quot;lang&quot;:&quot;fr&quot;}}'><\/div>\r\n\t<\/div><\/div><\/div><\/div><\/div><\/section>\n","protected":false},"excerpt":{"rendered":"La liposuccion en \u00e9t\u00e9 est un sujet qui suscite la curiosit\u00e9 de nombreuses personnes. La liposuccion est le processus d'\u00e9limination de la graisse ind\u00e9sirable dans le corps par aspiration. Cependant, le fait de subir cette proc\u00e9dure pendant la saison estivale peut comporter certains risques. Certains points doivent \u00eatre pris en compte lors d'une liposuccion en...","protected":false},"author":1,"featured_media":0,"parent":0,"menu_order":0,"comment_status":"closed","ping_status":"closed","template":"","meta":{"rank_math_focus_keyword":"blog","rank_math_description":"","footnotes":""},"class_list":["post-4742","page","type-page","status-publish","hentry"],"_links":{"self":[{"href":"https:\/\/www.elevenestetik.com\/fr\/wp-json\/wp\/v2\/pages\/4742","targetHints":{"allow":["GET"]}}],"collection":[{"href":"https:\/\/www.elevenestetik.com\/fr\/wp-json\/wp\/v2\/pages"}],"about":[{"href":"https:\/\/www.elevenestetik.com\/fr\/wp-json\/wp\/v2\/types\/page"}],"author":[{"embeddable":true,"href":"https:\/\/www.elevenestetik.com\/fr\/wp-json\/wp\/v2\/users\/1"}],"replies":[{"embeddable":true,"href":"https:\/\/www.elevenestetik.com\/fr\/wp-json\/wp\/v2\/comments?post=4742"}],"version-history":[{"count":1,"href":"https:\/\/www.elevenestetik.com\/fr\/wp-json\/wp\/v2\/pages\/4742\/revisions"}],"predecessor-version":[{"id":4743,"href":"https:\/\/www.elevenestetik.com\/fr\/wp-json\/wp\/v2\/pages\/4742\/revisions\/4743"}],"wp:attachment":[{"href":"https:\/\/www.elevenestetik.com\/fr\/wp-json\/wp\/v2\/media?parent=4742"}],"curies":[{"name":"wp","href":"https:\/\/api.w.org\/{rel}","templated":true}]}}