{"id":3062,"date":"2026-01-26T09:04:41","date_gmt":"2026-01-26T06:04:41","guid":{"rendered":"https:\/\/www.elevenestetik.com\/nous-connaitre\/"},"modified":"2026-01-26T09:06:46","modified_gmt":"2026-01-26T06:06:46","slug":"nous-connaitre","status":"publish","type":"page","link":"https:\/\/www.elevenestetik.com\/fr\/nous-connaitre\/","title":{"rendered":"Nous conna\u00eetre"},"content":{"rendered":"<section class=\"l-section wpb_row height_medium full_height valign_center with_img parallax_ver\"><div class=\"l-section-img\" role=\"img\" aria-label=\"tan\u0131y\u0131n\" data-img-width=\"1920\" data-img-height=\"1080\" style=\"background-image: url(https:\/\/www.elevenestetik.com\/wp-content\/uploads\/2024\/11\/aboutheader.jpg);\"><\/div><div class=\"l-section-h i-cf\"><div class=\"g-cols vc_row via_grid cols_1 laptops-cols_inherit tablets-cols_inherit mobiles-cols_1 valign_top type_default stacking_default\"><div class=\"wpb_column vc_column_container\"><div class=\"vc_column-inner\"><\/div><\/div><\/div><\/div><\/section><section class=\"l-section wpb_row us_custom_fbf2fafc height_large with_img parallax_ver parallax_xpos_left\"><div class=\"l-section-img\" role=\"img\" aria-label=\"Image\" data-img-width=\"1920\" data-img-height=\"1080\" style=\"background-image: url(https:\/\/www.elevenestetik.com\/wp-content\/uploads\/2023\/12\/el_transparent_back.png);background-position: center left;\"><\/div><div class=\"l-section-h i-cf\"><div class=\"g-cols vc_row via_grid cols_custom laptops-cols_inherit tablets-cols_inherit mobiles-cols_1 valign_top type_default stacking_default\" style=\"--custom-columns:1fr 4fr 1fr \"><div class=\"wpb_column vc_column_container\"><div class=\"vc_column-inner\"><\/div><\/div><div class=\"wpb_column vc_column_container\"><div class=\"vc_column-inner\"><h1 class=\"w-text us_custom_eb849559\"><span class=\"w-text-h\"><span class=\"w-text-value\">Apprendre notre raison d&#039;\u00eatre<\/span><\/span><\/h1><div class=\"wpb_text_column us_custom_eb849559\"><div class=\"wpb_wrapper\"><p>En tant qu&rsquo;Eleven Estetik, nous nous effor\u00e7ons d&rsquo;offrir la meilleure exp\u00e9rience possible \u00e0 tous nos clients. Dans ce contexte, nous sommes \u00e0 l&rsquo;\u00e9coute des probl\u00e8mes de nos h\u00f4tes, nous r\u00e9pondons \u00e0 leurs demandes et nous nous effor\u00e7ons de les satisfaire. <span class=\"s2\">Gr\u00e2ce \u00e0 notre exp\u00e9rience dans le secteur, nous accueillons tous nos clients avec des r\u00e9sultats qui les satisferont.<\/span><\/p>\n<\/div><\/div><div class=\"w-video us_custom_28ca74d9 align_center ratio_16x9 has_border_radius has_iframe\"><div class=\"w-video-h\"><iframe title=\"Vimeo video player\" src=\"https:\/\/player.vimeo.com\/video\/910917326?autoplay=0&loop=0&autopause=0&color=00adef&portrait=0&byline=1&title=1&controls=1&muted=0\" frameborder=\"0\" allow=\"autoplay; fullscreen\" allowfullscreen loading=\"lazy\"><\/iframe><\/div><\/div><\/div><\/div><div class=\"wpb_column vc_column_container\"><div class=\"vc_column-inner\"><\/div><\/div><\/div><\/div><\/section><section class=\"l-section wpb_row us_custom_24941e40 height_large\"><div class=\"l-section-h i-cf\"><div class=\"g-cols vc_row via_grid cols_1 laptops-cols_inherit tablets-cols_inherit mobiles-cols_1 valign_top type_default stacking_default\" style=\"--columns-gap:4rem;\"><div class=\"wpb_column vc_column_container us_custom_ce836b37 has_text_color has_bg_color\"><div class=\"vc_column-inner\"><div class=\"wpb_text_column us_custom_8b3d6790 has_text_color\"><div class=\"wpb_wrapper\"><h2>3 \u00e9tapes pour se concentrer sur les r\u00e9sultats<\/h2>\n<\/div><\/div><div class=\"w-separator size_large\"><\/div><div class=\"g-cols wpb_row via_grid cols_3 laptops-cols_inherit tablets-cols_1 mobiles-cols_1 valign_top type_default\" style=\"--columns-gap:3rem;\"><div class=\"wpb_column vc_column_container\"><div class=\"vc_column-inner\"><div class=\"w-text us_custom_80023f42 has_text_color\"><span class=\"w-text-h\"><span class=\"w-text-value\">01<\/span><\/span><\/div><div class=\"wpb_text_column us_custom_e8d85284 has_text_color\"><div class=\"wpb_wrapper\"><h4>Nous <br \/>vous \u00e9coutons<\/h4>\n<p>Nous sommes \u00e0 l&rsquo;\u00e9coute de vos attentes et de vos demandes gr\u00e2ce \u00e0 notre assistant sp\u00e9cial. Nous prenons note de vos demandes.<\/p>\n<\/div><\/div><\/div><\/div><div class=\"wpb_column vc_column_container\"><div class=\"vc_column-inner\"><div class=\"w-text us_custom_80023f42 has_text_color\"><span class=\"w-text-h\"><span class=\"w-text-value\">02<\/span><\/span><\/div><div class=\"wpb_text_column us_custom_e8d85284 has_text_color\"><div class=\"wpb_wrapper\"><h4>\nNous entamons votre processus de traitement<\/h4>\n<p>Apr\u00e8s avoir r\u00e9alis\u00e9 notre \u00e9tude de d\u00e9tection, nous entamons votre processus avec nos m\u00e9decins seniors dans le domaine.<\/p>\n<\/div><\/div><\/div><\/div><div class=\"wpb_column vc_column_container\"><div class=\"vc_column-inner\"><div class=\"w-text us_custom_80023f42 has_text_color\"><span class=\"w-text-h\"><span class=\"w-text-value\">03<\/span><\/span><\/div><div class=\"wpb_text_column us_custom_e8d85284 has_text_color\"><div class=\"wpb_wrapper\"><h4>Nous vous disons au revoir avec plaisir.<\/h4>\n<p>Une fois le processus achev\u00e9, nous recevons vos id\u00e9es et nous voyageons en obtenant votre satisfaction.<\/p>\n<\/div><\/div><\/div><\/div><\/div><\/div><\/div><\/div><\/div><\/section><section class=\"l-section wpb_row height_medium with_shape\"><div class=\"l-section-shape type_tilt pos_bottom\" style=\"height:35vmin;color:var(--color-header-transparent-text-hover)\"><svg xmlns=\"http:\/\/www.w3.org\/2000\/svg\" viewBox=\"0 0 64 8\" preserveAspectRatio=\"none\" width=\"100%\" height=\"100%\">\r\n\t<path fill=\"currentColor\" d=\"M64 7.9 L64 10 L0 10 L0 0 Z\"\/>\r\n<\/svg><\/div><div class=\"l-section-h i-cf\"><div class=\"g-cols vc_row via_grid cols_3-2 laptops-cols_2 tablets-cols_inherit mobiles-cols_1 valign_middle type_default reversed stacking_default\" style=\"--columns-gap:5%;\"><div class=\"wpb_column vc_column_container\"><div class=\"vc_column-inner\"><div class=\"w-image us_custom_f9970933 align_none\"><div class=\"w-image-h\"><img decoding=\"async\" width=\"1080\" height=\"1620\" src=\"https:\/\/www.elevenestetik.com\/wp-content\/uploads\/2025\/05\/eleven_about_new.jpg\" class=\"attachment-full size-full\" alt=\"eleven estetik hakk\u0131m\u0131zda\" loading=\"lazy\" srcset=\"https:\/\/www.elevenestetik.com\/wp-content\/uploads\/2025\/05\/eleven_about_new.jpg 1080w, https:\/\/www.elevenestetik.com\/wp-content\/uploads\/2025\/05\/eleven_about_new-200x300.jpg 200w, https:\/\/www.elevenestetik.com\/wp-content\/uploads\/2025\/05\/eleven_about_new-683x1024.jpg 683w, https:\/\/www.elevenestetik.com\/wp-content\/uploads\/2025\/05\/eleven_about_new-100x150.jpg 100w\" sizes=\"auto, (max-width: 1080px) 100vw, 1080px\" \/><\/div><\/div><\/div><\/div><div class=\"wpb_column vc_column_container\"><div class=\"vc_column-inner\"><div class=\"wpb_text_column us_custom_34fd2741\"><div class=\"wpb_wrapper\"><h2>Pr\u00e9parez-vous \u00e0 vivre une exp\u00e9rience particuli\u00e8re.<\/h2>\n<div class=\"col-xs-12 col-lg-6\">\n<p>En tant qu&rsquo;entreprise de tourisme de sant\u00e9 r\u00e9unissant les domaines de la sant\u00e9 et du tourisme, nous offrons \u00e0 nos clients un concept de service qui vous satisfera. Notre objectif est d&rsquo;am\u00e9liorer le mode de vie sain de nos h\u00f4tes originaires de diff\u00e9rentes parties du monde et de contribuer \u00e0 une compr\u00e9hension de la vie de qualit\u00e9.<\/p>\n<p>Comme Eleven Aesthetics, nous travaillons en collaboration avec nos professionnels de la sant\u00e9 exp\u00e9riment\u00e9s et exp\u00e9riment\u00e9s. En identifiant les besoins de nos h\u00f4tes, nous les aidons \u00e0 retrouver la sant\u00e9 et \u00e0 am\u00e9liorer leur qualit\u00e9 de vie.<\/p>\n<p>Notre premier devoir est d&rsquo;assurer la s\u00e9curit\u00e9 et le confort de nos h\u00f4tes. En coop\u00e9ration avec les principales institutions de sant\u00e9 en Turquie, nous offrons des services de sant\u00e9 de classe mondiale aux co\u00fbts les plus avantageux. Cependant, nous veillons tout particuli\u00e8rement \u00e0 ce que le voyage de nos h\u00f4tes soit unique et nous leur proposons un h\u00e9bergement haut de gamme.<\/p>\n<p>Nous voulons maintenant que vous envisagiez l&rsquo;avenir de mani\u00e8re plus heureuse et plus saine. Nous sommes l\u00e0 pour vous aider \u00e0 mieux d\u00e9marrer votre journ\u00e9e et votre lendemain. Nous sommes l\u00e0 pour partager notre exp\u00e9rience dans le domaine du tourisme de sant\u00e9 et en faire une exp\u00e9rience sp\u00e9ciale pour vous. Commencez d\u00e8s maintenant votre voyage et red\u00e9couvrez-vous.<\/p>\n<\/div>\n<\/div><\/div><\/div><\/div><\/div><\/div><\/section><section class=\"l-section wpb_row us_custom_669fa204 height_medium\"><div class=\"l-section-h i-cf\"><div class=\"g-cols vc_row via_grid cols_1 laptops-cols_inherit tablets-cols_inherit mobiles-cols_1 valign_top type_default stacking_default\"><div class=\"wpb_column vc_column_container us_custom_949481da has_bg_color\"><div class=\"vc_column-inner\"><div class=\"g-cols wpb_row via_grid cols_2-1 laptops-cols_1 tablets-cols_inherit mobiles-cols_1 valign_middle type_default stacking_default\" style=\"--columns-gap:3rem;\"><div class=\"wpb_column vc_column_container\"><div class=\"vc_column-inner\"><h3 class=\"w-text us_custom_a16e6009\"><span class=\"w-text-h\"><span class=\"w-text-value\">Prenez un nouveau d\u00e9part.<\/span><\/span><\/h3><h3 class=\"w-text us_custom_acb56ff8 has_text_color\"><span class=\"w-text-h\"><span class=\"w-text-value\">Plus sain et meilleur.<\/span><\/span><\/h3><\/div><\/div><div class=\"wpb_column vc_column_container\"><div class=\"vc_column-inner\"><div class=\"w-btn-wrapper default_align_justify laptops_align_justify tablets_align_justify mobiles_align_left\"><a class=\"w-btn us-btn-style_1 us_custom_b7bb1673\" href=\"https:\/\/www.elevenestetik.com\/fr\/contact\/\"><span class=\"w-btn-label\">Prendre contact<\/span><\/a><\/div><\/div><\/div><\/div><div class=\"w-separator size_large\"><\/div><div class=\"w-image has_ratio align_none\"><div class=\"w-image-h\"><div style=\"padding-bottom:50%\"><\/div><img decoding=\"async\" width=\"1920\" height=\"1080\" src=\"https:\/\/www.elevenestetik.com\/wp-content\/uploads\/2024\/11\/contactheader.jpg\" class=\"attachment-full size-full\" alt=\"ileti\u015fim\" loading=\"lazy\" \/><\/div><\/div><\/div><\/div><\/div><\/div><\/section>\n","protected":false},"excerpt":{"rendered":"Apprendre notre raison d&#039;\u00eatreEn tant qu&rsquo;Eleven Estetik, nous nous effor\u00e7ons d&rsquo;offrir la meilleure exp\u00e9rience possible \u00e0 tous nos clients. Dans ce contexte, nous sommes \u00e0 l&rsquo;\u00e9coute des probl\u00e8mes de nos h\u00f4tes, nous r\u00e9pondons \u00e0 leurs demandes et nous nous effor\u00e7ons de les satisfaire. Gr\u00e2ce \u00e0 notre exp\u00e9rience dans le secteur, nous accueillons tous nos clients...","protected":false},"author":1,"featured_media":0,"parent":0,"menu_order":0,"comment_status":"closed","ping_status":"closed","template":"","meta":{"rank_math_focus_keyword":"","rank_math_description":"","footnotes":""},"class_list":["post-3062","page","type-page","status-publish","hentry"],"_links":{"self":[{"href":"https:\/\/www.elevenestetik.com\/fr\/wp-json\/wp\/v2\/pages\/3062","targetHints":{"allow":["GET"]}}],"collection":[{"href":"https:\/\/www.elevenestetik.com\/fr\/wp-json\/wp\/v2\/pages"}],"about":[{"href":"https:\/\/www.elevenestetik.com\/fr\/wp-json\/wp\/v2\/types\/page"}],"author":[{"embeddable":true,"href":"https:\/\/www.elevenestetik.com\/fr\/wp-json\/wp\/v2\/users\/1"}],"replies":[{"embeddable":true,"href":"https:\/\/www.elevenestetik.com\/fr\/wp-json\/wp\/v2\/comments?post=3062"}],"version-history":[{"count":17,"href":"https:\/\/www.elevenestetik.com\/fr\/wp-json\/wp\/v2\/pages\/3062\/revisions"}],"predecessor-version":[{"id":7494,"href":"https:\/\/www.elevenestetik.com\/fr\/wp-json\/wp\/v2\/pages\/3062\/revisions\/7494"}],"wp:attachment":[{"href":"https:\/\/www.elevenestetik.com\/fr\/wp-json\/wp\/v2\/media?parent=3062"}],"curies":[{"name":"wp","href":"https:\/\/api.w.org\/{rel}","templated":true}]}}