{"id":3083,"date":"2026-01-26T09:05:20","date_gmt":"2026-01-26T06:05:20","guid":{"rendered":"https:\/\/www.elevenestetik.com\/contact\/"},"modified":"2026-01-26T09:07:12","modified_gmt":"2026-01-26T06:07:12","slug":"contact","status":"publish","type":"page","link":"https:\/\/www.elevenestetik.com\/en\/contact\/","title":{"rendered":"Contact"},"content":{"rendered":"<section class=\"l-section wpb_row height_huge color_secondary with_img parallax_ver\"><div class=\"l-section-img\" role=\"img\" aria-label=\"ileti\u015fim\" data-img-width=\"1920\" data-img-height=\"1080\" style=\"background-image: url(https:\/\/www.elevenestetik.com\/wp-content\/uploads\/2024\/11\/contactheader.jpg);\"><\/div><div class=\"l-section-overlay\" style=\"background:linear-gradient(90deg,#000,rgba(0,0,0,0.00))\"><\/div><div class=\"l-section-h i-cf\"><div class=\"g-cols vc_row via_grid cols_1 laptops-cols_inherit tablets-cols_1 mobiles-cols_1 valign_top type_default reversed stacking_default\" style=\"--columns-gap:0rem;\"><div class=\"wpb_column vc_column_container us_custom_fd43344c\"><div class=\"vc_column-inner\"><h1 class=\"w-text us_custom_c2f880d3 has_text_color\"><span class=\"w-text-h\"><span class=\"w-text-value\">Contact<\/span><\/span><\/h1><div class=\"w-separator size_small\"><\/div><h1 class=\"w-text us_custom_0c5cc801\"><span class=\"w-text-h\"><span class=\"w-text-value\">Send a message to&lt;br&gt;now<\/span><\/span><\/h1><div class=\"w-hwrapper valign_middle wrap align_none\" style=\"--hwrapper-gap:3rem\"><div class=\"wpb_text_column us_custom_8e688034\"><div class=\"wpb_wrapper\"><p>As Eleven Aesthetics, we are here to answer your questions. Send a message or call. We are always at your side with our professional team.<\/p>\n<\/div><\/div><\/div><\/div><\/div><\/div><\/div><\/section><section class=\"l-section wpb_row us_custom_f74b7dc6 height_medium\"><div class=\"l-section-h i-cf\"><div class=\"g-cols vc_row via_grid cols_1 laptops-cols_inherit tablets-cols_inherit mobiles-cols_1 valign_top type_default stacking_default\"><div class=\"wpb_column vc_column_container\"><div class=\"vc_column-inner\"><div class=\"g-cols wpb_row via_grid cols_2 laptops-cols_inherit tablets-cols_inherit mobiles-cols_1 valign_top type_default stacking_default\" style=\"--columns-gap:3rem;\"><div class=\"wpb_column vc_column_container\"><div class=\"vc_column-inner\"><h2 class=\"w-text\"><span class=\"w-text-h\"><span class=\"w-text-value\">Send Message<\/span><\/span><\/h2>\n<div class=\"wpcf7 no-js us_custom_58f9f958\" id=\"wpcf7-f4739-o1\" lang=\"en-US\" dir=\"ltr\" data-wpcf7-id=\"4739\">\n<div class=\"screen-reader-response\"><p role=\"status\" aria-live=\"polite\" aria-atomic=\"true\"><\/p> <ul><\/ul><\/div>\n<form action=\"\/en\/wp-json\/wp\/v2\/pages\/3083#wpcf7-f4739-o1\" method=\"post\" class=\"wpcf7-form init\" aria-label=\"Contact form\" novalidate=\"novalidate\" data-status=\"init\">\n<fieldset class=\"hidden-fields-container\"><input type=\"hidden\" name=\"_wpcf7\" value=\"4739\" \/><input type=\"hidden\" name=\"_wpcf7_version\" value=\"6.1.5\" \/><input type=\"hidden\" name=\"_wpcf7_locale\" value=\"en_US\" \/><input type=\"hidden\" name=\"_wpcf7_unit_tag\" value=\"wpcf7-f4739-o1\" \/><input type=\"hidden\" name=\"_wpcf7_container_post\" value=\"0\" \/><input type=\"hidden\" name=\"_wpcf7_posted_data_hash\" value=\"\" \/><input type=\"hidden\" name=\"_wpcf7_recaptcha_response\" value=\"\" \/>\n<\/fieldset>\n<p><label> Your name and surname<br \/>\n<span class=\"wpcf7-form-control-wrap\" data-name=\"your-name\"><input size=\"40\" maxlength=\"400\" class=\"wpcf7-form-control wpcf7-text wpcf7-validates-as-required\" autocomplete=\"name\" aria-required=\"true\" aria-invalid=\"false\" value=\"\" type=\"text\" name=\"your-name\" \/><\/span> <\/label>\n<\/p>\n<p><label> Your e-mail address<br \/>\n<span class=\"wpcf7-form-control-wrap\" data-name=\"your-email\"><input size=\"40\" maxlength=\"400\" class=\"wpcf7-form-control wpcf7-email wpcf7-text wpcf7-validates-as-email\" autocomplete=\"email\" aria-invalid=\"false\" value=\"\" type=\"email\" name=\"your-email\" \/><\/span> <\/label>\n<\/p>\n<p><label> Your telephone number<br \/>\n<span class=\"wpcf7-form-control-wrap\" data-name=\"phonetext\"><input size=\"40\" class=\"wpcf7-form-control wpcf7-phonetext wpcf7-validates-as-required wpcf7-text wpcf7-validates-as-phonetext\" aria-required=\"true\" aria-invalid=\"false\" value=\"\" type=\"text\" name=\"phonetext\" \/><input type=\"hidden\" name=\"phonetext-country-code\" class=\"wpcf7-phonetext-country-code\" \/><\/span> <\/label>\n<\/p>\n<p><label> Your message<br \/>\n<span class=\"wpcf7-form-control-wrap\" data-name=\"your-message\"><textarea cols=\"40\" rows=\"10\" maxlength=\"2000\" class=\"wpcf7-form-control wpcf7-textarea\" aria-invalid=\"false\" name=\"your-message\"><\/textarea><\/span> <\/label>\n<\/p>\n<p><input class=\"wpcf7-form-control wpcf7-submit has-spinner\" type=\"submit\" value=\"Send\" \/>\n<\/p><p style=\"display: none !important;\" class=\"akismet-fields-container\" data-prefix=\"_wpcf7_ak_\"><label>&#916;<textarea name=\"_wpcf7_ak_hp_textarea\" cols=\"45\" rows=\"8\" maxlength=\"100\"><\/textarea><\/label><input type=\"hidden\" id=\"ak_js_1\" name=\"_wpcf7_ak_js\" value=\"53\"\/><script>document.getElementById( \"ak_js_1\" ).setAttribute( \"value\", ( new Date() ).getTime() );<\/script><\/p><div class=\"wpcf7-response-output\" aria-hidden=\"true\"><\/div>\n<\/form>\n<\/div>\n<\/div><\/div><div class=\"wpb_column vc_column_container\"><div class=\"vc_column-inner\"><h2 class=\"w-text\"><span class=\"w-text-h\"><span class=\"w-text-value\">Get in touch<\/span><\/span><\/h2><div class=\"w-separator size_large\"><\/div><div class=\"w-iconbox us_custom_a3614278 has_text_color iconpos_left style_default color_primary align_left no_text\"><a href=\"mailto:info@elevenestetik.com\" class=\"w-iconbox-link\" aria-label=\"info@elevenestetik.com\"><div class=\"w-iconbox-icon\" style=\"font-size:2rem;\"><i class=\"fas fa-mailbox\"><\/i><\/div><\/a><div class=\"w-iconbox-meta\"><p class=\"w-iconbox-title\"><a href=\"mailto:info@elevenestetik.com\" class=\"w-iconbox-link\" aria-label=\"info@elevenestetik.com\">info@elevenestetik.com<\/a><\/p><\/div><\/div><div class=\"w-iconbox us_custom_e68d6790 has_text_color iconpos_left style_default color_primary align_left no_text\"><a href=\"tel:+905011552511\" class=\"w-iconbox-link\" aria-label=\"+90 501 155 25 11\"><div class=\"w-iconbox-icon\" style=\"font-size:2rem;\"><i class=\"fas fa-mobile\"><\/i><\/div><\/a><div class=\"w-iconbox-meta\"><p class=\"w-iconbox-title\"><a href=\"tel:+905011552511\" class=\"w-iconbox-link\" aria-label=\"+90 501 155 25 11\">+90 501 155 25 11<\/a><\/p><\/div><\/div><div class=\"w-iconbox us_custom_82d69cdf has_text_color iconpos_left style_default color_primary align_left no_text\"><a href=\"https:\/\/g.page\/elevenestetik\" class=\"w-iconbox-link\" aria-label=\"Kuloglu, Sadri Al\u0131\u015f\u0131k Sk. No:16, 34440, Taksim &#8211; ISTANBUL\"><div class=\"w-iconbox-icon\" style=\"font-size:2rem;\"><i class=\"fas fa-map-marker-smile\"><\/i><\/div><\/a><div class=\"w-iconbox-meta\"><p class=\"w-iconbox-title\"><a href=\"https:\/\/g.page\/elevenestetik\" class=\"w-iconbox-link\" aria-label=\"Kuloglu, Sadri Al\u0131\u015f\u0131k Sk. No:16, 34440, Taksim &#8211; ISTANBUL\">Kuloglu, Sadri Al\u0131\u015f\u0131k Sk. No:16, 34440, Taksim &#8211; ISTANBUL<\/a><\/p><\/div><\/div><div class=\"w-separator size_large\"><\/div><h2 class=\"w-text\"><span class=\"w-text-h\"><span class=\"w-text-value\">Follow<\/span><\/span><\/h2><div class=\"w-separator size_small\"><\/div><div class=\"w-socials color_link shape_circle style_colored hover_fade\" style=\"--gap:0.4em;\"><div class=\"w-socials-list\"><div class=\"w-socials-item facebook\"><a href=\"https:\/\/www.facebook.com\/elevenestetik\" class=\"w-socials-item-link\" aria-label=\"Facebook\" target=\"_blank\" rel=\"noopener\"><span class=\"w-socials-item-link-hover\"><\/span><i class=\"fab fa-facebook\"><\/i><\/a><div class=\"w-socials-item-popup\"><span>Facebook<\/span><\/div><\/div><div class=\"w-socials-item instagram\"><a href=\"https:\/\/www.instagram.com\/elevenestetik\" class=\"w-socials-item-link\" aria-label=\"Instagram\" target=\"_blank\" rel=\"noopener\"><span class=\"w-socials-item-link-hover\"><\/span><i class=\"fab fa-instagram\"><\/i><\/a><div class=\"w-socials-item-popup\"><span>Instagram<\/span><\/div><\/div><div class=\"w-socials-item tiktok\"><a href=\"https:\/\/www.tiktok.com\/@elevenestetik\" class=\"w-socials-item-link\" aria-label=\"TikTok\" target=\"_blank\" rel=\"noopener\"><span class=\"w-socials-item-link-hover\"><\/span><i class=\"fab fa-tiktok\"><\/i><\/a><div class=\"w-socials-item-popup\"><span>TikTok<\/span><\/div><\/div><\/div><\/div><\/div><\/div><\/div><\/div><\/div><\/div><\/div><\/section>\n","protected":false},"excerpt":{"rendered":"ContactSend a message to&lt;br&gt;nowAs Eleven Aesthetics, we are here to answer your questions. Send a message or call. We are always at your side with our professional team. Send Message Your name and surname Your e-mail address Your telephone number Your message &#916; Get in touchinfo@elevenestetik.com+90 501 155 25 11Kuloglu, Sadri Al\u0131\u015f\u0131k Sk. No:16, 34440,...","protected":false},"author":1,"featured_media":2861,"parent":0,"menu_order":0,"comment_status":"closed","ping_status":"closed","template":"","meta":{"rank_math_focus_keyword":"contact","rank_math_description":"As Eleven Aesthetics, we are here to answer your questions. Contact us now.","footnotes":""},"class_list":["post-3083","page","type-page","status-publish","has-post-thumbnail","hentry"],"_links":{"self":[{"href":"https:\/\/www.elevenestetik.com\/en\/wp-json\/wp\/v2\/pages\/3083","targetHints":{"allow":["GET"]}}],"collection":[{"href":"https:\/\/www.elevenestetik.com\/en\/wp-json\/wp\/v2\/pages"}],"about":[{"href":"https:\/\/www.elevenestetik.com\/en\/wp-json\/wp\/v2\/types\/page"}],"author":[{"embeddable":true,"href":"https:\/\/www.elevenestetik.com\/en\/wp-json\/wp\/v2\/users\/1"}],"replies":[{"embeddable":true,"href":"https:\/\/www.elevenestetik.com\/en\/wp-json\/wp\/v2\/comments?post=3083"}],"version-history":[{"count":13,"href":"https:\/\/www.elevenestetik.com\/en\/wp-json\/wp\/v2\/pages\/3083\/revisions"}],"predecessor-version":[{"id":7913,"href":"https:\/\/www.elevenestetik.com\/en\/wp-json\/wp\/v2\/pages\/3083\/revisions\/7913"}],"wp:featuredmedia":[{"embeddable":true,"href":"https:\/\/www.elevenestetik.com\/en\/wp-json\/wp\/v2\/media\/2861"}],"wp:attachment":[{"href":"https:\/\/www.elevenestetik.com\/en\/wp-json\/wp\/v2\/media?parent=3083"}],"curies":[{"name":"wp","href":"https:\/\/api.w.org\/{rel}","templated":true}]}}