{"id":6208,"date":"2026-01-26T09:05:59","date_gmt":"2026-01-26T06:05:59","guid":{"rendered":"https:\/\/www.elevenestetik.com\/asiatische-nasenaesthetik\/"},"modified":"2026-01-26T09:05:59","modified_gmt":"2026-01-26T06:05:59","slug":"asiatische-nasenaesthetik","status":"publish","type":"page","link":"https:\/\/www.elevenestetik.com\/de\/asiatische-nasenaesthetik\/","title":{"rendered":"Asiatische Nasen\u00e4sthetik"},"content":{"rendered":"<section class=\"l-section wpb_row us_custom_4e2a4f93 height_large\"><div class=\"l-section-h i-cf\"><div class=\"g-cols vc_row via_grid cols_1 laptops-cols_inherit tablets-cols_inherit mobiles-cols_1 valign_top type_default stacking_default\"><div class=\"wpb_column vc_column_container\"><div class=\"vc_column-inner\"><h1 class=\"w-text us_custom_28784076 has_text_color\"><span class=\"w-text-h\"><span class=\"w-text-value\">Asiatische Nasen\u00e4sthetik<\/span><\/span><\/h1><\/div><\/div><\/div><\/div><\/section><section class=\"l-section wpb_row us_custom_6179e1d8 height_large width_full\"><div class=\"l-section-h i-cf\"><div class=\"g-cols vc_row via_grid cols_1 laptops-cols_inherit tablets-cols_inherit mobiles-cols_1 valign_top type_default stacking_default\"><div class=\"wpb_column vc_column_container\"><div class=\"vc_column-inner\"><div class=\"g-cols wpb_row via_grid cols_2 laptops-cols_inherit tablets-cols_inherit mobiles-cols_1 valign_top type_default stacking_default\" style=\"--columns-gap:2rem;\"><div class=\"wpb_column vc_column_container\"><div class=\"vc_column-inner\"><div class=\"w-image us_custom_9cf479d2 align_none\"><div class=\"w-image-h\"><img decoding=\"async\" width=\"1024\" height=\"576\" src=\"https:\/\/www.elevenestetik.com\/wp-content\/uploads\/2023\/12\/asya-burun-estetigi-rinoplasti-1024x576.jpg\" class=\"attachment-large size-large\" alt=\"\" loading=\"lazy\" srcset=\"https:\/\/www.elevenestetik.com\/wp-content\/uploads\/2023\/12\/asya-burun-estetigi-rinoplasti-1024x576.jpg 1024w, https:\/\/www.elevenestetik.com\/wp-content\/uploads\/2023\/12\/asya-burun-estetigi-rinoplasti-300x169.jpg 300w, https:\/\/www.elevenestetik.com\/wp-content\/uploads\/2023\/12\/asya-burun-estetigi-rinoplasti.jpg 1920w\" sizes=\"auto, (max-width: 1024px) 100vw, 1024px\"><\/div><\/div><\/div><\/div><div class=\"wpb_column vc_column_container us_custom_29737451\"><div class=\"vc_column-inner\"><div class=\"w-hwrapper us_custom_147c3537 valign_top stack_on_mobiles align_center\" style=\"--hwrapper-gap:3rem\"><div class=\"w-iconbox us_custom_f9f315b4 has_text_color iconpos_top style_default color_primary align_center\"><div class=\"w-iconbox-icon\" style=\"font-size:2rem;\"><i class=\"fas fa-hospital\"><\/i><\/div><div class=\"w-iconbox-meta\"><p class=\"w-iconbox-title\">Dauer des Krankenhausaufenthalts<\/p><div class=\"w-iconbox-text\"><p>1 Tag<\/p>\n<\/div><\/div><\/div><div class=\"w-iconbox us_custom_f9f315b4 has_text_color iconpos_top style_default color_primary align_center\"><div class=\"w-iconbox-icon\" style=\"font-size:2rem;\"><i class=\"fas fa-clock\"><\/i><\/div><div class=\"w-iconbox-meta\"><p class=\"w-iconbox-title\">Operation Dauer<\/p><div class=\"w-iconbox-text\"><p>2 &#8211; 4 Stunden<\/p>\n<\/div><\/div><\/div><div class=\"w-iconbox us_custom_f9f315b4 has_text_color iconpos_top style_default color_primary align_center\"><div class=\"w-iconbox-icon\" style=\"font-size:2rem;\"><i class=\"fas fa-stethoscope\"><\/i><\/div><div class=\"w-iconbox-meta\"><p class=\"w-iconbox-title\">An\u00e4sthesie Typ<\/p><div class=\"w-iconbox-text\"><p>Allgemeine An\u00e4sthesie<\/p>\n<\/div><\/div><\/div><div class=\"w-iconbox us_custom_f9f315b4 has_text_color iconpos_top style_default color_primary align_center\"><div class=\"w-iconbox-icon\" style=\"font-size:2rem;\"><i class=\"fas fa-hands-heart\"><\/i><\/div><div class=\"w-iconbox-meta\"><p class=\"w-iconbox-title\">Prozess der Wiederherstellung<\/p><div class=\"w-iconbox-text\"><p>1 Woche<\/p>\n<\/div><\/div><\/div><\/div><h6 class=\"w-text us_custom_d0e1c2ad\"><span class=\"w-text-h\"><span class=\"w-text-value\">Kontaktieren Sie uns f\u00fcr weitere Informationen.<\/span><\/span><\/h6><div class=\"w-btn-wrapper align_center\"><a class=\"w-btn us-btn-style_1\" href=\"https:\/\/wa.me\/+905011552511\" target=\"_blank\" rel=\"noopener\"><span class=\"w-btn-label\">Schreiben Sie auf WhatsApp<\/span><\/a><\/div><\/div><\/div><\/div><\/div><\/div><\/div><\/div><\/section><section class=\"l-section wpb_row us_custom_ddf21fbc height_large\"><div class=\"l-section-h i-cf\"><div class=\"g-cols vc_row via_grid cols_1 laptops-cols_inherit tablets-cols_inherit mobiles-cols_1 valign_top type_default stacking_default\"><div class=\"wpb_column vc_column_container\"><div class=\"vc_column-inner\"><div class=\"wpb_text_column\"><div class=\"wpb_wrapper\"><p>Die asiatische Rhinoplastik ist heute zu einer der beliebtesten Anwendungen der \u00e4sthetischen Chirurgie geworden. Diese Methode erm\u00f6glicht es, die Form und Gr\u00f6\u00dfe der Nase nach pers\u00f6nlichen Vorlieben umzugestalten und das Selbstvertrauen des Einzelnen zu st\u00e4rken. Die <strong>asiatische Rhinoplastik<\/strong> ist jedoch nicht nur ein \u00e4sthetischer Eingriff, sondern tr\u00e4gt auch dazu bei, ein harmonisches Aussehen mit den Gesichtsz\u00fcgen der Person zu erreichen. In diesem Artikel werden wir uns eingehend mit Themen wie Kuriosit\u00e4ten der asiatischen Rhinoplastik, Anwendungsmethoden und Heilungsprozess befassen. Dar\u00fcber hinaus m\u00f6chten wir unsere Leser umfassend informieren, indem wir h\u00e4ufig gestellte Fragen dar\u00fcber beantworten, f\u00fcr wen diese \u00e4sthetische Operation geeignet ist.    <\/p>\n<h2>Was ist eine asiatische Nasenkorrektur?<\/h2>\n<p>Die asiatische Nasenkorrektur ist ein chirurgischer Eingriff, der zu den Nasenkorrekturen geh\u00f6rt und in \u00dcbereinstimmung mit der Gesichtsstruktur und dem \u00e4sthetischen Verst\u00e4ndnis von Menschen asiatischer Herkunft konzipiert wurde. Diese Art von Operation wird durchgef\u00fchrt, um die Form, Gr\u00f6\u00dfe und Struktur der Nase zu ver\u00e4ndern. Ihr Ziel ist es nicht nur, \u00e4sthetische Werte zu erreichen, sondern auch das allgemeine Erscheinungsbild und das Selbstvertrauen der Person zu steigern.  <\/p>\n<h3>Wesentliche Merkmale<\/h3>\n<p>Die asiatische Rhinoplastik zielt darauf ab, eine Nase zu schaffen, die mit den Gesichtsz\u00fcgen kompatibel ist. Einige wichtige Punkte, die dabei zu beachten sind, sind folgende:<\/p>\n<ul>\n<li><strong>Gesichtsstruktur<\/strong>: Die Gesichtsz\u00fcge von Menschen asiatischer Herkunft unterscheiden sich in der Regel. Diese Struktur sollte bei rhinoplastischen Operationen ber\u00fccksichtigt werden. <\/li>\n<li><strong>\u00c4sthetische Normen<\/strong>: Das \u00e4sthetische Verst\u00e4ndnis von Menschen kann sich kulturell unterscheiden. Daher sollten die Anwendungen personalisiert sein. <\/li>\n<li><strong>Die Erfahrung des Chirurgen<\/strong>: Die Erfahrung des Chirurgen, der den Eingriff durchf\u00fchrt, ist ein entscheidender Faktor f\u00fcr ein erfolgreiches Ergebnis.<\/li>\n<\/ul>\n<h3>Fortgeschrittene Technologien<\/h3>\n<p>Mit der Entwicklung der \u00e4sthetischen Chirurgie in den letzten Jahren werden auch bei diesem Eingriff verschiedene Techniken und Technologien eingesetzt. Einige Methoden, die w\u00e4hrend des Eingriffs verwendet werden: <\/p>\n<ul>\n<li><strong>Geschlossene Methode<\/strong>: Der Chirurg \u00f6ffnet die Schnitte von der Innenseite der Nase aus und greift auf eine Weise ein, die von au\u00dfen nicht sichtbar ist. Bei dieser Methode bleiben weniger Narben zur\u00fcck. <\/li>\n<li><strong>Offene Methode<\/strong>: Es wird ein kleiner Schnitt an der Nasenspitze vorgenommen, der einen besseren Zugang zur gesamten Nasenstruktur erm\u00f6glicht. Diese Methode ist f\u00fcr komplexere Nasenstrukturen geeignet. <\/li>\n<\/ul>\n<h3>Warum bevorzugt?<\/h3>\n<p>Die asiatische Nasenkorrektur spielt eine wichtige Rolle, wenn es darum geht, die Nasenform zu erreichen, von der man tr\u00e4umt. Zu den Vorteilen dieser Methode geh\u00f6ren: <\/p>\n<ol>\n<li><strong>Pers\u00f6nliche Zufriedenheit<\/strong>: Wenn Menschen ihr Aussehen nicht m\u00f6gen, kann dieser Prozess die pers\u00f6nliche Zufriedenheit und das Selbstvertrauen steigern.<\/li>\n<li><strong>K\u00f6rperproportion<\/strong> Eine mit der Gesichtsstruktur kompatible Nasenkorrektur macht die K\u00f6rperproportionen ausgewogener.<\/li>\n<li><strong>Atemprobleme<\/strong>: Operationen aus \u00e4sthetischen Gr\u00fcnden k\u00f6nnen auch Atemprobleme mit konstruktiven Eingriffen l\u00f6sen.<\/li>\n<\/ol>\n<p>Zusammenfassend l\u00e4sst sich sagen, dass die asiatische Nasenkorrektur \u00e4sthetische Bedenken ausr\u00e4umt, indem sie individuelle L\u00f6sungen bietet und es dem Einzelnen erm\u00f6glicht, sich besser zu f\u00fchlen. Dabei sind eine sorgf\u00e4ltige Bewertung und die Erfahrung des Chirurgen von entscheidender Bedeutung. <\/p>\n<p><img loading=\"lazy\" decoding=\"async\" class=\"alignnone wp-image-3299 size-full\" src=\"https:\/\/www.elevenestetik.com\/wp-content\/uploads\/2024\/02\/asya-burun-estetigi.jpg\" alt=\"asia nose aesthetics\" width=\"1920\" height=\"1080\" srcset=\"https:\/\/www.elevenestetik.com\/wp-content\/uploads\/2024\/02\/asya-burun-estetigi.jpg 1920w, https:\/\/www.elevenestetik.com\/wp-content\/uploads\/2024\/02\/asya-burun-estetigi-300x169.jpg 300w, https:\/\/www.elevenestetik.com\/wp-content\/uploads\/2024\/02\/asya-burun-estetigi-1024x576.jpg 1024w\" sizes=\"auto, (max-width: 1920px) 100vw, 1920px\" \/><\/p>\n<h2>Asiatische Rhinoplastik Methoden<\/h2>\n<p>Die asiatische Rhinoplastik ist eine Art chirurgischer Eingriff, bei dem verschiedene Techniken zum Einsatz kommen. Diese Methoden variieren je nach den Bed\u00fcrfnissen des Patienten, seiner Nasenstruktur und seinen \u00e4sthetischen Erwartungen. Die am h\u00e4ufigsten verwendeten Methoden werden im Folgenden im Detail erl\u00e4utert.  <\/p>\n<h3>\u00c4sthetik der offenen Nase<\/h3>\n<p>Bei dieser Methode wird ein Einschnitt an der Nase vorgenommen. Der Chirurg hebt die Haut zwischen den Nasenl\u00f6chern an und erm\u00f6glicht so einen direkten Zugang zu den Knorpel- und Knochenstrukturen. <\/p>\n<ul>\n<li><strong>Vorteile:<\/strong>\n<ul>\n<li>Es bietet ein gr\u00f6\u00dferes Sichtfeld.<\/li>\n<li>Sie ist eine effektive Methode zur Korrektur komplexer Deformit\u00e4ten.<\/li>\n<\/ul>\n<\/li>\n<\/ul>\n<h3>Geschlossene Nase &#8211; \u00c4sthetik<\/h3>\n<p>Diese Technik wird mit Schnitten im Inneren der Nasenl\u00f6cher durchgef\u00fchrt. So wird die Nase geformt, ohne dass Narben an der Au\u00dfenseite zur\u00fcckbleiben. <\/p>\n<ul>\n<li><strong>Vorteile:<\/strong>\n<ul>\n<li>Der Heilungsprozess ist schneller.<\/li>\n<li>Die Wahrscheinlichkeit einer Narbenbildung nach dem chirurgischen Eingriff ist gering.<\/li>\n<\/ul>\n<\/li>\n<\/ul>\n<h3>Laser Nasenkorrektur<\/h3>\n<p>Die Lasermethode erm\u00f6glicht eine pr\u00e4zise Formung des Nasengewebes. Bei dieser Methode ist die M\u00f6glichkeit von Blutungen geringer und der Heilungsprozess wird beschleunigt. <\/p>\n<ul>\n<li><strong>Vorteile:<\/strong>\n<ul>\n<li>Geringes Risiko von Blutungen.<\/li>\n<li>An\u00e4sthesie, wo weniger n\u00f6tig ist.<\/li>\n<\/ul>\n<\/li>\n<\/ul>\n<h3>Nasenkorrektur<\/h3>\n<p>Rhinoplastik ist ein allgemeiner Begriff f\u00fcr die Verbesserung des Aussehens der Nase. Es gibt haupts\u00e4chlich zwei Arten: <\/p>\n<ol>\n<li><strong>\u00c4sthetische Nasenkorrektur:<\/strong> Konzentriert sich auf das Aussehen.<\/li>\n<li><strong>Funktionelle Rhinoplastik:<\/strong> Sie dient der Korrektur einer Nasenobstruktion oder von Atemproblemen.<\/li>\n<\/ol>\n<h3>Welche Methode w\u00e4hlen Sie?<\/h3>\n<p>Die Wahl der Methode h\u00e4ngt von den Empfehlungen des Chirurgen und der spezifischen Situation des Patienten ab. Hier sind einige Faktoren, die Sie bei Ihrer Wahl ber\u00fccksichtigen sollten: <\/p>\n<figure class=\"table\">\n<table>\n<thead>\n<tr>\n<th>Faktor<\/th>\n<th>\u00c4sthetik der offenen Nase<\/th>\n<th>Geschlossene Nasen\u00e4sthetik<\/th>\n<th>Laser-Rhinoplastik<\/th>\n<\/tr>\n<\/thead>\n<tbody>\n<tr>\n<td>Risiko der Narbenbildung<\/td>\n<td>Hoch<\/td>\n<td>Niedrig<\/td>\n<td>Niedrig<\/td>\n<\/tr>\n<tr>\n<td>Sichtfeld<\/td>\n<td>Weit<\/td>\n<td>Dar<\/td>\n<td>Dar<\/td>\n<\/tr>\n<tr>\n<td>Erholungszeit<\/td>\n<td>Zentrum<\/td>\n<td>Schnell<\/td>\n<td>Sehr schnell<\/td>\n<\/tr>\n<tr>\n<td>Effektiv in komplexen Situationen<\/td>\n<td>Ja<\/td>\n<td>Nein.<\/td>\n<td>Nein.<\/td>\n<\/tr>\n<\/tbody>\n<\/table>\n<\/figure>\n<p>Jede Methode sollte unter Ber\u00fccksichtigung des Zustands und der Erwartungen des jeweiligen Patienten bevorzugt werden. Es ist m\u00f6glich, unter der Anleitung von Fach\u00e4rzten ges\u00fcndere und \u00e4sthetischere Ergebnisse zu erzielen. <\/p>\n<p><img loading=\"lazy\" decoding=\"async\" class=\"alignnone wp-image-4355 size-full\" src=\"https:\/\/www.elevenestetik.com\/wp-content\/uploads\/2024\/03\/3.jpg\" alt=\"Asiatische Nasen\u00e4sthetik\" width=\"1920\" height=\"1080\" srcset=\"https:\/\/www.elevenestetik.com\/wp-content\/uploads\/2024\/03\/3.jpg 1920w, https:\/\/www.elevenestetik.com\/wp-content\/uploads\/2024\/03\/3-300x169.jpg 300w, https:\/\/www.elevenestetik.com\/wp-content\/uploads\/2024\/03\/3-1024x576.jpg 1024w\" sizes=\"auto, (max-width: 1920px) 100vw, 1920px\" \/><\/p>\n<h2>Wer ist f\u00fcr eine asiatische Nasenkorrektur geeignet?<\/h2>\n<p><strong>Die asiatische Rhinoplastik<\/strong> ist eine wichtige chirurgische Methode, die von vielen Menschen bevorzugt wird, um Beschwerden in der Nasenstruktur zu beseitigen und ihre \u00e4sthetischen Bedenken zu minimieren. Menschen, die von diesem Eingriff profitieren, m\u00fcssen jedoch bestimmte Kriterien erf\u00fcllen. Hier finden Sie die Details zu diesen Kriterien:  <\/p>\n<h3>W\u00e4hlbare Kandidaten<\/h3>\n<p><strong>Personen mit abgeschlossener Gesichtsentwicklung<\/strong><br \/>\nEine Rhinoplastik sollte nach der Pubert\u00e4t durchgef\u00fchrt werden, wenn die Gesichtsentwicklung abgeschlossen ist. Im Allgemeinen ist dies ab dem 18. Lebensjahr sowohl f\u00fcr Frauen als auch f\u00fcr M\u00e4nner ein geeigneter Zeitraum. Da die Gesichtsentwicklung noch nicht vollst\u00e4ndig abgeschlossen ist, kann sich auch die Nasenstruktur ver\u00e4ndern.  <\/p>\n<p><strong>Menschen mit \u00e4sthetischen oder funktionellen Problemen<\/strong><br \/>\nMenschen, die ein visuelles oder funktionelles Problem in der Nasenstruktur haben, k\u00f6nnen diese Operation sowohl im Hinblick auf Atemprobleme als auch im Hinblick auf \u00e4sthetische Bedenken in Betracht ziehen. Zum Beispiel <\/p>\n<ul>\n<li>Nasenbogen<\/li>\n<li>H\u00e4ngende Nasenspitze<\/li>\n<li>Asymmetrische Nasenstruktur<\/li>\n<li>Nasenverstopfung<\/li>\n<\/ul>\n<p><strong>Personen in gutem Gesundheitszustand<\/strong><br \/>\nEin g\u00fcnstiger Gesundheitszustand ist entscheidend, um auf einen chirurgischen Eingriff zu reagieren.<\/p>\n<ul>\n<li>Menschen mit chronischen Krankheiten wie Diabetes und Bluthochdruck sollten zun\u00e4chst ein ausf\u00fchrliches Gespr\u00e4ch mit ihrem Arzt f\u00fchren.<\/li>\n<li>Auch Raucher sollten diese Angewohnheit auf ein Minimum reduzieren, da sie den Heilungsprozess beeintr\u00e4chtigen kann.<\/li>\n<\/ul>\n<h3>Empfehlungen von \u00c4rzten<\/h3>\n<ul>\n<li><strong>Auswahl des Arztes<\/strong>: Es ist von Vorteil, wenn der Eingriff von einem Spezialisten durchgef\u00fchrt wird, der ein Meister der \u00e4sthetischen Chirurgie ist. Der Arzt kann schnell zu einer Planung \u00fcbergehen, die auf die Gesichtsstruktur und die Erwartungen des Patienten abgestimmt ist. <\/li>\n<li><strong>Konsultationen<\/strong>: Ein potenzieller Kandidat sollte den Arzt zu einer Routineuntersuchung aufsuchen und die Struktur der Nase besprechen.<\/li>\n<\/ul>\n<h3>Ist das \u00c4u\u00dfere wichtig?<\/h3>\n<p>Die Beweggr\u00fcnde der Menschen f\u00fcr ihre \u00e4sthetischen Anliegen sind unterschiedlich. Daher sollten Sie unter Ber\u00fccksichtigung der pers\u00f6nlichen Gr\u00fcnde die folgenden Situationen ber\u00fccksichtigen: <\/p>\n<ul>\n<li><strong>Das von der Person empfundene Unbehagen<\/strong>: Diese Art der Anwendung kann f\u00fcr Personen wichtig sein, die aufgrund der Form der Nase Schwierigkeiten im sozialen Leben haben.<\/li>\n<li><strong>Die Suche nach einem neuen Look<\/strong>: Diejenigen, die nach einer Ver\u00e4nderung ihres Aussehens und ihres Selbstbewusstseins suchen, k\u00f6nnen zu den geeigneten Kandidaten gez\u00e4hlt werden.<\/li>\n<\/ul>\n<p><strong>Folglich<\/strong> ist die Rhinoplastik auf bestimmte Kriterien beschr\u00e4nkt. Der pers\u00f6nliche Gesundheitszustand, die \u00e4sthetischen Erwartungen und die Untersuchungsergebnisse sind die wichtigsten Faktoren, die \u00fcber die Eignung des Eingriffs entscheiden. Eine Entscheidung im Einklang mit den Empfehlungen des Arztes mit einer umfassenden Bewertung ist sehr wichtig, um das beste Ergebnis zu erzielen.  <\/p>\n<h2>Erholungsprozess nach einer asiatischen Nasenkorrektur<\/h2>\n<p>Nach der <a href=\"https:\/\/www.elevenestetik.com\/de\/nasenkorrektur\/\">Rhinoplastik-Operation<\/a> sind einige Ver\u00e4nderungen im Lebensstandard der Patienten zu beobachten. Dieser Prozess kann je nach der k\u00f6rperlichen Verfassung des Patienten und dem durchgef\u00fchrten Eingriff variieren. Im Allgemeinen besteht der Heilungsprozess jedoch aus den folgenden Phasen:  <\/p>\n<h3>Fr\u00fche Tage<\/h3>\n<ul>\n<li><strong>Schwellungen und Bluterg\u00fcsse<\/strong>: In den ersten 24-48 Stunden k\u00f6nnen Schwellungen und Bluterg\u00fcsse um die Nase herum auftreten. Dies ist eine nat\u00fcrliche Folge des Eingriffs und wird mit der Zeit zur\u00fcckgehen. <\/li>\n<li><strong>Schmerzen und Unbehagen:<\/strong> Ein leichtes bis m\u00e4\u00dfiges Schmerzempfinden ist normal. Sie k\u00f6nnen die vom Arzt empfohlenen Schmerzmittel einnehmen. <\/li>\n<li><strong>Verwendung von B\u00e4ndern und Schienen:<\/strong> Nach der Operation wird der Arzt Sie dar\u00fcber informieren, dass Sie spezielle B\u00e4nder und Schienen verwenden m\u00fcssen, um die Nase zu st\u00fctzen.<\/li>\n<\/ul>\n<h3>Erste Woche<\/h3>\n<ul>\n<li><strong>Erste Kontrolluntersuchung:<\/strong> Sie sollten 5-7 Tage nach der Operation zu Ihrem Arzt gehen. Dabei werden normalerweise die Schienen und B\u00e4nder entfernt. <\/li>\n<li><strong>Abheilung der N\u00e4hte:<\/strong> N\u00e4hte in der Nase k\u00f6nnen sich aufl\u00f6sen oder m\u00fcssen entfernt werden. Es ist wichtig, dass Sie sich bei Ihrem Arzt dar\u00fcber informieren, wie Sie diese N\u00e4hte behandeln. <\/li>\n<li><strong>Einschr\u00e4nkung der k\u00f6rperlichen Aktivit\u00e4t:<\/strong> Schwere Aktivit\u00e4ten, Sport und Situationen, die die Nase treffen k\u00f6nnten, sollten f\u00fcr etwa eine Woche vermieden werden.<\/li>\n<\/ul>\n<h3>Dauer der Erholungsphase<\/h3>\n<ul>\n<li><strong>Vollst\u00e4ndige Genesung:<\/strong> Im Allgemeinen dauert der vollst\u00e4ndige Genesungsprozess nach einer Nasenkorrektur zwischen 6 Monaten und 1 Jahr. W\u00e4hrend dieser Zeit werden sich die Form und die Empfindlichkeit der Nase im Laufe des Jahres langsam einpendeln. <\/li>\n<li><strong>Bewertung der Ergebnisse:<\/strong> Obwohl die Ergebnisse bereits in den ersten Monaten sichtbar sind, muss eine gewisse Zeit abgewartet werden, bis sich die Nasenform vollst\u00e4ndig eingependelt hat. Daher ist es notwendig, geduldig zu sein. <\/li>\n<\/ul>\n<h3>Tipps zur Beschleunigung des Heilungsprozesses<\/h3>\n<ul>\n<li><strong>Ruhe<\/strong> Ausreichende Ruhe ist wichtig, damit sich der K\u00f6rper erholen kann.<\/li>\n<li><strong>Anlegen einer kalten Kompresse:<\/strong> In den ersten Tagen kann es sinnvoll sein, eine kalte Kompresse auf die Nase zu legen, um die Schwellung zu reduzieren.<\/li>\n<li><strong>Regelm\u00e4\u00dfige Kontrolluntersuchungen:<\/strong> Halten Sie Ihre Arzttermine ohne Unterbrechung ein. Wenn Sie die Anweisungen Ihres Arztes in jeder Phase befolgen, beschleunigen Sie Ihren Genesungsprozess. <\/li>\n<\/ul>\n<figure class=\"table\">\n<table>\n<thead>\n<tr>\n<th>Erholungsphase<\/th>\n<th>Was zu tun ist<\/th>\n<\/tr>\n<\/thead>\n<tbody>\n<tr>\n<td>Fr\u00fche Tage<\/td>\n<td>&#8211; Verwendung von Schmerzmitteln<br \/>\n&#8211; Fortgesetzte Verwendung von B\u00e4ndern und Schienen<\/td>\n<\/tr>\n<tr>\n<td>Erste Woche<\/td>\n<td>&#8211; Einen Arzt aufsuchen<br \/>\n&#8211; K\u00f6rperliche Aktivit\u00e4t meiden<\/td>\n<\/tr>\n<tr>\n<td>1-6 Monate<\/td>\n<td>&#8211; Leichte T\u00e4tigkeiten ausf\u00fchren<br \/>\n&#8211; Beobachten der Ergebnisse<\/td>\n<\/tr>\n<tr>\n<td>6-12 Monate<\/td>\n<td>&#8211; Warten auf das vollst\u00e4ndige Ergebnis<br \/>\n&#8211; Zulassen des nat\u00fcrlichen Aussehens<\/td>\n<\/tr>\n<\/tbody>\n<\/table>\n<\/figure>\n<p>Dieser Prozess kann bei jedem Menschen anders verlaufen. Wichtig ist, dass Sie sich an die Empfehlungen des Arztes halten und den Prozess sorgf\u00e4ltig durchlaufen. <\/p>\n<h2>H\u00e4ufig gestellte Fragen zur asiatischen Nasenkorrektur<\/h2>\n<p>Eine Nasenkorrektur ist f\u00fcr viele Menschen eine wichtige Lebensentscheidung. Einige h\u00e4ufig gestellte Fragen, insbesondere zur <strong>asiatischen Rhinoplastik<\/strong>, k\u00f6nnen potenziellen Patienten helfen, sich zu informieren und die richtige Entscheidung zu treffen. Hier finden Sie einige h\u00e4ufig gestellte Fragen und Antworten:  <\/p>\n<figure class=\"table\">\n<table>\n<thead>\n<tr>\n<th>Frage<\/th>\n<th>Antwort<\/th>\n<\/tr>\n<\/thead>\n<tbody>\n<tr>\n<td>Was ist das beste Alter f\u00fcr eine Nasenkorrektur?<\/td>\n<td>Im Allgemeinen liegt das empfohlene Idealalter f\u00fcr eine Nasenkorrektur zwischen 18 und 40 Jahren. Allerdings ist die Situation bei jedem Menschen anders; eine \u00e4rztliche Untersuchung ist erforderlich. <\/td>\n<\/tr>\n<tr>\n<td>Wie lange dauert die Operation?<\/td>\n<td>Eine Nasenkorrektur dauert normalerweise zwischen 1,5 und 3 Stunden. Diese Zeit kann jedoch je nach der angewandten Methode und dem Zustand des Patienten variieren. <\/td>\n<\/tr>\n<tr>\n<td>Wie l\u00e4uft der postoperative Genesungsprozess ab?<\/td>\n<td>In den ersten Tagen k\u00f6nnen Bluterg\u00fcsse und Schwellungen auftreten. Normalerweise ist es m\u00f6glich, innerhalb von 1 Woche zu normalen Aktivit\u00e4ten zur\u00fcckzukehren, aber die vollst\u00e4ndige Genesung kann mehrere Monate dauern. <\/td>\n<\/tr>\n<tr>\n<td>Wird mein Aussehen sofort nach der \u00e4sthetischen Operation wieder klar?<\/td>\n<td>Nein, es kann bis zu 6 Monate dauern, bis sich die Form der Nase vollst\u00e4ndig eingependelt hat. Schwellungen in der Anfangsphase k\u00f6nnen die Wirkung des Ergebnisses verdecken. <\/td>\n<\/tr>\n<tr>\n<td>Ist eine lokale An\u00e4sthesie ausreichend?<\/td>\n<td>Je nach Art des Eingriffs kann sowohl eine Lokalan\u00e4sthesie als auch eine Vollnarkose verwendet werden. Die Art der An\u00e4sthesie wird zwischen dem Arzt und dem Patienten vereinbart. <\/td>\n<\/tr>\n<tr>\n<td>W\u00e4re es notwendig, den Vorgang zu wiederholen?<\/td>\n<td>Falls erforderlich, kann ein erneuter Eingriff notwendig sein. Wenn jedoch ein gutes Ergebnis erzielt wurde, ist eine zweite Operation in der Regel nicht notwendig. <\/td>\n<\/tr>\n<\/tbody>\n<\/table>\n<\/figure>\n<h3>Extra Informationen<\/h3>\n<ul>\n<li><strong>Geeignete Seiten evaluieren:<\/strong> Die Eignung von Personen f\u00fcr eine \u00e4sthetische Operation wird anhand der Gesichtsstruktur, der Hautqualit\u00e4t und des allgemeinen Gesundheitszustands beurteilt.<\/li>\n<li><strong>Auswahl des Arztes:<\/strong> Die Wahl eines erfahrenen und kompetenten plastischen Chirurgen ist einer der wichtigsten Schritte, um ein erfolgreiches Ergebnis zu erzielen.<\/li>\n<li><strong>Nat\u00fcrlichkeit der Ergebnisse:<\/strong> Dank der modernen Techniken ist es m\u00f6glich, ein nat\u00fcrlicheres Aussehen zu erzielen. Daher ist es wichtig, dass Sie Ihrem Arzt Ihre W\u00fcnsche deutlich mitteilen. <\/li>\n<\/ul>\n<p>Diese Informationen sind ein Leitfaden f\u00fcr Personen, die eine <strong>asiatische Nasenkorrektur<\/strong> in Betracht ziehen. Es ist immer sinnvoll, sich an einen Facharzt zu wenden, um die genauesten und aktuellsten Informationen zu erhalten. <\/p>\n<\/div><\/div><\/div><\/div><\/div><\/div><\/section><section class=\"l-section wpb_row us_custom_315b8835 height_medium color_footer-bottom\"><div class=\"l-section-h i-cf\"><div class=\"g-cols vc_row via_grid cols_1 laptops-cols_inherit tablets-cols_inherit mobiles-cols_1 valign_middle type_default stacking_default\"><div class=\"wpb_column vc_column_container\"><div class=\"vc_column-inner\"><div class=\"g-cols wpb_row us_custom_ee246b62 has_text_color via_grid cols_2 laptops-cols_inherit tablets-cols_1 mobiles-cols_1 valign_middle type_default stacking_default\" style=\"--columns-gap:0rem;\"><div class=\"wpb_column vc_column_container us_custom_2c279b99\"><div class=\"vc_column-inner\"><div class=\"w-text us_custom_a5df9810 has_text_color\"><span class=\"w-text-h\"><span class=\"w-text-value\">Erhalten Sie jetzt Informationen und Unterst\u00fctzung<\/span><\/span><\/div><h2 class=\"w-text\"><span class=\"w-text-h\"><span class=\"w-text-value\">Fordern Sie eine kostenlose Beratung an.<\/span><\/span><\/h2><\/div><\/div><div class=\"wpb_column vc_column_container us_custom_16154244\"><div class=\"vc_column-inner\"><div class=\"w-btn-wrapper default_align_right laptops_align_right tablets_align_left mobiles_align_left\"><a class=\"w-btn us-btn-style_2 us_custom_b4198c51\" href=\"https:\/\/www.elevenestetik.com\/de\/kontakt\/\"><span class=\"w-btn-label\">Einen Termin erstellen<\/span><\/a><\/div><\/div><\/div><\/div><\/div><\/div><\/div><\/div><\/section>\n","protected":false},"excerpt":{"rendered":"Asiatische Nasen\u00e4sthetikDauer des Krankenhausaufenthalts1 Tag Operation Dauer2 - 4 Stunden An\u00e4sthesie TypAllgemeine An\u00e4sthesie Prozess der Wiederherstellung1 Woche Kontaktieren Sie uns f\u00fcr weitere Informationen.Schreiben Sie auf WhatsAppDie asiatische Rhinoplastik ist heute zu einer der beliebtesten Anwendungen der \u00e4sthetischen Chirurgie geworden. Diese Methode erm\u00f6glicht es, die Form und Gr\u00f6\u00dfe der Nase nach pers\u00f6nlichen Vorlieben umzugestalten und das...","protected":false},"author":1,"featured_media":2899,"parent":0,"menu_order":0,"comment_status":"closed","ping_status":"closed","template":"","meta":{"rank_math_focus_keyword":"asia nose aesthetics","rank_math_description":"Informieren Sie sich ausf\u00fchrlich dar\u00fcber, was eine asiatische Nasenkorrektur ist, \u00fcber Methoden, Eignung und Heilungsprozess!","footnotes":""},"class_list":["post-6208","page","type-page","status-publish","has-post-thumbnail","hentry"],"_links":{"self":[{"href":"https:\/\/www.elevenestetik.com\/de\/wp-json\/wp\/v2\/pages\/6208","targetHints":{"allow":["GET"]}}],"collection":[{"href":"https:\/\/www.elevenestetik.com\/de\/wp-json\/wp\/v2\/pages"}],"about":[{"href":"https:\/\/www.elevenestetik.com\/de\/wp-json\/wp\/v2\/types\/page"}],"author":[{"embeddable":true,"href":"https:\/\/www.elevenestetik.com\/de\/wp-json\/wp\/v2\/users\/1"}],"replies":[{"embeddable":true,"href":"https:\/\/www.elevenestetik.com\/de\/wp-json\/wp\/v2\/comments?post=6208"}],"version-history":[{"count":11,"href":"https:\/\/www.elevenestetik.com\/de\/wp-json\/wp\/v2\/pages\/6208\/revisions"}],"predecessor-version":[{"id":7745,"href":"https:\/\/www.elevenestetik.com\/de\/wp-json\/wp\/v2\/pages\/6208\/revisions\/7745"}],"wp:featuredmedia":[{"embeddable":true,"href":"https:\/\/www.elevenestetik.com\/de\/wp-json\/wp\/v2\/media\/2899"}],"wp:attachment":[{"href":"https:\/\/www.elevenestetik.com\/de\/wp-json\/wp\/v2\/media?parent=6208"}],"curies":[{"name":"wp","href":"https:\/\/api.w.org\/{rel}","templated":true}]}}