{"id":6010,"date":"2026-01-26T09:04:47","date_gmt":"2026-01-26T06:04:47","guid":{"rendered":"https:\/\/www.elevenestetik.com\/barttransplantation\/"},"modified":"2026-01-26T09:06:49","modified_gmt":"2026-01-26T06:06:49","slug":"barttransplantation","status":"publish","type":"page","link":"https:\/\/www.elevenestetik.com\/de\/barttransplantation\/","title":{"rendered":"Barttransplantation"},"content":{"rendered":"<section class=\"l-section wpb_row us_custom_4e2a4f93 height_large\"><div class=\"l-section-h i-cf\"><div class=\"g-cols vc_row via_grid cols_1 laptops-cols_inherit tablets-cols_inherit mobiles-cols_1 valign_top type_default stacking_default\"><div class=\"wpb_column vc_column_container\"><div class=\"vc_column-inner\"><h1 class=\"w-text us_custom_28784076 has_text_color\"><span class=\"w-text-h\"><span class=\"w-text-value\">Barttransplantation \u00c4sthetik<\/span><\/span><\/h1><\/div><\/div><\/div><\/div><\/section><section class=\"l-section wpb_row us_custom_6179e1d8 height_large width_full\"><div class=\"l-section-h i-cf\"><div class=\"g-cols vc_row via_grid cols_1 laptops-cols_inherit tablets-cols_inherit mobiles-cols_1 valign_top type_default stacking_default\"><div class=\"wpb_column vc_column_container\"><div class=\"vc_column-inner\"><div class=\"g-cols wpb_row via_grid cols_2 laptops-cols_inherit tablets-cols_inherit mobiles-cols_1 valign_top type_default stacking_default\" style=\"--columns-gap:2rem;\"><div class=\"wpb_column vc_column_container\"><div class=\"vc_column-inner\"><div class=\"w-image us_custom_9cf479d2 align_none\"><div class=\"w-image-h\"><img decoding=\"async\" width=\"1024\" height=\"574\" src=\"https:\/\/www.elevenestetik.com\/wp-content\/uploads\/2024\/02\/sakal-ekimi.jpg\" class=\"attachment-large size-large\" alt=\"\" loading=\"lazy\" srcset=\"https:\/\/www.elevenestetik.com\/wp-content\/uploads\/2024\/02\/sakal-ekimi.jpg 1024w, https:\/\/www.elevenestetik.com\/wp-content\/uploads\/2024\/02\/sakal-ekimi-300x168.jpg 300w\" sizes=\"auto, (max-width: 1024px) 100vw, 1024px\"><\/div><\/div><\/div><\/div><div class=\"wpb_column vc_column_container us_custom_29737451\"><div class=\"vc_column-inner\"><div class=\"w-hwrapper us_custom_147c3537 valign_top stack_on_mobiles align_center\" style=\"--hwrapper-gap:3rem\"><div class=\"w-iconbox us_custom_f9f315b4 has_text_color iconpos_top style_default color_primary align_center\"><div class=\"w-iconbox-icon\" style=\"font-size:2rem;\"><i class=\"fas fa-hospital\"><\/i><\/div><div class=\"w-iconbox-meta\"><p class=\"w-iconbox-title\">Dauer des Krankenhausaufenthalts<\/p><div class=\"w-iconbox-text\"><p>Kein Krankenhausaufenthalt<\/p>\n<\/div><\/div><\/div><div class=\"w-iconbox us_custom_f9f315b4 has_text_color iconpos_top style_default color_primary align_center\"><div class=\"w-iconbox-icon\" style=\"font-size:2rem;\"><i class=\"fas fa-clock\"><\/i><\/div><div class=\"w-iconbox-meta\"><p class=\"w-iconbox-title\">Operation Dauer<\/p><div class=\"w-iconbox-text\"><p>4 &#8211; 8 Stunden<\/p>\n<\/div><\/div><\/div><div class=\"w-iconbox us_custom_f9f315b4 has_text_color iconpos_top style_default color_primary align_center\"><div class=\"w-iconbox-icon\" style=\"font-size:2rem;\"><i class=\"fas fa-stethoscope\"><\/i><\/div><div class=\"w-iconbox-meta\"><p class=\"w-iconbox-title\">An\u00e4sthesie Typ<\/p><div class=\"w-iconbox-text\"><p>Lokale An\u00e4sthesie<\/p>\n<\/div><\/div><\/div><div class=\"w-iconbox us_custom_f9f315b4 has_text_color iconpos_top style_default color_primary align_center\"><div class=\"w-iconbox-icon\" style=\"font-size:2rem;\"><i class=\"fas fa-hands-heart\"><\/i><\/div><div class=\"w-iconbox-meta\"><p class=\"w-iconbox-title\">Prozess der Wiederherstellung<\/p><div class=\"w-iconbox-text\"><p>1 &#8211; 2 Wochen<\/p>\n<\/div><\/div><\/div><\/div><h6 class=\"w-text us_custom_d0e1c2ad\"><span class=\"w-text-h\"><span class=\"w-text-value\">Kontaktieren Sie uns f\u00fcr weitere Informationen.<\/span><\/span><\/h6><div class=\"w-btn-wrapper align_center\"><a class=\"w-btn us-btn-style_1\" href=\"https:\/\/wa.me\/+905011552511\" target=\"_blank\" rel=\"noopener\"><span class=\"w-btn-label\">Schreiben Sie auf WhatsApp<\/span><\/a><\/div><\/div><\/div><\/div><\/div><\/div><\/div><\/div><\/section><section class=\"l-section wpb_row us_custom_ddf21fbc height_large\"><div class=\"l-section-h i-cf\"><div class=\"g-cols vc_row via_grid cols_1 laptops-cols_inherit tablets-cols_inherit mobiles-cols_1 valign_top type_default stacking_default\"><div class=\"wpb_column vc_column_container\"><div class=\"vc_column-inner\"><div class=\"wpb_text_column\"><div class=\"wpb_wrapper\"><p>Die Barttransplantation hat sich in den letzten Jahren zu einer beliebten Anwendung entwickelt, die von M\u00e4nnern bevorzugt wird, um ihr \u00e4sthetisches und pers\u00f6nliches Aussehen zu verbessern. In diesem Artikel beantworten wir neugierige Fragen, wie z.B. was eine <strong>Barttransplantation<\/strong> ist, welche <strong>Methoden zur Barttransplantation<\/strong> verwendet werden und wie <strong>hoch die Preise f\u00fcr eine Barttransplantation<\/strong> sind. Au\u00dferdem erl\u00e4utern wir Ihnen die einzelnen Schritte der <strong>Barttransplantation<\/strong> und geben Ihnen Tipps f\u00fcr die Pflege nach dem Eingriff. Auf diese Weise m\u00f6chten wir Ihnen mit umfassenden Informationen zur Barttransplantation helfen, eine Entscheidung zu treffen.   <\/p>\n<h2>Was ist eine Barttransplantation?<\/h2>\n<p>Die <strong>Barttransplantation<\/strong> ist ein chirurgischer Eingriff im Gesichtsbereich von M\u00e4nnern, insbesondere unter dem Kinn, an den Wangen und oberhalb der Lippen, um den Bartbereichen ein nat\u00fcrliches Aussehen zu verleihen. Dieses Verfahren wird im Allgemeinen bei Personen mit fehlendem oder sp\u00e4rlichem Bartwuchs bevorzugt. Die Barttransplantation ist heute zu einem beliebten Bereich der \u00e4sthetischen Chirurgie geworden und bietet f\u00fcr viele M\u00e4nner eine ideale L\u00f6sung.  <\/p>\n<p>Der Hauptzweck der Barttransplantation steht im Zusammenhang mit Bartverlust, sp\u00e4rlicher Bartstruktur oder der Schaffung der gew\u00fcnschten Bartform, die bei M\u00e4nnern h\u00e4ufig vorkommen. Bei diesem Verfahren werden in der Regel die eigenen Haarfollikel aus dem Hinterkopf entnommen und in den Bartbereich verpflanzt. Diese Methode sorgt f\u00fcr ein nat\u00fcrliches Aussehen und spielt eine wichtige Rolle bei der St\u00e4rkung des Selbstbewusstseins.  <\/p>\n<p>Die g\u00e4ngigsten <strong>Barttransplantationsmethoden<\/strong> sind FUE (Follicular Unit Extraction) und DHI (Direct Hair Implantation). Bei der FUE-Methode werden die Haarfollikel einzeln entnommen und im Bartbereich platziert, w\u00e4hrend bei der DHI-Methode ein direkter und schnellerer Transplantationsprozess mit einem speziellen Implantationswerkzeug durchgef\u00fchrt wird. Beide Methoden bieten unterschiedliche Vorteile. W\u00e4hrend die FUE-Methode beispielsweise durch ihre geringere Narbenbildung auff\u00e4llt, bietet die DHI-Methode einen schnelleren Heilungsprozess.   <\/p>\n<p>Eine Barttransplantation bietet nicht nur \u00e4sthetisch, sondern auch psychologisch erhebliche Vorteile. Viele M\u00e4nner glauben, dass ein markanterer und gepflegter Bart ihr Selbstvertrauen st\u00e4rkt. Menschen, die st\u00e4ndig einen ungepflegten und sp\u00e4rlichen Bart haben, erleben durch diesen Eingriff eine Ver\u00e4nderung, sowohl k\u00f6rperlich als auch emotional.  <\/p>\n<p>Infolgedessen ist die <strong>Barttransplantation<\/strong> bei M\u00e4nnern eine g\u00e4ngige Praxis, sowohl aus \u00e4sthetischer Notwendigkeit als auch aus pers\u00f6nlicher Vorliebe. Diese Methode f\u00fchrt zu erfolgreichen Ergebnissen und kann die Erwartungen des Einzelnen erf\u00fcllen, wenn sie von dem richtigen Spezialisten durchgef\u00fchrt wird. <\/p>\n<h2><img loading=\"lazy\" decoding=\"async\" src=\"https:\/\/www.elevenestetik.com\/wp-content\/uploads\/2024\/02\/Sakal-Ekimi-Nasil-Yapilir.jpg\" alt=\"\" width=\"1920\" height=\"1080\"><\/h2>\n<h2>Methoden der Barttransplantation<\/h2>\n<p>Die Barttransplantation ist zu einem \u00e4sthetischen Verfahren geworden, das die Aufmerksamkeit von immer mehr M\u00e4nnern erregt. Der Erfolg dieses Verfahrens h\u00e4ngt von den verwendeten <strong>Barttransplantationsmethoden<\/strong>ab. Welche Methoden gibt es also und in welchen F\u00e4llen werden sie bevorzugt?  <\/p>\n<p>Die <strong>FUT (Follicular Unit Transplantation)<\/strong> ist eine der \u00e4ltesten und h\u00e4ufigsten Methoden der Barttransplantation. Bei dieser Methode werden gesunde follikul\u00e4re Einheiten aus der Kopfhaut entnommen und in Bereiche transplantiert, in denen der Bart sp\u00e4rlich ist. Der Vorteil der FUT-Methode ist, dass sie in der Regel eine schnellere Abdeckung gro\u00dfer Fl\u00e4chen erm\u00f6glicht. Allerdings birgt diese Methode das Risiko, dass hinterher eine sichtbare Narbe zur\u00fcckbleibt.   <\/p>\n<p>Eine weitere g\u00e4ngige Methode ist die <strong>FUE-Technik (Follicular Unit Extraction)<\/strong>. Diese Methode basiert auf dem Prinzip, die Haarfollikel einzeln zu entnehmen und im Bartbereich zu platzieren. Auf diese Weise wird die Narbenbildung nach dem Eingriff minimiert. Obwohl die FUE weniger invasiv ist, kann sie mehr Zeit in Anspruch nehmen und ist in der Regel mit h\u00f6heren Kosten verbunden.   <\/p>\n<p>In den letzten Jahren hat die <strong>DHI-Methode (Direkt-Haartransplantation)<\/strong> mit der sich entwickelnden Technologie an Popularit\u00e4t gewonnen. Bei der DHI k\u00f6nnen Haarfollikel mit Hilfe eines speziellen Stifts direkt an die gew\u00fcnschten Stellen verpflanzt werden. Der gr\u00f6\u00dfte Vorteil dieser Methode ist, dass ein nat\u00fcrlicheres und dichteres Ergebnis erzielt wird. Dar\u00fcber hinaus macht die Barttransplantation mit der DHI-Methode durch die Verk\u00fcrzung des Heilungsprozesses auf sich aufmerksam.   <\/p>\n<p>Zu den Methoden der Barttransplantation geh\u00f6ren auch Systeme der neuen Generation wie die <strong>Robotic Hair Restoration<\/strong>. Diese Robotersysteme bieten eine hohe Pr\u00e4zision bei der Entnahme und Platzierung der Haarfollikel und tragen dazu bei, weniger Sch\u00e4den und bessere Ergebnisse zu erzielen. <\/p>\n<p>Jede Methode hat ihre eigenen Vor- und Nachteile. Daher ist es f\u00fcr Personen, die eine Barttransplantation in Erw\u00e4gung ziehen, wichtig, die geeignete Methode unter Ber\u00fccksichtigung ihrer pers\u00f6nlichen Bed\u00fcrfnisse, ihres Budgets und ihrer \u00e4sthetischen Erwartungen zu w\u00e4hlen. So k\u00f6nnen Sie mit der richtigen <strong>Barttransplantation<\/strong> das gew\u00fcnschte Aussehen erreichen. Wenn Sie zus\u00e4tzliche Pflegetipps f\u00fcr die Zeit nach dem Eingriff beachten, wird der Erfolg des Verfahrens gesteigert.   <\/p>\n<h2>Barttransplantation Preise<\/h2>\n<p>Die Barttransplantation ist in den letzten Jahren zu einer g\u00e4ngigen Methode geworden, die sowohl \u00e4sthetischen Bedenken als auch pers\u00f6nlichen Vorlieben Rechnung tr\u00e4gt. Die <strong>Preise f\u00fcr eine Barttransplantation<\/strong> sind jedoch eine der kuriosesten Fragen. Die Preise variieren in der Regel in Abh\u00e4ngigkeit von vielen Faktoren. Zu diesen Faktoren geh\u00f6ren die f\u00fcr die Transplantation bevorzugte Methode, die Klinik, in der die Anwendung durchgef\u00fchrt wird, der Grad der Expertise des Arztes und regionale Unterschiede.   <\/p>\n<p>Zun\u00e4chst einmal sind die g\u00e4ngigsten <strong>Barttransplantationsmethoden<\/strong> FUE (Follicular Unit Extraction) und FUT (Follicular Unit Transplantation). Sowohl die FUE- als auch die FUT-Methode k\u00f6nnen sich in Bezug auf den Preis unterscheiden. So erfordert die FUE-Methode in der Regel mehr Arbeit und Zeit, was die Kosten etwas erh\u00f6hen kann. Allerdings werden beide Methoden mit einer hohen Erfolgsquote bevorzugt.   <\/p>\n<p>Dar\u00fcber hinaus sind auch die bei der <strong>Barttransplantation<\/strong> verwendeten Materialien und Ger\u00e4te ein wichtiger Faktor, der die Kosten beeinflusst. Die Verwendung hochwertiger und moderner Ger\u00e4te erh\u00f6ht zwar die Qualit\u00e4t der Ergebnisse, aber es sollte nicht vergessen werden, dass sich dies auch im Preis niederschl\u00e4gt. Die w\u00e4hrend der Behandlung verwendeten Medikamente und zus\u00e4tzliche Behandlungsmethoden, die bei Bedarf angewendet werden, k\u00f6nnen sich ebenfalls auf die Gesamtkosten auswirken.  <\/p>\n<p>Auch regionale Unterschiede spielen bei den Kosten eine wichtige Rolle. Kliniken in Gro\u00dfst\u00e4dten bieten in der Regel h\u00f6here Preise. Dies ist jedoch nicht immer eine Garantie f\u00fcr bessere Qualit\u00e4t. Daher ist es wichtig, dass Sie sich informieren und auf die Referenzen der \u00c4rzte achten.  <\/p>\n<p>Daher h\u00e4ngen die <strong>Preise f\u00fcr Barttransplantationen<\/strong> von vielen Variablen ab und lassen sich nicht genau beziffern. Daher wird potenziellen Patienten empfohlen, sich mit verschiedenen Kliniken in Verbindung zu setzen und detaillierte Nachforschungen anzustellen, um genaue Informationen \u00fcber die Preise zu erhalten. Auf diese Weise k\u00f6nnen Sie sowohl die f\u00fcr Ihre Bed\u00fcrfnisse am besten geeignete Behandlungsmethode w\u00e4hlen als auch den besten Preis f\u00fcr Ihr Budget finden.  <\/p>\n<h2>Barttransplantation Behandlungsprozess<\/h2>\n<p>Der Behandlungsprozess der Barttransplantation wird individuell nach den W\u00fcnschen und Bed\u00fcrfnissen des Einzelnen geplant. Dieser Prozess besteht in der Regel aus mehreren Phasen und jede Phase muss sorgf\u00e4ltig durchgef\u00fchrt werden, um ein erfolgreiches Ergebnis zu erzielen. <\/p>\n<p>Zun\u00e4chst bildet die Konsultation eines Spezialisten f\u00fcr die <strong>Barttransplantationsbehandlung<\/strong> die Grundlage des Prozesses. Der Spezialist bestimmt die am besten geeignete Methode, indem er die Hautstruktur, die Bartdichte und die Erwartungen des Patienten beurteilt. Wenn der Patient nach der Beratung sein Einverst\u00e4ndnis gegeben hat, wird der Termin f\u00fcr die Transplantation geplant.  <\/p>\n<p>Die zweite Phase ist die Vorbereitung auf die Anwendung. Der Patient unterzieht sich den f\u00fcr die Barttransplantation erforderlichen Gesundheitstests. Diese Tests liefern wichtige Informationen \u00fcber den Gesundheitszustand des Patienten und helfen, m\u00f6gliche Komplikationen zu vermeiden. Au\u00dferdem werden die Medikamente, die der Patient einnehmen sollte, und die Punkte, die zu beachten sind, ausf\u00fchrlich erkl\u00e4rt.   <\/p>\n<p>Die dritte Phase ist die eigentliche Barttransplantation. In dieser Phase werden in der Regel zwei verschiedene <strong>Methoden der Barttransplantation<\/strong> angewandt: FUT (Follicular Unit Transfer) und FUE (Follicular Unit Extraction). Die <a href=\"https:\/\/www.elevenestetik.com\/de\/barttransplantation\/\">FUE-Methode<\/a> wird in den letzten Jahren bevorzugt, weil sie weniger Narben hinterl\u00e4sst. Um die Schmerzen w\u00e4hrend des Eingriffs zu minimieren, wird eine lokale Bet\u00e4ubung vorgenommen. Dann werden die Haarfollikel vorsichtig aus dem Spenderbereich entnommen und in den Zielbereich \u00fcbertragen.   <\/p>\n<p>Wenn der Eingriff abgeschlossen ist, wird der Patient f\u00fcr eine gewisse Zeit unter Beobachtung gehalten. Dabei ist es wichtig, dass geschultes medizinisches Personal \u00fcber die Nachwirkungen der <strong>Barttransplantation<\/strong> informiert. Der Patient wird \u00fcber den Heilungsprozess und die zu erwartenden Ergebnisse informiert.  <\/p>\n<p>Daher wird der Behandlungsprozess bei <strong>der Barttransplantation<\/strong> sorgf\u00e4ltig geplant und durchgef\u00fchrt, um maximale Effizienz zu gew\u00e4hrleisten. Jede Phase wird an die Erwartungen des Patienten angepasst. Auf diese Weise werden sowohl \u00e4sthetisch zufriedenstellende Ergebnisse erzielt als auch ein gesunder Genesungsprozess f\u00fcr den Patienten erm\u00f6glicht. Aus diesem Grund ist der wichtigste Punkt, auf den Personen, die sich einer Barttransplantation unterziehen, achten sollten, die sorgf\u00e4ltige Durchf\u00fchrung des Prozesses und die Zusammenarbeit mit einem Expertenteam.   <\/p>\n<h2>Pflegetipps nach Barttransplantation<\/h2>\n<p>Nach der Barttransplantation ist es sehr wichtig, einige wichtige Pflegetipps zu beachten, damit der Heilungsprozess auf gesunde Weise verl\u00e4uft. Die richtige Pflege nach der Barttransplantation ist \u00e4u\u00dferst wichtig, um die Unversehrtheit der Behandlungsstelle zu erhalten und das Endergebnis positiv zu beeinflussen. <\/p>\n<p><strong>1. die Reinigung:<\/strong> Um das Risiko einer Infektion in dem Bereich nach der Barttransplantation zu verringern, ist es notwendig, den Bereich in den ersten Tagen sauber zu halten. Es wird empfohlen, den transplantierten Bereich mehrmals t\u00e4glich mit einer speziellen Seife oder einem vom Arzt empfohlenen Reinigungsmittel vorsichtig zu waschen. Achten Sie in dieser Phase darauf, den direkten Kontakt von Wasser mit dem Transplantationsbereich zu vermeiden.  <\/p>\n<p><strong>2. feuchtigkeitsspendend:<\/strong> Die Aufrechterhaltung der Hautfeuchtigkeit beschleunigt den Heilungsprozess. Die Verwendung der vom Arzt empfohlenen Feuchtigkeitscremes zu Beginn des Prozesses hilft, die Haut zu n\u00e4hren. Diese Produkte beugen Irritationen vor, indem sie Trockenheit verhindern.  <\/p>\n<p><strong>3. die Befolgung der Anweisungen des Arztes:<\/strong> Nach einer Barttransplantation ist es wichtig, dass die Patienten alle Anweisungen ihres Arztes strikt befolgen. Diese Anweisungen sind dazu bestimmt, das Risiko von Entz\u00fcndungen zu verringern und die besten Ergebnisse zu erzielen. Besonders wichtig ist es, sich \u00fcber die Einnahme von Medikamenten zu informieren.  <\/p>\n<p><strong>4. vermeiden Sie k\u00f6rperliche Aktivit\u00e4ten:<\/strong> Vermeiden Sie in den ersten Tagen schwere k\u00f6rperliche Aktivit\u00e4ten, um das Risiko von Schwellungen und Blutungen zu verringern. Es ist auch notwendig, \u00dcbungen zu vermeiden, die das Gesicht \u00fcberfordern. Wenn Sie sich in dieser Zeit ausruhen, wirkt sich dies positiv auf den Heilungsprozess aus.  <\/p>\n<p><strong>5) Sonnenschutz:<\/strong> Der behandelte Bereich ist w\u00e4hrend des Heilungsprozesses sehr empfindlich gegen\u00fcber Sonneneinstrahlung. Die Verwendung von Sonnenschutzmitteln oder das Tragen eines Hutes beim Ausgehen hilft daher, die Haut zu sch\u00fctzen. Die sch\u00e4dlichen UV-Strahlen der Sonne k\u00f6nnen das gesunde Wachstum der neu transplantierten Haare negativ beeinflussen.  <\/p>\n<p><strong>6 Ern\u00e4hrung und Wasserkonsum:<\/strong> Eine ausgewogene und gesunde Ern\u00e4hrung unterst\u00fctzt den Heilungsprozess. Das Trinken von reichlich Wasser h\u00e4lt den Feuchtigkeitshaushalt des K\u00f6rpers aufrecht, w\u00e4hrend der Verzehr von Nahrungsmitteln, die reich an Vitaminen und Mineralien sind, zum gesunden Wachstum des Bartes beitr\u00e4gt. <\/p>\n<p>Daher beschleunigt die richtige Pflege nach der <strong>Barttransplantation<\/strong> den Heilungsprozess und wirkt sich positiv auf das endg\u00fcltige Aussehen des Bartes aus. Die Pflege eines gesunden Bartes ist eine Erg\u00e4nzung zu einem erfolgreichen Eingriff. <\/p>\n<h2>H\u00e4ufig gestellte Fragen<\/h2>\n<h3>Was ist eine Barttransplantation?<\/h3>\n<p>Die Barttransplantation ist ein kosmetisch-chirurgisches Verfahren, das bei Menschen mit wenig oder gar keinem Bartwuchs angewendet wird. Bei diesem Eingriff werden normalerweise Haarfollikel aus gesunden Haarfollikeln am Hinterkopf in den Bartbereich verpflanzt. Ziel der Barttransplantation ist es, ein nat\u00fcrliches Aussehen zu erreichen und das Selbstvertrauen zu st\u00e4rken.  <\/p>\n<h3>Wie wird eine Barttransplantation durchgef\u00fchrt?<\/h3>\n<p>Die Barttransplantation wird in der Regel unter \u00f6rtlicher Bet\u00e4ubung durchgef\u00fchrt. Vor Beginn des Eingriffs wird der Bartbereich des Patienten kartiert und die vorhandene Bartdichte beurteilt. Dann werden Haarfollikel aus dem Spenderbereich (in der Regel der Hinterkopf) entnommen und diese Follikel vorsichtig in den gew\u00fcnschten Bereich des Bartes eingesetzt. Nach der Anwendung beginnt der Heilungsprozess in diesem Bereich und das gew\u00fcnschte Aussehen des Bartes wird innerhalb weniger Monate erreicht.   <\/p>\n<h3>Wie verl\u00e4uft die Genesung nach einer Barttransplantation?<\/h3>\n<p>Der Heilungsprozess nach einer Barttransplantation kann von Patient zu Patient unterschiedlich verlaufen, aber normalerweise gehen die Schwellungen und R\u00f6tungen innerhalb von 1-2 Wochen zur\u00fcck. In den ersten Tagen kann es im Bereich des Bartes zu einer Verkrustung kommen, aber das ist normal und geht mit der Zeit vorbei. Es kann 3-4 Monate dauern, bis die transplantierten Haare ausfallen und neue Haare wachsen. Vollst\u00e4ndige Ergebnisse werden in der Regel innerhalb von 6-12 Monaten erzielt. Angemessene Pflege und das Befolgen der Empfehlungen des Arztes tragen dazu bei, dass der Heilungsprozess schnell und reibungslos verl\u00e4uft.    <\/p>\n<h3>F\u00fcr wen ist die Barttransplantation geeignet?<\/h3>\n<p>Die Barttransplantation eignet sich f\u00fcr M\u00e4nner, die wenig Bartwuchs haben, eine unregelm\u00e4\u00dfige Bartstruktur aufweisen oder Schwierigkeiten haben, einen Bart wachsen zu lassen. Die idealen Kandidaten f\u00fcr dieses Verfahren sind jedoch M\u00e4nner in guter allgemeiner Gesundheit und ab einem bestimmten Alter (in der Regel ab 18 Jahren). Au\u00dferdem ist es wichtig, vor einer Barttransplantation einen Spezialisten zu konsultieren und sich entsprechend untersuchen zu lassen.  <\/p>\n<\/div><\/div><\/div><\/div><\/div><\/div><\/section><section class=\"l-section wpb_row us_custom_315b8835 height_medium color_footer-bottom\"><div class=\"l-section-h i-cf\"><div class=\"g-cols vc_row via_grid cols_1 laptops-cols_inherit tablets-cols_inherit mobiles-cols_1 valign_middle type_default stacking_default\"><div class=\"wpb_column vc_column_container\"><div class=\"vc_column-inner\"><div class=\"g-cols wpb_row us_custom_ee246b62 has_text_color via_grid cols_2 laptops-cols_inherit tablets-cols_1 mobiles-cols_1 valign_middle type_default stacking_default\" style=\"--columns-gap:0rem;\"><div class=\"wpb_column vc_column_container us_custom_2c279b99\"><div class=\"vc_column-inner\"><div class=\"w-text us_custom_a5df9810 has_text_color\"><span class=\"w-text-h\"><span class=\"w-text-value\">Erhalten Sie jetzt Informationen und Unterst\u00fctzung<\/span><\/span><\/div><h2 class=\"w-text\"><span class=\"w-text-h\"><span class=\"w-text-value\">Fordern Sie eine kostenlose Beratung an.<\/span><\/span><\/h2><\/div><\/div><div class=\"wpb_column vc_column_container us_custom_16154244\"><div class=\"vc_column-inner\"><div class=\"w-btn-wrapper default_align_right laptops_align_right tablets_align_left mobiles_align_left\"><a class=\"w-btn us-btn-style_2 us_custom_b4198c51\" href=\"https:\/\/www.elevenestetik.com\/de\/kontakt\/\"><span class=\"w-btn-label\">Einen Termin erstellen<\/span><\/a><\/div><\/div><\/div><\/div><\/div><\/div><\/div><\/div><\/section>\n","protected":false},"excerpt":{"rendered":"Barttransplantation \u00c4sthetikDauer des KrankenhausaufenthaltsKein Krankenhausaufenthalt Operation Dauer4 - 8 Stunden An\u00e4sthesie TypLokale An\u00e4sthesie Prozess der Wiederherstellung1 - 2 Wochen Kontaktieren Sie uns f\u00fcr weitere Informationen.Schreiben Sie auf WhatsAppDie Barttransplantation hat sich in den letzten Jahren zu einer beliebten Anwendung entwickelt, die von M\u00e4nnern bevorzugt wird, um ihr \u00e4sthetisches und pers\u00f6nliches Aussehen zu verbessern. In diesem...","protected":false},"author":1,"featured_media":3509,"parent":0,"menu_order":0,"comment_status":"closed","ping_status":"closed","template":"","meta":{"rank_math_focus_keyword":"Barttransplantation","rank_math_description":"Informieren Sie sich \u00fcber die Barttransplantation! Erhalten Sie einen gesunden Bart mit Methoden, Preisen und Pflegetipps. ","footnotes":""},"class_list":["post-6010","page","type-page","status-publish","has-post-thumbnail","hentry"],"_links":{"self":[{"href":"https:\/\/www.elevenestetik.com\/de\/wp-json\/wp\/v2\/pages\/6010","targetHints":{"allow":["GET"]}}],"collection":[{"href":"https:\/\/www.elevenestetik.com\/de\/wp-json\/wp\/v2\/pages"}],"about":[{"href":"https:\/\/www.elevenestetik.com\/de\/wp-json\/wp\/v2\/types\/page"}],"author":[{"embeddable":true,"href":"https:\/\/www.elevenestetik.com\/de\/wp-json\/wp\/v2\/users\/1"}],"replies":[{"embeddable":true,"href":"https:\/\/www.elevenestetik.com\/de\/wp-json\/wp\/v2\/comments?post=6010"}],"version-history":[{"count":1,"href":"https:\/\/www.elevenestetik.com\/de\/wp-json\/wp\/v2\/pages\/6010\/revisions"}],"predecessor-version":[{"id":6018,"href":"https:\/\/www.elevenestetik.com\/de\/wp-json\/wp\/v2\/pages\/6010\/revisions\/6018"}],"wp:featuredmedia":[{"embeddable":true,"href":"https:\/\/www.elevenestetik.com\/de\/wp-json\/wp\/v2\/media\/3509"}],"wp:attachment":[{"href":"https:\/\/www.elevenestetik.com\/de\/wp-json\/wp\/v2\/media?parent=6010"}],"curies":[{"name":"wp","href":"https:\/\/api.w.org\/{rel}","templated":true}]}}