{"id":5970,"date":"2026-01-26T09:04:48","date_gmt":"2026-01-26T06:04:48","guid":{"rendered":"https:\/\/www.elevenestetik.com\/haartransplantation\/"},"modified":"2026-01-26T09:06:50","modified_gmt":"2026-01-26T06:06:50","slug":"haartransplantation","status":"publish","type":"page","link":"https:\/\/www.elevenestetik.com\/de\/haartransplantation\/","title":{"rendered":"Haartransplantation"},"content":{"rendered":"<section class=\"l-section wpb_row us_custom_4e2a4f93 height_large\"><div class=\"l-section-h i-cf\"><div class=\"g-cols vc_row via_grid cols_1 laptops-cols_inherit tablets-cols_inherit mobiles-cols_1 valign_top type_default stacking_default\"><div class=\"wpb_column vc_column_container\"><div class=\"vc_column-inner\"><h1 class=\"w-text us_custom_28784076 has_text_color\"><span class=\"w-text-h\"><span class=\"w-text-value\">Haartransplantation<\/span><\/span><\/h1><\/div><\/div><\/div><\/div><\/section><section class=\"l-section wpb_row us_custom_6179e1d8 height_large width_full\"><div class=\"l-section-h i-cf\"><div class=\"g-cols vc_row via_grid cols_1 laptops-cols_inherit tablets-cols_inherit mobiles-cols_1 valign_top type_default stacking_default\"><div class=\"wpb_column vc_column_container\"><div class=\"vc_column-inner\"><div class=\"g-cols wpb_row via_grid cols_2 laptops-cols_inherit tablets-cols_inherit mobiles-cols_1 valign_top type_default stacking_default\" style=\"--columns-gap:2rem;\"><div class=\"wpb_column vc_column_container\"><div class=\"vc_column-inner\"><div class=\"w-image us_custom_9cf479d2 align_none\"><div class=\"w-image-h\"><img decoding=\"async\" width=\"1024\" height=\"576\" src=\"https:\/\/www.elevenestetik.com\/wp-content\/uploads\/2024\/03\/1-8-1024x576.jpg\" class=\"attachment-large size-large\" alt=\"\" loading=\"lazy\" srcset=\"https:\/\/www.elevenestetik.com\/wp-content\/uploads\/2024\/03\/1-8-1024x576.jpg 1024w, https:\/\/www.elevenestetik.com\/wp-content\/uploads\/2024\/03\/1-8-300x169.jpg 300w, https:\/\/www.elevenestetik.com\/wp-content\/uploads\/2024\/03\/1-8.jpg 1920w\" sizes=\"auto, (max-width: 1024px) 100vw, 1024px\"><\/div><\/div><\/div><\/div><div class=\"wpb_column vc_column_container us_custom_29737451\"><div class=\"vc_column-inner\"><div class=\"w-hwrapper us_custom_147c3537 valign_top stack_on_mobiles align_center\" style=\"--hwrapper-gap:3rem\"><div class=\"w-iconbox us_custom_f9f315b4 has_text_color iconpos_top style_default color_primary align_center\"><div class=\"w-iconbox-icon\" style=\"font-size:2rem;\"><i class=\"fas fa-hospital\"><\/i><\/div><div class=\"w-iconbox-meta\"><p class=\"w-iconbox-title\">Dauer des Krankenhausaufenthalts<\/p><div class=\"w-iconbox-text\"><p>Kein Krankenhausaufenthalt<\/p>\n<\/div><\/div><\/div><div class=\"w-iconbox us_custom_f9f315b4 has_text_color iconpos_top style_default color_primary align_center\"><div class=\"w-iconbox-icon\" style=\"font-size:2rem;\"><i class=\"fas fa-clock\"><\/i><\/div><div class=\"w-iconbox-meta\"><p class=\"w-iconbox-title\">Operation Dauer<\/p><div class=\"w-iconbox-text\"><p>4 &#8211; 8 Stunden<\/p>\n<\/div><\/div><\/div><div class=\"w-iconbox us_custom_f9f315b4 has_text_color iconpos_top style_default color_primary align_center\"><div class=\"w-iconbox-icon\" style=\"font-size:2rem;\"><i class=\"fas fa-stethoscope\"><\/i><\/div><div class=\"w-iconbox-meta\"><p class=\"w-iconbox-title\">An\u00e4sthesie Typ<\/p><div class=\"w-iconbox-text\"><p>Lokale An\u00e4sthesie<\/p>\n<\/div><\/div><\/div><div class=\"w-iconbox us_custom_f9f315b4 has_text_color iconpos_top style_default color_primary align_center\"><div class=\"w-iconbox-icon\" style=\"font-size:2rem;\"><i class=\"fas fa-hands-heart\"><\/i><\/div><div class=\"w-iconbox-meta\"><p class=\"w-iconbox-title\">Prozess der Wiederherstellung<\/p><div class=\"w-iconbox-text\"><p>1 &#8211; 2 Wochen<\/p>\n<\/div><\/div><\/div><\/div><h6 class=\"w-text us_custom_d0e1c2ad\"><span class=\"w-text-h\"><span class=\"w-text-value\">Kontaktieren Sie uns f\u00fcr weitere Informationen.<\/span><\/span><\/h6><div class=\"w-btn-wrapper align_center\"><a class=\"w-btn us-btn-style_1\" href=\"https:\/\/wa.me\/+905011552511\" target=\"_blank\" rel=\"noopener\"><span class=\"w-btn-label\">Schreiben Sie auf WhatsApp<\/span><\/a><\/div><\/div><\/div><\/div><\/div><\/div><\/div><\/div><\/section><section class=\"l-section wpb_row us_custom_ddf21fbc height_large\"><div class=\"l-section-h i-cf\"><div class=\"g-cols vc_row via_grid cols_1 laptops-cols_inherit tablets-cols_inherit mobiles-cols_1 valign_top type_default stacking_default\"><div class=\"wpb_column vc_column_container\"><div class=\"vc_column-inner\"><div class=\"wpb_text_column\"><div class=\"wpb_wrapper\"><p>Haarausfall ist sowohl f\u00fcr M\u00e4nner als auch f\u00fcr Frauen zu einem wichtigen Problem geworden. Aus diesem Grund werden <strong>Haartransplantationsl\u00f6sungen<\/strong> von einem breiten Publikum mit Interesse aufgenommen. Also, <strong>was ist eine Haartransplantation<\/strong>? In diesem Blogbeitrag informieren wir Sie ausf\u00fchrlich \u00fcber die <strong>Methoden der Haartransplantation<\/strong>, geben Ihnen aktuelle Daten zu den <strong>Preisen der Haartransplantation<\/strong> und geben Ihnen praktische Tipps f\u00fcr die <strong>Pflege nach der Haartransplantation<\/strong>. Durch die Beantwortung h\u00e4ufig gestellter Fragen m\u00f6chten wir au\u00dferdem alle Unklarheiten ausr\u00e4umen. Machen Sie sich bereit, diese wichtigen Informationen zu entdecken, um gesundes und volumin\u00f6ses Haar zu erhalten!     <\/p>\n<h2>Was ist eine Haartransplantation?<\/h2>\n<p>Die <strong>Haartransplantation<\/strong> ist ein chirurgisches Verfahren zur Behandlung von Problemen wie Haarausfall und Kahlheit. Dieses Verfahren wird im Allgemeinen bei der Behandlung von Haarausfall angewandt, der durch genetische Faktoren, hormonelle Ver\u00e4nderungen oder Umwelteinfl\u00fcsse verursacht wird. Bei der Haartransplantation werden die eigenen Haarfollikel entnommen und in kahle Stellen eingesetzt. Auf diese Weise werden ein nat\u00fcrliches Aussehen und dauerhafte Ergebnisse erzielt.   <\/p>\n<p>Die modernen <strong>Haartransplantationsmethoden<\/strong> basieren auf zwei Haupttechniken: FUE (Follicular Unit Extraction) und FUT (Follicular Unit Transfer). Bei der FUE-Methode werden die Haarfollikel einzeln entnommen und in kahle Stellen verpflanzt. Diese Methode ist aufgrund ihrer minimalen Narbenbildung und des schnellen Heilungsprozesses sehr beliebt. Bei der FUT-Methode hingegen wird ein Streifen der Kopfhaut entnommen und die Haarfollikel daraus entfernt. Auf diese Weise ist es m\u00f6glich, mehr Haarfollikel zu entfernen, aber es besteht das Risiko einer chirurgischen Narbenbildung.    <\/p>\n<p>Die Haartransplantation wird in der Regel unter \u00f6rtlicher Bet\u00e4ubung durchgef\u00fchrt. Die Dauer des Eingriffs kann je nach der angewandten Technik und der Gr\u00f6\u00dfe des zu transplantierenden Bereichs variieren. Nach dem Eingriff beginnt ein Heilungsprozess, der ein paar Tage lang dauert. W\u00e4hrend dieses Prozesses sollten die Patienten die Pflegehinweise nach der Haartransplantation beachten.  <\/p>\n<p>Eine Haartransplantation bietet nicht nur eine \u00e4sthetische L\u00f6sung, sondern tr\u00e4gt auch dazu bei, das Selbstvertrauen zu st\u00e4rken und eine aktivere Rolle im gesellschaftlichen Leben zu \u00fcbernehmen. Aus diesem Grund ist es f\u00fcr Personen, die von Haarausfall betroffen sind, sehr wichtig, sich ausf\u00fchrlich \u00fcber die <strong>Preise der Haartransplantation<\/strong> und geeignete Behandlungsmethoden zu informieren. Auch die Pflege nach dem Eingriff spielt eine entscheidende Rolle. Die richtige Pflege hilft den transplantierten Haaren, gesund zu wachsen.  <\/p>\n<p>Infolgedessen ist die Haartransplantation f\u00fcr unz\u00e4hlige Menschen zu einer beruhigenden Option geworden. Dieses Verfahren, bei dem Ihre eigenen Haarfollikel verwendet werden, ist eine wirksame Methode zur Bek\u00e4mpfung von Haarausfall und bietet langfristige Ergebnisse. <\/p>\n<p><a href=\"https:\/\/www.elevenestetik.com\/de\/barttransplantation\/\"><img loading=\"lazy\" decoding=\"async\" src=\"https:\/\/www.elevenestetik.com\/wp-content\/uploads\/2024\/02\/3.jpg\" alt=\"\" width=\"1920\" height=\"1080\"><\/a><\/p>\n<h2>Was sind die Methoden der Haartransplantation?<\/h2>\n<p>Die Haartransplantation ist eine wirksame L\u00f6sung, die Menschen hilft, das Problem des Haarausfalls zu bew\u00e4ltigen. Dieser Prozess wird mit verschiedenen <strong>Methoden der Haartransplantation<\/strong> durchgef\u00fchrt. Jede Methode bietet bestimmte Vor- und Nachteile. In diesem Artikel informieren wir Sie ausf\u00fchrlich \u00fcber die am h\u00e4ufigsten verwendeten Methoden.   <\/p>\n<p><strong>1. die FUT (Follicular Unit Transplantation)<\/strong><\/p>\n<p>FUT ist eine traditionelle Methode, bei der ein Hautstreifen aus dem Spenderbereich entnommen wird. Dieser Streifen wird so geschnitten, dass die Haarfollikel voneinander getrennt und in den Empf\u00e4ngerbereich verpflanzt werden. Bei dieser Anwendung k\u00f6nnen mehr Haarfollikel auf einmal transplantiert werden. Allerdings besteht bei dieser Methode die M\u00f6glichkeit der Narbenbildung. Daher ist es wichtig, f\u00fcr Personen mit \u00e4sthetischen Bedenken andere Methoden in Betracht zu ziehen.    <\/p>\n<p><strong>2. die FUE (Follicular Unit Extraction)<\/strong><\/p>\n<p>Die FUE-Methode ist heute eine der beliebtesten Haartransplantationsmethoden. Bei dieser Methode werden die Haarfollikel mit speziellen Werkzeugen einzeln aus dem Spenderbereich entnommen. Diese Follikel werden dann in den Bereich des Haarausfalls verpflanzt. Da es sich bei der FUE-Methode um einen minimalinvasiven Eingriff handelt, hinterl\u00e4sst sie in der Regel weniger Narben und der Heilungsprozess verl\u00e4uft in der Regel schneller. Dar\u00fcber hinaus k\u00f6nnen mit dieser Methode nat\u00fcrlichere Ergebnisse erzielt werden.    <\/p>\n<p><strong>3. die DHI (Direkte Haarimplantation)<\/strong><\/p>\n<p>DHI ist eine verbesserte Version der FUE-Technik. Bei dieser Methode werden die Haarfollikel direkt in den Empf\u00e4ngerbereich eingesetzt. Die DHI-Anwendung sorgt daf\u00fcr, dass die Haarfollikel w\u00e4hrend des Eingriffs weniger besch\u00e4digt werden, was zu ges\u00fcnderem Haar f\u00fchrt. Da die DHI-Methode jedoch in der Regel mehr Fachwissen erfordert, k\u00f6nnen <strong>die Preise f\u00fcr die Haartransplantation<\/strong> h\u00f6her sein als bei anderen Methoden.   <\/p>\n<p><strong>4) PRP (Pl\u00e4ttchenreiches Plasma)<\/strong><\/p>\n<p>Die PRP-Methode wird zur Unterst\u00fctzung des Haartransplantationsprozesses eingesetzt. Bei dieser Methode helfen Blutpl\u00e4ttchen, die aus dem eigenen Blut gewonnen werden, die Haarfollikel zu n\u00e4hren und zu reparieren. PRP wird in der Regel in Kombination mit anderen Methoden eingesetzt und sorgt f\u00fcr eine bessere Haftung der Haarfollikel.  <\/p>\n<p>Nach einer Haartransplantation ist, unabh\u00e4ngig von der angewandten Methode, die <strong>Pflege nach der Haartransplantation<\/strong> \u00e4u\u00dferst wichtig. Dank des Einsatzes mobiler Instrumente und eines professionellen Teams sollten die am wenigsten invasiven Methoden bevorzugt werden, die die besten Ergebnisse erzielen. Welche Methode Sie w\u00e4hlen, h\u00e4ngt jedoch ganz von Ihren pers\u00f6nlichen Bed\u00fcrfnissen und den Empfehlungen des Arztes ab. Die Wahl der am besten geeigneten Methode f\u00fcr jeden Einzelnen ist ein entscheidender Faktor f\u00fcr ein erfolgreiches Ergebnis.   <\/p>\n<figure class=\"image\"><img loading=\"lazy\" decoding=\"async\" src=\"https:\/\/www.elevenestetik.com\/wp-content\/uploads\/2024\/03\/3-17.jpg\" alt=\"Haartransplantation\" width=\"1920\" height=\"1080\"><\/figure>\n<h2>Informationen \u00fcber Haartransplantationspreise<\/h2>\n<p>Die Haartransplantation ist eine wirksame Methode, die es Menschen mit Haarausfall erm\u00f6glicht, ihr \u00e4sthetisches Aussehen wiederzuerlangen. Die Preise f\u00fcr dieses Verfahren h\u00e4ngen jedoch von vielen Faktoren ab. Die <strong>Preise f\u00fcr eine Haartransplantation<\/strong> variieren je nach den Bed\u00fcrfnissen des Patienten und den bevorzugten Techniken. Hier sind einige wichtige Faktoren, die diese Preise beeinflussen:  <\/p>\n<p><strong>1. angewandte Methode:<\/strong> Zu den Haartransplantationsmethoden geh\u00f6ren verschiedene Techniken wie die FUE (Follicular Unit Extraction) und die DHI (Direct Hair Implantation). Obwohl die FUE-Methode im Allgemeinen erschwinglicher ist, kann die DHI-Methode die Preise erh\u00f6hen, da sie mehr Arbeit und Fachwissen erfordert. Welche Methode Sie w\u00e4hlen, spielt eine wichtige Rolle bei der Bestimmung der Preise.  <\/p>\n<p><strong>2. die Qualit\u00e4t und der Standort der Klinik:<\/strong> Die Qualit\u00e4t und der Standort der Kliniken, in denen die Haartransplantation durchgef\u00fchrt wird, sind ein weiterer Faktor, der die Preise beeinflusst. So sind beispielsweise die Preise professioneller und bekannter Kliniken in Gro\u00dfst\u00e4dten in der Regel h\u00f6her als die kleinerer Kliniken. Das liegt an der hohen Qualit\u00e4t der Dienstleistungen, den spezialisierten \u00c4rzten und der guten Ausstattung.  <\/p>\n<p><strong>3. die Anzahl der verpflanzten Follikel:<\/strong> Bei der Haartransplantation ist die Anzahl der zu transplantierenden Haarfollikel ebenfalls wichtig f\u00fcr die Preisgestaltung. Je mehr Follikel verpflanzt werden, desto h\u00f6her sind die Kosten. Die Anzahl der zu transplantierenden Follikel h\u00e4ngt von der Haarausd\u00fcnnung des Patienten und der gew\u00fcnschten Dichte ab.  <\/p>\n<p><strong>4. gesundheitlicher Zustand und Tests:<\/strong> Gesundheitstests, der Gesundheitszustand des Patienten und die vor der Haartransplantation zu treffenden Vorsichtsma\u00dfnahmen k\u00f6nnen den Preis ebenfalls beeinflussen. Die Anzahl der erforderlichen Tests kann die Kosten des Eingriffs indirekt erh\u00f6hen. <\/p>\n<p><strong>5. die Pflege nach der Haartransplantation:<\/strong> Die Pflegema\u00dfnahmen, die nach der Haartransplantation durchgef\u00fchrt werden m\u00fcssen, sollten bei der Preisgestaltung ebenfalls ber\u00fccksichtigt werden. Die in den Kliniken angebotenen Pflegepakete k\u00f6nnen zus\u00e4tzliche Kosten verursachen. Diese Pflegema\u00dfnahmen sind jedoch sehr wichtig, um die Qualit\u00e4t der langfristigen Ergebnisse zu verbessern.  <\/p>\n<p>Daher ist es klar, dass bei der Festlegung der <strong>Preise f\u00fcr eine Haartransplantation<\/strong> viele Faktoren ber\u00fccksichtigt werden sollten. Da die Bed\u00fcrfnisse und Erwartungen jedes Einzelnen unterschiedlich sind, wird eine ausf\u00fchrliche Beratung vor der Operation sicherstellen, dass die beste Entscheidung getroffen wird. Es sollte nicht vergessen werden, dass erschwingliche Optionen nicht immer die besten Ergebnisse liefern; daher sollte die Qualit\u00e4t nie au\u00dfer Acht gelassen werden.  <\/p>\n<h2>Pflegetipps nach der Haartransplantation<\/h2>\n<p>Die richtige Pflege nach einer Haartransplantation ist \u00e4u\u00dferst wichtig, um die Qualit\u00e4t der erzielten Ergebnisse zu verbessern und ein gesundes Haarwachstum zu gew\u00e4hrleisten. Die richtige Pflege der frisch transplantierten Haare erh\u00f6ht die Zufriedenheit der Patienten sowohl in psychologischer als auch in physischer Hinsicht. Hier sind einige Tipps, die Sie bei der <strong>Pflege nach einer Haartransplantation<\/strong> beachten sollten:  <\/p>\n<p><strong>Schlafposition:<\/strong> In den ersten Wochen nach der Haartransplantation sollten Sie auf Ihre Schlafposition achten, da der Kopfbereich empfindlich ist. Anstatt mit dem Gesicht nach unten zu liegen, sollten Sie lieber auf dem R\u00fccken schlafen und Ihren Kopf nach M\u00f6glichkeit hochlegen. So verringern Sie den Druck auf den transplantierten Bereich.  <\/p>\n<p><strong>Haare waschen:<\/strong> Vermeiden Sie es, Ihr Haar in den ersten Tagen zu waschen. Die \u00c4rzte empfehlen Ihnen in der Regel, nach der Transplantation eine gewisse Zeit zu warten. Nachdem Sie mit dem Waschen Ihrer Haare begonnen haben, sollten Sie Ihre Haare mit sanften Bewegungen waschen, um Sch\u00e4den an der Kopfhaut zu vermeiden. Auch Ihr Shampoo sollten Sie sorgf\u00e4ltig ausw\u00e4hlen. Es ist wichtig, dass Sie nicht reizende Produkte mit einem ausgewogenen pH-Wert w\u00e4hlen.   <\/p>\n<p><strong>Vermeiden Sie Sonne und hei\u00dfe Umgebung:<\/strong> Im ersten Monat nach der Transplantation sollten Sie darauf achten, sich nicht dem direkten Sonnenlicht auszusetzen. Sonnenbrand kann unerw\u00fcnschte Probleme auf der Kopfhaut verursachen. Es ist sinnvoll, sich zu sch\u00fctzen, indem Sie einen breitkrempigen Hut tragen, wenn Sie nach drau\u00dfen gehen.  <\/p>\n<p><strong>Vermeiden von Allergenen:<\/strong> F\u00fcr die Heilung des Transplantationsbereichs sollten Sie sch\u00e4dliche Substanzen wie Alkohol und Rauchen vermeiden. Es ist auch \u00e4u\u00dferst wichtig, dass Sie keine chemischen Produkte auf die Kopfhaut auftragen. Achten Sie au\u00dferdem darauf, dass die Produkte, die Sie beim Waschen oder Pflegen Ihrer Haare verwenden, keine allergischen Reaktionen hervorrufen.  <\/p>\n<p><strong>Ern\u00e4hrung:<\/strong> Um ein gesundes Haarwachstum zu unterst\u00fctzen, sollten Sie zu Lebensmitteln greifen, die viel Eiwei\u00df und Vitamine enthalten. Der Verzehr von Lebensmitteln, die reich an Omega-3-Fetts\u00e4uren, Eiwei\u00df sowie den Vitaminen A und E sind, wird sich positiv auf die Gesundheit Ihrer Haare auswirken. <\/p>\n<p><strong>Arztkontrollen:<\/strong> Sie sollten sich strikt an die Empfehlungen Ihres Arztes halten, der die Transplantation durchf\u00fchrt. Wenn Sie in bestimmten Zeitabst\u00e4nden zur Kontrolle gehen, k\u00f6nnen Sie den Zustand Ihrer Kopfhaut verfolgen und haben die M\u00f6glichkeit, bei eventuellen Problemen fr\u00fchzeitig einzugreifen. <\/p>\n<p>Wenn Sie diese Tipps beachten, k\u00f6nnen Sie Ihre <strong>Pflege nach der Haartransplantation<\/strong> so effizient wie m\u00f6glich gestalten und haben gesundes, volles Haar. Denken Sie daran, dass Sie <strong>bei den Preisen f\u00fcr eine Haartransplantation<\/strong> nicht nur ein Budget f\u00fcr den Eingriff, sondern auch f\u00fcr die Pflege nach der Behandlung einplanen m\u00fcssen. <\/p>\n<h2>H\u00e4ufig gestellte Fragen zur Haartransplantation<\/h2>\n<p>W\u00e4hrend die Haartransplantation f\u00fcr viele Menschen eine \u00e4sthetische L\u00f6sung darstellt, gibt es auch viele Fragen zu diesem Verfahren. Nachfolgend finden Sie einige h\u00e4ufig gestellte Fragen und Antworten zur <strong>Haartransplantation<\/strong>. <\/p>\n<h3>Wer kann sich einer Haartransplantation unterziehen?<\/h3>\n<p>Im Allgemeinen k\u00f6nnen Haartransplantationsverfahren bei Menschen jeden Alters und Geschlechts angewendet werden. Um ein optimales Ergebnis zu erzielen, sollten jedoch der Status des Haarausfalls, der allgemeine Gesundheitszustand und der Haartyp der Person in Betracht gezogen werden. Es ist auch wichtig zu beurteilen, ob eine ausreichende Spenderfl\u00e4che f\u00fcr die Transplantation vorhanden ist.  <\/p>\n<h3>Was sind Haartransplantationsmethoden?<\/h3>\n<p>Unter den bestehenden <strong>Haartransplantationsmethoden<\/strong> stechen Verfahren wie die FUE (Follicular Unit Extraction) und die FUT (Follicular Unit Transfer) hervor. W\u00e4hrend die FUE-Methode auf dem Prinzip beruht, die Haarfollikel einzeln zu entnehmen und zu verpflanzen, werden bei der FUT-Methode die Haarfollikel in einem Streifen verpflanzt. Welche Methode bevorzugt wird, bestimmt der Facharzt w\u00e4hrend des Beratungsgespr\u00e4chs.  <\/p>\n<h3>Wann kann ich nach einer Haartransplantation Ergebnisse erzielen?<\/h3>\n<p>Die Ergebnisse nach einer Haartransplantation k\u00f6nnen je nach Heilungsprozess und k\u00f6rperlichen Faktoren der Person variieren. In den ersten Monaten k\u00f6nnen die transplantierten Haare ausfallen. Es wird jedoch beobachtet, dass die Haare, die sich zwischen 6 Monaten und 1 Jahr in den Wurzeln festgesetzt haben, vollst\u00e4ndig hervortreten. Daher ist es wichtig, dass Sie geduldig sind.  <\/p>\n<h3>Wie hoch sind die Preise f\u00fcr Haartransplantationen?<\/h3>\n<p>Die <strong>Preise f\u00fcr eine Haartransplantation<\/strong> h\u00e4ngen von vielen Faktoren ab, z. B. von der anzuwendenden Technik, der Anzahl der zu verwendenden Grafts und dem Transplantationszentrum. Aus diesem Grund ist es sinnvoll, sich vor dem Eingriff genau zu informieren und Preisangebote einzuholen. Die Qualit\u00e4t ist auch im Hinblick auf die Gesundheit \u00e4u\u00dferst wichtig.  <\/p>\n<h3>Warum ist die Pflege nach einer Haartransplantation wichtig?<\/h3>\n<p>Die Pflege nach der Transplantation ist entscheidend, um die Erfolgsquote zu erh\u00f6hen und m\u00f6gliche Komplikationen zu minimieren. Wenn Sie die <strong>Pflegetipps nach einer Haartransplantation<\/strong> beachten, sorgen Sie f\u00fcr einen gesunden Heilungsprozess und sch\u00fctzen das transplantierte Haar. Die Befolgung dieser Pflegeschritte ist notwendig, um ges\u00fcndere und dauerhafte Ergebnisse zu erzielen.  <\/p>\n<p>Die oben genannten Fragen sind ein wichtiger Leitfaden f\u00fcr Personen, die bereits Erfahrung mit Haartransplantationen haben oder dieses Verfahren in Betracht ziehen. In der Phase der Entscheidungsfindung ist es immer am besten, mit Experten zu kommunizieren und professionelle Unterst\u00fctzung zu erhalten. <\/p>\n<h2>H\u00e4ufig gestellte Fragen<\/h2>\n<h3>Was ist eine Haartransplantation?<\/h3>\n<p>Bei der Haartransplantation werden Haarfollikel, die in der Regel dem R\u00fccken entnommen werden, in die Kopfhaut von Personen verpflanzt, die unter Kahlheit oder d\u00fcnner werdendem Haar leiden. Dieses Verfahren wird in der Regel mit mikrochirurgischen Methoden durchgef\u00fchrt. Die Haartransplantation ist sowohl f\u00fcr M\u00e4nner als auch f\u00fcr Frauen geeignet und wird durchgef\u00fchrt, um ein nat\u00fcrliches Aussehen zu erzielen. Diese \u00e4sthetisch wichtige Anwendung hilft dem Einzelnen, sein Selbstvertrauen zu st\u00e4rken.   <\/p>\n<h3>Wer sind die am besten geeigneten Kandidaten f\u00fcr eine Haartransplantation?<\/h3>\n<p>Die am besten geeigneten Kandidaten f\u00fcr eine Haartransplantation sind Personen mit genetisch bedingtem Haarausfall und einem gesunden Allgemeinzustand. Sie sollten auch \u00fcber ein Spendergebiet mit einer ausreichenden Menge an Haaren verf\u00fcgen. Personen mit gesunden Haarfollikeln und ohne andere zu ber\u00fccksichtigende medizinische Probleme sind die besten Kandidaten f\u00fcr eine Haartransplantation. Dar\u00fcber hinaus sind die Erwartungen der Menschen, die eine Haartransplantation in Erw\u00e4gung ziehen, ebenfalls wichtig. Um ein realistisches Ergebnis zu erzielen, sollte eine Bewertung in \u00dcbereinstimmung mit dem aktuellen Haarzustand und den Hoffnungen der Person vorgenommen werden.    <\/p>\n<h3>Wie lange dauert eine Haartransplantation?<\/h3>\n<p>Die Dauer der Haartransplantation variiert je nach Art der Anwendung und der Anzahl der zu verpflanzenden Haarfollikel. Im Allgemeinen dauert eine Haartransplantationsoperation zwischen 4 und 8 Stunden. W\u00e4hrend des Eingriffs wird von spezialisierten \u00c4rzten akribisch gearbeitet, um ein optimales \u00e4sthetisches Erscheinungsbild zu erzielen. In Anbetracht des Heilungsprozesses nach dem Eingriff braucht das Haar Zeit, um nach der Haartransplantation ein nat\u00fcrliches Aussehen zu erlangen.   <\/p>\n<h3>Wie sieht der Heilungsprozess nach einer Haartransplantation aus?<\/h3>\n<p>Der Heilungsprozess nach einer Haartransplantation verl\u00e4uft in der Regel schnell, kann aber bei jedem Menschen anders verlaufen. In den ersten Tagen k\u00f6nnen leichte Schwellungen und R\u00f6tungen auftreten. Wenn Sie die Empfehlungen des Arztes ber\u00fccksichtigen, k\u00f6nnen die Patienten innerhalb von zwei Wochen zu ihren normalen Aktivit\u00e4ten zur\u00fcckkehren. In den ersten 2-3 Wochen k\u00f6nnen die transplantierten Haare ausfallen, aber dann beginnt das neue Haarwachstum. Nach etwa 6 Monaten werden die Ergebnisse deutlicher und sind nach 12 Monaten abgeschlossen. Geduld ist der wichtigste Punkt f\u00fcr neues Haar.     <\/p>\n<\/div><\/div><\/div><\/div><\/div><\/div><\/section><section class=\"l-section wpb_row us_custom_315b8835 height_medium color_footer-bottom\"><div class=\"l-section-h i-cf\"><div class=\"g-cols vc_row via_grid cols_1 laptops-cols_inherit tablets-cols_inherit mobiles-cols_1 valign_middle type_default stacking_default\"><div class=\"wpb_column vc_column_container\"><div class=\"vc_column-inner\"><div class=\"g-cols wpb_row us_custom_ee246b62 has_text_color via_grid cols_2 laptops-cols_inherit tablets-cols_1 mobiles-cols_1 valign_middle type_default stacking_default\" style=\"--columns-gap:0rem;\"><div class=\"wpb_column vc_column_container us_custom_2c279b99\"><div class=\"vc_column-inner\"><div class=\"w-text us_custom_a5df9810 has_text_color\"><span class=\"w-text-h\"><span class=\"w-text-value\">Erhalten Sie jetzt Informationen und Unterst\u00fctzung<\/span><\/span><\/div><h2 class=\"w-text\"><span class=\"w-text-h\"><span class=\"w-text-value\">Fordern Sie eine kostenlose Beratung an.<\/span><\/span><\/h2><\/div><\/div><div class=\"wpb_column vc_column_container us_custom_16154244\"><div class=\"vc_column-inner\"><div class=\"w-btn-wrapper default_align_right laptops_align_right tablets_align_left mobiles_align_left\"><a class=\"w-btn us-btn-style_2 us_custom_b4198c51\" href=\"https:\/\/www.elevenestetik.com\/de\/kontakt\/\"><span class=\"w-btn-label\">Einen Termin erstellen<\/span><\/a><\/div><\/div><\/div><\/div><\/div><\/div><\/div><\/div><\/section>\n","protected":false},"excerpt":{"rendered":"HaartransplantationDauer des KrankenhausaufenthaltsKein Krankenhausaufenthalt Operation Dauer4 - 8 Stunden An\u00e4sthesie TypLokale An\u00e4sthesie Prozess der Wiederherstellung1 - 2 Wochen Kontaktieren Sie uns f\u00fcr weitere Informationen.Schreiben Sie auf WhatsAppHaarausfall ist sowohl f\u00fcr M\u00e4nner als auch f\u00fcr Frauen zu einem wichtigen Problem geworden. Aus diesem Grund werden Haartransplantationsl\u00f6sungen von einem breiten Publikum mit Interesse aufgenommen. Also, was ist...","protected":false},"author":1,"featured_media":5977,"parent":0,"menu_order":0,"comment_status":"closed","ping_status":"closed","template":"","meta":{"rank_math_focus_keyword":"Haartransplantation","rank_math_description":"Entdecken Sie alle Informationen zur Haartransplantation. Informieren Sie sich ausf\u00fchrlich \u00fcber Methoden, Preise und Nachbehandlung! ","footnotes":""},"class_list":["post-5970","page","type-page","status-publish","has-post-thumbnail","hentry"],"_links":{"self":[{"href":"https:\/\/www.elevenestetik.com\/de\/wp-json\/wp\/v2\/pages\/5970","targetHints":{"allow":["GET"]}}],"collection":[{"href":"https:\/\/www.elevenestetik.com\/de\/wp-json\/wp\/v2\/pages"}],"about":[{"href":"https:\/\/www.elevenestetik.com\/de\/wp-json\/wp\/v2\/types\/page"}],"author":[{"embeddable":true,"href":"https:\/\/www.elevenestetik.com\/de\/wp-json\/wp\/v2\/users\/1"}],"replies":[{"embeddable":true,"href":"https:\/\/www.elevenestetik.com\/de\/wp-json\/wp\/v2\/comments?post=5970"}],"version-history":[{"count":2,"href":"https:\/\/www.elevenestetik.com\/de\/wp-json\/wp\/v2\/pages\/5970\/revisions"}],"predecessor-version":[{"id":7827,"href":"https:\/\/www.elevenestetik.com\/de\/wp-json\/wp\/v2\/pages\/5970\/revisions\/7827"}],"wp:featuredmedia":[{"embeddable":true,"href":"https:\/\/www.elevenestetik.com\/de\/wp-json\/wp\/v2\/media\/5977"}],"wp:attachment":[{"href":"https:\/\/www.elevenestetik.com\/de\/wp-json\/wp\/v2\/media?parent=5970"}],"curies":[{"name":"wp","href":"https:\/\/api.w.org\/{rel}","templated":true}]}}