{"id":5797,"date":"2026-01-26T09:05:53","date_gmt":"2026-01-26T06:05:53","guid":{"rendered":"https:\/\/www.elevenestetik.com\/zahnfleisch-aesthetik\/"},"modified":"2026-01-26T09:05:53","modified_gmt":"2026-01-26T06:05:53","slug":"zahnfleisch-aesthetik","status":"publish","type":"page","link":"https:\/\/www.elevenestetik.com\/de\/zahnfleisch-aesthetik\/","title":{"rendered":"Zahnfleisch \u00c4sthetik"},"content":{"rendered":"<section class=\"l-section wpb_row us_custom_4e2a4f93 height_large\"><div class=\"l-section-h i-cf\"><div class=\"g-cols vc_row via_grid cols_1 laptops-cols_inherit tablets-cols_inherit mobiles-cols_1 valign_top type_default stacking_default\"><div class=\"wpb_column vc_column_container\"><div class=\"vc_column-inner\"><h1 class=\"w-text us_custom_28784076 has_text_color\"><span class=\"w-text-h\"><span class=\"w-text-value\">Zahnfleisch \u00c4sthetik<\/span><\/span><\/h1><\/div><\/div><\/div><\/div><\/section><section class=\"l-section wpb_row us_custom_6179e1d8 height_large width_full\"><div class=\"l-section-h i-cf\"><div class=\"g-cols vc_row via_grid cols_1 laptops-cols_inherit tablets-cols_inherit mobiles-cols_1 valign_top type_default stacking_default\"><div class=\"wpb_column vc_column_container\"><div class=\"vc_column-inner\"><div class=\"g-cols wpb_row via_grid cols_2 laptops-cols_inherit tablets-cols_inherit mobiles-cols_1 valign_top type_default stacking_default\" style=\"--columns-gap:2rem;\"><div class=\"wpb_column vc_column_container\"><div class=\"vc_column-inner\"><div class=\"w-image us_custom_9cf479d2 align_none\"><div class=\"w-image-h\"><img decoding=\"async\" width=\"1024\" height=\"568\" src=\"https:\/\/www.elevenestetik.com\/wp-content\/uploads\/2024\/02\/dis-eti.jpg\" class=\"attachment-large size-large\" alt=\"\" loading=\"lazy\" srcset=\"https:\/\/www.elevenestetik.com\/wp-content\/uploads\/2024\/02\/dis-eti.jpg 1024w, https:\/\/www.elevenestetik.com\/wp-content\/uploads\/2024\/02\/dis-eti-300x166.jpg 300w\" sizes=\"auto, (max-width: 1024px) 100vw, 1024px\"><\/div><\/div><\/div><\/div><div class=\"wpb_column vc_column_container us_custom_29737451\"><div class=\"vc_column-inner\"><div class=\"w-hwrapper us_custom_147c3537 valign_top stack_on_mobiles align_center\" style=\"--hwrapper-gap:3rem\"><div class=\"w-iconbox us_custom_f9f315b4 has_text_color iconpos_top style_default color_primary align_center\"><div class=\"w-iconbox-icon\" style=\"font-size:2rem;\"><i class=\"fas fa-hospital\"><\/i><\/div><div class=\"w-iconbox-meta\"><p class=\"w-iconbox-title\">Dauer des Krankenhausaufenthalts<\/p><div class=\"w-iconbox-text\"><p>Kein Krankenhausaufenthalt<\/p>\n<\/div><\/div><\/div><div class=\"w-iconbox us_custom_f9f315b4 has_text_color iconpos_top style_default color_primary align_center\"><div class=\"w-iconbox-icon\" style=\"font-size:2rem;\"><i class=\"fas fa-clock\"><\/i><\/div><div class=\"w-iconbox-meta\"><p class=\"w-iconbox-title\">Operation Dauer<\/p><div class=\"w-iconbox-text\"><p>1 &#8211; 2 Stunden<\/p>\n<\/div><\/div><\/div><div class=\"w-iconbox us_custom_f9f315b4 has_text_color iconpos_top style_default color_primary align_center\"><div class=\"w-iconbox-icon\" style=\"font-size:2rem;\"><i class=\"fas fa-stethoscope\"><\/i><\/div><div class=\"w-iconbox-meta\"><p class=\"w-iconbox-title\">An\u00e4sthesie Typ<\/p><div class=\"w-iconbox-text\"><p>Lokale An\u00e4sthesie<\/p>\n<\/div><\/div><\/div><div class=\"w-iconbox us_custom_f9f315b4 has_text_color iconpos_top style_default color_primary align_center\"><div class=\"w-iconbox-icon\" style=\"font-size:2rem;\"><i class=\"fas fa-hands-heart\"><\/i><\/div><div class=\"w-iconbox-meta\"><p class=\"w-iconbox-title\">Prozess der Wiederherstellung<\/p><div class=\"w-iconbox-text\"><p>1 &#8211; 2 Wochen<\/p>\n<\/div><\/div><\/div><\/div><h6 class=\"w-text us_custom_d0e1c2ad\"><span class=\"w-text-h\"><span class=\"w-text-value\">Kontaktieren Sie uns f\u00fcr weitere Informationen.<\/span><\/span><\/h6><div class=\"w-btn-wrapper align_center\"><a class=\"w-btn us-btn-style_1\" href=\"https:\/\/wa.me\/+905011552511\" target=\"_blank\" rel=\"noopener\"><span class=\"w-btn-label\">Schreiben Sie auf WhatsApp<\/span><\/a><\/div><\/div><\/div><\/div><\/div><\/div><\/div><\/div><\/section><section class=\"l-section wpb_row us_custom_ddf21fbc height_large\"><div class=\"l-section-h i-cf\"><div class=\"g-cols vc_row via_grid cols_1 laptops-cols_inherit tablets-cols_inherit mobiles-cols_1 valign_top type_default stacking_default\"><div class=\"wpb_column vc_column_container\"><div class=\"vc_column-inner\"><div class=\"wpb_text_column\"><div class=\"wpb_wrapper\"><p>Wenn es um Zahn\u00e4sthetik geht, steht in der Regel das Aussehen der Z\u00e4hne im Vordergrund, aber die Gesundheit und \u00c4sthetik des Zahnfleischs sind genauso wichtig wie die Z\u00e4hne. <strong>Die Zahnfleisch\u00e4sthetik<\/strong> umfasst verschiedene Methoden, mit denen die Integrit\u00e4t Ihres L\u00e4chelns verbessert werden kann. Dank dieser Methoden k\u00f6nnen Sie ein \u00e4sthetischeres L\u00e4cheln haben, indem Sie das Aussehen Ihres Zahnfleischs verbessern. Die Kosten f\u00fcr diese Verfahren variieren jedoch \u00fcber die <strong>Preise der Zahnfleisch\u00e4sthetik<\/strong>. Was Sie nach dem Eingriff tun m\u00fcssen, ist ebenfalls \u00e4u\u00dferst wichtig. Mit der richtigen <strong>Nachsorge f\u00fcr die Zahnfleisch\u00e4sthetik<\/strong> k\u00f6nnen Sie das Ergebnis lange erhalten. Werfen wir nun einen Blick auf die detaillierten Informationen zur Zahnfleisch\u00e4sthetik.    <\/p>\n<h2>Was ist Gingiva-\u00c4sthetik?<\/h2>\n<p>Gingivale \u00c4sthetik ist eine Reihe verschiedener kosmetischer Verfahren, die darauf abzielen, das Erscheinungsbild des Zahnfleischs zu verbessern, das ein wichtiger Teil der \u00c4sthetik des L\u00e4chelns ist. Diese Verfahren sorgen f\u00fcr ein harmonischeres und \u00e4sthetischeres Aussehen der Z\u00e4hne und des Zahnfleischs. Die Gesundheit des Zahnfleisches ist \u00e4u\u00dferst wichtig f\u00fcr die allgemeine Mundgesundheit und ein Faktor, der sich direkt auf das Selbstvertrauen und das soziale Leben des Einzelnen auswirkt.  <\/p>\n<p>\u00c4sthetische Zahnfleischanwendungen k\u00f6nnen zur L\u00f6sung verschiedener Probleme eingesetzt werden. Insbesondere Probleme wie ein \u00fcberm\u00e4\u00dfiges Erscheinungsbild des Zahnfleisches, Zahnfleischr\u00fcckgang oder Unregelm\u00e4\u00dfigkeiten an den Z\u00e4hnen erfordern eine Behandlung sowohl in Bezug auf \u00e4sthetische Belange als auch auf die Gesundheit. Hier sind einige Bedingungen, die eine Zahnfleisch\u00e4sthetik notwendig machen:  <\/p>\n<figure class=\"table\">\n<table>\n<thead>\n<tr>\n<th>Probleme<\/th>\n<th>Beschreibung<\/th>\n<\/tr>\n<\/thead>\n<tbody>\n<tr>\n<td>\u00dcberm\u00e4\u00dfiges Auftreten von Zahnfleisch<\/td>\n<td>Dies ist ein Zustand, bei dem die Z\u00e4hne mehr als normal bedeckt sind, was das L\u00e4cheln beeintr\u00e4chtigt.<\/td>\n<\/tr>\n<tr>\n<td>Zahnfleischr\u00fcckgang<\/td>\n<td>Erscheinungsbild der Zahnwurzeln als Folge des Zur\u00fcckziehens des Zahnfleisches.<\/td>\n<\/tr>\n<tr>\n<td>Asymmetrisches Zahnfleisch<\/td>\n<td>Das Zahnfleisch erscheint aus verschiedenen Gr\u00fcnden nicht gleichm\u00e4\u00dfig.<\/td>\n<\/tr>\n<\/tbody>\n<\/table>\n<\/figure>\n<p>Zu den \u00e4sthetischen Methoden des Zahnfleisches geh\u00f6ren verschiedene Techniken. Zu diesen Methoden geh\u00f6ren Anwendungen, die als <strong>gingivale \u00e4sthetische Methoden<\/strong> bezeichnet werden, und Verfahren wie die Laser-Zahnfleischbehandlung, die Konturierung des Zahnfleischs und die Gewebetransplantation. Jede Methode hat ihre eigenen Vorteile. So zeichnet sich beispielsweise die Laserbehandlung durch einen weniger invasiven und schnellen Heilungsprozess aus, w\u00e4hrend die Gewebetransplantation komplexer und zeitaufw\u00e4ndiger ist.   <\/p>\n<p>In unserem Land basieren die \u00e4sthetischen Eingriffe an der Gingiva im Allgemeinen auf der Methode, die der Zahnarzt je nach dem speziellen Zustand des Patienten f\u00fcr angemessen h\u00e4lt. In diesem Zusammenhang sind auch die Pflegeprozesse der Patienten nach der Zahnfleisch\u00e4sthetik sehr wichtig. Die Heilung und Erhaltung der Gesundheit des Zahnfleisches nach dem Eingriff ist ein entscheidender Faktor f\u00fcr die Dauerhaftigkeit der \u00e4sthetischen Ergebnisse.  <\/p>\n<p>Daher ist die Zahnfleisch\u00e4sthetik ein wichtiger Bereich, sowohl was die Gesundheit als auch die \u00c4sthetik betrifft. Wenn Sie die Entwicklungen auf diesem Gebiet verfolgen und die richtigen Informationen von Experten einholen, werden Sie langfristig einen gro\u00dfen Nutzen daraus ziehen. <\/p>\n<figure class=\"image\"><img loading=\"lazy\" decoding=\"async\" src=\"https:\/\/www.elevenestetik.com\/wp-content\/uploads\/2024\/03\/2-7.jpg\" alt=\"Zahnfleisch \u00c4sthetik\" width=\"1920\" height=\"1080\"><\/figure>\n<h2>\u00c4sthetische Methoden f\u00fcr die Gingiva<\/h2>\n<p>Die Zahnfleisch\u00e4sthetik umfasst verschiedene Methoden, um das \u00e4sthetische Erscheinungsbild <a href=\"https:\/\/www.elevenestetik.com\/de\/laecheln-design\/\">Ihres L\u00e4chelns<\/a>zu verbessern. Diese Methoden sorgen f\u00fcr ein gesundes Aussehen und steigern das Selbstvertrauen des Einzelnen, indem sie Faktoren wie Form, Gr\u00f6\u00dfe und Farbe des Zahnfleischs positiv ver\u00e4ndern. Hier sind die wichtigsten Methoden, die in der Zahnfleisch\u00e4sthetik \u00fcblicherweise angewendet werden:  <\/p>\n<figure class=\"table\">\n<table>\n<thead>\n<tr>\n<th>Methode<\/th>\n<th>Beschreibung<\/th>\n<\/tr>\n<\/thead>\n<tbody>\n<tr>\n<td><strong>Konturierung des Zahnfleischs<\/strong><\/td>\n<td>Dieses Verfahren, bei dem das Zahnfleisch in die gew\u00fcnschte Form geschnitten wird, verleiht dem L\u00e4cheln ein nat\u00fcrliches Aussehen.<\/td>\n<\/tr>\n<tr>\n<td><strong>Abschleifen des Zahnfleischs<\/strong><\/td>\n<td>Durch das Abflachen der \u00fcbersch\u00fcssigen Teile des Zahnfleischs wird der Zahn besser sichtbar.<\/td>\n<\/tr>\n<tr>\n<td><strong>Rosa \u00c4sthetik<\/strong><\/td>\n<td>Das sind Anwendungen, die mit dem Laser durchgef\u00fchrt werden, um das \u00e4sthetische Erscheinungsbild des Zahnfleischs zu verbessern. Verf\u00e4rbtes Zahnfleisch wird mit dieser Methode behandelt. <\/td>\n<\/tr>\n<tr>\n<td><strong>Gingivoplastik<\/strong><\/td>\n<td>Dieser Eingriff ist ein chirurgisches Verfahren zur Formung und Rekonstruktion des Zahnfleisches.<\/td>\n<\/tr>\n<tr>\n<td><strong>Zahnfleischtransplantat<\/strong><\/td>\n<td>Um das Volumen und die Qualit\u00e4t des Zahnfleischs zu erh\u00f6hen, wird in der Regel Gewebe aus einem anderen Teil des Mundes verwendet.<\/td>\n<\/tr>\n<\/tbody>\n<\/table>\n<\/figure>\n<p>Die oben genannten Methoden werden je nach den Bed\u00fcrfnissen jedes Einzelnen und der klinischen Situation ausgew\u00e4hlt. Zus\u00e4tzlich zu diesen Methoden ist der Einsatz der neuesten Technologien im Bereich der Zahnfleisch\u00e4sthetik durchaus \u00fcblich. Insbesondere die Lasertechnologie bietet den Patienten schnelle und effektive Ergebnisse bei geringerer Empfindlichkeit.  <\/p>\n<p>Es gibt jedoch einige Elemente, die nach jeder \u00e4sthetischen Anwendung beachtet werden sollten. Die <strong>Pflege nach der Zahnfleisch\u00e4sthetik<\/strong> ist sehr wichtig, damit der Prozess gesund und erfolgreich ist. Nach der Anwendung sollte darauf geachtet werden, dass Empfindlichkeit des Zahnfleisches, Blutungen usw. vermieden werden. Die regelm\u00e4\u00dfige Einnahme der vom Arzt empfohlenen Medikamente und Schmerzmittel ist ein weiterer Faktor, der den Heilungsprozess beschleunigen wird.   <\/p>\n<p>Daher leisten die Methoden der Zahnfleisch\u00e4sthetik einen gro\u00dfen Beitrag zur \u00c4sthetik des L\u00e4chelns des Einzelnen. Die Auswahl der richtigen Methoden ist mit einer professionellen Beurteilung m\u00f6glich und sollte immer unter Ber\u00fccksichtigung der spezifischen Bed\u00fcrfnisse des Patienten getroffen werden. <\/p>\n<figure class=\"image\"><img loading=\"lazy\" decoding=\"async\" src=\"https:\/\/www.elevenestetik.com\/wp-content\/uploads\/2024\/02\/dis-eti-estetigi-98.png\" alt=\"\u00c4sthetik des Zahnfleischs\" width=\"1920\" height=\"1080\"><\/figure>\n<h2>Zahnfleisch\u00e4sthetik Preise<\/h2>\n<p>Die Zahnfleisch\u00e4sthetik spielt sowohl f\u00fcr die \u00c4sthetik als auch f\u00fcr den Schutz der Zahngesundheit eine wichtige Rolle. Die Preise f\u00fcr diese Verfahren sind jedoch ein Thema, auf das Patienten oft neugierig sind. Die <strong>Preise f\u00fcr die Zahnfleisch\u00e4sthetik<\/strong> variieren je nach Art des Verfahrens, der anzuwendenden Methode und der Qualit\u00e4t des Services in der Klinik. <\/p>\n<h3>Faktoren, die die Preise f\u00fcr die Zahnfleisch\u00e4sthetik beeinflussen<\/h3>\n<p>Die folgenden Faktoren spielen eine wichtige Rolle bei der Bestimmung der Preise f\u00fcr Zahnfleisch\u00e4sthetik:<\/p>\n<figure class=\"table\">\n<table>\n<thead>\n<tr>\n<th>Faktor<\/th>\n<th>Beschreibung<\/th>\n<\/tr>\n<\/thead>\n<tbody>\n<tr>\n<td><strong>Angewandte Methode<\/strong><\/td>\n<td>Verschiedene Methoden (z.B. Zahnfleischkorrektur mit Laser, chirurgischer Eingriff, Botoxanwendung) k\u00f6nnen unterschiedliche Preisklassen haben.<\/td>\n<\/tr>\n<tr>\n<td><strong>Erfahrung als Arzt<\/strong><\/td>\n<td>Die Erfahrung und Erfolgsquote in dem Fachgebiet ist ein weiterer Faktor, der sich direkt auf die Preise auswirkt. Es ist in der Regel teurer, erfahrenere \u00c4rzte zu konsultieren. <\/td>\n<\/tr>\n<tr>\n<td><strong>Standort der Klinik<\/strong><\/td>\n<td>Die Preispolitik der Kliniken in Ihrer Stadt oder Region kann unterschiedlich sein. Kliniken in Gro\u00dfst\u00e4dten haben zum Beispiel in der Regel h\u00f6here Preise. <\/td>\n<\/tr>\n<tr>\n<td><strong>Technische Ausstattung<\/strong><\/td>\n<td>Die Qualit\u00e4t der verwendeten Technologie und die neue Generation der Ger\u00e4te k\u00f6nnen den Preis des Verfahrens erh\u00f6hen. Die Lasertechnologie kann oft eine kostspieligere Option sein. <\/td>\n<\/tr>\n<\/tbody>\n<\/table>\n<\/figure>\n<h3>Durchschnittliche Preisspannen<\/h3>\n<p>Nachfolgend finden Sie die durchschnittlichen Preise f\u00fcr verschiedene Methoden der Zahnfleisch\u00e4sthetik:<\/p>\n<figure class=\"table\">\n<table>\n<thead>\n<tr>\n<th>Methode<\/th>\n<th>Durchschnittspreis (TL)<\/th>\n<\/tr>\n<\/thead>\n<tbody>\n<tr>\n<td>Zahnfleischkorrektur mit Laser<\/td>\n<td>Angebot anfordern<\/td>\n<\/tr>\n<tr>\n<td>Chirurgische Gingiva-\u00c4sthetik<\/td>\n<td>Ein Angebot anfordern<\/td>\n<\/tr>\n<tr>\n<td>Botox Anwendung<\/td>\n<td>Angebot anfordern<\/td>\n<\/tr>\n<tr>\n<td>Kronen (Furnier) Anwendung<\/td>\n<td>Angebot anfordern<\/td>\n<\/tr>\n<\/tbody>\n<\/table>\n<\/figure>\n<p>Diese Preise k\u00f6nnen je nach der Vielfalt der von den Kliniken angebotenen Leistungen und den individuellen Bed\u00fcrfnissen des Patienten variieren. Aus diesem Grund ist es wichtig, sich vor einer Zahnfleisch\u00e4sthetik bei einem Arzt ausf\u00fchrlich \u00fcber den Preis und das Verfahren zu informieren. <\/p>\n<h3>Fazit<\/h3>\n<p>Die Preise f\u00fcr die Zahnfleisch\u00e4sthetik h\u00e4ngen von verschiedenen Faktoren ab. Die Bewertung der Optionen, die f\u00fcr das Budget und die Bed\u00fcrfnisse der Patienten geeignet sind, wird ihnen helfen, die richtige Entscheidung zu treffen. Es ist m\u00f6glich, ein \u00e4sthetisches und gesundes L\u00e4cheln mit der richtigen Planung und der Zusammenarbeit mit einem Spezialisten auf diesem Gebiet zu erreichen.  <\/p>\n<h2>Pflege nach der Gingiva-\u00c4sthetik<\/h2>\n<p>Der Pflegeprozess nach der Zahnfleisch\u00e4sthetik ist \u00e4u\u00dferst wichtig, um die Dauerhaftigkeit der erzielten Ergebnisse zu gew\u00e4hrleisten und den Heilungsprozess zu beschleunigen. Dieser Prozess hilft dem Einzelnen, seine Mundgesundheit zu sch\u00fctzen und unterst\u00fctzt langfristige \u00e4sthetische Ergebnisse. Es gibt einige wichtige Punkte, die bei der Pflege nach der Zahnfleisch\u00e4sthetik zu beachten sind.  <\/p>\n<h3>1. die Mundhygiene<\/h3>\n<p>Der wichtigste Faktor bei \u00e4sthetischen Anwendungen des Zahnfleisches ist die Hygiene. Die Sicherstellung der Mundhygiene minimiert das Risiko einer Infektion. Regelm\u00e4\u00dfiges Z\u00e4hneputzen und die Verwendung von Zahnseide sind die grundlegenden Schritte, die Sie w\u00e4hrend der Heilungsphase beachten sollten. Insbesondere ist es auch sinnvoll, spezielle, vom Arzt empfohlene Mundsp\u00fclungen zu verwenden.   <\/p>\n<h3>2. \u00fcberwachen und auswerten<\/h3>\n<p>Nach der Zahnfleisch\u00e4sthetik ist es wichtig, den Heilungsprozess zu \u00fcberwachen. Bei Problemen oder unerwarteten Situationen sollte der Zahnarzt konsultiert werden, ohne Zeit zu verlieren. Au\u00dferdem k\u00f6nnen Sie die vom Zahnarzt festgelegten Nachsorgetermine einhalten, um die Situation zu beurteilen.  <\/p>\n<h3>3. di\u00e4t<\/h3>\n<p>Auch die Essgewohnheiten spielen eine gro\u00dfe Rolle f\u00fcr den Heilungsprozess. Denken Sie daran, dass harte und klebrige Nahrungsmittel vermieden werden sollten. Stattdessen sollten Sie weiche und nahrhafte Lebensmittel bevorzugen. Sie sollten auch bedenken, dass scharfe und s\u00e4urehaltige Speisen das Zahnfleisch ebenfalls sch\u00e4digen k\u00f6nnen.   <\/p>\n<h3>4. vermeiden Sie Rauchen und Alkoholkonsum<\/h3>\n<p>Der Konsum von Substanzen wie Rauchen und Alkohol nach der Zahnfleisch\u00e4sthetik kann den Heilungsprozess negativ beeinflussen. Diese Substanzen vermindern die Durchblutung und k\u00f6nnen das Risiko einer Infektion erh\u00f6hen. Daher wird empfohlen, w\u00e4hrend dieses Prozesses nicht zu rauchen und keinen Alkohol zu trinken.  <\/p>\n<h3>Grundz\u00fcge der Pflege nach der Gingiva-\u00c4sthetik<\/h3>\n<figure class=\"table\">\n<table>\n<thead>\n<tr>\n<th>Elemente der Pflege<\/th>\n<th>Beschreibung<\/th>\n<\/tr>\n<\/thead>\n<tbody>\n<tr>\n<td>Mundhygiene<\/td>\n<td>Z\u00e4hne putzen, Mundwasser verwenden.<\/td>\n<\/tr>\n<tr>\n<td>\u00dcberwachung und Bewertung<\/td>\n<td>Zur Nachverfolgung von Arztterminen und zur Bewertung der Situation.<\/td>\n<\/tr>\n<tr>\n<td>Di\u00e4tetisches Muster<\/td>\n<td>Nehmen Sie weiche und nahrhafte Lebensmittel zu sich.<\/td>\n<\/tr>\n<tr>\n<td>Rauchen und Alkoholkonsum<\/td>\n<td>Vermeiden Sie diese Substanzen, um die Heilung nicht zu beeintr\u00e4chtigen.<\/td>\n<\/tr>\n<\/tbody>\n<\/table>\n<\/figure>\n<p>Die Pflege nach einer Zahnfleisch\u00e4sthetik ist ein kritischer Prozess, sowohl im Hinblick auf die Erhaltung des \u00e4sthetischen Ergebnisses als auch auf die Kontinuit\u00e4t der Mundgesundheit. Wenn die oben genannten Punkte ber\u00fccksichtigt werden, werden sowohl die Schmerzen als auch das Unbehagen abnehmen und der Prozess wird auf gesunde Weise fortschreiten. Es sollte nicht vergessen werden, dass die Preise und Methoden der Zahnfleisch\u00e4sthetik sowie die Nachbehandlung ebenso wichtig sind wie die G\u00fcltigkeit der \u00e4sthetischen Ergebnisse.  <\/p>\n<h2>H\u00e4ufig gestellte Fragen<\/h2>\n<h3>Was ist Kaugummi-\u00c4sthetik?<\/h3>\n<p>Die Gingivale \u00c4sthetik ist eine Reihe von Eingriffen, die durchgef\u00fchrt werden, um das Aussehen und die Gesundheit des Zahnfleisches zu verbessern. Diese Eingriffe zielen auf Probleme wie \u00fcberm\u00e4\u00dfigen R\u00fcckgang des Zahnfleischs, Deformationen oder Verf\u00e4rbungen des Zahnfleischs ab. Die Zahnfleisch\u00e4sthetik wird in der Regel von Zahn\u00e4rzten oder Parodontologen durchgef\u00fchrt und zielt darauf ab, die Zahngesundheit zusammen mit den \u00e4sthetischen Aspekten zu verbessern.  <\/p>\n<h3>Wer ist f\u00fcr die Zahnfleisch\u00e4sthetik geeignet?<\/h3>\n<p>Die Zahnfleisch\u00e4sthetik eignet sich f\u00fcr alle, die unter Problemen wie \u00fcberm\u00e4\u00dfigem Zahnfleischr\u00fcckgang, ungleichm\u00e4\u00dfigem Aussehen des Zahnfleischs oder Verf\u00e4rbungen leiden. Aber auch Personen, die sich Sorgen um ihr L\u00e4cheln machen und sich mit dem Aussehen ihres Zahnfleisches unwohl f\u00fchlen, k\u00f6nnen von diesem Verfahren profitieren. Es ist jedoch wichtig, dass Sie sich von einem Zahnarzt untersuchen lassen, bevor Sie mit einem \u00e4sthetischen Eingriff am Zahnfleisch beginnen.  <\/p>\n<h3>Wie wird die \u00e4sthetische Behandlung des Zahnfleischs durchgef\u00fchrt?<\/h3>\n<p>Der \u00e4sthetische Eingriff am Zahnfleisch wird in der Regel unter \u00f6rtlicher Bet\u00e4ubung durchgef\u00fchrt. Der Eingriff kann eine Abflachung, Umformung oder Verdickung des Zahnfleischs in bestimmten Bereichen unter Verwendung von \u00e4sthetischen F\u00fcllstoffen beinhalten. Vor dem Eingriff wird der zahnmedizinische Gesundheitszustand des Patienten untersucht und die notwendigen Behandlungsmethoden werden festgelegt. Nach dem Eingriff sollten die Patienten auf den Heilungsprozess achten und die Empfehlungen des Arztes befolgen.   <\/p>\n<h3>Wie sollte die Pflege nach der Zahnfleisch\u00e4sthetik aussehen?<\/h3>\n<p>Die Pflege nach der Zahnfleisch\u00e4sthetik ist entscheidend f\u00fcr einen erfolgreichen Heilungsprozess. Erstens k\u00f6nnen nach dem Eingriff die vom Arzt empfohlenen Schmerzmittel eingenommen werden. Au\u00dferdem ist es wichtig, die behandelten Bereiche sanft zu putzen und besonders hartn\u00e4ckige Nahrungsmittel zu vermeiden. Die regelm\u00e4\u00dfige Teilnahme an den vom Arzt empfohlenen Kontrollterminen und die Pflege der Mundh\u00f6hle sind f\u00fcr die Erhaltung der Zahnfleischgesundheit unerl\u00e4sslich.   <\/p>\n<\/div><\/div><\/div><\/div><\/div><\/div><\/section><section class=\"l-section wpb_row us_custom_315b8835 height_medium color_footer-bottom\"><div class=\"l-section-h i-cf\"><div class=\"g-cols vc_row via_grid cols_1 laptops-cols_inherit tablets-cols_inherit mobiles-cols_1 valign_middle type_default stacking_default\"><div class=\"wpb_column vc_column_container\"><div class=\"vc_column-inner\"><div class=\"g-cols wpb_row us_custom_ee246b62 has_text_color via_grid cols_2 laptops-cols_inherit tablets-cols_1 mobiles-cols_1 valign_middle type_default stacking_default\" style=\"--columns-gap:0rem;\"><div class=\"wpb_column vc_column_container us_custom_2c279b99\"><div class=\"vc_column-inner\"><div class=\"w-text us_custom_a5df9810 has_text_color\"><span class=\"w-text-h\"><span class=\"w-text-value\">Erhalten Sie jetzt Informationen und Unterst\u00fctzung<\/span><\/span><\/div><h2 class=\"w-text\"><span class=\"w-text-h\"><span class=\"w-text-value\">Fordern Sie eine kostenlose Beratung an.<\/span><\/span><\/h2><\/div><\/div><div class=\"wpb_column vc_column_container us_custom_16154244\"><div class=\"vc_column-inner\"><div class=\"w-btn-wrapper default_align_right laptops_align_right tablets_align_left mobiles_align_left\"><a class=\"w-btn us-btn-style_2 us_custom_b4198c51\" href=\"https:\/\/www.elevenestetik.com\/de\/kontakt\/\"><span class=\"w-btn-label\">Einen Termin erstellen<\/span><\/a><\/div><\/div><\/div><\/div><\/div><\/div><\/div><\/div><\/section>\n","protected":false},"excerpt":{"rendered":"Zahnfleisch \u00c4sthetikDauer des KrankenhausaufenthaltsKein Krankenhausaufenthalt Operation Dauer1 - 2 Stunden An\u00e4sthesie TypLokale An\u00e4sthesie Prozess der Wiederherstellung1 - 2 Wochen Kontaktieren Sie uns f\u00fcr weitere Informationen.Schreiben Sie auf WhatsAppWenn es um Zahn\u00e4sthetik geht, steht in der Regel das Aussehen der Z\u00e4hne im Vordergrund, aber die Gesundheit und \u00c4sthetik des Zahnfleischs sind genauso wichtig wie die Z\u00e4hne....","protected":false},"author":1,"featured_media":5815,"parent":0,"menu_order":0,"comment_status":"closed","ping_status":"closed","template":"","meta":{"rank_math_focus_keyword":"\u00c4sthetik des Zahnfleischs","rank_math_description":"Finden Sie Informationen \u00fcber Zahnfleisch\u00e4sthetik. Entdecken Sie Methoden, Preise und Tipps zur Nachbehandlung. ","footnotes":""},"class_list":["post-5797","page","type-page","status-publish","has-post-thumbnail","hentry"],"_links":{"self":[{"href":"https:\/\/www.elevenestetik.com\/de\/wp-json\/wp\/v2\/pages\/5797","targetHints":{"allow":["GET"]}}],"collection":[{"href":"https:\/\/www.elevenestetik.com\/de\/wp-json\/wp\/v2\/pages"}],"about":[{"href":"https:\/\/www.elevenestetik.com\/de\/wp-json\/wp\/v2\/types\/page"}],"author":[{"embeddable":true,"href":"https:\/\/www.elevenestetik.com\/de\/wp-json\/wp\/v2\/users\/1"}],"replies":[{"embeddable":true,"href":"https:\/\/www.elevenestetik.com\/de\/wp-json\/wp\/v2\/comments?post=5797"}],"version-history":[{"count":2,"href":"https:\/\/www.elevenestetik.com\/de\/wp-json\/wp\/v2\/pages\/5797\/revisions"}],"predecessor-version":[{"id":5817,"href":"https:\/\/www.elevenestetik.com\/de\/wp-json\/wp\/v2\/pages\/5797\/revisions\/5817"}],"wp:featuredmedia":[{"embeddable":true,"href":"https:\/\/www.elevenestetik.com\/de\/wp-json\/wp\/v2\/media\/5815"}],"wp:attachment":[{"href":"https:\/\/www.elevenestetik.com\/de\/wp-json\/wp\/v2\/media?parent=5797"}],"curies":[{"name":"wp","href":"https:\/\/api.w.org\/{rel}","templated":true}]}}