{"id":5776,"date":"2026-01-26T09:05:06","date_gmt":"2026-01-26T06:05:06","guid":{"rendered":"https:\/\/www.elevenestetik.com\/behandlung-von-brueckenzaehnen\/"},"modified":"2026-01-26T09:07:02","modified_gmt":"2026-01-26T06:07:02","slug":"behandlung-von-brueckenzaehnen","status":"publish","type":"page","link":"https:\/\/www.elevenestetik.com\/de\/behandlung-von-brueckenzaehnen\/","title":{"rendered":"Behandlung von Br\u00fcckenz\u00e4hnen"},"content":{"rendered":"<section class=\"l-section wpb_row us_custom_4e2a4f93 height_large\"><div class=\"l-section-h i-cf\"><div class=\"g-cols vc_row via_grid cols_1 laptops-cols_inherit tablets-cols_inherit mobiles-cols_1 valign_top type_default stacking_default\"><div class=\"wpb_column vc_column_container\"><div class=\"vc_column-inner\"><h1 class=\"w-text us_custom_28784076 has_text_color\"><span class=\"w-text-h\"><span class=\"w-text-value\">Behandlung von Br\u00fcckenz\u00e4hnen<\/span><\/span><\/h1><\/div><\/div><\/div><\/div><\/section><section class=\"l-section wpb_row us_custom_6179e1d8 height_large width_full\"><div class=\"l-section-h i-cf\"><div class=\"g-cols vc_row via_grid cols_1 laptops-cols_inherit tablets-cols_inherit mobiles-cols_1 valign_top type_default stacking_default\"><div class=\"wpb_column vc_column_container\"><div class=\"vc_column-inner\"><div class=\"g-cols wpb_row via_grid cols_2 laptops-cols_inherit tablets-cols_inherit mobiles-cols_1 valign_top type_default stacking_default\" style=\"--columns-gap:2rem;\"><div class=\"wpb_column vc_column_container\"><div class=\"vc_column-inner\"><div class=\"w-image us_custom_9cf479d2 align_none\"><div class=\"w-image-h\"><img decoding=\"async\" width=\"1024\" height=\"574\" src=\"https:\/\/www.elevenestetik.com\/wp-content\/uploads\/2024\/02\/dis-kopru.jpg\" class=\"attachment-large size-large\" alt=\"\" loading=\"lazy\" srcset=\"https:\/\/www.elevenestetik.com\/wp-content\/uploads\/2024\/02\/dis-kopru.jpg 1024w, https:\/\/www.elevenestetik.com\/wp-content\/uploads\/2024\/02\/dis-kopru-300x168.jpg 300w\" sizes=\"auto, (max-width: 1024px) 100vw, 1024px\"><\/div><\/div><\/div><\/div><div class=\"wpb_column vc_column_container us_custom_29737451\"><div class=\"vc_column-inner\"><div class=\"w-hwrapper us_custom_147c3537 valign_top stack_on_mobiles align_center\" style=\"--hwrapper-gap:3rem\"><div class=\"w-iconbox us_custom_f9f315b4 has_text_color iconpos_top style_default color_primary align_center\"><div class=\"w-iconbox-icon\" style=\"font-size:2rem;\"><i class=\"fas fa-hospital\"><\/i><\/div><div class=\"w-iconbox-meta\"><p class=\"w-iconbox-title\">Dauer des Krankenhausaufenthalts<\/p><div class=\"w-iconbox-text\"><p>Kein Krankenhausaufenthalt<\/p>\n<\/div><\/div><\/div><div class=\"w-iconbox us_custom_f9f315b4 has_text_color iconpos_top style_default color_primary align_center\"><div class=\"w-iconbox-icon\" style=\"font-size:2rem;\"><i class=\"fas fa-clock\"><\/i><\/div><div class=\"w-iconbox-meta\"><p class=\"w-iconbox-title\">Operation Dauer<\/p><div class=\"w-iconbox-text\"><p>2 Stunden<\/p>\n<\/div><\/div><\/div><div class=\"w-iconbox us_custom_f9f315b4 has_text_color iconpos_top style_default color_primary align_center\"><div class=\"w-iconbox-icon\" style=\"font-size:2rem;\"><i class=\"fas fa-stethoscope\"><\/i><\/div><div class=\"w-iconbox-meta\"><p class=\"w-iconbox-title\">An\u00e4sthesie Typ<\/p><div class=\"w-iconbox-text\"><p>Lokale An\u00e4sthesie<\/p>\n<\/div><\/div><\/div><div class=\"w-iconbox us_custom_f9f315b4 has_text_color iconpos_top style_default color_primary align_center\"><div class=\"w-iconbox-icon\" style=\"font-size:2rem;\"><i class=\"fas fa-hands-heart\"><\/i><\/div><div class=\"w-iconbox-meta\"><p class=\"w-iconbox-title\">Prozess der Wiederherstellung<\/p><div class=\"w-iconbox-text\"><p>Es gibt keinen Heilungsprozess<\/p>\n<\/div><\/div><\/div><\/div><h6 class=\"w-text us_custom_d0e1c2ad\"><span class=\"w-text-h\"><span class=\"w-text-value\">Kontaktieren Sie uns f\u00fcr weitere Informationen.<\/span><\/span><\/h6><div class=\"w-btn-wrapper align_center\"><a class=\"w-btn us-btn-style_1\" href=\"https:\/\/wa.me\/+905011552511\" target=\"_blank\" rel=\"noopener\"><span class=\"w-btn-label\">Schreiben Sie auf WhatsApp<\/span><\/a><\/div><\/div><\/div><\/div><\/div><\/div><\/div><\/div><\/section><section class=\"l-section wpb_row us_custom_ddf21fbc height_large\"><div class=\"l-section-h i-cf\"><div class=\"g-cols vc_row via_grid cols_1 laptops-cols_inherit tablets-cols_inherit mobiles-cols_1 valign_top type_default stacking_default\"><div class=\"wpb_column vc_column_container\"><div class=\"vc_column-inner\"><div class=\"wpb_text_column\"><div class=\"wpb_wrapper\"><p>Eine zahn\u00e4rztliche Behandlung mit Br\u00fccken bietet eine effektive L\u00f6sung zur Beseitigung Ihrer Zahndefizite. Also, <strong>was ist eine Br\u00fcckenbehandlung<\/strong>? In diesem Artikel informieren wir Sie ausf\u00fchrlich \u00fcber <strong>den Ablauf einer Br\u00fcckenbehandlung<\/strong>, wie die Behandlung durchgef\u00fchrt wird und welche Schritte Sie erwarten k\u00f6nnen. Wir informieren Sie auch \u00fcber die aktuellen <strong>Preise f\u00fcr Zahnbr\u00fcckenbehandlungen<\/strong> und geben Ihnen Tipps, die Ihnen bei der Planung Ihres Budgets helfen k\u00f6nnen. Abschlie\u00dfend werden wir einen Blick auf die Vorteile dieser Behandlung werfen und Wege zu einem gesunden L\u00e4cheln aufzeigen. Wenn Sie bereit sind, lassen Sie uns auf eine ausf\u00fchrliche Reise \u00fcber die Behandlung mit Zahnbr\u00fccken gehen!     <\/p>\n<h2>Was ist eine Br\u00fccken-Zahnbehandlung?<\/h2>\n<p>Die Br\u00fcckenbehandlung ist eine Restaurationsmethode, die in der Zahnmedizin zum Ersatz fehlender Z\u00e4hne eingesetzt wird. Bei dieser Behandlungsmethode wird ein Zahnprototyp auf zwei oder mehr gesunde Z\u00e4hne gesetzt, um den fehlenden Zahn zu ersetzen. Neben dem \u00e4sthetischen Erscheinungsbild erf\u00fcllt die <strong>Br\u00fcckenbehandlung<\/strong> auch wichtige Funktionen wie die Wiederherstellung der Kaufunktion und die Verhinderung von Zahnverschiebungen. <\/p>\n<p>Die grundlegenden Komponenten der Br\u00fcckenbehandlung sind die folgenden:<\/p>\n<figure class=\"table\">\n<table>\n<thead>\n<tr>\n<th>Komponente<\/th>\n<th>Beschreibung<\/th>\n<\/tr>\n<\/thead>\n<tbody>\n<tr>\n<td>Pfeilerz\u00e4hne<\/td>\n<td>Es handelt sich um gesunde Z\u00e4hne, die die Br\u00fccke st\u00fctzen und sich an der Seite der Br\u00fccke befinden.<\/td>\n<\/tr>\n<tr>\n<td>Br\u00fccke Gewinde<\/td>\n<td>Sie sind k\u00fcnstliche Z\u00e4hne, die den fehlenden Zahn ersetzen.<\/td>\n<\/tr>\n<tr>\n<td>Porzellan oder Metall<\/td>\n<td>Materialien, die f\u00fcr die Konstruktion der Br\u00fccke verwendet wurden.<\/td>\n<\/tr>\n<\/tbody>\n<\/table>\n<\/figure>\n<p>Eine zahn\u00e4rztliche Br\u00fcckenbehandlung ist eine sehr vorteilhafte Option f\u00fcr Menschen, die aus verschiedenen Gr\u00fcnden Z\u00e4hne verloren haben. Da Zahnverlust zu verschiedenen gesundheitlichen und \u00e4sthetischen Problemen f\u00fchren kann, spielt eine <strong>zahn\u00e4rztliche Br\u00fcckenbehandlung<\/strong> eine wichtige Rolle bei der L\u00f6sung dieser Probleme. Die L\u00fccke zwischen den Z\u00e4hnen kann zu Zahnverschiebungen, Kauproblemen und Sprachst\u00f6rungen f\u00fchren. Daher ist der Behandlungsprozess entscheidend f\u00fcr die Mundgesundheit und die allgemeine Lebensqualit\u00e4t des Patienten.   <\/p>\n<p>Die Anwendung erfolgt in der Regel in zwei Schritten. In der ersten Phase pr\u00e4pariert der Zahnarzt die Pfeilerz\u00e4hne und nimmt Abdr\u00fccke. Diese Abdr\u00fccke werden an das Labor geschickt, um die Br\u00fccke nach Ma\u00df anfertigen zu lassen. In der zweiten Phase wird die ma\u00dfgefertigte Br\u00fccke eingesetzt und auf die f\u00fcr den Patienten am besten geeignete Weise angepasst. Dieser Prozess kann je nach der Mundstruktur und den Bed\u00fcrfnissen des Patienten variieren.    <\/p>\n<p>Zusammenfassend l\u00e4sst sich die Frage, <strong>was eine Br\u00fcckenbehandlung ist<\/strong>, als Wiederherstellung der Mundgesundheit und \u00c4sthetik durch den Ersatz fehlender Z\u00e4hne durch k\u00fcnstliche Z\u00e4hne zusammenfassen. Sie ist eine wichtige Behandlungsmethode, um die Zahngesundheit sowohl in \u00e4sthetischer als auch in funktioneller Hinsicht zu unterst\u00fctzen. <\/p>\n<figure class=\"image\"><img loading=\"lazy\" decoding=\"async\" src=\"https:\/\/www.elevenestetik.com\/wp-content\/uploads\/2024\/02\/Kopru-Dis-Tedavileri-Uygulandigi-Durumlar.jpg\" alt=\"\" width=\"1920\" height=\"1080\"><\/figure>\n<h2>Prozess der Behandlung von Br\u00fcckenz\u00e4hnen<\/h2>\n<p><strong>Die zahn\u00e4rztliche Behandlung mit einer Br\u00fccke<\/strong> besteht in der Regel aus mehreren Phasen und jede Phase wird speziell f\u00fcr die Mundgesundheit des Patienten geplant. Dieser Prozess beginnt mit einer detaillierten Beurteilung durch den Zahnarzt. Hier sind die Phasen der Behandlung mit einer Zahnbr\u00fccke:  <\/p>\n<figure class=\"table\">\n<table>\n<thead>\n<tr>\n<th>Phase<\/th>\n<th>Beschreibung<\/th>\n<\/tr>\n<\/thead>\n<tbody>\n<tr>\n<td>1. die Bewertung<\/td>\n<td>Der Zahnarzt untersucht die Mundstruktur, lokalisiert fehlende Z\u00e4hne und beurteilt die allgemeine Mundgesundheit.<\/td>\n<\/tr>\n<tr>\n<td>2. messen<\/td>\n<td>Es werden die erforderlichen Ma\u00dfe genommen und die Br\u00fccke wird entsprechend der Zahnstruktur des Patienten entworfen.<\/td>\n<\/tr>\n<tr>\n<td>3. provisorischer Zahn<\/td>\n<td>Ein provisorischer Zahn wird dem Patienten eingesetzt, bis eine permanente Br\u00fccke gebaut wird.<\/td>\n<\/tr>\n<tr>\n<td>4. das Einsetzen der permanenten Br\u00fccke<\/td>\n<td>Nachdem die Korrektheit der Z\u00e4hne und des Br\u00fcckendesigns \u00fcberpr\u00fcft wurde, wird die permanente Br\u00fccke eingesetzt.<\/td>\n<\/tr>\n<tr>\n<td>5. nachsorge<\/td>\n<td>Nach der Behandlung werden regelm\u00e4\u00dfige Kontrollen durchgef\u00fchrt und Empfehlungen f\u00fcr die Mundpflege des Patienten gegeben.<\/td>\n<\/tr>\n<\/tbody>\n<\/table>\n<\/figure>\n<h3>Prozess-Details<\/h3>\n<p><strong>Die erste Phase der Br\u00fcckenbehandlung<\/strong> ist die Aufnahme eines Dialogs zwischen dem Patienten und dem Zahnarzt. Der Zahnarzt bestimmt die am besten geeignete Behandlungsmethode und ber\u00fccksichtigt dabei den Lebensstil, die Gewohnheiten und die Mundgesundheit des Patienten. In dieser Phase k\u00f6nnen auch bildgebende Verfahren wie R\u00f6ntgenaufnahmen eingesetzt werden.  <\/p>\n<p>In der zweiten Phase werden Abdr\u00fccke mit gro\u00dfer Pr\u00e4zision genommen. Diese Messungen sind sehr wichtig, um sicherzustellen, dass die Br\u00fccke in Bezug auf Gr\u00f6\u00dfe, Position und Winkel genau zu den Z\u00e4hnen passt. Nachdem die Abdr\u00fccke genommen wurden, werden dem Patienten provisorische Z\u00e4hne eingesetzt. Die provisorischen Z\u00e4hne bieten eine \u00e4sthetische und funktionelle L\u00f6sung, bis die permanente Br\u00fccke angefertigt wird.   <\/p>\n<p>Wenn die letzte Phase f\u00fcr das Einsetzen der permanenten Br\u00fccke beginnt, \u00fcberpr\u00fcft der Zahnarzt alle Details. Wenn alles in Ordnung ist, wird der permanente Br\u00fcckenzahn eingesetzt. Bei diesem Prozess sind jedoch einige Punkte zu beachten. Die Wartung und regelm\u00e4\u00dfige Kontrolle der Br\u00fcckenz\u00e4hne sind f\u00fcr die Mundgesundheit des Patienten \u00e4u\u00dferst wichtig. In dieser Nachsorgephase m\u00fcssen die Empfehlungen des Zahnarztes befolgt werden.    <\/p>\n<p>Zusammenfassend l\u00e4sst sich sagen, dass <strong>der Prozess der Zahnbr\u00fcckenbehandlung<\/strong> ein Verfahren ist, das Aufmerksamkeit, Sorgfalt und eine detaillierte Planung erfordert. Jede Phase wird nach den individuellen Bed\u00fcrfnissen des Patienten gestaltet und ist entscheidend f\u00fcr den Erfolg der Behandlung. <\/p>\n<figure class=\"image\"><img loading=\"lazy\" decoding=\"async\" src=\"https:\/\/www.elevenestetik.com\/wp-content\/uploads\/2024\/02\/Dis-Koprusu-Tedavisinden-Sonrasinda-Dikkat-Edilecekler.jpg\" alt=\"\" width=\"1920\" height=\"1080\"><\/figure>\n<h2>Preise f\u00fcr Zahnbehandlungen mit Br\u00fccken<\/h2>\n<p>Eine zahn\u00e4rztliche Br\u00fcckenbehandlung ist eine wirksame Methode zur Beseitigung von Zahnm\u00e4ngeln. Die Preise f\u00fcr diese Behandlung h\u00e4ngen jedoch von vielen Faktoren ab. Daher ist es wichtig, allgemeine Informationen \u00fcber <strong>die Preise f\u00fcr Zahnbr\u00fcckenbehandlungen<\/strong> zu geben.  <\/p>\n<h3>Faktoren, die die Preise beeinflussen<\/h3>\n<p>Die wichtigsten Faktoren, die sich auf die Preise f\u00fcr eine zahn\u00e4rztliche Br\u00fcckenbehandlung auswirken, sind folgende:<\/p>\n<figure class=\"table\">\n<table>\n<thead>\n<tr>\n<th>Faktoren<\/th>\n<th>Beschreibung<\/th>\n<\/tr>\n<\/thead>\n<tbody>\n<tr>\n<td><strong>Zustand des Zahns<\/strong><\/td>\n<td>Situationen, in denen der Zahn extrahiert oder behandelt werden muss, beeinflussen den Preis.<\/td>\n<\/tr>\n<tr>\n<td><strong>Br\u00fcckentyp<\/strong><\/td>\n<td>Die Verwendung unterschiedlicher Materialien (Keramik, Metall, etc.) kann den Preis ver\u00e4ndern.<\/td>\n<\/tr>\n<tr>\n<td><strong>Ort der Anwendung<\/strong><\/td>\n<td>Beachten Sie, dass die Preise in privaten Kliniken, Krankenh\u00e4usern oder \u00f6ffentlichen Krankenh\u00e4usern variieren k\u00f6nnen.<\/td>\n<\/tr>\n<tr>\n<td><strong>Erfahrung des Zahnarztes<\/strong><\/td>\n<td>Das Ma\u00df an Fachwissen und Erfahrung kann die Kosten der Behandlung beeinflussen.<\/td>\n<\/tr>\n<tr>\n<td><strong>Behandlungsprozess<\/strong><\/td>\n<td>In F\u00e4llen, die zus\u00e4tzliche Eingriffe erfordern, k\u00f6nnen die Gesamtkosten steigen.<\/td>\n<\/tr>\n<\/tbody>\n<\/table>\n<\/figure>\n<h3>Durchschnittliche Preise<\/h3>\n<p>Heute variieren die Preise f\u00fcr Br\u00fcckenbehandlungen in verschiedenen Bereichen wie folgt:<\/p>\n<figure class=\"table\">\n<table>\n<thead>\n<tr>\n<th>Br\u00fccke Typ<\/th>\n<th>Durchschnittliche Preisspanne (TL)<\/th>\n<\/tr>\n<\/thead>\n<tbody>\n<tr>\n<td>Metallgest\u00fctzte Br\u00fccke<\/td>\n<td>Angebot anfordern<\/td>\n<\/tr>\n<tr>\n<td>Keramische Br\u00fccke<\/td>\n<td>Angebot anfordern<\/td>\n<\/tr>\n<tr>\n<td>Zirkoniumdioxid-Br\u00fccke<\/td>\n<td>Angebot anfordern<\/td>\n<\/tr>\n<\/tbody>\n<\/table>\n<\/figure>\n<p>Die Preise in dieser Tabelle k\u00f6nnen von Jahr zu Jahr variieren. Auch das Material und die Methode, die Sie w\u00e4hlen, sind Faktoren, die die Preise beeinflussen. <\/p>\n<h3>Krankenversicherung und Zahlungsoptionen<\/h3>\n<p>Viele Versicherungspolicen \u00fcbernehmen die Kosten f\u00fcr eine Zahnbehandlung. Daher ist es sinnvoll, vor einer Behandlung mit einer Zahnbr\u00fccke zu pr\u00fcfen, welche Leistungen von Ihrer Versicherung \u00fcbernommen werden. Dar\u00fcber hinaus bieten einige Kliniken Ratenzahlungsoptionen an, um Ihnen die Behandlungskosten zu erleichtern.  <\/p>\n<p>Daher h\u00e4ngen <strong>die Preise f\u00fcr eine Zahnbr\u00fcckenbehandlung<\/strong> von vielen Faktoren ab. Daher ist es wichtig, sich vor Beginn der Behandlung untersuchen zu lassen und sich \u00fcber den Preis zu informieren. Denken Sie daran, die richtigen Entscheidungen f\u00fcr ein gesundes L\u00e4cheln zu treffen!  <\/p>\n<h2>Vorteile einer Br\u00fccken-Zahnbehandlung<\/h2>\n<p>Eine <strong>zahn\u00e4rztliche Br\u00fcckenbehandlung<\/strong> bietet viele Vorteile und verbessert die Lebensqualit\u00e4t des Einzelnen sowohl in \u00e4sthetischer als auch in funktioneller Hinsicht. Diese Behandlungsmethode erm\u00f6glicht es, das L\u00e4cheln zu versch\u00f6nern und die Kaufunktion wiederherzustellen, indem verlorene Z\u00e4hne ersetzt werden. Hier sind einige der wichtigsten Vorteile einer Zahnbr\u00fcckenbehandlung:  <\/p>\n<h3>1. \u00e4sthetisches Erscheinungsbild<\/h3>\n<p>Einer der offensichtlichsten Vorteile einer Br\u00fccken-Zahnbehandlung ist ihr \u00e4sthetisches Erscheinungsbild. Wenn die fehlenden Zahnbereiche mit Br\u00fccken gef\u00fcllt werden, erh\u00e4lt das L\u00e4cheln der Patienten ein nat\u00fcrliches Aussehen zur\u00fcck. Die aus speziellen zahnmedizinischen Materialien hergestellten Br\u00fccken sind den echten Z\u00e4hnen am n\u00e4chsten und ihre Harmonie im Mund ist gew\u00e4hrleistet.  <\/p>\n<h3>2. funktionaler Zugewinn<\/h3>\n<p>Eine zahn\u00e4rztliche Behandlung mit Br\u00fccken hilft, die Kaufunktion wiederherzustellen. Br\u00fccken, die die Rolle der verlorenen Z\u00e4hne \u00fcbernehmen, sorgen f\u00fcr mehr Komfort beim Essen. Auf diese Weise k\u00f6nnen die Patienten eine gesunde Ern\u00e4hrung einhalten, indem sie ihre Ern\u00e4hrung organisieren.  <\/p>\n<h3>3. die Stabilisierung der Z\u00e4hne<\/h3>\n<p>Wenn eine Zahnl\u00fccke entsteht, besteht die Gefahr, dass sich die umliegenden Z\u00e4hne verschieben oder verrutschen. Die Anwendung <strong>einer zahn\u00e4rztlichen Br\u00fcckenbehandlung<\/strong> hilft, die Position der anderen Z\u00e4hne zu erhalten, so dass der Zahnfluss nicht gest\u00f6rt wird. Au\u00dferdem wird das Gleichgewicht der Okklusion aufrechterhalten und Probleme beim Kauen werden minimiert.  <\/p>\n<h3>4. langfristige L\u00f6sung<\/h3>\n<p>Mit der richtigen Pflege k\u00f6nnen Br\u00fccken viele Jahre lang halten. Bei regelm\u00e4\u00dfiger Zahnhygiene und Kontrolluntersuchungen bleiben Br\u00fccken lange Zeit gesund. Dies bietet Patienten eine dauerhafte L\u00f6sung.  <\/p>\n<h3>5. schneller Implementierungsprozess<\/h3>\n<p>Eine Br\u00fcckenbehandlung kann im Vergleich zu anderen zahn\u00e4rztlichen Behandlungen in k\u00fcrzerer Zeit durchgef\u00fchrt werden. Durch einen kurzen Behandlungsprozess k\u00f6nnen Patienten schnell \u00e4sthetische und funktionelle Gewinne erzielen. <\/p>\n<figure class=\"table\">\n<table>\n<thead>\n<tr>\n<th>Vorteile<\/th>\n<th>Beschreibung<\/th>\n<\/tr>\n<\/thead>\n<tbody>\n<tr>\n<td>\u00c4sthetisches Erscheinungsbild<\/td>\n<td>Designs, die dem nat\u00fcrlichen Aussehen der Z\u00e4hne am n\u00e4chsten kommen.<\/td>\n<\/tr>\n<tr>\n<td>Funktioneller Zugewinn<\/td>\n<td>Wiederherstellung der Kaufunktion.<\/td>\n<\/tr>\n<tr>\n<td>Stabilisierung von Z\u00e4hnen<\/td>\n<td>Reduziert das Risiko des Verrutschens und der Verschiebung.<\/td>\n<\/tr>\n<tr>\n<td>Langfristige L\u00f6sung<\/td>\n<td>Sie bietet die M\u00f6glichkeit, ihre Gesundheit \u00fcber Jahre hinweg mit der richtigen Pflege zu erhalten.<\/td>\n<\/tr>\n<tr>\n<td>Schnelles Antragsverfahren<\/td>\n<td>Schnelle R\u00fccksendungen werden in kurzer Zeit bereitgestellt.<\/td>\n<\/tr>\n<\/tbody>\n<\/table>\n<\/figure>\n<p>Zusammenfassend l\u00e4sst sich sagen, dass die Behandlung mit einer Zahnbr\u00fccke sowohl in \u00e4sthetischer als auch in funktioneller Hinsicht viele Vorteile mit sich bringt. Daher ist es f\u00fcr Menschen mit fehlenden Z\u00e4hnen sehr wichtig, diese Behandlungsmethode in Betracht zu ziehen. <\/p>\n<h2>H\u00e4ufig gestellte Fragen<\/h2>\n<h3>Was ist eine Behandlung mit Br\u00fcckenz\u00e4hnen?<\/h3>\n<p>Bei einer Br\u00fcckenbehandlung werden fehlende Z\u00e4hne durch tempor\u00e4ren oder permanenten Zahnersatz ersetzt. Bei diesem Verfahren werden die benachbarten Z\u00e4hne abgeschnitten. Die Br\u00fccke ersetzt den fehlenden Zahn, indem sie auf zwei intakten Z\u00e4hnen oder Implantaten sitzt. Sie hilft den Patienten, ihr \u00e4sthetisches Aussehen wiederherzustellen und die Zahnfunktionen zu verbessern.   <\/p>\n<h3>Wie lange dauert die Behandlung mit einer Zahnbr\u00fccke?<\/h3>\n<p>Die Dauer einer Zahnbehandlung mit einer Br\u00fccke variiert je nach der allgemeinen Mundstruktur, der Zahngesundheit und dem Behandlungsplan des Patienten. Im Allgemeinen dauert die erste Phase der Vermessung und Vorbereitung 1-2 Stunden, w\u00e4hrend die Konstruktion der Br\u00fccke mehrere Tage dauern kann, da sie Laborarbeit erfordert. Die letzte Phase, das Einsetzen der Br\u00fccke, ist in der Regel in kurzer Zeit abgeschlossen.  <\/p>\n<h3>Was sind die Vorteile einer Zahnbehandlung mit Br\u00fccken?<\/h3>\n<p>Eine zahn\u00e4rztliche Behandlung mit Br\u00fccken hat viele Vorteile. Erstens tr\u00e4gt sie zur Erhaltung der Mundgesundheit bei, indem sie fehlende Z\u00e4hne ersetzt. Sie verhindert auch, dass sich die Z\u00e4hne verschieben und die Kaufunktion beeintr\u00e4chtigt wird. \u00c4sthetisch gesehen verleiht sie der Person auch ein nat\u00fcrliches Aussehen. Schlie\u00dflich ist die Anwendung einer Br\u00fcckenbehandlung als weniger invasive Methode als Zahnimplantate anerkannt.    <\/p>\n<h3>Was sollte nach einer Zahnbr\u00fcckenbehandlung beachtet werden?<\/h3>\n<p>Nach der <a href=\"https:\/\/www.elevenestetik.com\/de\/zahnarztliche-operationen\/was-sie-ueber-zahnbrueckenbehandlung-und-preise-fuer-zahnbruecken-wissen-sollten\/\">Behandlung mit einer Zahnbr\u00fccke<\/a> ist es sehr wichtig, auf die Mundhygiene zu achten. Regelm\u00e4\u00dfiges Z\u00e4hneputzen und die Verwendung von Zahnseide helfen, die Gesundheit der Z\u00e4hne rund um die Br\u00fccke zu erhalten. Auch der Verzicht auf \u00fcberm\u00e4\u00dfig harte Nahrungsmittel verl\u00e4ngert die Lebensdauer der Br\u00fccke. Auch die Einhaltung der Nachsorgetermine und die Befolgung der Empfehlungen des Zahnarztes sind f\u00fcr den langfristigen Erfolg entscheidend.   <\/p>\n<\/div><\/div><\/div><\/div><\/div><\/div><\/section><section class=\"l-section wpb_row us_custom_315b8835 height_medium color_footer-bottom\"><div class=\"l-section-h i-cf\"><div class=\"g-cols vc_row via_grid cols_1 laptops-cols_inherit tablets-cols_inherit mobiles-cols_1 valign_middle type_default stacking_default\"><div class=\"wpb_column vc_column_container\"><div class=\"vc_column-inner\"><div class=\"g-cols wpb_row us_custom_ee246b62 has_text_color via_grid cols_2 laptops-cols_inherit tablets-cols_1 mobiles-cols_1 valign_middle type_default stacking_default\" style=\"--columns-gap:0rem;\"><div class=\"wpb_column vc_column_container us_custom_2c279b99\"><div class=\"vc_column-inner\"><div class=\"w-text us_custom_a5df9810 has_text_color\"><span class=\"w-text-h\"><span class=\"w-text-value\">Erhalten Sie jetzt Informationen und Unterst\u00fctzung<\/span><\/span><\/div><h2 class=\"w-text\"><span class=\"w-text-h\"><span class=\"w-text-value\">Fordern Sie eine kostenlose Beratung an.<\/span><\/span><\/h2><\/div><\/div><div class=\"wpb_column vc_column_container us_custom_16154244\"><div class=\"vc_column-inner\"><div class=\"w-btn-wrapper default_align_right laptops_align_right tablets_align_left mobiles_align_left\"><a class=\"w-btn us-btn-style_2 us_custom_b4198c51\" href=\"https:\/\/www.elevenestetik.com\/de\/kontakt\/\"><span class=\"w-btn-label\">Einen Termin erstellen<\/span><\/a><\/div><\/div><\/div><\/div><\/div><\/div><\/div><\/div><\/section>\n","protected":false},"excerpt":{"rendered":"Behandlung von Br\u00fcckenz\u00e4hnenDauer des KrankenhausaufenthaltsKein Krankenhausaufenthalt Operation Dauer2 Stunden An\u00e4sthesie TypLokale An\u00e4sthesie Prozess der WiederherstellungEs gibt keinen Heilungsprozess Kontaktieren Sie uns f\u00fcr weitere Informationen.Schreiben Sie auf WhatsAppEine zahn\u00e4rztliche Behandlung mit Br\u00fccken bietet eine effektive L\u00f6sung zur Beseitigung Ihrer Zahndefizite. Also, was ist eine Br\u00fcckenbehandlung? In diesem Artikel informieren wir Sie ausf\u00fchrlich \u00fcber den Ablauf einer...","protected":false},"author":1,"featured_media":3471,"parent":0,"menu_order":0,"comment_status":"closed","ping_status":"closed","template":"","meta":{"rank_math_focus_keyword":"Behandlung von Br\u00fcckenz\u00e4hnen","rank_math_description":"Was ist eine Behandlung mit einer Zahnbr\u00fccke? Treffen Sie eine fundierte Entscheidung, indem Sie sich \u00fcber den Prozess, die Preise und die Vorteile informieren! ","footnotes":""},"class_list":["post-5776","page","type-page","status-publish","has-post-thumbnail","hentry"],"_links":{"self":[{"href":"https:\/\/www.elevenestetik.com\/de\/wp-json\/wp\/v2\/pages\/5776","targetHints":{"allow":["GET"]}}],"collection":[{"href":"https:\/\/www.elevenestetik.com\/de\/wp-json\/wp\/v2\/pages"}],"about":[{"href":"https:\/\/www.elevenestetik.com\/de\/wp-json\/wp\/v2\/types\/page"}],"author":[{"embeddable":true,"href":"https:\/\/www.elevenestetik.com\/de\/wp-json\/wp\/v2\/users\/1"}],"replies":[{"embeddable":true,"href":"https:\/\/www.elevenestetik.com\/de\/wp-json\/wp\/v2\/comments?post=5776"}],"version-history":[{"count":3,"href":"https:\/\/www.elevenestetik.com\/de\/wp-json\/wp\/v2\/pages\/5776\/revisions"}],"predecessor-version":[{"id":7804,"href":"https:\/\/www.elevenestetik.com\/de\/wp-json\/wp\/v2\/pages\/5776\/revisions\/7804"}],"wp:featuredmedia":[{"embeddable":true,"href":"https:\/\/www.elevenestetik.com\/de\/wp-json\/wp\/v2\/media\/3471"}],"wp:attachment":[{"href":"https:\/\/www.elevenestetik.com\/de\/wp-json\/wp\/v2\/media?parent=5776"}],"curies":[{"name":"wp","href":"https:\/\/api.w.org\/{rel}","templated":true}]}}