{"id":5746,"date":"2026-01-26T09:05:37","date_gmt":"2026-01-26T06:05:37","guid":{"rendered":"https:\/\/www.elevenestetik.com\/laecheln-design\/"},"modified":"2026-01-26T09:07:23","modified_gmt":"2026-01-26T06:07:23","slug":"laecheln-design","status":"publish","type":"page","link":"https:\/\/www.elevenestetik.com\/de\/laecheln-design\/","title":{"rendered":"L\u00e4cheln-Design"},"content":{"rendered":"<section class=\"l-section wpb_row us_custom_4e2a4f93 height_large\"><div class=\"l-section-h i-cf\"><div class=\"g-cols vc_row via_grid cols_1 laptops-cols_inherit tablets-cols_inherit mobiles-cols_1 valign_top type_default stacking_default\"><div class=\"wpb_column vc_column_container\"><div class=\"vc_column-inner\"><h1 class=\"w-text us_custom_28784076 has_text_color\"><span class=\"w-text-h\"><span class=\"w-text-value\">L\u00e4cheln-Design<\/span><\/span><\/h1><\/div><\/div><\/div><\/div><\/section><section class=\"l-section wpb_row us_custom_6179e1d8 height_large width_full\"><div class=\"l-section-h i-cf\"><div class=\"g-cols vc_row via_grid cols_1 laptops-cols_inherit tablets-cols_inherit mobiles-cols_1 valign_top type_default stacking_default\"><div class=\"wpb_column vc_column_container\"><div class=\"vc_column-inner\"><div class=\"g-cols wpb_row via_grid cols_2 laptops-cols_inherit tablets-cols_inherit mobiles-cols_1 valign_top type_default stacking_default\" style=\"--columns-gap:2rem;\"><div class=\"wpb_column vc_column_container\"><div class=\"vc_column-inner\"><div class=\"w-image us_custom_9cf479d2 align_none\"><div class=\"w-image-h\"><img decoding=\"async\" width=\"1024\" height=\"574\" src=\"https:\/\/www.elevenestetik.com\/wp-content\/uploads\/2024\/02\/gulus-tasarimi.jpg\" class=\"attachment-large size-large\" alt=\"\" loading=\"lazy\" srcset=\"https:\/\/www.elevenestetik.com\/wp-content\/uploads\/2024\/02\/gulus-tasarimi.jpg 1024w, https:\/\/www.elevenestetik.com\/wp-content\/uploads\/2024\/02\/gulus-tasarimi-300x168.jpg 300w\" sizes=\"auto, (max-width: 1024px) 100vw, 1024px\"><\/div><\/div><\/div><\/div><div class=\"wpb_column vc_column_container us_custom_29737451\"><div class=\"vc_column-inner\"><div class=\"w-hwrapper us_custom_147c3537 valign_top stack_on_mobiles align_center\" style=\"--hwrapper-gap:3rem\"><div class=\"w-iconbox us_custom_f9f315b4 has_text_color iconpos_top style_default color_primary align_center\"><div class=\"w-iconbox-icon\" style=\"font-size:2rem;\"><i class=\"fas fa-hospital\"><\/i><\/div><div class=\"w-iconbox-meta\"><p class=\"w-iconbox-title\">Dauer des Krankenhausaufenthalts<\/p><div class=\"w-iconbox-text\"><p>Kein Krankenhausaufenthalt<\/p>\n<\/div><\/div><\/div><div class=\"w-iconbox us_custom_f9f315b4 has_text_color iconpos_top style_default color_primary align_center\"><div class=\"w-iconbox-icon\" style=\"font-size:2rem;\"><i class=\"fas fa-clock\"><\/i><\/div><div class=\"w-iconbox-meta\"><p class=\"w-iconbox-title\">Operation Dauer<\/p><div class=\"w-iconbox-text\"><p>2 &#8211; 4 Stunden<\/p>\n<\/div><\/div><\/div><div class=\"w-iconbox us_custom_f9f315b4 has_text_color iconpos_top style_default color_primary align_center\"><div class=\"w-iconbox-icon\" style=\"font-size:2rem;\"><i class=\"fas fa-stethoscope\"><\/i><\/div><div class=\"w-iconbox-meta\"><p class=\"w-iconbox-title\">An\u00e4sthesie Typ<\/p><div class=\"w-iconbox-text\"><p>Lokale An\u00e4sthesie<\/p>\n<\/div><\/div><\/div><div class=\"w-iconbox us_custom_f9f315b4 has_text_color iconpos_top style_default color_primary align_center\"><div class=\"w-iconbox-icon\" style=\"font-size:2rem;\"><i class=\"fas fa-hands-heart\"><\/i><\/div><div class=\"w-iconbox-meta\"><p class=\"w-iconbox-title\">Prozess der Wiederherstellung<\/p><div class=\"w-iconbox-text\"><p>Es gibt keinen Heilungsprozess<\/p>\n<\/div><\/div><\/div><\/div><h6 class=\"w-text us_custom_d0e1c2ad\"><span class=\"w-text-h\"><span class=\"w-text-value\">Kontaktieren Sie uns f\u00fcr weitere Informationen.<\/span><\/span><\/h6><div class=\"w-btn-wrapper align_center\"><a class=\"w-btn us-btn-style_1\" href=\"https:\/\/wa.me\/+905011552511\" target=\"_blank\" rel=\"noopener\"><span class=\"w-btn-label\">Schreiben Sie auf WhatsApp<\/span><\/a><\/div><\/div><\/div><\/div><\/div><\/div><\/div><\/div><\/section><section class=\"l-section wpb_row us_custom_ddf21fbc height_large\"><div class=\"l-section-h i-cf\"><div class=\"g-cols vc_row via_grid cols_1 laptops-cols_inherit tablets-cols_inherit mobiles-cols_1 valign_top type_default stacking_default\"><div class=\"wpb_column vc_column_container\"><div class=\"vc_column-inner\"><div class=\"wpb_text_column\"><div class=\"wpb_wrapper\"><p>Das L\u00e4cheln spielt eine wichtige Rolle in der Kommunikation der Menschen und ein beeindruckendes L\u00e4cheln kann Ihr Selbstvertrauen st\u00e4rken. <strong>Smile Design<\/strong> zielt darauf ab, Ihr L\u00e4cheln zu optimieren, indem dieser Prozess professionell durchgef\u00fchrt wird. Also, <strong>was ist Smile Design<\/strong>? Wie wird es durchgef\u00fchrt? Hier finden Sie Antworten auf all diese Fragen und erfahren auch etwas \u00fcber die <strong>Preise f\u00fcr Smile Design<\/strong>. Au\u00dferdem erfahren Sie, welche Vorteile Sie bei diesem Verfahren haben und worauf Sie achten sollten. Lassen Sie uns beginnen, Ihr L\u00e4cheln so zu gestalten, wie Sie es sich w\u00fcnschen!     <\/p>\n<h2>Was ist Smile Design?<\/h2>\n<p><strong>Smile Design<\/strong> ist eine zahnmedizinische Praxis, die darauf abzielt, die \u00c4sthetik des L\u00e4chelns von Personen zu verbessern. Dieser Prozess sorgt nicht nur f\u00fcr die visuelle Integrit\u00e4t der Z\u00e4hne und des Zahnfleischs, sondern verbessert auch das allgemeine Erscheinungsbild und das Selbstvertrauen der Person. Der erste Schritt zur Beantwortung der Frage, <strong>was Smile Design ist<\/strong>, besteht im Allgemeinen darin, die grundlegenden Prinzipien und Ziele dieses Prozesses zu verstehen.  <\/p>\n<p>Das Ziel eines L\u00e4chel-Designs besteht in der Regel darin, die Z\u00e4hne in Bezug auf Symmetrie, Farbe, Form und Platzierung \u00e4sthetischer zu gestalten. Dabei werden ma\u00dfgeschneiderte L\u00f6sungen unter Ber\u00fccksichtigung der Gesichtsform, des Alters, des Geschlechts und der pers\u00f6nlichen Vorlieben eines jeden Einzelnen erarbeitet. Die Grundlage des <strong>L\u00e4chel-Designs<\/strong> besteht also darin, personalisierte Strategien zu entwickeln. Der Designprozess erfordert in der Regel einen Dialog und eine Zusammenarbeit zwischen dem Zahnarzt und dem Patienten. So k\u00f6nnen die am besten geeigneten \u00e4sthetischen L\u00f6sungen im Einklang mit den W\u00fcnschen und Bed\u00fcrfnissen des Patienten erstellt werden.    <\/p>\n<p>Wenn es um die Frage geht, <strong>wie das L\u00e4cheln gestaltet wird<\/strong>, besteht dieser Prozess in der Regel aus mehreren Schritten. Zun\u00e4chst trifft der Zahnarzt den Patienten pers\u00f6nlich und h\u00f6rt sich seine Erwartungen an. Dann wird eine detaillierte Bewertung der Z\u00e4hne, des Zahnfleischs und der Gesichtsz\u00fcge vorgenommen. In diesem Stadium k\u00f6nnen digitale Bildgebungstechnologien oder verschiedene Messtechniken eingesetzt werden. Auf diese Weise werden die Symmetrie und Harmonie des L\u00e4chelns untersucht und die notwendige Planung f\u00fcr den Eingriff vorgenommen.    <\/p>\n<p>Smile Design zielt darauf ab, \u00e4sthetische oder funktionelle Probleme zu l\u00f6sen. Probleme wie Karies, Frakturen oder Unregelm\u00e4\u00dfigkeiten werden mit Smile Design auf integrierte Weise behandelt. Dar\u00fcber hinaus sind Themen wie Zahnaufhellung, Zahn\u00e4sthetik und Zahnfleischgesundheit ebenfalls Teil dieses Designs. Somit ist <strong>Smile Design<\/strong> ein umfassender Prozess, der sich nicht nur auf das \u00e4u\u00dfere Erscheinungsbild, sondern auch auf das psychische Wohlbefinden des Einzelnen positiv auswirkt.   <\/p>\n<h2><img loading=\"lazy\" decoding=\"async\" src=\"https:\/\/www.elevenestetik.com\/wp-content\/uploads\/2024\/02\/Gulus-Tasarimi-Nedir.jpg\" alt=\"\" width=\"1920\" height=\"1080\"><\/h2>\n<h2>Wie wird das L\u00e4cheln gestaltet?<\/h2>\n<p><strong>Smile Design<\/strong> geh\u00f6rt zu den Anwendungen der \u00e4sthetischen Zahnmedizin und zielt darauf ab, die \u00c4sthetik des L\u00e4chelns des Einzelnen zu verbessern. Da dieser Prozess einen individuellen Ansatz erfordert, findet er im Rahmen eines Plans statt, der vom Zahnarzt und dem Patienten gemeinsam festgelegt wird. <strong>Wie wird das L\u00e4chel-Design<\/strong> also <strong>durchgef\u00fchrt<\/strong>? Hier sind die Phasen dieses Prozesses:   <\/p>\n<h3>1. erste Bewertung<\/h3>\n<p>Der erste Schritt besteht darin, dass der Zahnarzt sich mit dem Patienten trifft und eine umfassende Beurteilung vornimmt. Dabei werden der aktuelle Zustand der Z\u00e4hne des Patienten, seine Gesichtsform, seine Hautfarbe und seine pers\u00f6nlichen Erwartungen ber\u00fccksichtigt. Mithilfe von bildgebenden Verfahren wie R\u00f6ntgenaufnahmen werden die Struktur und die Gesundheit der Z\u00e4hne analysiert.  <\/p>\n<h3>2. entwurfsplanung<\/h3>\n<p>Nach der Bewertung wird ein Plan f\u00fcr das L\u00e4cheln erstellt, der den W\u00fcnschen des Patienten entspricht. In diesem Stadium wird eine detaillierte Studie \u00fcber Zahnformen, -gr\u00f6\u00dfen, -farben und das allgemeine Erscheinungsbild durchgef\u00fchrt. Dank computergest\u00fctzter Designprogramme (CAD\/CAM) kann das neue L\u00e4cheln des Patienten in einer virtuellen Umgebung erstellt werden. So kann der Patient schon vor der Anwendung sehen, was f\u00fcr ein Ergebnis er erhalten wird.   <\/p>\n<h3>3. die Durchf\u00fchrung des Verfahrens<\/h3>\n<p>Nach der Planungsphase beginnt der Prozess des L\u00e4chel-Designs. Zu den Methoden, die in dieser Phase eingesetzt werden, geh\u00f6ren verschiedene \u00e4sthetische zahnmedizinische Behandlungstechniken wie Zahnaufhellung, Laminat-Veneer-Anwendungen, Zirkoniumbeschichtung oder kieferorthop\u00e4dische Behandlung. Zahnaufhellung, Erneuerung der Zahnform und Korrekturverfahren werden an den Z\u00e4hnen durchgef\u00fchrt, um das gew\u00fcnschte Aussehen des Patienten zu erreichen.  <\/p>\n<h3>4. abschlie\u00dfende Kontrollen und Bewertung<\/h3>\n<p>Nach Abschluss des Eingriffs werden die Funktionalit\u00e4t und \u00c4sthetik des neuen L\u00e4chelns des Patienten \u00fcberpr\u00fcft. Falls erforderlich, werden kleine Anpassungen vorgenommen, um die Dauerhaftigkeit der Neuerungen zu gew\u00e4hrleisten. Diese Phase ist wichtig, um die Zufriedenheit des Patienten zu erh\u00f6hen. Die Kommunikation zwischen dem Arzt und dem Patienten spielt in diesem Prozess eine entscheidende Rolle.   <\/p>\n<p>Ein weiterer wichtiger Punkt, an den Sie denken sollten, ist, dass die <strong>Preise f\u00fcr das L\u00e4chelnsdesign<\/strong> je nach der gew\u00e4hlten Methode und den Bed\u00fcrfnissen des Einzelnen variieren. Daher ist es von gro\u00dfer Bedeutung, sich zu Beginn des Prozesses ausf\u00fchrlich zu informieren. <\/p>\n<p>Wenn der Prozess <strong>des L\u00e4chel-Designs<\/strong> mit einem pers\u00f6nlichen Ansatz und unter der Anleitung eines spezialisierten Zahnarztes durchgef\u00fchrt wird, ist es daher m\u00f6glich, ein pr\u00e4chtiges L\u00e4cheln zu erzielen. Ein \u00e4sthetisch befriedigendes Ergebnis wird nicht nur das Selbstvertrauen des Einzelnen st\u00e4rken, sondern auch positive Auswirkungen auf sein soziales Leben haben. <\/p>\n<h2><img loading=\"lazy\" decoding=\"async\" src=\"https:\/\/www.elevenestetik.com\/wp-content\/uploads\/2024\/02\/Gulus-Tasarimi-Nasil-Yapilir.jpg\" alt=\"\" width=\"1920\" height=\"1080\"><\/h2>\n<h2>Smile Design Preise<\/h2>\n<p>Die <strong>Preise f\u00fcr Smile Design<\/strong> variieren je nach Mundstruktur, Zahngesundheit und den anzuwendenden Verfahren. Daher k\u00f6nnen die Kosten f\u00fcr jeden Patienten unterschiedlich ausfallen. Da Smile Design personalisierte Anwendungen beinhaltet, ist zun\u00e4chst eine ausf\u00fchrliche Untersuchung beim Zahnarzt erforderlich. Nach der Untersuchung erstellt der Zahnarzt den f\u00fcr die pers\u00f6nlichen Bed\u00fcrfnisse und Ziele am besten geeigneten Behandlungsplan, und die gesch\u00e4tzten Kosten werden auf der Grundlage dieses Plans berechnet.   <\/p>\n<p>Die Verfahren, die w\u00e4hrend des Smile Design-Prozesses durchgef\u00fchrt werden, bestehen aus verschiedenen Anwendungen wie Zahnaufhellung, kieferorthop\u00e4dische Behandlung, Zahnveneers und Implantate. An dieser Stelle spielt es eine wichtige Rolle, welche Verfahren angewendet werden, um die Preise zu bestimmen. So liegt zum Beispiel nur die Zahnaufhellung in der Regel im unteren Preissegment, w\u00e4hrend Zahnveneers oder das Einsetzen von Implantaten h\u00f6here Kosten verursachen k\u00f6nnen. Unter Ber\u00fccksichtigung dieser Variablen variiert die <strong>Preisspanne f\u00fcr das Smile Design<\/strong> in der Regel zwischen einigen hundert und mehreren tausend Lira.   <\/p>\n<p>Dar\u00fcber hinaus geh\u00f6ren die Klinik, in der der Eingriff durchgef\u00fchrt wird, und der Grad der Expertise des Zahnarztes zu den Faktoren, die die Kosten beeinflussen. W\u00e4hrend ber\u00fchmte und erfahrene Zahn\u00e4rzte in der Regel h\u00f6here Preise verlangen k\u00f6nnen, ist es m\u00f6glich, in neu er\u00f6ffneten Kliniken g\u00fcnstigere Preise zu finden. Ein h\u00f6herer Preis bedeutet jedoch nicht immer einen besseren Service. Daher sollten Sie sich nicht nur am Preis orientieren, sondern auch die Erfahrung des Zahnarztes und die Servicequalit\u00e4t der Kliniken in Betracht ziehen.   <\/p>\n<p>Au\u00dferdem tr\u00e4gt die Tatsache, dass die im Rahmen des L\u00e4chel-Designs durchgef\u00fchrten Eingriffe manchmal mit Ratenzahlungsoptionen angeboten werden, zur finanziellen Entspannung der Patienten bei. Mit den flexiblen Zahlungspl\u00e4nen, die von den Kliniken angeboten werden, k\u00f6nnen Menschen, die eine Antwort auf die Frage suchen, <strong>wie sie ein L\u00e4cheln gestalten k\u00f6nnen<\/strong>, ihre Eingriffe unter g\u00fcnstigeren Bedingungen durchf\u00fchren. <\/p>\n<p>Obwohl die <strong>Preise f\u00fcr ein Smile Design<\/strong> je nach den Bed\u00fcrfnissen und Vorlieben des Patienten variieren, ist es m\u00f6glich, mit einer gr\u00fcndlichen Untersuchung und der richtigen Wahl ein \u00e4sthetisches L\u00e4cheln zu erschwinglichen Preisen zu erhalten. Wenn Sie ein Smile Design in Erw\u00e4gung ziehen, sollten Sie auf jeden Fall einen professionellen Zahnarzt konsultieren und die besten Optionen evaluieren. <\/p>\n<h2>Vorteile von Smile Design<\/h2>\n<p>L\u00e4chel-Design ist nicht nur ein \u00e4sthetischer Eingriff, sondern bietet auch viele Vorteile, die die Lebensqualit\u00e4t des Einzelnen insgesamt verbessern. Zu den <strong>Vorteilen des L\u00e4chel-Designs<\/strong> geh\u00f6ren vor allem wichtige Auswirkungen auf das Selbstvertrauen der Menschen. Ein \u00e4sthetisches L\u00e4cheln wirkt sich nicht nur positiv auf die sozialen Beziehungen des Einzelnen aus, sondern st\u00e4rkt auch sein Selbstvertrauen. Wenn Menschen ein angenehmes L\u00e4cheln haben, kommunizieren sie leichter und nehmen eine aktivere Rolle in der Gesellschaft ein.   <\/p>\n<p>Dar\u00fcber hinaus wirkt sich ein \u00e4sthetisches L\u00e4cheln auch positiv auf die Mund- und Zahngesundheit aus. Die Begradigung der Z\u00e4hne und das Erreichen eines \u00e4sthetischeren Aussehens tr\u00e4gt zu einer verbesserten Mundhygiene bei. So k\u00f6nnen zum Beispiel Z\u00e4hne, die nicht richtig ausgerichtet sind, die Gewohnheiten beim Z\u00e4hneputzen und bei der Verwendung von Zahnseide negativ beeinflussen. Dank Smile Design wird die Zahnreinigung einfacher, wenn die Stellung der Z\u00e4hne korrigiert wird.   <\/p>\n<p>Dar\u00fcber hinaus lassen verschiedene Techniken, die bei der Gestaltung des L\u00e4chelns angewendet werden, die Z\u00e4hne ges\u00fcnder aussehen. Bleaching-Anwendungen werden durchgef\u00fchrt, um die nat\u00fcrliche Farbe der Z\u00e4hne zu erhalten, und das kann die Sichtweise des Einzelnen auf sein L\u00e4cheln ver\u00e4ndern. Gesunde und \u00e4sthetische Z\u00e4hne bieten sowohl f\u00fcr das Aussehen als auch f\u00fcr die Mundgesundheit des Einzelnen erhebliche Vorteile.  <\/p>\n<p>Das Design des L\u00e4chelns steigert nicht nur den Lebensstandard des Einzelnen, sondern hat auch positive psychologische Auswirkungen. Ein \u00e4sthetisches L\u00e4cheln hilft dem Einzelnen, sich in der Gesellschaft besser zu f\u00fchlen und sich besser auszudr\u00fccken. In diesem Zusammenhang zielen die Spezialisten der Zahnmedizin darauf ab, den Grad der Zufriedenheit zu erh\u00f6hen, indem sie individuelle L\u00f6sungen anbieten.  <\/p>\n<p>Bei der Suche nach einer Antwort auf die Frage, <strong>was Smile Design ist<\/strong>, ist es daher wichtig, die vielen Vorteile dieses Verfahrens zu ber\u00fccksichtigen. Vor allem die psychologischen, sozialen und gesundheitlichen Vorteile machen das L\u00e4chel-Design zu einem wichtigen \u00e4sthetischen Eingriff. Wenn Sie sich f\u00fcr L\u00e4chel-Design-L\u00f6sungen entscheiden, sollten Sie daher mit einem professionellen Zahnarzt zusammenarbeiten, um sicherzustellen, dass Sie ein zufriedenstellendes Ergebnis erzielen.  <\/p>\n<h2>Dinge, die beim L\u00e4chelnsdesign zu beachten sind<\/h2>\n<p><strong>Die Gestaltung des L\u00e4chelns<\/strong> ist ein wichtiger Teil der \u00e4sthetischen Zahnmedizin und zielt darauf ab, das Aussehen und die Funktion der Z\u00e4hne des Einzelnen zu verbessern. Dabei gibt es jedoch einige wichtige Punkte zu beachten. Hier sind die Dinge, die beim <strong>Smile Design<\/strong> zu beachten sind:  <\/p>\n<h3>1. die Expertenauswahl<\/h3>\n<p>Erstens ist die Grundlage f\u00fcr die Frage, <strong>wie man ein L\u00e4cheln gestalten kann<\/strong>, die richtige Wahl des Spezialisten. Es ist von entscheidender Bedeutung, mit einem erfahrenen Zahnarzt oder einem \u00e4sthetischen Zahnarzt auf diesem Gebiet zusammenzuarbeiten. Der Spezialist sollte ein Design entwerfen, das zur individuellen Gesichtsstruktur, zum Geschlecht und zur Altersgruppe des Patienten passt. Daher sollten Sie auf jeden Fall eine ausf\u00fchrliche Recherche \u00fcber den Spezialisten durchf\u00fchren, bevor Sie eine Arbeit ausf\u00fchren.   <\/p>\n<h3>2. pers\u00f6nliche \u00e4sthetische Erwartungen<\/h3>\n<p>Ein weiterer wichtiger Aspekt beim L\u00e4chel-Design sind die pers\u00f6nlichen \u00e4sthetischen Erwartungen. Jeder Mensch hat ein anderes \u00e4sthetisches Empfinden. Daher ist es wichtig, dass Sie Ihre Erwartungen klar zum Ausdruck bringen, bevor Sie mit dem L\u00e4chel-Design beginnen. Gemeinsam mit Ihrem Zahnarzt sollte ein detaillierter Plan erstellt werden, um das L\u00e4cheln Ihrer Tr\u00e4ume zu schaffen.  <\/p>\n<h3>3. gesundheitlicher Status<\/h3>\n<p>Die Zahngesundheit ist ein wichtiges Kriterium f\u00fcr das Design eines L\u00e4chelns. Bestehende Zahnprobleme, Zahnfleischerkrankungen oder Kieferprobleme k\u00f6nnen den Verlauf des Designprozesses beeinflussen. Auch die <strong>Preise f\u00fcr das Smile Design<\/strong> k\u00f6nnen variieren, wenn der Prozess auf einer gesunden Grundlage aufgebaut werden soll. Daher sollte ein Gesundheitsscreening \u00fcber den Gesundheitszustand durchgef\u00fchrt und die notwendigen Behandlungsprozesse abgeschlossen werden.  <\/p>\n<h3>4) Kommunikation und Beratung<\/h3>\n<p>Bei der Gestaltung des L\u00e4chelns ist die Kommunikation zwischen dem Arzt und dem Patienten sehr wichtig. Sie sollten Ihre W\u00fcnsche w\u00e4hrend des gesamten Prozesses klar zum Ausdruck bringen. Wenn Sie au\u00dferdem regelm\u00e4\u00dfig mit Ihrem Arzt in Kontakt bleiben und in jeder Phase des Prozesses informiert werden, wird es einfacher sein, das erwartete Ergebnis zu erzielen.  <\/p>\n<h3>5. die Materialauswahl<\/h3>\n<p>Schlie\u00dflich sollte auch die Qualit\u00e4t der Materialien, die f\u00fcr das L\u00e4cheln verwendet werden, ber\u00fccksichtigt werden. Materialien wie k\u00fcnstliche Z\u00e4hne, Kronen oder Verblendschalen, die f\u00fcr ein \u00e4sthetisch ansprechendes Aussehen verwendet werden, sollten langlebig und hochwertig sein. Qualitativ hochwertige Materialien sorgen sowohl f\u00fcr Langlebigkeit als auch f\u00fcr ein nat\u00fcrliches Aussehen.  <\/p>\n<p>Wenn Sie bei der Gestaltung Ihres L\u00e4chelns auf diese Punkte achten, k\u00f6nnen Sie ein ges\u00fcnderes und \u00e4sthetischeres L\u00e4cheln erreichen. Denken Sie daran: Mit einer guten Planung und fachkundiger Unterst\u00fctzung k\u00f6nnen Sie Ihr Trauml\u00e4cheln erreichen. <\/p>\n<h2>H\u00e4ufig gestellte Fragen<\/h2>\n<h3>Was ist Smile Design?<\/h3>\n<p>Smile Design bezieht sich auf Anwendungen der kosmetischen Zahnmedizin, die durchgef\u00fchrt werden, um ein \u00e4sthetisches L\u00e4cheln zu erhalten, das zu den Gesichtsz\u00fcgen der Person passt. Dieser Prozess beginnt mit der Analyse von Form, Gr\u00f6\u00dfe, Farbe und Ausrichtung der Z\u00e4hne. Das Ziel ist es, die notwendigen \u00c4nderungen vorzunehmen, um das \u00e4sthetisch und funktionell am besten geeignete L\u00e4cheln zu schaffen.  <\/p>\n<h3>Wie funktioniert der Prozess des L\u00e4chel-Designs?<\/h3>\n<p>Der Prozess des L\u00e4chel-Designs besteht in der Regel aus mehreren Schritten. Zun\u00e4chst untersucht der Zahnarzt den Patienten und erstellt einen Plan, indem er sich die W\u00fcnsche des Patienten bez\u00fcglich seines L\u00e4chelns anh\u00f6rt. Dann werden spezielle Messungen entsprechend dem Aussehen der Z\u00e4hne und der Gesichtsz\u00fcge vorgenommen. Auf der Grundlage dieser Messungen werden die f\u00fcr die W\u00fcnsche des Patienten am besten geeigneten \u00c4nderungen empfohlen. Schlie\u00dflich werden die notwendigen Behandlungsmethoden (Bleaching, Laminat, Kieferorthop\u00e4die usw.) festgelegt und angewendet.    <\/p>\n<h3>Wer kann sich f\u00fcr Smile Design bewerben?<\/h3>\n<p>Smile Design spricht Menschen aller Altersgruppen mit \u00e4sthetischen Bedenken an. Vor allem Menschen, die Probleme mit der Farbe, der Form oder der Ausrichtung ihrer Z\u00e4hne haben, k\u00f6nnen sich an den Zahnarzt wenden, um ein f\u00fcr sie geeignetes Smile Design zu erhalten. Aber auch Menschen, die zu besonderen Anl\u00e4ssen oder Veranstaltungen ein sch\u00f6neres L\u00e4cheln haben m\u00f6chten, k\u00f6nnen von diesem Service profitieren.  <\/p>\n<h3>Was sind die Vorteile von Smile Design?<\/h3>\n<p>Das L\u00e4chel-Design bietet nicht nur in Bezug auf die \u00c4sthetik, sondern auch in Bezug auf die Steigerung des Selbstbewusstseins erhebliche Vorteile. Das L\u00e4cheln einer Person macht im gesellschaftlichen und gesch\u00e4ftlichen Leben einen beeindruckenden Eindruck. Dar\u00fcber hinaus hilft es auch, die Kaufunktion zu verbessern und die Mundhygiene durch die Verbesserung der Zahngesundheit zu steigern.  <\/p>\n<\/div><\/div><\/div><\/div><\/div><\/div><\/section><section class=\"l-section wpb_row us_custom_315b8835 height_medium color_footer-bottom\"><div class=\"l-section-h i-cf\"><div class=\"g-cols vc_row via_grid cols_1 laptops-cols_inherit tablets-cols_inherit mobiles-cols_1 valign_middle type_default stacking_default\"><div class=\"wpb_column vc_column_container\"><div class=\"vc_column-inner\"><div class=\"g-cols wpb_row us_custom_ee246b62 has_text_color via_grid cols_2 laptops-cols_inherit tablets-cols_1 mobiles-cols_1 valign_middle type_default stacking_default\" style=\"--columns-gap:0rem;\"><div class=\"wpb_column vc_column_container us_custom_2c279b99\"><div class=\"vc_column-inner\"><div class=\"w-text us_custom_a5df9810 has_text_color\"><span class=\"w-text-h\"><span class=\"w-text-value\">Erhalten Sie jetzt Informationen und Unterst\u00fctzung<\/span><\/span><\/div><h2 class=\"w-text\"><span class=\"w-text-h\"><span class=\"w-text-value\">Fordern Sie eine kostenlose Beratung an.<\/span><\/span><\/h2><\/div><\/div><div class=\"wpb_column vc_column_container us_custom_16154244\"><div class=\"vc_column-inner\"><div class=\"w-btn-wrapper default_align_right laptops_align_right tablets_align_left mobiles_align_left\"><a class=\"w-btn us-btn-style_2 us_custom_b4198c51\" href=\"https:\/\/www.elevenestetik.com\/de\/kontakt\/\"><span class=\"w-btn-label\">Einen Termin erstellen<\/span><\/a><\/div><\/div><\/div><\/div><\/div><\/div><\/div><\/div><\/section>\n","protected":false},"excerpt":{"rendered":"L\u00e4cheln-DesignDauer des KrankenhausaufenthaltsKein Krankenhausaufenthalt Operation Dauer2 - 4 Stunden An\u00e4sthesie TypLokale An\u00e4sthesie Prozess der WiederherstellungEs gibt keinen Heilungsprozess Kontaktieren Sie uns f\u00fcr weitere Informationen.Schreiben Sie auf WhatsAppDas L\u00e4cheln spielt eine wichtige Rolle in der Kommunikation der Menschen und ein beeindruckendes L\u00e4cheln kann Ihr Selbstvertrauen st\u00e4rken. Smile Design zielt darauf ab, Ihr L\u00e4cheln zu optimieren, indem...","protected":false},"author":1,"featured_media":3659,"parent":0,"menu_order":0,"comment_status":"closed","ping_status":"closed","template":"","meta":{"rank_math_focus_keyword":"Smile Design","rank_math_description":"Was ist Smile Design, wie wird es durchgef\u00fchrt und was sind die Vorteile? Schauen Sie sich jetzt die Details an! ","footnotes":""},"class_list":["post-5746","page","type-page","status-publish","has-post-thumbnail","hentry"],"_links":{"self":[{"href":"https:\/\/www.elevenestetik.com\/de\/wp-json\/wp\/v2\/pages\/5746","targetHints":{"allow":["GET"]}}],"collection":[{"href":"https:\/\/www.elevenestetik.com\/de\/wp-json\/wp\/v2\/pages"}],"about":[{"href":"https:\/\/www.elevenestetik.com\/de\/wp-json\/wp\/v2\/types\/page"}],"author":[{"embeddable":true,"href":"https:\/\/www.elevenestetik.com\/de\/wp-json\/wp\/v2\/users\/1"}],"replies":[{"embeddable":true,"href":"https:\/\/www.elevenestetik.com\/de\/wp-json\/wp\/v2\/comments?post=5746"}],"version-history":[{"count":2,"href":"https:\/\/www.elevenestetik.com\/de\/wp-json\/wp\/v2\/pages\/5746\/revisions"}],"predecessor-version":[{"id":5759,"href":"https:\/\/www.elevenestetik.com\/de\/wp-json\/wp\/v2\/pages\/5746\/revisions\/5759"}],"wp:featuredmedia":[{"embeddable":true,"href":"https:\/\/www.elevenestetik.com\/de\/wp-json\/wp\/v2\/media\/3659"}],"wp:attachment":[{"href":"https:\/\/www.elevenestetik.com\/de\/wp-json\/wp\/v2\/media?parent=5746"}],"curies":[{"name":"wp","href":"https:\/\/api.w.org\/{rel}","templated":true}]}}