{"id":5740,"date":"2026-01-26T09:06:00","date_gmt":"2026-01-26T06:06:00","guid":{"rendered":"https:\/\/www.elevenestetik.com\/schnurrbart-transplantation\/"},"modified":"2026-01-26T09:06:00","modified_gmt":"2026-01-26T06:06:00","slug":"schnurrbart-transplantation","status":"publish","type":"page","link":"https:\/\/www.elevenestetik.com\/de\/schnurrbart-transplantation\/","title":{"rendered":"Schnurrbart-Transplantation"},"content":{"rendered":"<section class=\"l-section wpb_row us_custom_4e2a4f93 height_large\"><div class=\"l-section-h i-cf\"><div class=\"g-cols vc_row via_grid cols_1 laptops-cols_inherit tablets-cols_inherit mobiles-cols_1 valign_top type_default stacking_default\"><div class=\"wpb_column vc_column_container\"><div class=\"vc_column-inner\"><h1 class=\"w-text us_custom_28784076 has_text_color\"><span class=\"w-text-h\"><span class=\"w-text-value\">Schnurrbarttransplantation \u00c4sthetik<\/span><\/span><\/h1><\/div><\/div><\/div><\/div><\/section><section class=\"l-section wpb_row us_custom_6179e1d8 height_large width_full\"><div class=\"l-section-h i-cf\"><div class=\"g-cols vc_row via_grid cols_1 laptops-cols_inherit tablets-cols_inherit mobiles-cols_1 valign_top type_default stacking_default\"><div class=\"wpb_column vc_column_container\"><div class=\"vc_column-inner\"><div class=\"g-cols wpb_row via_grid cols_2 laptops-cols_inherit tablets-cols_inherit mobiles-cols_1 valign_top type_default stacking_default\" style=\"--columns-gap:2rem;\"><div class=\"wpb_column vc_column_container\"><div class=\"vc_column-inner\"><div class=\"w-image us_custom_9cf479d2 align_none\"><div class=\"w-image-h\"><img decoding=\"async\" width=\"1024\" height=\"574\" src=\"https:\/\/www.elevenestetik.com\/wp-content\/uploads\/2024\/02\/biyik-ekimi.jpg\" class=\"attachment-large size-large\" alt=\"\" loading=\"lazy\" srcset=\"https:\/\/www.elevenestetik.com\/wp-content\/uploads\/2024\/02\/biyik-ekimi.jpg 1024w, https:\/\/www.elevenestetik.com\/wp-content\/uploads\/2024\/02\/biyik-ekimi-300x168.jpg 300w\" sizes=\"auto, (max-width: 1024px) 100vw, 1024px\"><\/div><\/div><\/div><\/div><div class=\"wpb_column vc_column_container us_custom_29737451\"><div class=\"vc_column-inner\"><div class=\"w-hwrapper us_custom_147c3537 valign_top stack_on_mobiles align_center\" style=\"--hwrapper-gap:3rem\"><div class=\"w-iconbox us_custom_f9f315b4 has_text_color iconpos_top style_default color_primary align_center\"><div class=\"w-iconbox-icon\" style=\"font-size:2rem;\"><i class=\"fas fa-hospital\"><\/i><\/div><div class=\"w-iconbox-meta\"><p class=\"w-iconbox-title\">Dauer des Krankenhausaufenthalts<\/p><div class=\"w-iconbox-text\"><p>Kein Krankenhausaufenthalt<\/p>\n<\/div><\/div><\/div><div class=\"w-iconbox us_custom_f9f315b4 has_text_color iconpos_top style_default color_primary align_center\"><div class=\"w-iconbox-icon\" style=\"font-size:2rem;\"><i class=\"fas fa-clock\"><\/i><\/div><div class=\"w-iconbox-meta\"><p class=\"w-iconbox-title\">Operation Dauer<\/p><div class=\"w-iconbox-text\"><p>2 &#8211; 4 Stunden<\/p>\n<\/div><\/div><\/div><div class=\"w-iconbox us_custom_f9f315b4 has_text_color iconpos_top style_default color_primary align_center\"><div class=\"w-iconbox-icon\" style=\"font-size:2rem;\"><i class=\"fas fa-stethoscope\"><\/i><\/div><div class=\"w-iconbox-meta\"><p class=\"w-iconbox-title\">An\u00e4sthesie Typ<\/p><div class=\"w-iconbox-text\"><p>Lokale An\u00e4sthesie<\/p>\n<\/div><\/div><\/div><div class=\"w-iconbox us_custom_f9f315b4 has_text_color iconpos_top style_default color_primary align_center\"><div class=\"w-iconbox-icon\" style=\"font-size:2rem;\"><i class=\"fas fa-hands-heart\"><\/i><\/div><div class=\"w-iconbox-meta\"><p class=\"w-iconbox-title\">Prozess der Wiederherstellung<\/p><div class=\"w-iconbox-text\"><p>1 &#8211; 2 Wochen<\/p>\n<\/div><\/div><\/div><\/div><h6 class=\"w-text us_custom_d0e1c2ad\"><span class=\"w-text-h\"><span class=\"w-text-value\">Kontaktieren Sie uns f\u00fcr weitere Informationen.<\/span><\/span><\/h6><div class=\"w-btn-wrapper align_center\"><a class=\"w-btn us-btn-style_1\" href=\"https:\/\/wa.me\/+905011552511\" target=\"_blank\" rel=\"noopener\"><span class=\"w-btn-label\">Schreiben Sie auf WhatsApp<\/span><\/a><\/div><\/div><\/div><\/div><\/div><\/div><\/div><\/div><\/section><section class=\"l-section wpb_row us_custom_ddf21fbc height_large\"><div class=\"l-section-h i-cf\"><div class=\"g-cols vc_row via_grid cols_1 laptops-cols_inherit tablets-cols_inherit mobiles-cols_1 valign_top type_default stacking_default\"><div class=\"wpb_column vc_column_container\"><div class=\"vc_column-inner\"><div class=\"wpb_text_column\"><div class=\"wpb_wrapper\"><p>Der Schnurrbart ist f\u00fcr viele M\u00e4nner ein wichtiges \u00e4sthetisches Element, und ein gepflegtes Aussehen des Schnurrbartes spielt eine wichtige Rolle bei der Vervollst\u00e4ndigung des pers\u00f6nlichen Images. Manche Menschen sind jedoch aufgrund genetischer Faktoren oder anderer Gr\u00fcnde nicht in der Lage, ein volles und gesundes Aussehen des Schnurrbartes zu erreichen. An dieser Stelle kommt die <strong>Schnurrbarttransplantation<\/strong> ins Spiel. In diesem Artikel werden wir zun\u00e4chst die Frage beantworten, <strong>was eine Schnurrbarttransplantation ist<\/strong>. Dann gehen wir auf die Details ein, <strong>wie eine Schnurrbarttransplantation durchgef\u00fchrt wird<\/strong>. Nat\u00fcrlich informieren wir Sie auch \u00fcber die <strong>Preise der Schnurrbarttransplantation<\/strong>. Nach dem Eingriff besprechen wir die <strong>Pflege nach der Schnurrbarttransplantation<\/strong> und schlie\u00dflich fassen wir das Thema mit der Beantwortung h\u00e4ufig gestellter Fragen zusammen. Wenn Sie neugierig auf den Prozess der Schnurrbarttransplantation sind, lesen Sie unseren Artikel weiter!       <\/p>\n<h2>Was ist eine Schnurrbarttransplantation?<\/h2>\n<p>Die <strong>Schnurrbarttransplantation<\/strong> ist ein kosmetischer Eingriff, der aus \u00e4sthetischen Gr\u00fcnden bevorzugt wird, vor allem weil manche M\u00e4nner sp\u00e4rliche oder fehlende Schnurrb\u00e4rte haben. Dieser Eingriff wird in der Regel mit den Methoden der Haartransplantation durchgef\u00fchrt und zielt darauf ab, ein individuelles Aussehen zu erzielen. Diese Anwendung, die bei M\u00e4nnern h\u00e4ufig nachgefragt wird, kann sowohl eine Quelle der sozialen als auch der pers\u00f6nlichen Motivation sein.  <\/p>\n<p>Der Hauptzweck der Schnurrbarttransplantation besteht darin, dem <strong>Schnurrbart<\/strong> ein nat\u00fcrliches und volles Aussehen zu verleihen. W\u00e4hrend des Eingriffs werden gesunde Haare, die in der Regel am Hinterkopf oder im <a href=\"https:\/\/www.elevenestetik.com\/de\/barttransplantation\/\">Bartbereich<\/a> entnommen werden, auf den Schnurrbartbereich \u00fcbertragen. Der wichtigste Faktor ist dabei die optimale Platzierung der Grafts (Haarfollikel), um ein nat\u00fcrliches Aussehen zu erzielen.  <\/p>\n<p>F\u00fcr dieses Verfahren gibt es verschiedene Techniken. Eine der g\u00e4ngigsten Methoden ist die <i>FUE<\/i> (Follicular Unit Extraction). Bei dieser Methode werden die Haare einzeln entnommen und in den Schnurrbartbereich transplantiert. Dar\u00fcber hinaus k\u00f6nnen auch Methoden wie die <i>FUT<\/i> (Follicular Unit Transplantation) verwendet werden. Beide Methoden f\u00fchren zu sehr zufriedenstellenden Ergebnissen in Bezug auf die \u00c4sthetik.    <\/p>\n<p><strong>Die Schnurrbarttransplantation<\/strong> ist nicht nur eine \u00e4sthetische L\u00f6sung, sondern auch eine Initiative, die das Selbstbewusstsein des Einzelnen st\u00e4rken kann. Ein sp\u00e4rlicher Schnurrbart kann f\u00fcr manche M\u00e4nner unangenehm sein. Um diese Probleme zu \u00fcberwinden, bietet sich die Schnurrbarttransplantation als effektive Option an.  <\/p>\n<p>Bevor Sie den Eingriff in Erw\u00e4gung ziehen, ist es jedoch wichtig, die individuelle Gesichtsstruktur, den vorhandenen Haarzustand und das bevorzugte Schnurrbartmodell zu ber\u00fccksichtigen. Ein Vorgespr\u00e4ch mit einem spezialisierten Arzt ist ein entscheidender Schritt f\u00fcr den Erfolg des Verfahrens. Daher ist die <strong>Schnurrbarttransplantation<\/strong> zu einer immer beliebteren Anwendung im Bereich der \u00e4sthetischen Chirurgie geworden, und mit dem richtigen Ansatz ist es m\u00f6glich, zufriedenstellende Ergebnisse zu erzielen.  <\/p>\n<h2><img loading=\"lazy\" decoding=\"async\" src=\"https:\/\/www.elevenestetik.com\/wp-content\/uploads\/2024\/02\/Biyik-Ekimlerinin-Faydalari.jpg\" alt=\"Vorteile einer Schnurrbarttransplantation\" width=\"1920\" height=\"1080\"><\/h2>\n<h2>Wie wird eine Schnurrbarttransplantation durchgef\u00fchrt?<\/h2>\n<p>Die Schnurrbarttransplantation ist in den letzten Jahren als \u00e4sthetischer Eingriff sehr beliebt geworden. Dieser Eingriff wird in der Regel \u00e4hnlich wie eine Haartransplantation durchgef\u00fchrt und zielt darauf ab, mit speziellen Techniken ein nat\u00fcrliches Aussehen zu erzielen. Schauen wir uns nun Schritt f\u00fcr Schritt an, wie man <strong>einen Schnurrbart transplantiert<\/strong>. <\/p>\n<p>Zun\u00e4chst wird die am besten geeignete Methode f\u00fcr die Schnurrbarttransplantation bestimmt. Es gibt zwei Haupttechniken: <strong>FUE (Follicular Unit Extraction)<\/strong> und <strong>FUT (Follicular Unit Transplantation)<\/strong>. W\u00e4hrend bei der FUE-Methode die Haarfollikel einzeln entnommen und verpflanzt werden, wird bei der FUT-Methode ein Hautstreifen entfernt und daraus Haarfollikel entnommen. In dieser Phase beurteilt der Facharzt die Hautstruktur und die Bed\u00fcrfnisse der Person und empfiehlt die am besten geeignete Technik.   <\/p>\n<p>In der \u00e4sthetischen Chirurgie beginnt der Prozess in der Regel mit einer lokalen An\u00e4sthesie. Nach der An\u00e4sthesie werden mit Hilfe medizinischer Ger\u00e4te Haarfollikel entnommen und ohne Besch\u00e4digung in den Bereich verpflanzt, in den der Schnurrbart verpflanzt werden soll. In diesem Stadium wird dank der Anwendungen, die sorgf\u00e4ltig durchgef\u00fchrt werden m\u00fcssen, ein nat\u00fcrliches Aussehen erzielt. Der Transplantationsprozess dauert in der Regel ein paar Stunden.   <\/p>\n<p>Es gibt einige Empfehlungen f\u00fcr Patienten nach der Transplantation. Der <strong>Pflegeprozess nach der Schnurrbarttransplantation<\/strong> ist sehr wichtig, um ein gesundes und dauerhaftes Ergebnis zu erzielen. In den ersten Tagen nach der Transplantation wird vom direkten Kontakt mit Wasser oder anderen Fl\u00fcssigkeiten auf der transplantierten Fl\u00e4che dringend abgeraten. Nach der R\u00fcckkehr sollten die vom Arzt vorgeschriebenen Pflegeprodukte verwendet werden, um den Schnurrbartbereich zu sch\u00fctzen. Es wird au\u00dferdem empfohlen, die Haut in regelm\u00e4\u00dfigen Abst\u00e4nden zu kontrollieren, um den Heilungsprozess zu unterst\u00fctzen.   <\/p>\n<p>Schlie\u00dflich werden das Aussehen und das Wachstum des Schnurrbartbereichs nach dem Eingriff mit der Zeit deutlicher, und all dies tr\u00e4gt dazu bei, dass der Prozess mit den von den Experten empfohlenen Pflegetechniken ges\u00fcnder verl\u00e4uft. Daher ist es von gro\u00dfer Bedeutung, die Punkte, die nach einer Schnurrbarttransplantation zu beachten sind, nicht zu ignorieren. <\/p>\n<h2>Schnurrbarttransplantation Preise<\/h2>\n<p>Die Preise f\u00fcr Schnurrbarttransplantationen h\u00e4ngen von vielen Faktoren ab. Zu diesen Faktoren geh\u00f6ren die Bed\u00fcrfnisse des Patienten, die verwendeten Techniken, der Standort der Klinik und die Erfahrung des Arztes. Im Allgemeinen sind Schnurrbarttransplantationen erschwinglicher als andere Eingriffe auf dem Gebiet der \u00e4sthetischen Chirurgie. Da die Situation jedes Patienten jedoch anders ist, ist es schwierig, einen genauen Preis zu nennen.   <\/p>\n<p>An dieser Stelle sollte auch die Qualit\u00e4t der Ausr\u00fcstung und der Materialien ber\u00fccksichtigt werden, die f\u00fcr die Frage, <strong>wie man den Schnurrbart transplantiert<\/strong>, erforderlich sind. Wenn hochwertigere Materialien und moderne Ger\u00e4te verwendet werden, steigen auch die Kosten, und diese Situation gewinnt an Bedeutung f\u00fcr die Gesundheit der Patienten. <\/p>\n<p>Dar\u00fcber hinaus ist der Inhalt der von den Kliniken angebotenen Dienstleistungen ebenfalls ein Einflussfaktor f\u00fcr die Preise. Einige Kliniken bieten zum Beispiel Routineuntersuchungen, Pflegeprodukte oder kostenlose Beratungsdienste nach der Schnurrbarttransplantation an. Solche zus\u00e4tzlichen Leistungen k\u00f6nnen sich auf die Gesamtkosten auswirken und f\u00fcr die Patienten einen erheblichen Vorteil darstellen.  <\/p>\n<p>Es wird empfohlen, dass sich Patienten bei den Kliniken, in denen sie eine Schnurrbarttransplantation planen, ausf\u00fchrlich informieren und sich eine klare Meinung \u00fcber die Preise bilden. Insbesondere spielen neben den Geb\u00fchren auch Informationen \u00fcber die Dauer des Eingriffs, die anzuwendenden Techniken und die Nachsorge eine wichtige Rolle bei der Entscheidungsfindung. <\/p>\n<p>Schlie\u00dflich ist es den Untersuchungen zufolge sehr wichtig, den <strong>Pflegeprozess nach der Schnurrbarttransplantation<\/strong> korrekt zu befolgen, um eine erfolgreiche Operation und dauerhafte Ergebnisse zu erzielen. In Anbetracht dieses Prozesses sollten Patienten auf die Auswahl einer Klinik mit Qualit\u00e4tsservice und ergebnisorientierter Klinik sowie erschwinglichen Preisen achten. Auf diese Weise wird es m\u00f6glich sein, ein \u00e4sthetisch zufriedenstellendes Ergebnis zu erzielen und die finanziell g\u00fcnstigste Option zu bewerten.  <\/p>\n<h2>Pflege nach der Schnurrbarttransplantation<\/h2>\n<p>Die Pflege nach einer Schnurrbarttransplantation ist \u00e4u\u00dferst wichtig, um die Qualit\u00e4t des Eingriffs zu verbessern und den Heilungsprozess zu beschleunigen. Es gibt einige wichtige Punkte, die dabei zu beachten sind. Erstens m\u00fcssen bei der <strong>Pflege nach der Schnurrbarttransplantation<\/strong> Hygieneregeln befolgt werden, um eine Infektion in diesem Bereich zu verhindern. Daher ist es wichtig, den transplantierten Bereich sauber zu halten.   <\/p>\n<p>Nach der Schnurrbarttransplantation sollten die Anweisungen des Arztes strikt befolgt werden. F\u00fcr einige Tage nach der Operation wird empfohlen, die Schnurrbartbereiche nicht dem direkten Sonnenlicht auszusetzen und Situationen wie hei\u00dfe Umgebungen (Sauna, Massage usw.) zu vermeiden. Solche Faktoren k\u00f6nnen den Heilungsprozess beeintr\u00e4chtigen. Au\u00dferdem ist es wichtig, den transplantierten Bereich sanft zu reinigen und die verwendeten Produkte sollten organisch und nicht reizend sein.   <\/p>\n<p>Es kann auch sinnvoll sein, Vitamin- und Mineralstoffpr\u00e4parate einzunehmen, die die Prozesse der <strong>Schnurrbarttransplantation<\/strong> nach der Operation unterst\u00fctzen. Nahrungserg\u00e4nzungsmittel, die Sie auf Anraten Ihres Arztes einnehmen, helfen den Haarfollikeln, ges\u00fcnder zu wachsen. Au\u00dferdem erleichtert das Trinken von viel Wasser in dieser Zeit den Heilungsprozess, indem es den Feuchtigkeitshaushalt der Haut aufrechterh\u00e4lt.  <\/p>\n<p>In den folgenden Tagen k\u00f6nnen Nebenwirkungen wie Schwellungen oder Druckempfindlichkeit auftreten. In diesem Fall k\u00f6nnen die vom Arzt empfohlenen Schmerzmittel eingenommen werden. Eine Selbstmedikation sollte jedoch vermieden werden. W\u00e4hrend des Heilungsprozesses wird au\u00dferdem empfohlen, den Schnurrbart eine gewisse Zeit lang nicht zu k\u00e4mmen und ihn nicht zu formen.   <\/p>\n<p>Schlie\u00dflich m\u00fcssen Sie in der Zeit nach der Schnurrbarttransplantation geduldig sein. Es kann einige Zeit dauern, bis der neue Schnurrbart vollst\u00e4ndig gewachsen ist und Form angenommen hat. Gehen Sie w\u00e4hrend dieses Prozesses regelm\u00e4\u00dfig zu Kontrolluntersuchungen, um das Ergebnis besser beobachten zu k\u00f6nnen. Ein weiterer Punkt, den Sie nicht vergessen sollten, ist, sich \u00fcber die <strong>Preise f\u00fcr eine Schnurrbarttransplantation<\/strong> zu informieren und sicherzustellen, dass Sie am Ende des Prozesses zufrieden sind. Mit der richtigen Pflege kann eine Schnurrbarttransplantation erfolgreiche und dauerhafte Ergebnisse liefern.    <\/p>\n<h2>H\u00e4ufig gestellte Fragen zur Schnurrbarttransplantation<\/h2>\n<p>Die Schnurrbarttransplantation stand in den letzten Jahren ganz oben auf der Wunschliste der M\u00e4nner f\u00fcr \u00e4sthetische Eingriffe. Viele Menschen haben jedoch immer noch verschiedene Fragezeichen zu diesem Verfahren. Hier finden Sie die am h\u00e4ufigsten gestellten Fragen und Antworten zur Schnurrbarttransplantation:  <\/p>\n<p><strong>F\u00fcr wen ist eine Schnurrbarttransplantation geeignet?<\/strong><br \/>\nDie Schnurrbarttransplantation bietet eine ideale L\u00f6sung f\u00fcr Personen mit sch\u00fctterem, l\u00fcckenhaftem oder zu d\u00fcnnem Haar im Schnurrbartbereich. M\u00e4nner, die aufgrund von genetischen Faktoren, Krankheiten oder Unf\u00e4llen Probleme mit der Bildung eines Schnurrbartes haben, k\u00f6nnen von dieser Anwendung profitieren. Vor dem Eingriff ist jedoch eine eingehende Untersuchung erforderlich, und die Eignung sollte anhand der Empfehlungen des Arztes und des Gesundheitszustands des Patienten beurteilt werden.  <\/p>\n<p><strong>Wie lange dauert eine Schnurrbarttransplantation?<\/strong><br \/>\nDie Schnurrbarttransplantation dauert in der Regel zwischen 3 und 5 Stunden. Diese Zeit kann je nach den Bed\u00fcrfnissen des Patienten und der gew\u00e4hlten Technik variieren. Nach dem Eingriff wird den Patienten geraten, sich mehr auszuruhen und w\u00e4hrend des Prozesses vorsichtig zu sein.  <\/p>\n<p><strong>Wie sollte die Pflege nach einer Schnurrbarttransplantation aussehen?<\/strong><br \/>\nDie Pflege nach einer Schnurrbarttransplantation ist eine entscheidende Phase f\u00fcr den Erfolg des Eingriffs. Die <strong>Pflege nach einer Schnurrbarttransplantation<\/strong> muss gem\u00e4\u00df den Empfehlungen Ihres Arztes erfolgen. Achten Sie auf die Sauberkeit und Hygiene des Eingriffsbereichs. Dar\u00fcber hinaus kann die regelm\u00e4\u00dfige Anwendung von kortisonhaltigen oder antibiotischen Cremes, die vom Arzt bestimmt werden, den Heilungsprozess beschleunigen. Aktivit\u00e4ten wie schwerer Sport und Schwimmen sollten in den ersten Wochen nach dem Eingriff vermieden werden.   <\/p>\n<p><strong>Wann wird das Ergebnis nach einer Schnurrbarttransplantation sichtbar sein?<\/strong><br \/>\nDie Patienten erhalten ihr nat\u00fcrliches Aussehen in der Regel zwischen 3 und 6 Monaten nach der Schnurrbarttransplantation zur\u00fcck. Zu Beginn k\u00f6nnen die transplantierten Haare ausfallen, aber das ist ein normaler Teil des Behandlungsprozesses. Mit der Zeit werden neue und dauerhafte Haare aus den Wurzeln wachsen.  <\/p>\n<p><strong>Wie hoch sind die Preise f\u00fcr eine Schnurrbarttransplantation?<\/strong><br \/>\nDie <strong>Preise f\u00fcr eine Schnurrbarttransplantation<\/strong> k\u00f6nnen je nach der gew\u00e4hlten Technik, der Klinik und der Erfahrung des Arztes variieren. Es ist jedoch wichtig, daran zu denken, dass sich die Preise nicht nur auf den Eingriff beschr\u00e4nken, sondern dass auch die Nachsorge und die unterst\u00fctzenden Dienstleistungen ber\u00fccksichtigt werden sollten. <\/p>\n<p>Zus\u00e4tzlich zu diesen h\u00e4ufig gestellten Fragen k\u00f6nnen diejenigen, die mehr \u00fcber den Prozess der Schnurrbarttransplantation erfahren m\u00f6chten, sich bei einem spezialisierten Arzt \u00fcber alle notwendigen Details informieren. Denken Sie daran, dass es immer am besten ist, gen\u00fcgend Informationen zu haben, um eine fundierte Entscheidung treffen zu k\u00f6nnen. <\/p>\n<h2>H\u00e4ufig gestellte Fragen<\/h2>\n<h3>Was ist eine Schnurrbarttransplantation?<\/h3>\n<p>Bei der Schnurrbarttransplantation werden Haarfollikel in sp\u00e4rliche oder v\u00f6llig fehlende Schnurrbartbereiche verpflanzt. Dieses Verfahren wird im Allgemeinen aus \u00e4sthetischen Gr\u00fcnden bevorzugt. Meistens werden Haarfollikel aus dem Nackenbereich mit speziellen Techniken in den Schnurrbartbereich verpflanzt. So entsteht ein nat\u00fcrlich aussehender und dauerhafter Schnurrbart.   <\/p>\n<h3>Wie wird eine Schnurrbarttransplantation durchgef\u00fchrt?<\/h3>\n<p>Die Schnurrbarttransplantation wird in der Regel unter \u00f6rtlicher Bet\u00e4ubung durchgef\u00fchrt. Zun\u00e4chst wird der zu transplantierende Bereich gereinigt. Dann werden Haarfollikel aus dem Nacken oder anderen gew\u00fcnschten Bereichen entnommen und in den Schnurrbartbereich transplantiert. Bei diesem Eingriff k\u00f6nnen moderne Techniken wie die Follicular Unit Extraction (FUE) oder die Follicular Unit Transplantation (FUT) eingesetzt werden. Nach dem Eingriff ist eine gewisse Erholungszeit erforderlich.    <\/p>\n<h3>Wie lange dauert die Erholungsphase nach einer Schnurrbarttransplantation?<\/h3>\n<p>Der Heilungsprozess nach einer Schnurrbarttransplantation kann von Person zu Person variieren, ist aber in der Regel innerhalb von 7 bis 14 Tagen abgeschlossen. In den ersten Tagen kann es zu leichten Schwellungen und Druckempfindlichkeit kommen. An der transplantierten Stelle kann sich eine Kruste bilden, die innerhalb weniger Wochen verschwindet. Das vollst\u00e4ndige Ergebnis ist zwischen 6 Monaten und 1 Jahr zu sehen.   <\/p>\n<h3>Wie lange dauert eine Schnurrbarttransplantation?<\/h3>\n<p>Die Ergebnisse einer Schnurrbarttransplantation sind in der Regel dauerhaft. Die transplantierten Haarfollikel sorgen daf\u00fcr, dass der Schnurrbart immer vorhanden sein wird, da sie genetisch bedingt nicht ausfallen werden. Allerdings k\u00f6nnen auch der allgemeine Gesundheitszustand, der Lebensstil und genetische Faktoren, die Haarausfall verursachen, den Prozess beeinflussen. Bei regelm\u00e4\u00dfiger Pflege und Beachtung bestimmter gesundheitlicher Bedingungen ist es m\u00f6glich, dass der transplantierte Schnurrbart lange Zeit lebendig und gesund bleibt.   <\/p>\n<\/div><\/div><\/div><\/div><\/div><\/div><\/section><section class=\"l-section wpb_row us_custom_315b8835 height_medium color_footer-bottom\"><div class=\"l-section-h i-cf\"><div class=\"g-cols vc_row via_grid cols_1 laptops-cols_inherit tablets-cols_inherit mobiles-cols_1 valign_middle type_default stacking_default\"><div class=\"wpb_column vc_column_container\"><div class=\"vc_column-inner\"><div class=\"g-cols wpb_row us_custom_ee246b62 has_text_color via_grid cols_2 laptops-cols_inherit tablets-cols_1 mobiles-cols_1 valign_middle type_default stacking_default\" style=\"--columns-gap:0rem;\"><div class=\"wpb_column vc_column_container us_custom_2c279b99\"><div class=\"vc_column-inner\"><div class=\"w-text us_custom_a5df9810 has_text_color\"><span class=\"w-text-h\"><span class=\"w-text-value\">Erhalten Sie jetzt Informationen und Unterst\u00fctzung<\/span><\/span><\/div><h2 class=\"w-text\"><span class=\"w-text-h\"><span class=\"w-text-value\">Fordern Sie eine kostenlose Beratung an.<\/span><\/span><\/h2><\/div><\/div><div class=\"wpb_column vc_column_container us_custom_16154244\"><div class=\"vc_column-inner\"><div class=\"w-btn-wrapper default_align_right laptops_align_right tablets_align_left mobiles_align_left\"><a class=\"w-btn us-btn-style_2 us_custom_b4198c51\" href=\"https:\/\/www.elevenestetik.com\/de\/kontakt\/\"><span class=\"w-btn-label\">Einen Termin erstellen<\/span><\/a><\/div><\/div><\/div><\/div><\/div><\/div><\/div><\/div><\/section>\n","protected":false},"excerpt":{"rendered":"Schnurrbarttransplantation \u00c4sthetikDauer des KrankenhausaufenthaltsKein Krankenhausaufenthalt Operation Dauer2 - 4 Stunden An\u00e4sthesie TypLokale An\u00e4sthesie Prozess der Wiederherstellung1 - 2 Wochen Kontaktieren Sie uns f\u00fcr weitere Informationen.Schreiben Sie auf WhatsAppDer Schnurrbart ist f\u00fcr viele M\u00e4nner ein wichtiges \u00e4sthetisches Element, und ein gepflegtes Aussehen des Schnurrbartes spielt eine wichtige Rolle bei der Vervollst\u00e4ndigung des pers\u00f6nlichen Images. Manche Menschen...","protected":false},"author":1,"featured_media":3400,"parent":0,"menu_order":0,"comment_status":"closed","ping_status":"closed","template":"","meta":{"rank_math_focus_keyword":"Schnurrbarttransplantation","rank_math_description":"Die Schnurrbarttransplantation ist zu einem wichtigen Bestandteil der Gesichts\u00e4sthetik und der pers\u00f6nlichen Pflegeroutine von M\u00e4nnern geworden.","footnotes":""},"class_list":["post-5740","page","type-page","status-publish","has-post-thumbnail","hentry"],"_links":{"self":[{"href":"https:\/\/www.elevenestetik.com\/de\/wp-json\/wp\/v2\/pages\/5740","targetHints":{"allow":["GET"]}}],"collection":[{"href":"https:\/\/www.elevenestetik.com\/de\/wp-json\/wp\/v2\/pages"}],"about":[{"href":"https:\/\/www.elevenestetik.com\/de\/wp-json\/wp\/v2\/types\/page"}],"author":[{"embeddable":true,"href":"https:\/\/www.elevenestetik.com\/de\/wp-json\/wp\/v2\/users\/1"}],"replies":[{"embeddable":true,"href":"https:\/\/www.elevenestetik.com\/de\/wp-json\/wp\/v2\/comments?post=5740"}],"version-history":[{"count":3,"href":"https:\/\/www.elevenestetik.com\/de\/wp-json\/wp\/v2\/pages\/5740\/revisions"}],"predecessor-version":[{"id":7757,"href":"https:\/\/www.elevenestetik.com\/de\/wp-json\/wp\/v2\/pages\/5740\/revisions\/7757"}],"wp:featuredmedia":[{"embeddable":true,"href":"https:\/\/www.elevenestetik.com\/de\/wp-json\/wp\/v2\/media\/3400"}],"wp:attachment":[{"href":"https:\/\/www.elevenestetik.com\/de\/wp-json\/wp\/v2\/media?parent=5740"}],"curies":[{"name":"wp","href":"https:\/\/api.w.org\/{rel}","templated":true}]}}