{"id":5716,"date":"2026-01-26T09:05:14","date_gmt":"2026-01-26T06:05:14","guid":{"rendered":"https:\/\/www.elevenestetik.com\/implantat-behandlung\/"},"modified":"2026-01-26T09:07:08","modified_gmt":"2026-01-26T06:07:08","slug":"implantat-behandlung","status":"publish","type":"page","link":"https:\/\/www.elevenestetik.com\/de\/implantat-behandlung\/","title":{"rendered":"Implantat-Behandlung"},"content":{"rendered":"<section class=\"l-section wpb_row us_custom_4e2a4f93 height_large\"><div class=\"l-section-h i-cf\"><div class=\"g-cols vc_row via_grid cols_1 laptops-cols_inherit tablets-cols_inherit mobiles-cols_1 valign_top type_default stacking_default\"><div class=\"wpb_column vc_column_container\"><div class=\"vc_column-inner\"><h1 class=\"w-text us_custom_28784076 has_text_color\"><span class=\"w-text-h\"><span class=\"w-text-value\">Implantat-Behandlung<\/span><\/span><\/h1><\/div><\/div><\/div><\/div><\/section><section class=\"l-section wpb_row us_custom_6179e1d8 height_large width_full\"><div class=\"l-section-h i-cf\"><div class=\"g-cols vc_row via_grid cols_1 laptops-cols_inherit tablets-cols_inherit mobiles-cols_1 valign_top type_default stacking_default\"><div class=\"wpb_column vc_column_container\"><div class=\"vc_column-inner\"><div class=\"g-cols wpb_row via_grid cols_2 laptops-cols_inherit tablets-cols_inherit mobiles-cols_1 valign_top type_default stacking_default\" style=\"--columns-gap:2rem;\"><div class=\"wpb_column vc_column_container\"><div class=\"vc_column-inner\"><div class=\"w-image us_custom_9cf479d2 align_none\"><div class=\"w-image-h\"><img decoding=\"async\" width=\"1024\" height=\"576\" src=\"https:\/\/www.elevenestetik.com\/wp-content\/uploads\/2024\/03\/1-9-1024x576.jpg\" class=\"attachment-large size-large\" alt=\"\" loading=\"lazy\" srcset=\"https:\/\/www.elevenestetik.com\/wp-content\/uploads\/2024\/03\/1-9-1024x576.jpg 1024w, https:\/\/www.elevenestetik.com\/wp-content\/uploads\/2024\/03\/1-9-300x169.jpg 300w, https:\/\/www.elevenestetik.com\/wp-content\/uploads\/2024\/03\/1-9.jpg 1920w\" sizes=\"auto, (max-width: 1024px) 100vw, 1024px\"><\/div><\/div><\/div><\/div><div class=\"wpb_column vc_column_container us_custom_29737451\"><div class=\"vc_column-inner\"><div class=\"w-hwrapper us_custom_147c3537 valign_top stack_on_mobiles align_center\" style=\"--hwrapper-gap:3rem\"><div class=\"w-iconbox us_custom_f9f315b4 has_text_color iconpos_top style_default color_primary align_center\"><div class=\"w-iconbox-icon\" style=\"font-size:2rem;\"><i class=\"fas fa-hospital\"><\/i><\/div><div class=\"w-iconbox-meta\"><p class=\"w-iconbox-title\">Dauer des Krankenhausaufenthalts<\/p><div class=\"w-iconbox-text\"><p>0 Tag<\/p>\n<\/div><\/div><\/div><div class=\"w-iconbox us_custom_f9f315b4 has_text_color iconpos_top style_default color_primary align_center\"><div class=\"w-iconbox-icon\" style=\"font-size:2rem;\"><i class=\"fas fa-clock\"><\/i><\/div><div class=\"w-iconbox-meta\"><p class=\"w-iconbox-title\">Operation Dauer<\/p><div class=\"w-iconbox-text\"><p>1 &#8211; 2 Stunden<\/p>\n<\/div><\/div><\/div><div class=\"w-iconbox us_custom_f9f315b4 has_text_color iconpos_top style_default color_primary align_center\"><div class=\"w-iconbox-icon\" style=\"font-size:2rem;\"><i class=\"fas fa-stethoscope\"><\/i><\/div><div class=\"w-iconbox-meta\"><p class=\"w-iconbox-title\">An\u00e4sthesie Typ<\/p><div class=\"w-iconbox-text\"><p>Lokale An\u00e4sthesie<\/p>\n<\/div><\/div><\/div><div class=\"w-iconbox us_custom_f9f315b4 has_text_color iconpos_top style_default color_primary align_center\"><div class=\"w-iconbox-icon\" style=\"font-size:2rem;\"><i class=\"fas fa-hands-heart\"><\/i><\/div><div class=\"w-iconbox-meta\"><p class=\"w-iconbox-title\">Prozess der Wiederherstellung<\/p><div class=\"w-iconbox-text\"><p>1 -2 Wochen<\/p>\n<\/div><\/div><\/div><\/div><h6 class=\"w-text us_custom_d0e1c2ad\"><span class=\"w-text-h\"><span class=\"w-text-value\">Kontaktieren Sie uns f\u00fcr weitere Informationen.<\/span><\/span><\/h6><div class=\"w-btn-wrapper align_center\"><a class=\"w-btn us-btn-style_1\" href=\"https:\/\/wa.me\/+905011552511\" target=\"_blank\" rel=\"noopener\"><span class=\"w-btn-label\">Schreiben Sie auf WhatsApp<\/span><\/a><\/div><\/div><\/div><\/div><\/div><\/div><\/div><\/div><\/section><section class=\"l-section wpb_row us_custom_ddf21fbc height_large\"><div class=\"l-section-h i-cf\"><div class=\"g-cols vc_row via_grid cols_1 laptops-cols_inherit tablets-cols_inherit mobiles-cols_1 valign_top type_default stacking_default\"><div class=\"wpb_column vc_column_container\"><div class=\"vc_column-inner\"><div class=\"wpb_text_column\"><div class=\"wpb_wrapper\"><p>Zahnverlust ist ein wichtiges Problem, das die Lebensqualit\u00e4t vieler Menschen sowohl in \u00e4sthetischer als auch in funktioneller Hinsicht beeintr\u00e4chtigt. Gl\u00fccklicherweise bieten die <strong>Implantatbehandlungen<\/strong> dank der sich entwickelnden Technologien dauerhafte L\u00f6sungen f\u00fcr diese Probleme. In diesem Artikel informieren wir Sie \u00fcber die <strong>Preise f\u00fcr Zahnimplantate<\/strong> und die Faktoren, die diese Preise beeinflussen, und wir helfen Ihnen mit Tipps zur <strong>Pflege nach der<\/strong> Behandlung, die Behandlung angenehmer zu gestalten. W\u00e4hrend wir uns mit den Vorteilen von Zahnimplantaten besch\u00e4ftigen, werfen wir auch einen kurzen Blick auf den Anwendungsprozess und die einzelnen Phasen. Wenn Sie sich ein gesundes und \u00e4sthetisches L\u00e4cheln w\u00fcnschen, sind Sie bei uns genau richtig!    <\/p>\n<h2>Was ist ein Zahnimplantat?<\/h2>\n<p>Zahnimplantate sind k\u00fcnstliche Zahnwurzeln, die verlorene Z\u00e4hne ersetzen. Diese Strukturen, die in der Regel aus Titan bestehen, werden in den Kieferknochen eingesetzt und bilden ein solides Fundament. Einer der wichtigsten Vorteile von Zahnimplantaten ist, dass sie in Aussehen und Funktionalit\u00e4t den nat\u00fcrlichen Z\u00e4hnen am n\u00e4chsten kommen. So sehr, dass sie, wenn sie richtig eingesetzt werden, fast keine sp\u00fcrbaren Auswirkungen auf die Mundstruktur des Patienten haben.   <\/p>\n<p>Zahnimplantate k\u00f6nnen nicht nur bei Verlust eines einzelnen Zahns eingesetzt werden, sondern auch bei Verlust von mehr als einem Zahn oder bei v\u00f6lliger Zahnlosigkeit. Vor allem, wenn \u00e4sthetische Bedenken und Zahngesundheitsprobleme aufgrund fehlender Z\u00e4hne in Betracht gezogen werden, bietet die Anwendung von Zahnimplantaten eine wichtige L\u00f6sung. <\/p>\n<p>Dieses Verfahren wird von Zahn\u00e4rzten durchgef\u00fchrt und erfordert einen auf den jeweiligen Zustand des Patienten zugeschnittenen Plan. In der ersten Phase werden der Kieferknochen, die Gesundheit des Zahnfleisches und der allgemeine Gesundheitszustand des Patienten eingehend untersucht. Nach diesen Bewertungen wird der f\u00fcr die individuellen Bed\u00fcrfnisse am besten geeignete Implantattyp bestimmt und die Implantatoperation vorbereitet.  <\/p>\n<p>Damit die Behandlung mit Zahnimplantaten effektiv ist, ist es f\u00fcr Patienten auch \u00e4u\u00dferst wichtig, auf die <strong>Pflege nach der Implantation<\/strong> zu achten. Dieser Prozess spielt eine entscheidende Rolle bei der Verl\u00e4ngerung der Lebensdauer der Implantate und der Vermeidung m\u00f6glicher Komplikationen. Nach der Anwendung sollten die Patienten die Empfehlungen ihrer \u00c4rzte befolgen, regelm\u00e4\u00dfige Kontrollen durchf\u00fchren und auf die Mundhygiene achten.  <\/p>\n<p>Zusammenfassend l\u00e4sst sich sagen, dass Zahnimplantate eine moderne zahnmedizinische Behandlungsmethode sind, die den Patienten sowohl \u00e4sthetische als auch funktionelle Vorteile bietet, indem sie verlorene Z\u00e4hne ersetzt. Es gibt jedoch viele Faktoren, die sich auf die Kosten dieser Behandlung auswirken. Daher sollten die <strong>Preise f\u00fcr Zahnimplantate<\/strong> im Voraus gut recherchiert werden. Die Suche nach der am besten geeigneten Option, die den Bed\u00fcrfnissen jedes Einzelnen entspricht, ist entscheidend f\u00fcr eine erfolgreiche Behandlung.  <\/p>\n<h2><img loading=\"lazy\" decoding=\"async\" src=\"https:\/\/www.elevenestetik.com\/wp-content\/uploads\/2024\/02\/Implant-Tedavisi-Nedir.jpg\" alt=\"\" width=\"1920\" height=\"1080\"><\/h2>\n<h2>Preise und Faktoren f\u00fcr Zahnimplantate<\/h2>\n<p>Die Preise f\u00fcr Zahnimplantate k\u00f6nnen von vielen Faktoren abh\u00e4ngen. Daher ist es f\u00fcr Personen, die eine Implantatbehandlung in Betracht ziehen, wichtig, die Faktoren zu kennen, die die Preise beeinflussen. Der wichtigste Faktor, der die <strong>Preise f\u00fcr Zahnimplantate<\/strong> beeinflusst, ist die Qualit\u00e4t des verwendeten Materials. Hochwertige Titan- oder Zirkoniumimplantate bieten eine h\u00f6here Haltbarkeit und Langlebigkeit, was zu h\u00f6heren Preisen f\u00fchren kann.   <\/p>\n<p>Dar\u00fcber hinaus sind auch der Standort und der Ruf der Klinik oder des Krankenhauses, in der\/dem der Eingriff durchgef\u00fchrt wird, wichtig. So k\u00f6nnen beispielsweise fortschrittliche Zahnkliniken in Gro\u00dfst\u00e4dten oft h\u00f6here Preise verlangen als Kliniken in kleineren St\u00e4dten. Das liegt an der h\u00f6heren Qualit\u00e4t und Spezialisierung der angebotenen Leistungen. Die spezialisierten Zahn\u00e4rzte der Klinik k\u00f6nnen mit ihrem gro\u00dfen Erfahrungsschatz ein besseres Ergebnis erzielen, was f\u00fcr die Patienten einen gr\u00f6\u00dferen Vorteil bedeutet.   <\/p>\n<p>Der Prozess der <strong>Zahnimplantation<\/strong> ist in der Regel ein mehrstufiger Behandlungsprozess. Jede Stufe dieses Prozesses kann zus\u00e4tzliche Kosten verursachen. So k\u00f6nnen zum Beispiel ausf\u00fchrliche Untersuchungen, R\u00f6ntgenaufnahmen und andere Vorbereitungen, die vor dem Einsetzen des Implantats durchgef\u00fchrt werden m\u00fcssen, zus\u00e4tzliche Kosten verursachen. Ein weiterer Faktor, der sich auf die Preise f\u00fcr Zahnimplantate auswirkt, sind die Prothesen, die eingesetzt werden m\u00fcssen, wenn der Heilungsprozess nach dem chirurgischen Eingriff abgeschlossen ist.   <\/p>\n<p>Schlie\u00dflich spielt auch der pers\u00f6nliche Gesundheitszustand eine entscheidende Rolle bei der Preisgestaltung. Bestehende Gesundheitsprobleme, wie z.B. eine Zahnfleischerkrankung, k\u00f6nnen eine zus\u00e4tzliche Behandlung erfordern, was die Gesamtkosten erh\u00f6ht. Unter Ber\u00fccksichtigung all dieser Faktoren kann ein ausf\u00fchrliches Vorgespr\u00e4ch mit dem Zahnarzt dem Einzelnen ein klareres Verst\u00e4ndnis f\u00fcr den Behandlungsablauf und die Kosten vermitteln.  <\/p>\n<p>Auch wenn Zahnimplantate anfangs als hohe Kosten erscheinen m\u00f6gen, wird der Wert dieses Verfahrens bei richtiger Planung und Pflege durch die Vorteile, die es langfristig bietet, sichtbar. In diesem Zusammenhang ist die <strong>Pflege nach der Implantation<\/strong> einer der wichtigsten Schritte, um die Lebensdauer der Implantate des Patienten zu verl\u00e4ngern. <\/p>\n<h2>Pflegetipps nach einem Zahnimplantat<\/h2>\n<p>Das Zahnimplantat ist eine der effektivsten L\u00f6sungsmethoden, die in der modernen Zahnmedizin zum Ersatz verlorener Z\u00e4hne eingesetzt werden k\u00f6nnen. Allerdings ist auch der Pflegeprozess nach der Implantation von Zahnimplantaten \u00e4u\u00dferst wichtig. Die <strong>Pflege nach dem Zahnimplantat<\/strong> spielt eine entscheidende Rolle f\u00fcr den Erfolg des Verfahrens. Hier sind einige Tipps, die Sie in dieser Zeit beachten sollten:  <\/p>\n<h3>1. achten Sie auf die Mundhygiene<\/h3>\n<p>Nach einem Zahnimplantat muss Ihre Mundhygiene auf einem konstant hohen Niveau gehalten werden. Regelm\u00e4\u00dfiges Z\u00e4hneputzen, mindestens zweimal am Tag, verringert das Infektionsrisiko und h\u00e4lt das Gewebe um das Implantat herum gesund. Die Verwendung von Zahnseide entfernt auch R\u00fcckst\u00e4nde zwischen den Z\u00e4hnen und sch\u00fctzt das Zahnfleisch um das Implantat.  <\/p>\n<h3>2. achten Sie auf die Ern\u00e4hrung<\/h3>\n<p>Nachdem das Implantat eingesetzt wurde, ist es \u00e4u\u00dferst wichtig, auf Ihre Ern\u00e4hrung zu achten. Vor allem in den ersten Tagen wird empfohlen, harte und kernhaltige Nahrungsmittel zu vermeiden. Stattdessen sollten Sie weiche und nahrhafte Lebensmittel bevorzugen. Dies unterst\u00fctzt den Heilungsprozess des Implantats.   <\/p>\n<h3>3. vernachl\u00e4ssigen Sie nicht die regelm\u00e4\u00dfigen \u00dcberpr\u00fcfungen<\/h3>\n<p>Der Zahnarzt wird in der Zeit nach der Implantation regelm\u00e4\u00dfige Kontrolluntersuchungen ansetzen. Die Einhaltung dieser Termine ist f\u00fcr die \u00dcberwachung des Zustands des Implantats von gro\u00dfer Bedeutung. W\u00e4hrend der Kontrolluntersuchung wird Ihr Zahnarzt den Zustand des Gewebes um das Implantat herum beurteilen und notwendige Behandlungsempfehlungen geben.  <\/p>\n<h3>4. begrenzen Sie das Rauchen und den Alkoholkonsum<\/h3>\n<p>Rauchen und Alkoholkonsum sind wichtige Faktoren, die bei der Pflege eines Zahnimplantats zu ber\u00fccksichtigen sind. Diese Substanzen k\u00f6nnen den Heilungsprozess negativ beeinflussen und das Risiko einer Infektion erh\u00f6hen. Wenn Sie diese Gewohnheiten nach dem Einsetzen des Implantats m\u00f6glichst vermeiden, erh\u00f6ht dies die Erfolgsquote.  <\/p>\n<h3>5. vorsichtige Ma\u00dfnahmen bei Schmerzen und Schwellungen<\/h3>\n<p>Eine leichte Schwellung und ein Schmerzgef\u00fchl sind nach dem Einsetzen des Implantats normal. Um diese zu reduzieren, k\u00f6nnen Sie die von Ihrem Arzt empfohlenen Schmerzmittel verwenden und kalte Kompressen anlegen. Sollten die Symptome jedoch anhalten, ist es wichtig, dass Sie sofort Ihren Zahnarzt kontaktieren.  <\/p>\n<p>Wenn Sie diese Tipps bei der <strong>Pflege nach der Implantation<\/strong> befolgen, verl\u00e4ngern Sie die Lebensdauer des Implantats und tragen positiv zu Ihrer Mundgesundheit bei. Vergessen Sie nicht, dass ein gesunder Lebensstil Ihnen dabei hilft, die Vorteile von Zahnimplantaten voll auszusch\u00f6pfen. <\/p>\n<figure class=\"image\"><img loading=\"lazy\" decoding=\"async\" src=\"https:\/\/www.elevenestetik.com\/wp-content\/uploads\/2024\/02\/Implant-Nasil-Yapilir.jpg\" alt=\"\" width=\"1920\" height=\"1080\"><\/figure>\n<h2>Vorteile eines Zahnimplantats<\/h2>\n<p>Zahnimplantate sind eine effektive Behandlungsmethode, um verlorene Z\u00e4hne zu ersetzen. Diese Methode bietet viele Vorteile, vom \u00e4sthetischen Aussehen bis hin zu gesundheitlichen Vorteilen. Hier sind einige wichtige <strong>Vorteile<\/strong> von Zahnimplantaten:  <\/p>\n<p><strong>Nat\u00fcrliches Aussehen und Gef\u00fchl<\/strong>: Zahnimplantate sind so konzipiert, dass sie Ihre nat\u00fcrlichen Z\u00e4hne imitieren. Dies ist nicht nur \u00e4sthetisch, sondern auch funktionell \u00e4u\u00dferst wichtig. Implantate f\u00fchlen sich im Mund wie nat\u00fcrliche Z\u00e4hne an und sehen auch so aus, was das Selbstvertrauen st\u00e4rkt.  <\/p>\n<p><strong>Verhindert den Verlust von Z\u00e4hnen<\/strong>: Zahnimplantate verhindern den Verlust der umliegenden Z\u00e4hne. Andere Z\u00e4hne k\u00f6nnen sich im Laufe der Zeit verschieben oder sind von Karies bedroht. Ein Implantat sorgt daf\u00fcr, dass der Kieferknochen gesund bleibt und die Z\u00e4hne richtig stehen.  <\/p>\n<p><strong>Langlebig<\/strong> Bei richtiger Pflege sind Zahnimplantate \u00e4u\u00dferst langlebig und bieten eine dauerhafte L\u00f6sung. Wenn die Nachsorge von Zahnimplantaten durchgef\u00fchrt wird, kann sie jahrelang zuverl\u00e4ssig sein. Dies ist ein wichtiger Vorteil, sowohl in finanzieller als auch in moralischer Hinsicht.  <\/p>\n<p><strong>Bessere Mundgesundheit<\/strong>: Zahnimplantate unterst\u00fctzen die Mundgesundheit, indem sie Verstopfungen nach Zahnverlust verhindern. Au\u00dferdem tragen sie zu einer besseren Verdauung der Nahrung bei, indem sie die Kaufunktion wiederherstellen. Dies hat auch eine positive Auswirkung auf die allgemeine Gesundheit.  <\/p>\n<p><strong>Alternative zu Prothesen<\/strong>: Im Vergleich zu herk\u00f6mmlichen Prothesen sind Zahnimplantate stabiler und komfortabler. Die M\u00f6glichkeit, dass Prothesen verrutschen oder sich verschieben, wird mit Implantaten minimiert. Das sorgt f\u00fcr mehr Komfort beim Essen und bei den t\u00e4glichen Aktivit\u00e4ten.  <\/p>\n<p><strong>Erweiterte Stimmregulierung<\/strong>: Der Verlust von Z\u00e4hnen kann manchmal die F\u00e4higkeit zu sprechen beeintr\u00e4chtigen. Zahnimplantate sorgen f\u00fcr eine Verbesserung der Stimmregulierung, indem sie Ihre Z\u00e4hne wiederherstellen. Das bedeutet eine fl\u00fcssigere Sprache und eine selbstbewusste Kommunikation.  <\/p>\n<p>Zusammenfassend l\u00e4sst sich sagen, dass <strong>die Vorteile von Zahnimplantaten<\/strong> in Bezug auf \u00e4sthetische und funktionelle Vorteile ziemlich beeindruckend sind. <strong>Die Nachsorge von Zahnimplantaten<\/strong> sorgt daf\u00fcr, dass das Implantat gesund im Mund verbleibt, so dass Sie lange Zeit von diesen Vorteilen profitieren k\u00f6nnen. Zahnimplantate sind nicht nur eine Behandlungsmethode, sondern auch eine Investition, die Ihre Lebensqualit\u00e4t verbessern wird. Aus diesen Gr\u00fcnden ist es eine der besten L\u00f6sungsm\u00f6glichkeiten f\u00fcr Menschen, die Z\u00e4hne verloren haben.  <\/p>\n<h2>Zahnimplantat-Prozess und Anwendungsphasen<\/h2>\n<p>Zahnimplantate sind eine effektive Behandlungsmethode, um fehlende Z\u00e4hne zu ersetzen. F\u00fcr die erfolgreiche Durchf\u00fchrung dieses Prozesses m\u00fcssen jedoch bestimmte Schritte sorgf\u00e4ltig befolgt werden. <strong>Der Prozess der Zahnimplantation<\/strong> besteht in der Regel aus vier Hauptphasen: Planung, Einsetzen, Einheilung und Prothesenphase. <\/p>\n<p>Die erste Phase ist <strong>die Planungsphase<\/strong>. In dieser Phase f\u00fchrt Ihr Zahnarzt eine umfassende Untersuchung des Mundes durch und beurteilt die Kieferknochenstruktur mithilfe verschiedener bildgebender Verfahren. Auf der Grundlage dieser Informationen w\u00e4hlt Ihr Zahnarzt den f\u00fcr Sie am besten geeigneten Implantattyp aus und plant den gesamten Prozess. In dieser Phase k\u00f6nnen Sie sich auch \u00fcber die Kosten informieren und erste Informationen \u00fcber die <strong>Preise f\u00fcr Zahnimplantate<\/strong> einholen.   <\/p>\n<p>In der zweiten Phase, der <strong>Insertionsphase<\/strong>, wird das Implantat in den Kieferknochen eingesetzt. Dieser Eingriff wird in der Regel unter lokaler An\u00e4sthesie durchgef\u00fchrt. Nachdem das Implantat in den Kieferknochen eingesetzt wurde, wird es mit Zahnfleisch bedeckt und der Heilungsprozess wird erwartet. In dieser Phase sind die Schmerzen und Beschwerden f\u00fcr den Patienten in der Regel minimal.   <\/p>\n<p>Die dritte Phase ist die <strong>Heilungsphase<\/strong>. Der Prozess der Verschmelzung des Implantats mit dem Knochen dauert in der Regel drei bis sechs Monate. W\u00e4hrend dieser Zeit sollten die Patienten vorsichtig sein und auf die Mundhygiene achten. Dies gilt auch f\u00fcr die <strong>Nachsorge von Zahnimplantaten<\/strong>. Die Ber\u00fccksichtigung der Empfehlungen Ihres Arztes ist f\u00fcr einen gesunden Verlauf des Prozesses \u00e4u\u00dferst wichtig.    <\/p>\n<p>Die letzte Phase ist <strong>die prothetische Phase<\/strong>. Nachdem die Einheilung abgeschlossen ist, wird Ihr Zahnarzt einen Zahnersatz auf das Implantat setzen. In dieser Phase wird ein individueller Zahnersatz angefertigt, der die \u00e4sthetischen und funktionellen Bed\u00fcrfnisse ber\u00fccksichtigt. Nach dem Einsetzen der Prothese k\u00f6nnen die Patienten wieder normale Z\u00e4hne benutzen und sprechen.   <\/p>\n<p>Daher sollten der Prozess der Zahnimplantation und die Phasen der Anwendung sorgf\u00e4ltig geplant werden. Professionelle Unterst\u00fctzung in jeder Phase ist entscheidend f\u00fcr den Erfolg der Behandlung. Zu<strong>den Vorteilen von Zahnimplantaten<\/strong> geh\u00f6rt, dass sie eine dauerhafte L\u00f6sung darstellen und dem Aussehen nat\u00fcrlicher Z\u00e4hne sehr nahe kommen. Vergessen Sie nicht, dass die Situation bei jedem Menschen anders ist. Es w\u00e4re also am besten, wenn Sie sich mit Ihrem Zahnarzt ausf\u00fchrlich beraten w\u00fcrden.  <\/p>\n<h2>H\u00e4ufig gestellte Fragen<\/h2>\n<h3>Was ist ein Zahnimplantat?<\/h3>\n<p>Ein Zahnimplantat ist eine schraubenf\u00f6rmige Struktur aus Titan, die chirurgisch in den Kieferknochen eingesetzt wird, um fehlende Z\u00e4hne zu ersetzen. Dieses Implantat bildet ein solides Fundament, auf dem eine Prothese oder eine Krone angebracht werden kann. Zahnimplantate funktionieren wie nat\u00fcrliche Z\u00e4hne und bieten eine \u00e4sthetische und funktionelle L\u00f6sung. Sie werden in der Regel verwendet, um einen oder mehrere verlorene Z\u00e4hne zu ersetzen und sind langlebig und best\u00e4ndig.   <\/p>\n<h3>Wer ist f\u00fcr Zahnimplantate geeignet?<\/h3>\n<p>F\u00fcr Zahnimplantate kommt jeder in Frage, der sich in einem guten Gesundheitszustand befindet, einen ausreichend dichten Kieferknochen hat und auf eine gute Mundhygiene achtet. Menschen mit bestimmten Erkrankungen wie unkontrollierter Diabetes, geringer Knochendichte oder bestimmten Herzerkrankungen sollten jedoch ihren Arzt konsultieren. Die Beurteilung des Zahnarztes ist bei der Bestimmung der Eignung von gro\u00dfer Bedeutung.  <\/p>\n<h3>Wie lange dauert die Behandlung mit einem Zahnimplantat?<\/h3>\n<p>Das Verfahren der Zahnimplantation besteht in der Regel aus mehreren Schritten. Zun\u00e4chst wird eine Untersuchung durchgef\u00fchrt, um den Bereich zu bestimmen, in dem das Implantat eingesetzt werden soll, und der Planungsprozess beginnt. Der chirurgische Eingriff dauert im Durchschnitt 1-2 Stunden, w\u00e4hrend der Heilungsprozess mehrere Monate dauern kann. Nach dem Einsetzen des Implantats muss dem Kieferknochen Zeit gegeben werden, um mit dem Implantat zu verwachsen, und dann wird der Zahnersatz, die sogenannte Suprakonstruktion, eingesetzt.   <\/p>\n<h3>Wie lange sollte ein Zahnimplantat gepflegt werden?<\/h3>\n<p>Nach dem Einsetzen des <a href=\"https:\/\/www.elevenestetik.com\/de\/laecheln-design\/\">Zahnimplantats<\/a> m\u00fcssen Sie mindestens 4-6 Monate lang aufmerksam sein. W\u00e4hrend dieser Zeit muss das Implantat einheilen und mit dem Kieferknochen verschmelzen. W\u00e4hrend des Heilungsprozesses k\u00f6nnen Situationen wie Rauchen, Vernachl\u00e4ssigung der Mundhygiene oder der Verzehr harter Nahrungsmittel den Erfolg des Implantats beeintr\u00e4chtigen. Daher ist es \u00e4u\u00dferst wichtig, dass Sie die vom Zahnarzt empfohlenen Pflege- und Kontrolltermine einhalten.   <\/p>\n<\/div><\/div><\/div><\/div><\/div><\/div><\/section><section class=\"l-section wpb_row us_custom_315b8835 height_medium color_footer-bottom\"><div class=\"l-section-h i-cf\"><div class=\"g-cols vc_row via_grid cols_1 laptops-cols_inherit tablets-cols_inherit mobiles-cols_1 valign_middle type_default stacking_default\"><div class=\"wpb_column vc_column_container\"><div class=\"vc_column-inner\"><div class=\"g-cols wpb_row us_custom_ee246b62 has_text_color via_grid cols_2 laptops-cols_inherit tablets-cols_1 mobiles-cols_1 valign_middle type_default stacking_default\" style=\"--columns-gap:0rem;\"><div class=\"wpb_column vc_column_container us_custom_2c279b99\"><div class=\"vc_column-inner\"><div class=\"w-text us_custom_a5df9810 has_text_color\"><span class=\"w-text-h\"><span class=\"w-text-value\">Erhalten Sie jetzt Informationen und Unterst\u00fctzung<\/span><\/span><\/div><h2 class=\"w-text\"><span class=\"w-text-h\"><span class=\"w-text-value\">Fordern Sie eine kostenlose Beratung an.<\/span><\/span><\/h2><\/div><\/div><div class=\"wpb_column vc_column_container us_custom_16154244\"><div class=\"vc_column-inner\"><div class=\"w-btn-wrapper default_align_right laptops_align_right tablets_align_left mobiles_align_left\"><a class=\"w-btn us-btn-style_2 us_custom_b4198c51\" href=\"https:\/\/www.elevenestetik.com\/de\/kontakt\/\"><span class=\"w-btn-label\">Einen Termin erstellen<\/span><\/a><\/div><\/div><\/div><\/div><\/div><\/div><\/div><\/div><\/section>\n","protected":false},"excerpt":{"rendered":"Implantat-BehandlungDauer des Krankenhausaufenthalts0 Tag Operation Dauer1 - 2 Stunden An\u00e4sthesie TypLokale An\u00e4sthesie Prozess der Wiederherstellung1 -2 Wochen Kontaktieren Sie uns f\u00fcr weitere Informationen.Schreiben Sie auf WhatsAppZahnverlust ist ein wichtiges Problem, das die Lebensqualit\u00e4t vieler Menschen sowohl in \u00e4sthetischer als auch in funktioneller Hinsicht beeintr\u00e4chtigt. Gl\u00fccklicherweise bieten die Implantatbehandlungen dank der sich entwickelnden Technologien dauerhafte L\u00f6sungen...","protected":false},"author":1,"featured_media":3756,"parent":0,"menu_order":0,"comment_status":"closed","ping_status":"closed","template":"","meta":{"rank_math_focus_keyword":"Implantat-Behandlung","rank_math_description":"Erfahren Sie alles \u00fcber Zahnimplantate, Preise, Pflege, Vorteile und das Bewerbungsverfahren.","footnotes":""},"class_list":["post-5716","page","type-page","status-publish","has-post-thumbnail","hentry"],"_links":{"self":[{"href":"https:\/\/www.elevenestetik.com\/de\/wp-json\/wp\/v2\/pages\/5716","targetHints":{"allow":["GET"]}}],"collection":[{"href":"https:\/\/www.elevenestetik.com\/de\/wp-json\/wp\/v2\/pages"}],"about":[{"href":"https:\/\/www.elevenestetik.com\/de\/wp-json\/wp\/v2\/types\/page"}],"author":[{"embeddable":true,"href":"https:\/\/www.elevenestetik.com\/de\/wp-json\/wp\/v2\/users\/1"}],"replies":[{"embeddable":true,"href":"https:\/\/www.elevenestetik.com\/de\/wp-json\/wp\/v2\/comments?post=5716"}],"version-history":[{"count":3,"href":"https:\/\/www.elevenestetik.com\/de\/wp-json\/wp\/v2\/pages\/5716\/revisions"}],"predecessor-version":[{"id":7790,"href":"https:\/\/www.elevenestetik.com\/de\/wp-json\/wp\/v2\/pages\/5716\/revisions\/7790"}],"wp:featuredmedia":[{"embeddable":true,"href":"https:\/\/www.elevenestetik.com\/de\/wp-json\/wp\/v2\/media\/3756"}],"wp:attachment":[{"href":"https:\/\/www.elevenestetik.com\/de\/wp-json\/wp\/v2\/media?parent=5716"}],"curies":[{"name":"wp","href":"https:\/\/api.w.org\/{rel}","templated":true}]}}