{"id":5707,"date":"2026-01-26T09:05:16","date_gmt":"2026-01-26T06:05:16","guid":{"rendered":"https:\/\/www.elevenestetik.com\/augenbrauentransplantation\/"},"modified":"2026-01-26T09:07:09","modified_gmt":"2026-01-26T06:07:09","slug":"augenbrauentransplantation","status":"publish","type":"page","link":"https:\/\/www.elevenestetik.com\/de\/augenbrauentransplantation\/","title":{"rendered":"Augenbrauentransplantation"},"content":{"rendered":"<section class=\"l-section wpb_row us_custom_4e2a4f93 height_large\"><div class=\"l-section-h i-cf\"><div class=\"g-cols vc_row via_grid cols_1 laptops-cols_inherit tablets-cols_inherit mobiles-cols_1 valign_top type_default stacking_default\"><div class=\"wpb_column vc_column_container\"><div class=\"vc_column-inner\"><h1 class=\"w-text us_custom_28784076 has_text_color\"><span class=\"w-text-h\"><span class=\"w-text-value\">Augenbrauentransplantation \u00c4sthetik<\/span><\/span><\/h1><\/div><\/div><\/div><\/div><\/section><section class=\"l-section wpb_row us_custom_6179e1d8 height_large width_full\"><div class=\"l-section-h i-cf\"><div class=\"g-cols vc_row via_grid cols_1 laptops-cols_inherit tablets-cols_inherit mobiles-cols_1 valign_top type_default stacking_default\"><div class=\"wpb_column vc_column_container\"><div class=\"vc_column-inner\"><div class=\"g-cols wpb_row via_grid cols_2 laptops-cols_inherit tablets-cols_inherit mobiles-cols_1 valign_top type_default stacking_default\" style=\"--columns-gap:2rem;\"><div class=\"wpb_column vc_column_container\"><div class=\"vc_column-inner\"><div class=\"w-image us_custom_9cf479d2 align_none\"><div class=\"w-image-h\"><img decoding=\"async\" width=\"1024\" height=\"574\" src=\"https:\/\/www.elevenestetik.com\/wp-content\/uploads\/2024\/02\/kas-ekimi.jpg\" class=\"attachment-large size-large\" alt=\"\" loading=\"lazy\" srcset=\"https:\/\/www.elevenestetik.com\/wp-content\/uploads\/2024\/02\/kas-ekimi.jpg 1024w, https:\/\/www.elevenestetik.com\/wp-content\/uploads\/2024\/02\/kas-ekimi-300x168.jpg 300w\" sizes=\"auto, (max-width: 1024px) 100vw, 1024px\"><\/div><\/div><\/div><\/div><div class=\"wpb_column vc_column_container us_custom_29737451\"><div class=\"vc_column-inner\"><div class=\"w-hwrapper us_custom_147c3537 valign_top stack_on_mobiles align_center\" style=\"--hwrapper-gap:3rem\"><div class=\"w-iconbox us_custom_f9f315b4 has_text_color iconpos_top style_default color_primary align_center\"><div class=\"w-iconbox-icon\" style=\"font-size:2rem;\"><i class=\"fas fa-hospital\"><\/i><\/div><div class=\"w-iconbox-meta\"><p class=\"w-iconbox-title\">Dauer des Krankenhausaufenthalts<\/p><div class=\"w-iconbox-text\"><p>0 Tag<\/p>\n<\/div><\/div><\/div><div class=\"w-iconbox us_custom_f9f315b4 has_text_color iconpos_top style_default color_primary align_center\"><div class=\"w-iconbox-icon\" style=\"font-size:2rem;\"><i class=\"fas fa-clock\"><\/i><\/div><div class=\"w-iconbox-meta\"><p class=\"w-iconbox-title\">Operation Dauer<\/p><div class=\"w-iconbox-text\"><p>2 &#8211; 4 Stunden<\/p>\n<\/div><\/div><\/div><div class=\"w-iconbox us_custom_f9f315b4 has_text_color iconpos_top style_default color_primary align_center\"><div class=\"w-iconbox-icon\" style=\"font-size:2rem;\"><i class=\"fas fa-stethoscope\"><\/i><\/div><div class=\"w-iconbox-meta\"><p class=\"w-iconbox-title\">An\u00e4sthesie Typ<\/p><div class=\"w-iconbox-text\"><p>Lokale An\u00e4sthesie<\/p>\n<\/div><\/div><\/div><div class=\"w-iconbox us_custom_f9f315b4 has_text_color iconpos_top style_default color_primary align_center\"><div class=\"w-iconbox-icon\" style=\"font-size:2rem;\"><i class=\"fas fa-hands-heart\"><\/i><\/div><div class=\"w-iconbox-meta\"><p class=\"w-iconbox-title\">Prozess der Wiederherstellung<\/p><div class=\"w-iconbox-text\"><p>1 &#8211; 2 Wochen<\/p>\n<\/div><\/div><\/div><\/div><h6 class=\"w-text us_custom_d0e1c2ad\"><span class=\"w-text-h\"><span class=\"w-text-value\">Kontaktieren Sie uns f\u00fcr weitere Informationen.<\/span><\/span><\/h6><div class=\"w-btn-wrapper align_center\"><a class=\"w-btn us-btn-style_1\" href=\"https:\/\/wa.me\/+905011552511\" target=\"_blank\" rel=\"noopener\"><span class=\"w-btn-label\">Schreiben Sie auf WhatsApp<\/span><\/a><\/div><\/div><\/div><\/div><\/div><\/div><\/div><\/div><\/section><section class=\"l-section wpb_row us_custom_ddf21fbc height_large\"><div class=\"l-section-h i-cf\"><div class=\"g-cols vc_row via_grid cols_1 laptops-cols_inherit tablets-cols_inherit mobiles-cols_1 valign_top type_default stacking_default\"><div class=\"wpb_column vc_column_container\"><div class=\"vc_column-inner\"><div class=\"wpb_text_column\"><div class=\"wpb_wrapper\"><p>Die Augenbrauentransplantation hat sich in den letzten Jahren zu einer beliebten Anwendung entwickelt, die bei \u00e4sthetischen Anliegen bevorzugt wird. Also, <strong>was ist eine Augenbrauentransplantation<\/strong> und wie l\u00e4uft sie ab? In diesem Artikel besprechen wir alle interessanten Details dar\u00fcber, <strong>wie eine Augenbrauentransplantation durchgef\u00fchrt wird<\/strong>, den Ablauf der Anwendung, die notwendigen <strong>Pflegeschritte nach der Augenbrauentransplantation<\/strong> und nat\u00fcrlich die <strong>Preise f\u00fcr die Augenbrauentransplantation<\/strong>. Wenn Sie davon tr\u00e4umen, vollere und markantere Augenbrauen zu haben, sind Sie hier genau richtig!   <\/p>\n<h2>Was ist eine Augenbrauentransplantation?<\/h2>\n<p>Die Augenbrauentransplantation ist in den letzten Jahren als \u00e4sthetisches Verfahren sehr beliebt geworden. Dieser Eingriff, den Menschen durchf\u00fchren, um ihre Gesichtsz\u00fcge zu verdeutlichen und ein j\u00fcngeres Aussehen zu erreichen, erm\u00f6glicht es, verlorenes oder ausged\u00fcnntes Augenbrauenhaar wiederzugewinnen. Insbesondere die Ausd\u00fcnnung oder der Verlust von Augenbrauen aufgrund von genetischen Faktoren, Alterung, starkem Stress oder falschen kosmetischen Produkten kann mit einer Augenbrauentransplantation korrigiert werden.  <\/p>\n<p>Bei diesem Verfahren werden die Transplantate aus den eigenen <a href=\"https:\/\/www.elevenestetik.com\/de\/haartransplantation\/\">Haarfollikeln<\/a> der Person in den Augenbrauenbereich verpflanzt. Um die Frage zu beantworten, <strong>wie eine Augenbrauentransplantation durchgef\u00fchrt wird<\/strong>: Der erste Schritt des Verfahrens besteht darin, gesunde Haarfollikel von der Kopfhaut der Person zu entnehmen. Anschlie\u00dfend werden diese Follikel mit speziellen Techniken in den Augenbrauenbereich eingesetzt. Dieser Vorgang, der in der Regel mit der FUE-Methode (Follicular Unit Extraction) durchgef\u00fchrt wird, erfolgt sehr pr\u00e4zise. Nach der Anwendung ist es m\u00f6glich, nat\u00fcrlich aussehende und dauerhafte Ergebnisse zu erzielen.   <\/p>\n<p>Eine Augenbrauentransplantation ist nicht nur ein \u00e4sthetisches Bed\u00fcrfnis, sondern hat auch eine selbstbewusstseinsst\u00e4rkende Wirkung. Sp\u00e4rliche oder fehlende Augenbrauen k\u00f6nnen es schwierig machen, die Mimik zu verstehen. Aus diesem Grund ist die Augenbrauentransplantation f\u00fcr viele Menschen, die Wert auf visuelle \u00c4sthetik legen, eine bevorzugte Methode. Diese \u00e4sthetische Anwendung hilft den Menschen, sich besser zu f\u00fchlen und sich in ihrem gesellschaftlichen Leben wohler zu f\u00fchlen.   <\/p>\n<p>Schlie\u00dflich variieren die <strong>Preise f\u00fcr Augenbrauentransplantationen<\/strong> je nach Klinik, Erfahrung des Arztes und den verwendeten Materialien. Es ist sehr wichtig, sich \u00fcber die verschiedenen Optionen zu informieren, um eine Entscheidung treffen zu k\u00f6nnen. Es ist m\u00f6glich, f\u00fcr jeden eine passende L\u00f6sung zu finden. Um erfolgreiche Ergebnisse bei der Augenbrauentransplantation zu erzielen, ist es sehr n\u00fctzlich, sich sorgf\u00e4ltig zu informieren und sich von Spezialisten beraten zu lassen.   <\/p>\n<figure class=\"image\"><img loading=\"lazy\" decoding=\"async\" src=\"https:\/\/www.elevenestetik.com\/wp-content\/uploads\/2024\/03\/2-6.jpg\" alt=\"Augenbrauentransplantation\" width=\"1920\" height=\"1080\"><\/figure>\n<h2>Wie wird eine Augenbrauentransplantation durchgef\u00fchrt?<\/h2>\n<p>Die Augenbrauentransplantation ist zu einer beliebten Anwendung geworden, die heute im Einklang mit \u00e4sthetischen Anliegen bevorzugt wird. Die Antwort auf die Frage, <strong>wie eine Augenbrauentransplantation durchgef\u00fchrt wird<\/strong>, umfasst sowohl die Prozesse vor als auch nach dem Eingriff. Im Allgemeinen besteht der Prozess der Augenbrauentransplantation aus mehreren Schritten.  <\/p>\n<p>Zun\u00e4chst beginnt der Beratungsprozess vor dem Eingriff. In dieser Phase f\u00fchren der Patient und der Arzt ein umfassendes Gespr\u00e4ch \u00fcber das erwartete Ergebnis, die pers\u00f6nlichen Pr\u00e4ferenzen und die aktuelle Situation. Unter Ber\u00fccksichtigung der Gesichtsz\u00fcge des Patienten, der Augenbrauenstruktur und der allgemeinen Gesichts\u00e4sthetik wird die ideale Augenbrauenform bestimmt.  <\/p>\n<p>Um die Frage zu beantworten, <strong>wie die Augenbrauentransplantation durchgef\u00fchrt wird<\/strong>, wird der Patient lokal bet\u00e4ubt, um eine schmerzfreie Umgebung zu schaffen. In diesem Stadium wird mit der Entnahme der Haarfollikel begonnen, die in der Regel als Spenderbereich bestimmt werden. Die Haarfollikel werden einer Reihe von sterilen Verfahren unterzogen und f\u00fcr die Transplantation vorbereitet.  <\/p>\n<p>Der Bereich, in dem die Haarfollikel entnommen werden, wird entsprechend der verwendeten Technik sorgf\u00e4ltig vorbereitet. Anschlie\u00dfend werden die Follikel entlang der festgelegten Augenbrauenlinie platziert, indem kleine Kan\u00e4le ge\u00f6ffnet werden, um ein nat\u00fcrliches Aussehen zu erzielen. Dieses Verfahren l\u00e4sst die Augenbrauen voller und markanter aussehen. Die Experten arbeiten bei der Anwendung mit einer sorgf\u00e4ltigen Technik, um die Nat\u00fcrlichkeit der Transplantationsstelle nicht zu st\u00f6ren.   <\/p>\n<p>Nach Abschluss des Eingriffs gibt es einige Punkte, auf die Patienten achten sollten. Die <strong>Pflege nach der Augenbrauentransplantation<\/strong> ist sehr wichtig, um m\u00f6gliche negative Auswirkungen zu vermeiden. Nach der Transplantation beginnt der Heilungsprozess der Augenbrauen. Wenn Sie die Pflegeempfehlungen befolgen, wird der Heilungsprozess beschleunigt. Au\u00dferdem wird den Patienten empfohlen, nach dem Eingriff eine gewisse Zeit lang auf Aktivit\u00e4ten wie Schwimmen und Sauna zu verzichten.   <\/p>\n<p>Daher ist die <strong>Augenbrauentransplantation<\/strong> ein Verfahren, das zu einer \u00e4sthetisch attraktiven Augenbrauenstruktur und einem nat\u00fcrlichen Aussehen beitr\u00e4gt. Bei allen Schritten ist es wichtig, mit einem Expertenteam zusammenzuarbeiten, um ein gesundes und effektives Ergebnis zu erzielen. <\/p>\n<h2>Augenbrauentransplantation Preise<\/h2>\n<p>Die <strong>Preise f\u00fcr eine Augenbrauentransplantation<\/strong> variieren je nach Klinik, in der die Anwendung durchgef\u00fchrt wird, und je nach Erfahrung des Facharztes. Diese Preisspannen sind jedoch nur die Ausgangsbasis. Der Umfang der Anwendung, die verwendeten Techniken und die pers\u00f6nlichen Bed\u00fcrfnisse geh\u00f6ren ebenfalls zu den Faktoren, die die Kosten beeinflussen.  <\/p>\n<p>Vor der Anwendung wird ein auf die Bed\u00fcrfnisse der Patienten abgestimmter Plan erstellt. Dabei werden die Gesichtsform des Patienten, sein aktueller Zustand der Augenbrauen und seine W\u00fcnsche ber\u00fccksichtigt. Daher wird die Antwort auf die Frage, <strong>wie die Augenbrauentransplantation durchgef\u00fchrt wird<\/strong>, mit einem personalisierten Plan festgelegt, wodurch auch die Kosten variieren. Die Verwendung hochwertiger Materialien und erfahrener Teams spielt eine wichtige Rolle bei der Erh\u00f6hung der Preise.   <\/p>\n<p>Dar\u00fcber hinaus sind zus\u00e4tzliche Dienstleistungen, die in einigen Kliniken angeboten werden, ebenfalls preisbeeinflussende Faktoren. So k\u00f6nnen sich die Gesamtkosten beispielsweise erh\u00f6hen, wenn zus\u00e4tzliche Leistungen wie Untersuchungen, Vorgespr\u00e4che, empfohlene Produkte oder Nachbehandlungen in Anspruch genommen werden. Au\u00dferdem kann es m\u00f6glich sein, von Aktionen und Rabatten zu profitieren, die von Klinik zu Klinik variieren.  <\/p>\n<p>Die <strong>Nachsorge nach der Augenbrauentransplantation<\/strong> ist ebenfalls ein Faktor, der den Preis beeinflusst. Nach der Anwendung m\u00fcssen die Patienten in der Regel bestimmte Produkte verwenden und die Kosten f\u00fcr diese Produkte sollten bei der Planung ber\u00fccksichtigt werden. Daher ist es sinnvoll, nicht nur auf die Kosten f\u00fcr die Anwendung zu achten, sondern auch auf die Kosten f\u00fcr diesen Pflegeprozess.  <\/p>\n<p>Zusammenfassend l\u00e4sst sich sagen, dass die <strong>Preise f\u00fcr Augenbrauentransplantationen<\/strong> von vielen Faktoren abh\u00e4ngen. Wenn Sie sich vor der Anwendung eingehend informieren und die Preise verschiedener Kliniken vergleichen, werden Sie sowohl in Bezug auf das Budget als auch auf das Ergebnis eine zufriedenstellende Erfahrung machen. Wenn Sie eine Augenbrauentransplantation in Betracht ziehen, ist es sinnvoll, sich mit verschiedenen Experten zu treffen und die Informationen, die Sie erhalten, zusammenzustellen.  <\/p>\n<h2>Pflege nach der Augenbrauentransplantation<\/h2>\n<p>Die richtige Pflege nach einer Augenbrauentransplantation hat einen gro\u00dfen Einfluss auf den Erfolg des Ergebnisses. Die <strong>Pflege nach einer Augenbrauentransplantation<\/strong> ist sehr wichtig, um ein gesundes Wachstum der transplantierten Haare zu gew\u00e4hrleisten und die Qualit\u00e4t des Ergebnisses zu verbessern. Hier sind einige Punkte, die nach einer Augenbrauentransplantation zu beachten sind:  <\/p>\n<p>Erstens sollten Sie darauf achten, dass der Augenbrauenbereich nach dem Eingriff mehrere Tage lang sauber und trocken bleibt. Beim Waschen des Gesichts sollten harsche Bewegungen vermieden werden, und es sollte darauf geachtet werden, dass das Wasser beim Waschen des Gesichts nicht direkt den Augenbrauenbereich ber\u00fchrt. Auf diese Weise wird der Einheilungsprozess der transplantierten Haare unterst\u00fctzt.  <\/p>\n<p>Danach kann es notwendig sein, vom Facharzt empfohlene <strong>Pflegeprodukte f\u00fcr die Zeit nach der Augenbrauentransplantation<\/strong> zu verwenden. In der Regel werden spezielle Lotionen oder Cremes empfohlen, die die Wundheilung beschleunigen. Solche Produkte helfen, den Feuchtigkeitshaushalt des Augenbrauenbereichs zu erhalten. Au\u00dferdem sollten Sie viel Wasser trinken, um die Gesundheit des K\u00f6rpers zu unterst\u00fctzen, und auf eine ausgewogene Ern\u00e4hrung achten.   <\/p>\n<p>Denken Sie auch daran, dass Sie nach einer Augenbrauentransplantation direktes Sonnenlicht und starke Hitze vermeiden sollten. Solche Umgebungen k\u00f6nnen die Empfindlichkeit der transplantierten Haarfollikel erh\u00f6hen und den Heilungsprozess negativ beeinflussen. Es wird daher empfohlen, beim Ausgehen Sonnenschutzcremes zu verwenden.  <\/p>\n<p>Es ist auch wichtig, dass Sie die vom Arzt empfohlenen Kontrollen nach dem Eingriff nicht vernachl\u00e4ssigen. Dank dieser Kontrollen kann der Zustand des transplantierten Bereichs \u00fcberwacht und bei Bedarf zus\u00e4tzliche Behandlungsmethoden angewandt werden. <\/p>\n<p>Schlie\u00dflich hei\u00dft es, dass f\u00fcr die Dauerhaftigkeit der Ergebnisse der Augenbrauentransplantation das Rasieren der Haare f\u00fcr 4-6 Wochen vermieden werden sollte. So k\u00f6nnen sich die transplantierten Haarfollikel vollst\u00e4ndig einnisten und auf gesunde Weise wachsen. <\/p>\n<p>Wenn diese Faktoren ber\u00fccksichtigt werden, ist es m\u00f6glich, die nat\u00fcrlichen und vollen Augenbrauen zu erhalten, die Sie sich w\u00fcnschen, indem sich die Investitionen in die <strong>Preise der Augenbrauentransplantation<\/strong> bezahlt machen. Zusammenfassend l\u00e4sst sich sagen, dass die richtige <strong>Pflege nach einer Augenbrauentransplantation<\/strong> direkt zur Qualit\u00e4t der \u00e4sthetischen Ergebnisse beitr\u00e4gt. <\/p>\n<h2>H\u00e4ufig gestellte Fragen<\/h2>\n<h3>Was ist eine Augenbrauentransplantation?<\/h3>\n<p>Bei der Augenbrauentransplantation werden fehlende oder sp\u00e4rliche Haare im Augenbrauenbereich mit Hilfe der eigenen Haarfollikel des Patienten nachgewachsen. Dieser Eingriff wird in der Regel unter \u00f6rtlicher Bet\u00e4ubung durchgef\u00fchrt und erm\u00f6glicht es den Patienten, nat\u00fcrlich aussehende Augenbrauen zu haben. Die Augenbrauentransplantation ist nicht nur ein \u00e4sthetischer Eingriff, sondern auch ein wichtiger Schritt zur St\u00e4rkung des Selbstbewusstseins.  <\/p>\n<h3>Wie lange dauert eine Augenbrauentransplantation?<\/h3>\n<p>Eine Augenbrauentransplantation dauert normalerweise zwischen 1,5 und 3 Stunden. Diese Zeit kann je nach den pers\u00f6nlichen Bed\u00fcrfnissen und dem Umfang der Transplantation variieren. W\u00e4hrend des Eingriffs wird es dem Patienten bequem gemacht und die besten Ergebnisse werden durch den Einsatz geeigneter Techniken erzielt. Damit die transplantierten Augenbrauen nat\u00fcrlich aussehen, ist eine sorgf\u00e4ltige Planungs- und Anwendungsphase erforderlich.   <\/p>\n<h3>Wie ist der Heilungsprozess nach einer Augenbrauentransplantation?<\/h3>\n<p>Der Heilungsprozess nach einer Augenbrauentransplantation verl\u00e4uft in der Regel schnell. Es kann zu einer leichten Schwellung oder R\u00f6tung kommen, die ein paar Tage nach dem Eingriff bestehen bleibt, aber diese Symptome verschwinden mit der Zeit. Den Patienten wird im Allgemeinen geraten, die transplantierte Stelle zu pflegen und \u00fcberm\u00e4\u00dfiges Reiben zu vermeiden. Die Augenbrauen beginnen ab der ersten Woche langsam zu wachsen und das vollst\u00e4ndige Ergebnis wird innerhalb von 3-4 Monaten erreicht.   <\/p>\n<h3>Ist die Augenbrauentransplantation dauerhaft?<\/h3>\n<p>Ja, die Augenbrauentransplantation ist ein dauerhafter Eingriff. Die bei der Transplantation entnommenen Follikelzellen wachsen in dem Bereich, in dem sie eingesetzt wurden, dauerhaft weiter. Je nach nat\u00fcrlichem Haarzyklus kann es jedoch vorkommen, dass die Augenbrauen in einem bestimmten Zeitraum ausfallen. Daher wird f\u00fcr kr\u00e4ftige und gesunde Augenbrauen eine regelm\u00e4\u00dfige Pflege empfohlen. Experten empfehlen auch unterst\u00fctzende Behandlungen in bestimmten Abst\u00e4nden nach der Transplantation.    <\/p>\n<\/div><\/div><\/div><\/div><\/div><\/div><\/section><section class=\"l-section wpb_row us_custom_315b8835 height_medium color_footer-bottom\"><div class=\"l-section-h i-cf\"><div class=\"g-cols vc_row via_grid cols_1 laptops-cols_inherit tablets-cols_inherit mobiles-cols_1 valign_middle type_default stacking_default\"><div class=\"wpb_column vc_column_container\"><div class=\"vc_column-inner\"><div class=\"g-cols wpb_row us_custom_ee246b62 has_text_color via_grid cols_2 laptops-cols_inherit tablets-cols_1 mobiles-cols_1 valign_middle type_default stacking_default\" style=\"--columns-gap:0rem;\"><div class=\"wpb_column vc_column_container us_custom_2c279b99\"><div class=\"vc_column-inner\"><div class=\"w-text us_custom_a5df9810 has_text_color\"><span class=\"w-text-h\"><span class=\"w-text-value\">Erhalten Sie jetzt Informationen und Unterst\u00fctzung<\/span><\/span><\/div><h2 class=\"w-text\"><span class=\"w-text-h\"><span class=\"w-text-value\">Fordern Sie eine kostenlose Beratung an.<\/span><\/span><\/h2><\/div><\/div><div class=\"wpb_column vc_column_container us_custom_16154244\"><div class=\"vc_column-inner\"><div class=\"w-btn-wrapper default_align_right laptops_align_right tablets_align_left mobiles_align_left\"><a class=\"w-btn us-btn-style_2 us_custom_b4198c51\" href=\"https:\/\/www.elevenestetik.com\/de\/kontakt\/\"><span class=\"w-btn-label\">Einen Termin erstellen<\/span><\/a><\/div><\/div><\/div><\/div><\/div><\/div><\/div><\/div><\/section>\n","protected":false},"excerpt":{"rendered":"Augenbrauentransplantation \u00c4sthetikDauer des Krankenhausaufenthalts0 Tag Operation Dauer2 - 4 Stunden An\u00e4sthesie TypLokale An\u00e4sthesie Prozess der Wiederherstellung1 - 2 Wochen Kontaktieren Sie uns f\u00fcr weitere Informationen.Schreiben Sie auf WhatsAppDie Augenbrauentransplantation hat sich in den letzten Jahren zu einer beliebten Anwendung entwickelt, die bei \u00e4sthetischen Anliegen bevorzugt wird. Also, was ist eine Augenbrauentransplantation und wie l\u00e4uft sie...","protected":false},"author":1,"featured_media":5713,"parent":0,"menu_order":0,"comment_status":"closed","ping_status":"closed","template":"","meta":{"rank_math_focus_keyword":"Augenbrauentransplantation","rank_math_description":"Versch\u00f6nern Sie Ihre Augenbrauen dauerhaft mit einer Augenbrauentransplantation. Informieren Sie sich \u00fcber die Anwendung und die Preise. ","footnotes":""},"class_list":["post-5707","page","type-page","status-publish","has-post-thumbnail","hentry"],"_links":{"self":[{"href":"https:\/\/www.elevenestetik.com\/de\/wp-json\/wp\/v2\/pages\/5707","targetHints":{"allow":["GET"]}}],"collection":[{"href":"https:\/\/www.elevenestetik.com\/de\/wp-json\/wp\/v2\/pages"}],"about":[{"href":"https:\/\/www.elevenestetik.com\/de\/wp-json\/wp\/v2\/types\/page"}],"author":[{"embeddable":true,"href":"https:\/\/www.elevenestetik.com\/de\/wp-json\/wp\/v2\/users\/1"}],"replies":[{"embeddable":true,"href":"https:\/\/www.elevenestetik.com\/de\/wp-json\/wp\/v2\/comments?post=5707"}],"version-history":[{"count":3,"href":"https:\/\/www.elevenestetik.com\/de\/wp-json\/wp\/v2\/pages\/5707\/revisions"}],"predecessor-version":[{"id":7796,"href":"https:\/\/www.elevenestetik.com\/de\/wp-json\/wp\/v2\/pages\/5707\/revisions\/7796"}],"wp:featuredmedia":[{"embeddable":true,"href":"https:\/\/www.elevenestetik.com\/de\/wp-json\/wp\/v2\/media\/5713"}],"wp:attachment":[{"href":"https:\/\/www.elevenestetik.com\/de\/wp-json\/wp\/v2\/media?parent=5707"}],"curies":[{"name":"wp","href":"https:\/\/api.w.org\/{rel}","templated":true}]}}