{"id":5662,"date":"2026-01-26T09:05:41","date_gmt":"2026-01-26T06:05:41","guid":{"rendered":"https:\/\/www.elevenestetik.com\/emax-laminiertes-furnier\/"},"modified":"2026-01-26T09:07:25","modified_gmt":"2026-01-26T06:07:25","slug":"emax-laminiertes-furnier","status":"publish","type":"page","link":"https:\/\/www.elevenestetik.com\/de\/emax-laminiertes-furnier\/","title":{"rendered":"EMax Laminiertes Furnier"},"content":{"rendered":"<section class=\"l-section wpb_row us_custom_4e2a4f93 height_large\"><div class=\"l-section-h i-cf\"><div class=\"g-cols vc_row via_grid cols_1 laptops-cols_inherit tablets-cols_inherit mobiles-cols_1 valign_top type_default stacking_default\"><div class=\"wpb_column vc_column_container\"><div class=\"vc_column-inner\"><h1 class=\"w-text us_custom_28784076 has_text_color\"><span class=\"w-text-h\"><span class=\"w-text-value\">EMax Laminiertes Furnier<\/span><\/span><\/h1><\/div><\/div><\/div><\/div><\/section><section class=\"l-section wpb_row us_custom_6179e1d8 height_large width_full\"><div class=\"l-section-h i-cf\"><div class=\"g-cols vc_row via_grid cols_1 laptops-cols_inherit tablets-cols_inherit mobiles-cols_1 valign_top type_default stacking_default\"><div class=\"wpb_column vc_column_container\"><div class=\"vc_column-inner\"><div class=\"g-cols wpb_row via_grid cols_2 laptops-cols_inherit tablets-cols_inherit mobiles-cols_1 valign_top type_default stacking_default\" style=\"--columns-gap:2rem;\"><div class=\"wpb_column vc_column_container\"><div class=\"vc_column-inner\"><div class=\"w-image us_custom_9cf479d2 align_none\"><div class=\"w-image-h\"><img decoding=\"async\" width=\"1024\" height=\"574\" src=\"https:\/\/www.elevenestetik.com\/wp-content\/uploads\/2024\/02\/EMax-Lamine-Kaplama.jpg\" class=\"attachment-large size-large\" alt=\"\" loading=\"lazy\" srcset=\"https:\/\/www.elevenestetik.com\/wp-content\/uploads\/2024\/02\/EMax-Lamine-Kaplama.jpg 1024w, https:\/\/www.elevenestetik.com\/wp-content\/uploads\/2024\/02\/EMax-Lamine-Kaplama-300x168.jpg 300w\" sizes=\"auto, (max-width: 1024px) 100vw, 1024px\"><\/div><\/div><\/div><\/div><div class=\"wpb_column vc_column_container us_custom_29737451\"><div class=\"vc_column-inner\"><div class=\"w-hwrapper us_custom_147c3537 valign_top stack_on_mobiles align_center\" style=\"--hwrapper-gap:3rem\"><div class=\"w-iconbox us_custom_f9f315b4 has_text_color iconpos_top style_default color_primary align_center\"><div class=\"w-iconbox-icon\" style=\"font-size:2rem;\"><i class=\"fas fa-hospital\"><\/i><\/div><div class=\"w-iconbox-meta\"><p class=\"w-iconbox-title\">Dauer des Krankenhausaufenthalts<\/p><div class=\"w-iconbox-text\"><p>Kein Krankenhausaufenthalt<\/p>\n<\/div><\/div><\/div><div class=\"w-iconbox us_custom_f9f315b4 has_text_color iconpos_top style_default color_primary align_center\"><div class=\"w-iconbox-icon\" style=\"font-size:2rem;\"><i class=\"fas fa-clock\"><\/i><\/div><div class=\"w-iconbox-meta\"><p class=\"w-iconbox-title\">Operation Dauer<\/p><div class=\"w-iconbox-text\"><p>2 &#8211; 4 Stunden<\/p>\n<\/div><\/div><\/div><div class=\"w-iconbox us_custom_f9f315b4 has_text_color iconpos_top style_default color_primary align_center\"><div class=\"w-iconbox-icon\" style=\"font-size:2rem;\"><i class=\"fas fa-stethoscope\"><\/i><\/div><div class=\"w-iconbox-meta\"><p class=\"w-iconbox-title\">An\u00e4sthesie Typ<\/p><div class=\"w-iconbox-text\"><p>Lokale An\u00e4sthesie<\/p>\n<\/div><\/div><\/div><div class=\"w-iconbox us_custom_f9f315b4 has_text_color iconpos_top style_default color_primary align_center\"><div class=\"w-iconbox-icon\" style=\"font-size:2rem;\"><i class=\"fas fa-hands-heart\"><\/i><\/div><div class=\"w-iconbox-meta\"><p class=\"w-iconbox-title\">Prozess der Wiederherstellung<\/p><div class=\"w-iconbox-text\"><p>Es gibt keinen Heilungsprozess<\/p>\n<\/div><\/div><\/div><\/div><h6 class=\"w-text us_custom_d0e1c2ad\"><span class=\"w-text-h\"><span class=\"w-text-value\">Kontaktieren Sie uns f\u00fcr weitere Informationen.<\/span><\/span><\/h6><div class=\"w-btn-wrapper align_center\"><a class=\"w-btn us-btn-style_1\" href=\"https:\/\/wa.me\/+905011552511\" target=\"_blank\" rel=\"noopener\"><span class=\"w-btn-label\">Schreiben Sie auf WhatsApp<\/span><\/a><\/div><\/div><\/div><\/div><\/div><\/div><\/div><\/div><\/section><section class=\"l-section wpb_row us_custom_ddf21fbc height_large\"><div class=\"l-section-h i-cf\"><div class=\"g-cols vc_row via_grid cols_1 laptops-cols_inherit tablets-cols_inherit mobiles-cols_1 valign_top type_default stacking_default\"><div class=\"wpb_column vc_column_container\"><div class=\"vc_column-inner\"><div class=\"wpb_text_column\"><div class=\"wpb_wrapper\"><p>Wenn Sie daran denken, Ihre Zahn\u00e4sthetik zu verbessern, k\u00f6nnen <strong>emax laminierte Veneers<\/strong> eine gute Option f\u00fcr Sie sein. <strong>Was<\/strong> also <strong>ist ein emax laminiertes Veneer<\/strong> und welche Vorteile bietet diese Anwendung? In diesem Artikel erfahren Sie <strong>, welche Vorteile emax laminierte Veneers haben<\/strong>, wie die Preise ermittelt werden und wie die Anwendung im Detail abl\u00e4uft. Au\u00dferdem geben wir Ihnen Pflegetipps, wie Sie Ihre Z\u00e4hne nach dem Eingriff sch\u00fctzen k\u00f6nnen. In diesem Bereich, in dem \u00c4sthetik und Haltbarkeit im Vordergrund stehen, ist es wichtig, die richtigen Informationen zu haben.    <\/p>\n<h2>Was ist Emax Laminatfurnier?<\/h2>\n<p><strong>Emax laminierte Veneers<\/strong> sind eine moderne Methode der Zahnrestauration, die zur Verbesserung der Zahn\u00e4sthetik eingesetzt wird. Diese Verblendschalen, die in der Regel aus d\u00fcnner und leichter Glaskeramik bestehen, sollen das L\u00e4cheln der Patienten \u00e4sthetisch verbessern, indem sie ein Aussehen bieten, das der nat\u00fcrlichen Zahnstruktur sehr \u00e4hnlich ist. Die laminierten Emax-Veneers werden auf der Vorderseite der Z\u00e4hne angebracht und werden von Zahn\u00e4rzten oft bevorzugt, um \u00e4sthetische Probleme wie leichte Verf\u00e4rbungen, Risse oder unf\u00f6rmige Z\u00e4hne zu behandeln.  <\/p>\n<p>Einer der gr\u00f6\u00dften Vorteile dieser Veneers, wenn wir die Frage beantworten <strong>, was ein emax laminiertes Veneer ist<\/strong>, ist, dass sie sehr d\u00fcnne Strukturen haben. Dank ihrer D\u00fcnnheit k\u00f6nnen sie nur auf der Oberfl\u00e4che angebracht werden, ohne dass der Zahn entfernt werden muss. So werden die Z\u00e4hne so gut wie m\u00f6glich gesch\u00fctzt. Bei der Anbringung dieser laminierten Veneers bieten Zahn\u00e4rzte die am besten geeignete L\u00f6sung an, wobei sie die Zahnstruktur und die Mundgesundheit der Patienten ber\u00fccksichtigen.   <\/p>\n<p>Zu <strong>den Vorteilen von emax laminierten Veneers<\/strong> geh\u00f6ren neben den Z\u00e4hnen auch ein hohes \u00e4sthetisches Erscheinungsbild, eine nat\u00fcrliche Lichtdurchl\u00e4ssigkeit, eine lange Lebensdauer und ein elegantes Ergebnis. Diese Veneers sind sowohl aus medizinischer als auch aus \u00e4sthetischer Sicht sehr vorteilhaft. Zu den herausragenden Merkmalen dieser Beschichtungen geh\u00f6rt auch ihre Best\u00e4ndigkeit gegen die F\u00e4rbung von Lebensmitteln und Getr\u00e4nken, die im t\u00e4glichen Leben vorkommen. Dar\u00fcber hinaus m\u00fcssen emax laminierte Veneers weniger stark beschnitten werden als herk\u00f6mmliche Porzellanveneers, so dass die Patienten weniger Zahnmaterial verlieren.   <\/p>\n<p>Daher sind <strong>emax laminierte Veneers<\/strong> die ideale Wahl f\u00fcr alle, die die Zahn\u00e4sthetik verbessern und ein nat\u00fcrliches L\u00e4cheln zur\u00fcckgewinnen m\u00f6chten. Die \u00e4sthetischen Vorteile, kombiniert mit der Technologie, bieten eine L\u00f6sung, die zu einem ges\u00fcnderen und sch\u00f6neren L\u00e4cheln f\u00fchrt. Da Zahn\u00e4rzte in der Anwendung dieser Veneers sachkundig und erfahren sind, spielen sie eine wichtige Rolle bei der Erzielung der besten Ergebnisse.  <\/p>\n<figure class=\"image\"><img loading=\"lazy\" decoding=\"async\" src=\"https:\/\/www.elevenestetik.com\/wp-content\/uploads\/2024\/02\/Emax-Lamine-Kaplama-Omru-2.jpg\" alt=\"\" width=\"1920\" height=\"1080\"><\/figure>\n<h2>Emax Laminatfurnier Vorteile<\/h2>\n<p><strong>Emax-Laminat-Veneer-Anwendungen<\/strong> ziehen die Aufmerksamkeit auf sich, da sie viele Vorteile im Bereich der modernen Zahn\u00e4sthetik bieten. Diese Art der Beschichtung spielt eine wichtige Rolle sowohl beim Schutz der Zahngesundheit als auch bei der \u00e4sthetischen Perfektion. Hier finden Sie einen detaillierten \u00dcberblick \u00fcber <strong>die Vorteile von emax laminierten Veneers<\/strong>:  <\/p>\n<h3>\u00c4sthetisches Erscheinungsbild<\/h3>\n<p>Das \u00e4sthetische Erscheinungsbild der Z\u00e4hne ist f\u00fcr viele Menschen sehr wichtig. <strong>Emax laminiertes Veneer<\/strong> bietet eine \u00c4sthetik, die dem Aussehen der nat\u00fcrlichen Z\u00e4hne sehr nahe kommt. Dank seiner d\u00fcnnen Struktur ist es gut lichtdurchl\u00e4ssig und imitiert die nat\u00fcrliche Farbe der Z\u00e4hne. Daher ist es vor allem f\u00fcr Menschen mit \u00e4sthetischen Bedenken eine ideale Wahl.   <\/p>\n<h3>Strapazierf\u00e4higkeit und lange Lebensdauer<\/h3>\n<p>Die <strong>laminierte Beschichtung von Emax<\/strong> wird aus keramischen Materialien mit hoher Haltbarkeit hergestellt. Auf diese Weise bietet sie eine dauerhafte L\u00f6sung f\u00fcr viele Jahre. Einmal auf den Z\u00e4hnen angebracht, ist das Risiko von Abrieb und Rissen minimal. Au\u00dferdem kann die Lebensdauer dieser Verblendschalen bei richtiger Pflege noch weiter verl\u00e4ngert werden.   <\/p>\n<h3>Minimaler Zahnabrieb<\/h3>\n<p>Insbesondere im Vergleich zu anderen Beschichtungsmethoden m\u00fcssen die Z\u00e4hne bei der Anwendung der <strong>emax Laminatbeschichtung<\/strong> weniger abgeschliffen werden. Das bedeutet weniger Sch\u00e4den an den Z\u00e4hnen und verbessert ihre Gesundheit, indem die nat\u00fcrliche Struktur der Z\u00e4hne erhalten bleibt. Daher zeichnet sich diese Anwendung als eine weniger invasive L\u00f6sung aus.  <\/p>\n<h3>Einfache Reinigung und Pflege<\/h3>\n<p>Die Pflege von Veneers h\u00e4ngt von der t\u00e4glichen Mundhygiene ab, genau wie bei nat\u00fcrlichen Z\u00e4hnen. <strong>Emax laminierte Veneers<\/strong> k\u00f6nnen leicht gereinigt werden, da ihre Oberfl\u00e4che glatt ist. Das hilft, die Gesundheit der Z\u00e4hne zu erhalten und beugt Karies und anderen Problemen vor. Dar\u00fcber hinaus sind diese Veneers resistent gegen Probleme wie Zahnverf\u00e4rbungen.   <\/p>\n<h3>Farboptionen<\/h3>\n<p>Die Farb- und Transparenzoptionen, die bei den Anwendungen mit <strong>Emax laminierten Veneers<\/strong> zur Verf\u00fcgung stehen, geben dem Patienten Selbstvertrauen. Die Person kann dank der ma\u00dfgeschneiderten Optionen \u00fcber die Farbe ihrer nat\u00fcrlichen Z\u00e4hne das gew\u00fcnschte Aussehen erreichen. Dies erh\u00f6ht die \u00e4sthetische Gesamtwahrnehmung der Person.  <\/p>\n<p>Zusammenfassend l\u00e4sst sich sagen, dass <strong>emax laminierte Veneers<\/strong> eine zahnmedizinische Behandlungsmethode sind, die viele Vorteile bietet, wie \u00c4sthetik, Haltbarkeit, minimale Zahnsch\u00e4den und einfache Pflege. Diese Art der Beschichtung hilft dem Einzelnen, sich sowohl physisch als auch psychisch wohl zu f\u00fchlen. Sie ist eine unverzichtbare Alternative f\u00fcr alle, denen die Zahn\u00e4sthetik am Herzen liegt.  <\/p>\n<figure class=\"image\"><img loading=\"lazy\" decoding=\"async\" src=\"https:\/\/www.elevenestetik.com\/wp-content\/uploads\/2024\/02\/Emax-Lamine-Kaplama-Omru.jpg\" alt=\"\" width=\"1920\" height=\"1080\"><\/figure>\n<h2>Emax Laminatfurnier Preise<\/h2>\n<p>Die <strong>Preise f\u00fcr Emax Laminatfurniere<\/strong> sind ein sehr wichtiges Thema im Bereich der Zahn\u00e4sthetik und -gesundheit. Diese Preise k\u00f6nnen von verschiedenen Faktoren abh\u00e4ngen. Zuallererst geh\u00f6ren die Erfahrung, das Fachwissen und der Standort der Kliniken, die dieses Verfahren anwenden, zu den wichtigsten Faktoren, die die Preise beeinflussen. Zahnkliniken in Gro\u00dfst\u00e4dten bieten in der Regel Dienstleistungen zu h\u00f6heren Kosten an, w\u00e4hrend in kleineren Siedlungen g\u00fcnstigere Preise zu beobachten sind.   <\/p>\n<p>Bei der Beantwortung der Frage, <strong>was eine Emax-Laminatbeschichtung ist<\/strong>, wirkt sich die Qualit\u00e4t des verwendeten Materials auch auf den Preis aus. Emax ist ein Material, das eine hohe \u00c4sthetik und Haltbarkeit bietet. Daher k\u00f6nnen die Transaktionskosten h\u00f6her sein als bei anderen Arten von Verblendungen. Vorgespr\u00e4che mit Ihrem Zahnarzt werden Ihnen helfen, einen Preis zu finden, der Ihren Bed\u00fcrfnissen entspricht.   <\/p>\n<p>Dar\u00fcber hinaus ist auch die Anzahl der Veneers ein wichtiger Faktor f\u00fcr die Preisgestaltung. So kann es beispielsweise erhebliche Unterschiede zwischen den Kosten f\u00fcr eine einzelne Zahnkrone und den Kosten f\u00fcr eine Krone f\u00fcr mehr als einen Zahn geben. Die empfohlene Anzahl von Veneers kann je nach den \u00e4sthetischen Erwartungen der Person und dem Zustand der Zahnstruktur angebracht werden, was sich auf die Gesamtkosten auswirkt.  <\/p>\n<p>Es sollte nicht vergessen werden, dass <strong>die Vorteile von emax laminierten Veneers<\/strong> sowohl in ihrem \u00e4sthetischen Erscheinungsbild als auch in ihrer Langlebigkeit und Haltbarkeit liegen. Das bedeutet, dass die hohen Anfangskosten auf lange Sicht durch weniger Zahnarztbesuche und Behandlungsbedarf kompensiert werden k\u00f6nnen. <\/p>\n<p>Schlie\u00dflich k\u00f6nnen auch die empfohlenen Pflege- und Kontrolluntersuchungen nach der Anwendung die Preise beeinflussen. Regelm\u00e4\u00dfige Termine bei Ihrem Zahnarzt verl\u00e4ngern die Lebensdauer der Veneers und helfen Ihnen, zus\u00e4tzliche Kosten zu vermeiden. Um genaue Informationen \u00fcber die Preise zu erhalten, k\u00f6nnen Sie eine ges\u00fcndere Bewertung vornehmen, indem Sie mehrere Zahnkliniken telefonisch anrufen oder auf Online-Plattformen recherchieren.  <\/p>\n<h2>Emax Laminatfurnier Anwendungsprozess<\/h2>\n<p><strong>Das Anbringen von Emax Laminat-Veneers<\/strong> ist eine sorgf\u00e4ltige und systematische Arbeit, um die \u00c4sthetik der Z\u00e4hne zu verbessern. Dieser Prozess wird von spezialisierten Zahn\u00e4rzten durchgef\u00fchrt und besteht aus bestimmten Phasen. Hier finden Sie die Details zu diesen Schritten:  <\/p>\n<p><strong>Erstes Beratungsgespr\u00e4ch und Beurteilung<\/strong>: Das Verfahren beginnt mit einem Beratungsgespr\u00e4ch, in dem die vorhandene Zahnstruktur und die \u00e4sthetischen Bed\u00fcrfnisse des Patienten beurteilt werden. In dieser Phase werden die Erwartungen des Patienten angeh\u00f6rt und der am besten geeignete Behandlungsplan erstellt. Als Ergebnis der zahn\u00e4rztlichen Untersuchung werden au\u00dferdem R\u00f6ntgenbilder und Fotos angefertigt.  <\/p>\n<p><strong>Ma\u00dfnehmen<\/strong>: In \u00dcbereinstimmung mit dem festgelegten Plan wird der Abdruck der Z\u00e4hne genommen. Dieser Vorgang ist sehr wichtig, um das laminierte Veneer auf die geeignetste Weise vorzubereiten. Der genommene Abdruck wird bei der Herstellung von Veneers in der Laborumgebung verwendet.  <\/p>\n<p><strong>Vorbereitung der Z\u00e4hne<\/strong>: Die Oberfl\u00e4chen der Z\u00e4hne, auf denen die Emax Laminat-Veneers angebracht werden sollen, werden durch Abschleifen einer d\u00fcnnen Schicht vorbereitet. Diese Phase spielt eine entscheidende Rolle f\u00fcr das Anbringen der Veneers in Harmonie mit den Z\u00e4hnen. Der Patientenkomfort ist w\u00e4hrend der Vorbereitung wichtig, daher kann eine lokale An\u00e4sthesie verwendet werden.  <\/p>\n<p><strong>Herstellung von Veneers<\/strong>: Nachdem die Abdr\u00fccke der Z\u00e4hne genommen wurden, werden im Labor mit speziellen Techniken <strong>emax laminierte Veneers<\/strong> hergestellt. Diese Verblendschalen aus hochwertigem Keramikmaterial weisen sowohl in Bezug auf die \u00c4sthetik als auch auf die Haltbarkeit ein hohes Niveau auf. <\/p>\n<p><strong>Anbringen der Veneers<\/strong>: Die vorbereiteten Veneers werden nach der Kontrolle mit speziellen Klebern auf den Z\u00e4hnen des Patienten angebracht. In diesem Stadium werden der Sitz und das Aussehen der Veneers vom Patienten und vom Zahnarzt \u00fcberpr\u00fcft. Nachdem sichergestellt wurde, dass alles an seinem Platz ist, werden die Kleber geh\u00e4rtet.  <\/p>\n<p><strong>Abschlie\u00dfende Kontrollen<\/strong>: Wenn die Anwendung abgeschlossen ist, f\u00fchrt Ihr Zahnarzt eine abschlie\u00dfende Kontrolle durch und bewertet die Platzierung der Veneers. Ziel ist es, einen korrekten Verschluss der Z\u00e4hne und ein \u00e4sthetisches Aussehen zu erreichen. <\/p>\n<p>Obwohl <strong>der Prozess der Anwendung von Emax-Laminatfurnieren<\/strong> insgesamt aus mehreren Schritten besteht, sollte jeder davon im Detail ausgef\u00fchrt werden. Das Aussehen, das nach der Anwendung erzielt wird, tr\u00e4gt wesentlich zum L\u00e4cheln der Patienten bei. Daher ist es sehr wichtig, dass dieser Prozess von einem Expertenteam durchgef\u00fchrt wird.  <\/p>\n<h2>Emax Laminiertes Furnier Tipps zur Nachbehandlung<\/h2>\n<p><strong>Emax laminierte Veneers<\/strong> sind eine sehr beliebte Wahl im Bereich der \u00e4sthetischen Zahnmedizin. Nach dem Anbringen der Veneers gibt es einige Pflegetipps, die Sie beachten sollten, um die Zahngesundheit zu sch\u00fctzen und die Lebensdauer der Veneers zu verl\u00e4ngern. Diese Tipps tragen dazu bei, das Aussehen der Veneers zu erhalten und die Mundgesundheit zu unterst\u00fctzen.  <\/p>\n<p>Erstens: <strong>Regelm\u00e4\u00dfiges Z\u00e4hneputzen<\/strong> ist sehr wichtig. Wenn Sie Ihre Z\u00e4hne mindestens zweimal am Tag putzen, k\u00f6nnen Sie die Ansammlung von Plaque und Zahnstein verhindern. Insbesondere die Abwesenheit von Speiseresten in und um die Veneers sch\u00fctzt die \u00c4sthetik der Veneers und unterst\u00fctzt die Gesundheit des Zahnfleischs. Dar\u00fcber hinaus ist die Verwendung von Zahnseide ebenfalls sehr wichtig. Zahnseide kann in die schwer zug\u00e4nglichen Bereiche zwischen den Z\u00e4hnen gelangen und hilft so, die Bereiche rund um die Veneers zu reinigen.    <\/p>\n<p>Zweitens sollten harte Nahrungsmittel vermieden werden. Anhaltendes Kauen von harten Lebensmitteln kann dazu f\u00fchren, dass sich die Veneers verschieben oder brechen. Insbesondere Lebensmittel wie N\u00fcsse, harte S\u00fc\u00dfigkeiten und Knochen sollten mit Vorsicht genossen werden. Es ist auch ratsam, den Kontakt mit s\u00e4urehaltigen Getr\u00e4nken und Lebensmitteln zu begrenzen. Saure Substanzen k\u00f6nnen den Zahnschmelz angreifen und die Gesundheit des Zahns unter der Krone gef\u00e4hrden.    <\/p>\n<p>Auch beim Verzehr von sehr hei\u00dfen oder sehr kalten Lebensmitteln sollten Sie vorsichtig sein. \u00dcberm\u00e4\u00dfig hei\u00dfe oder kalte Lebensmittel k\u00f6nnen eine \u00dcberempfindlichkeit der Z\u00e4hne verursachen. Der allm\u00e4hliche Verzehr solcher Lebensmittel hilft, Ihre Z\u00e4hne zu sch\u00fctzen.  <\/p>\n<p>Schlie\u00dflich sollten regelm\u00e4\u00dfige zahn\u00e4rztliche Kontrolluntersuchungen nicht vernachl\u00e4ssigt werden. Ein fachkundiger Zahnarzt kann bei den Untersuchungen den Zustand der Veneers \u00fcberpr\u00fcfen und Ihre Mundgesundheit bei Bedarf mit professionellen Reinigungsverfahren unterst\u00fctzen. J\u00e4hrliche zahn\u00e4rztliche Untersuchungen sind von gro\u00dfer Bedeutung f\u00fcr die Fr\u00fcherkennung und das Eingreifen bei m\u00f6glichen Problemen.  <\/p>\n<p>Die Beachtung all dieser Pflegetipps wird Ihnen helfen, das \u00e4sthetische Erscheinungsbild, das Sie dank der <strong>Vorteile der emax Laminatbeschichtung<\/strong> erhalten haben, f\u00fcr lange Zeit zu bewahren. Es ist von gro\u00dfer Bedeutung, diese einfachen, aber wirksamen Ratschl\u00e4ge f\u00fcr ein gesundes L\u00e4cheln nicht zu vergessen. <\/p>\n<h2>H\u00e4ufig gestellte Fragen<\/h2>\n<h3>Was ist EMax-Laminatfurnier?<\/h3>\n<p>EMax laminierte Veneers sind d\u00fcnne und elegante Keramikschichten, die zur Verbesserung der Zahn\u00e4sthetik verwendet werden. Diese Verblendschalen sind \u00e4u\u00dferst effektiv bei der L\u00f6sung \u00e4sthetischer Probleme wie dem Verbergen von Verf\u00e4rbungen, Chips oder Rissen, wobei das nat\u00fcrliche Aussehen der Z\u00e4hne erhalten bleibt. EMax-Veneers bieten mit ihrer hohen Haltbarkeit und nat\u00fcrlichen Lichtdurchl\u00e4ssigkeit sowohl eine funktionelle als auch eine \u00e4sthetische L\u00f6sung.  <\/p>\n<h3>Was sind die Vorteile von EMax-Laminatfurnier?<\/h3>\n<p>Einer der wichtigsten Vorteile der laminierten EMax-Veneers ist ihre F\u00e4higkeit, das nat\u00fcrliche Aussehen der Z\u00e4hne perfekt zu imitieren. Da diese Veneers d\u00fcnn und leicht sind, erfordern sie au\u00dferdem nur minimalen Abrieb an den Z\u00e4hnen. Ihre lange Lebensdauer dank ihrer hohen Best\u00e4ndigkeit ist ebenfalls ein wichtiges Plus f\u00fcr die Anwender. Sie bieten eine ideale L\u00f6sung in Bezug auf \u00c4sthetik, Komfort und Haltbarkeit.   <\/p>\n<h3>Wie wird die EMax-Laminatbeschichtung aufgetragen?<\/h3>\n<p>Der Prozess der Anwendung von EMax-Laminatfurnieren besteht in der Regel aus mehreren Schritten. Zun\u00e4chst bestimmt der Zahnarzt die Bed\u00fcrfnisse des Patienten durch eine Untersuchung. Dann wird die \u00e4u\u00dfere Oberfl\u00e4che der Z\u00e4hne durch leichtes Abschleifen vorbereitet. Dann werden Zahnabdr\u00fccke genommen und an das Labor geschickt. Nachdem die entsprechenden Veneers hergestellt wurden, werden sie mit speziellen Klebstoffen auf den Z\u00e4hnen angebracht. All diese Prozesse werden sorgf\u00e4ltig durchgef\u00fchrt, um das \u00e4sthetische Erscheinungsbild des Zahns zu verbessern und dauerhafte Ergebnisse zu erzielen.     <\/p>\n<h3>Wie sollten EMax-Laminatfurniere gepflegt werden?<\/h3>\n<p>Die Pflege von EMax laminierten Veneers ist sehr wichtig, um die Lebensdauer der Veneers zu verl\u00e4ngern und ihr \u00e4sthetisches Aussehen zu erhalten. T\u00e4gliches Z\u00e4hneputzen und die Verwendung von Zahnseide sind unerl\u00e4sslich, um das Zahnfleisch rund um die Veneers gesund zu halten. Es wird auch empfohlen, abrasive Zahnpasta zu vermeiden und nicht auf harte Lebensmittel zu bei\u00dfen. Regelm\u00e4\u00dfige zahn\u00e4rztliche Kontrolluntersuchungen sind ebenfalls wichtig, um sich \u00fcber den Zustand der Veneers zu informieren und bei Bedarf eine Wartung durchzuf\u00fchren.   <\/p>\n<\/div><\/div><\/div><\/div><\/div><\/div><\/section><section class=\"l-section wpb_row us_custom_315b8835 height_medium color_footer-bottom\"><div class=\"l-section-h i-cf\"><div class=\"g-cols vc_row via_grid cols_1 laptops-cols_inherit tablets-cols_inherit mobiles-cols_1 valign_middle type_default stacking_default\"><div class=\"wpb_column vc_column_container\"><div class=\"vc_column-inner\"><div class=\"g-cols wpb_row us_custom_ee246b62 has_text_color via_grid cols_2 laptops-cols_inherit tablets-cols_1 mobiles-cols_1 valign_middle type_default stacking_default\" style=\"--columns-gap:0rem;\"><div class=\"wpb_column vc_column_container us_custom_2c279b99\"><div class=\"vc_column-inner\"><div class=\"w-text us_custom_a5df9810 has_text_color\"><span class=\"w-text-h\"><span class=\"w-text-value\">Erhalten Sie jetzt Informationen und Unterst\u00fctzung<\/span><\/span><\/div><h2 class=\"w-text\"><span class=\"w-text-h\"><span class=\"w-text-value\">Fordern Sie eine kostenlose Beratung an.<\/span><\/span><\/h2><\/div><\/div><div class=\"wpb_column vc_column_container us_custom_16154244\"><div class=\"vc_column-inner\"><div class=\"w-btn-wrapper default_align_right laptops_align_right tablets_align_left mobiles_align_left\"><a class=\"w-btn us-btn-style_2 us_custom_b4198c51\" href=\"https:\/\/www.elevenestetik.com\/de\/kontakt\/\"><span class=\"w-btn-label\">Einen Termin erstellen<\/span><\/a><\/div><\/div><\/div><\/div><\/div><\/div><\/div><\/div><\/section>\n","protected":false},"excerpt":{"rendered":"EMax Laminiertes FurnierDauer des KrankenhausaufenthaltsKein Krankenhausaufenthalt Operation Dauer2 - 4 Stunden An\u00e4sthesie TypLokale An\u00e4sthesie Prozess der WiederherstellungEs gibt keinen Heilungsprozess Kontaktieren Sie uns f\u00fcr weitere Informationen.Schreiben Sie auf WhatsAppWenn Sie daran denken, Ihre Zahn\u00e4sthetik zu verbessern, k\u00f6nnen emax laminierte Veneers eine gute Option f\u00fcr Sie sein. Was also ist ein emax laminiertes Veneer und welche...","protected":false},"author":1,"featured_media":3438,"parent":0,"menu_order":0,"comment_status":"closed","ping_status":"closed","template":"","meta":{"rank_math_focus_keyword":"emax laminierte Beschichtung","rank_math_description":"Informieren Sie sich ausf\u00fchrlich dar\u00fcber, was eine Emax-Laminatbeschichtung ist, \u00fcber ihre Vorteile, Preise und Anwendungsverfahren.","footnotes":""},"class_list":["post-5662","page","type-page","status-publish","has-post-thumbnail","hentry"],"_links":{"self":[{"href":"https:\/\/www.elevenestetik.com\/de\/wp-json\/wp\/v2\/pages\/5662","targetHints":{"allow":["GET"]}}],"collection":[{"href":"https:\/\/www.elevenestetik.com\/de\/wp-json\/wp\/v2\/pages"}],"about":[{"href":"https:\/\/www.elevenestetik.com\/de\/wp-json\/wp\/v2\/types\/page"}],"author":[{"embeddable":true,"href":"https:\/\/www.elevenestetik.com\/de\/wp-json\/wp\/v2\/users\/1"}],"replies":[{"embeddable":true,"href":"https:\/\/www.elevenestetik.com\/de\/wp-json\/wp\/v2\/comments?post=5662"}],"version-history":[{"count":2,"href":"https:\/\/www.elevenestetik.com\/de\/wp-json\/wp\/v2\/pages\/5662\/revisions"}],"predecessor-version":[{"id":5668,"href":"https:\/\/www.elevenestetik.com\/de\/wp-json\/wp\/v2\/pages\/5662\/revisions\/5668"}],"wp:featuredmedia":[{"embeddable":true,"href":"https:\/\/www.elevenestetik.com\/de\/wp-json\/wp\/v2\/media\/3438"}],"wp:attachment":[{"href":"https:\/\/www.elevenestetik.com\/de\/wp-json\/wp\/v2\/media?parent=5662"}],"curies":[{"name":"wp","href":"https:\/\/api.w.org\/{rel}","templated":true}]}}