{"id":5626,"date":"2026-01-26T09:04:29","date_gmt":"2026-01-26T06:04:29","guid":{"rendered":"https:\/\/www.elevenestetik.com\/zirkonium-furnier\/"},"modified":"2026-01-26T09:06:37","modified_gmt":"2026-01-26T06:06:37","slug":"zirkonium-furnier","status":"publish","type":"page","link":"https:\/\/www.elevenestetik.com\/de\/zirkonium-furnier\/","title":{"rendered":"Zirkonium-Furnier"},"content":{"rendered":"<section class=\"l-section wpb_row us_custom_4e2a4f93 height_large\"><div class=\"l-section-h i-cf\"><div class=\"g-cols vc_row via_grid cols_1 laptops-cols_inherit tablets-cols_inherit mobiles-cols_1 valign_top type_default stacking_default\"><div class=\"wpb_column vc_column_container\"><div class=\"vc_column-inner\"><h1 class=\"w-text us_custom_28784076 has_text_color\"><span class=\"w-text-h\"><span class=\"w-text-value\">Zirkonium-Furnier<\/span><\/span><\/h1><\/div><\/div><\/div><\/div><\/section><section class=\"l-section wpb_row us_custom_6179e1d8 height_large width_full\"><div class=\"l-section-h i-cf\"><div class=\"g-cols vc_row via_grid cols_1 laptops-cols_inherit tablets-cols_inherit mobiles-cols_1 valign_top type_default stacking_default\"><div class=\"wpb_column vc_column_container\"><div class=\"vc_column-inner\"><div class=\"g-cols wpb_row via_grid cols_2 laptops-cols_inherit tablets-cols_inherit mobiles-cols_1 valign_top type_default stacking_default\" style=\"--columns-gap:2rem;\"><div class=\"wpb_column vc_column_container\"><div class=\"vc_column-inner\"><div class=\"w-image us_custom_9cf479d2 align_none\"><div class=\"w-image-h\"><img decoding=\"async\" width=\"1024\" height=\"576\" src=\"https:\/\/www.elevenestetik.com\/wp-content\/uploads\/2024\/03\/1-10-1024x576.jpg\" class=\"attachment-large size-large\" alt=\"\" loading=\"lazy\" srcset=\"https:\/\/www.elevenestetik.com\/wp-content\/uploads\/2024\/03\/1-10-1024x576.jpg 1024w, https:\/\/www.elevenestetik.com\/wp-content\/uploads\/2024\/03\/1-10-300x169.jpg 300w, https:\/\/www.elevenestetik.com\/wp-content\/uploads\/2024\/03\/1-10.jpg 1920w\" sizes=\"auto, (max-width: 1024px) 100vw, 1024px\"><\/div><\/div><\/div><\/div><div class=\"wpb_column vc_column_container us_custom_29737451\"><div class=\"vc_column-inner\"><div class=\"w-hwrapper us_custom_147c3537 valign_top stack_on_mobiles align_center\" style=\"--hwrapper-gap:3rem\"><div class=\"w-iconbox us_custom_f9f315b4 has_text_color iconpos_top style_default color_primary align_center\"><div class=\"w-iconbox-icon\" style=\"font-size:2rem;\"><i class=\"fas fa-hospital\"><\/i><\/div><div class=\"w-iconbox-meta\"><p class=\"w-iconbox-title\">Dauer des Krankenhausaufenthalts<\/p><div class=\"w-iconbox-text\"><p>Kein Krankenhausaufenthalt<\/p>\n<\/div><\/div><\/div><div class=\"w-iconbox us_custom_f9f315b4 has_text_color iconpos_top style_default color_primary align_center\"><div class=\"w-iconbox-icon\" style=\"font-size:2rem;\"><i class=\"fas fa-clock\"><\/i><\/div><div class=\"w-iconbox-meta\"><p class=\"w-iconbox-title\">Operation Dauer<\/p><div class=\"w-iconbox-text\"><p>2 &#8211; 4 Stunden<\/p>\n<\/div><\/div><\/div><div class=\"w-iconbox us_custom_f9f315b4 has_text_color iconpos_top style_default color_primary align_center\"><div class=\"w-iconbox-icon\" style=\"font-size:2rem;\"><i class=\"fas fa-stethoscope\"><\/i><\/div><div class=\"w-iconbox-meta\"><p class=\"w-iconbox-title\">An\u00e4sthesie Typ<\/p><div class=\"w-iconbox-text\"><p>Lokale An\u00e4sthesie<\/p>\n<\/div><\/div><\/div><div class=\"w-iconbox us_custom_f9f315b4 has_text_color iconpos_top style_default color_primary align_center\"><div class=\"w-iconbox-icon\" style=\"font-size:2rem;\"><i class=\"fas fa-hands-heart\"><\/i><\/div><div class=\"w-iconbox-meta\"><p class=\"w-iconbox-title\">Prozess der Wiederherstellung<\/p><div class=\"w-iconbox-text\"><p>Es gibt keinen Heilungsprozess<\/p>\n<\/div><\/div><\/div><\/div><h6 class=\"w-text us_custom_d0e1c2ad\"><span class=\"w-text-h\"><span class=\"w-text-value\">Kontaktieren Sie uns f\u00fcr weitere Informationen.<\/span><\/span><\/h6><div class=\"w-btn-wrapper align_center\"><a class=\"w-btn us-btn-style_1\" href=\"https:\/\/wa.me\/+905011552511\" target=\"_blank\" rel=\"noopener\"><span class=\"w-btn-label\">Schreiben Sie auf WhatsApp<\/span><\/a><\/div><\/div><\/div><\/div><\/div><\/div><\/div><\/div><\/section><section class=\"l-section wpb_row us_custom_ddf21fbc height_large\"><div class=\"l-section-h i-cf\"><div class=\"g-cols vc_row via_grid cols_1 laptops-cols_inherit tablets-cols_inherit mobiles-cols_1 valign_top type_default stacking_default\"><div class=\"wpb_column vc_column_container\"><div class=\"vc_column-inner\"><div class=\"wpb_text_column\"><div class=\"wpb_wrapper\"><p>Die Beschichtung mit Zirkonium ist in den letzten Jahren zu einer beliebten Wahl f\u00fcr Menschen geworden, die \u00c4sthetik und Haltbarkeit suchen. <strong>Was ist<\/strong> also <strong>eine Zirkoniumbeschichtung<\/strong>? Bei dieser Anwendung handelt es sich um eine Beschichtungstechnik, bei der der Naturstein Zirkon verwendet wird und die dank ihrer vielen Vorteile Aufmerksamkeit erregt. Zu den <strong>Vorteilen von Zirkoniumbeschichtungen<\/strong> geh\u00f6ren ein hohes \u00e4sthetisches Erscheinungsbild und eine lange Lebensdauer. Es ist jedoch auch wichtig, Informationen \u00fcber die <strong>Preise f\u00fcr Zirkoniumbeschichtungen<\/strong> zu haben, die f\u00fcr jedes Budget geeignet sind. In unserem Artikel beantworten wir Ihre Fragen zu dieser Methode, indem wir Ihnen detaillierte Informationen zu den Anwendungsbereichen der <strong>Zirkoniumbeschichtung<\/strong> geben.     <\/p>\n<h2>Was ist eine Zirkoniumkronenverblendung?<\/h2>\n<p>Die <strong>Beschichtung mit Zirkonium<\/strong> wird vor allem in der Zahnmedizin h\u00e4ufig als fortschrittliche Anwendung der Zahn\u00e4sthetik bevorzugt. Zirkon ist eine Art Mineral, das in der Natur vorkommt und f\u00fcr seine hohe H\u00e4rte bekannt ist. Zirkonzahnverblendungen, die bei <a href=\"https:\/\/www.elevenestetik.com\/de\/zahnarztliche-operationen\/was-sie-ueber-zahnbrueckenbehandlung-und-preise-fuer-zahnbruecken-wissen-sollten\/\">zahn\u00e4rztlichen<\/a> Beschichtungsverfahren verwendet werden, zeichnen sich sowohl durch \u00c4sthetik als auch durch Langlebigkeit aus. <\/p>\n<p>Diese Verblendschalen werden auf die Z\u00e4hne aufgebracht, um das Aussehen der Z\u00e4hne auf nat\u00fcrliche Weise zu verbessern. Zirkoniumdioxid-Veneers bieten ein \u00e4hnliches Aussehen wie nat\u00fcrliche Z\u00e4hne, da das verwendete Material eine wei\u00dfe und undurchsichtige Struktur aufweist. Dar\u00fcber hinaus minimieren Zirkoniumdioxid-Veneers Probleme wie Allergien oder Verf\u00e4rbungen des Zahnfleisches, da sie kein Metall enthalten.  <\/p>\n<h2><img loading=\"lazy\" decoding=\"async\" src=\"https:\/\/www.elevenestetik.com\/wp-content\/uploads\/2024\/02\/Zirkon-Kron-Kaplamasi-Uygulanisi.jpg\" alt=\"\" width=\"1920\" height=\"1080\"><\/h2>\n<h3>Die einzelnen Schritte des Zirkonium Veneer Prozesses<\/h3>\n<p>Der Zirkoniumbeschichtungsprozess besteht in der Regel aus mehreren Schritten:<\/p>\n<figure class=\"table\">\n<table>\n<thead>\n<tr>\n<th>Phase<\/th>\n<th>Beschreibung<\/th>\n<\/tr>\n<\/thead>\n<tbody>\n<tr>\n<td>1. beratung<\/td>\n<td>Die Bed\u00fcrfnisse des Patienten werden gemeinsam mit dem Zahnarzt ermittelt.<\/td>\n<\/tr>\n<tr>\n<td>2. die Messung<\/td>\n<td>Die Z\u00e4hne werden vermessen und f\u00fcr die entsprechende Beschichtung vorbereitet.<\/td>\n<\/tr>\n<tr>\n<td>3. die Vorbereitung<\/td>\n<td>Die Z\u00e4hne werden f\u00fcr Zirkoniumdioxid-Veneers vorbereitet.<\/td>\n<\/tr>\n<tr>\n<td>4. die Anwendung der Beschichtung<\/td>\n<td>Vorgefertigte Zirkoniumdioxid-Veneers werden auf die Z\u00e4hne aufgebracht.<\/td>\n<\/tr>\n<tr>\n<td>5. die Kontrolle<\/td>\n<td>Nach der Anwendung wird der Zustand der Z\u00e4hne kontrolliert.<\/td>\n<\/tr>\n<\/tbody>\n<\/table>\n<\/figure>\n<h3>Was wird mit Zirkonium Veneer angeboten?<\/h3>\n<p>Obwohl <strong>die Vorteile von Zirkonium-Veneers<\/strong> immer noch ein Begriff sind, von dem die meisten Menschen zum ersten Mal h\u00f6ren, sind die Vorteile dieses Verfahrens ziemlich hoch. Dank ihres \u00e4sthetischen Aussehens, ihrer Kompatibilit\u00e4t mit den nat\u00fcrlichen Z\u00e4hnen und ihrer Haltbarkeit werden Zirkoniumdioxid-Veneers von vielen Patienten bevorzugt. Ihr Zahnarzt wird feststellen, ob diese Art von Krone f\u00fcr Sie geeignet ist.  <\/p>\n<p>Die Antwort auf die Frage, <strong>was ein Zirkonium-Veneer ist<\/strong>, ist daher sowohl f\u00fcr die \u00c4sthetik als auch f\u00fcr die Gesundheit von gro\u00dfer Bedeutung. Wenn Sie nach einer dauerhaften und langlebigen L\u00f6sung suchen, die mit Ihren nat\u00fcrlichen Z\u00e4hnen kompatibel ist, k\u00f6nnten Zirkoniumdioxid-Veneers eine ideale Option f\u00fcr Sie sein. Wenden Sie sich an Ihren Zahnarzt, um die Anwendung einer Zirkonoxidverblendung zu pr\u00fcfen, die Ihre Zahngesundheit sch\u00fctzt und Ihr \u00e4sthetisches Erscheinungsbild verbessert.  <\/p>\n<h2>Vorteile der Zirkoniumverblendung<\/h2>\n<p><strong>Die Zirkoniumbeschichtung<\/strong> ist eine Technik, die heute in der Zahnmedizin und \u00c4sthetik h\u00e4ufig eingesetzt wird. Diese Anwendung hat viele Vorteile. Die Vorteile, die sie sowohl in \u00e4sthetischer als auch in funktioneller Hinsicht bietet, machen sie zu einer wichtigen Option f\u00fcr Menschen, die diese Art der Beschichtung bevorzugen. Hier sind <strong>die Vorteile der Zirkoniumbeschichtung<\/strong>:   <\/p>\n<h3>1. \u00e4sthetisches Erscheinungsbild<\/h3>\n<p>Zirkonium-Veneers versch\u00f6nern das L\u00e4cheln der Person, indem sie ein \u00e4hnliches Aussehen wie die nat\u00fcrlichen Z\u00e4hne bieten. Die Tatsache, dass es mit den nat\u00fcrlichen Farben und der Transparenz der Z\u00e4hne kompatibel ist, erm\u00f6glicht es den Patienten, selbstbewusster zu l\u00e4cheln. <\/p>\n<h3>2. haltbarkeit und Langlebigkeit<\/h3>\n<p>Zirkonium ist ein extrem haltbares Material. Es ist widerstandsf\u00e4hig gegen Situationen wie Abrieb und St\u00f6\u00dfe. Auf diese Weise bieten Zirkoniumdioxid-Beschichtungen eine lang anhaltende L\u00f6sung. Es erfordert weniger Pflege als andere Beschichtungsarten.   <\/p>\n<h3>3. geringes Allergierisiko<\/h3>\n<p>Die Zirkoniumbeschichtung hat eine metallfreie Struktur. Daher ist sie eine ideale Wahl f\u00fcr Personen mit Allergierisiko. Sowohl die Biokompatibilit\u00e4t als auch die gute Vertr\u00e4glichkeit f\u00fcr den K\u00f6rper machen die Zirkoniumdioxid-Beschichtung sicher.  <\/p>\n<h3>4. die Lichtdurchl\u00e4ssigkeit<\/h3>\n<p>Zirkonium ist ein sehr erfolgreiches Material f\u00fcr die Zahn\u00e4sthetik, da es lichtdurchl\u00e4ssig ist. Seine mit dem Zahnfleisch kompatible Struktur tr\u00e4gt zu einem nat\u00fcrlichen Aussehen bei. Dies ist ein gro\u00dfer Vorteil f\u00fcr Patienten mit \u00e4sthetischen Bedenken.  <\/p>\n<h3>5. reduzierte Empfindlichkeit<\/h3>\n<p>Zirkoniumverblendungen sind weniger empfindlich gegen\u00fcber \u00e4u\u00dferen Faktoren wie Hitze und K\u00e4lte. Nach dem Auftragen der Beschichtung empfinden die Menschen daher weniger Unbehagen beim Verzehr von Speisen und Getr\u00e4nken. <\/p>\n<h3>6. einfache Anwendung<\/h3>\n<p>Der Prozess der <strong>Zirkoniumbeschichtung<\/strong> ist in der Regel in kurzer Zeit abgeschlossen. Die vom Zahnarzt durchgef\u00fchrten Vorbereitungsschritte werden schnell und effektiv durchgef\u00fchrt. So k\u00f6nnen Patienten Zeit sparen.  <\/p>\n<h3>Zusammenfassung der Vorteile von Zirkonium Veneers<\/h3>\n<p>Die folgende Tabelle fasst die <strong>Vorteile von Zirkoniumbeschichtungen<\/strong> zusammen: <\/p>\n<figure class=\"table\">\n<table>\n<thead>\n<tr>\n<th>Vorteil<\/th>\n<th>Beschreibung<\/th>\n<\/tr>\n<\/thead>\n<tbody>\n<tr>\n<td>\u00c4sthetisches Erscheinungsbild<\/td>\n<td>Es bietet ein harmonisches und \u00e4sthetisches Aussehen mit nat\u00fcrlichen Z\u00e4hnen.<\/td>\n<\/tr>\n<tr>\n<td>Strapazierf\u00e4higkeit und lange Lebensdauer<\/td>\n<td>Widerstandsf\u00e4hig gegen Abrieb und f\u00fcr eine lange Zeit verwendbar.<\/td>\n<\/tr>\n<tr>\n<td>Geringes Allergierisiko<\/td>\n<td>Da es kein Metall enth\u00e4lt, ist es unwahrscheinlich, dass es Allergien ausl\u00f6st.<\/td>\n<\/tr>\n<tr>\n<td>Lichtdurchl\u00e4ssigkeit<\/td>\n<td>Es verspricht ein nat\u00fcrliches Aussehen, das mit dem Zahnfleisch kompatibel ist.<\/td>\n<\/tr>\n<tr>\n<td>Geringere Empfindlichkeit<\/td>\n<td>Sie ist weniger empfindlich gegen\u00fcber Hitze und K\u00e4lte.<\/td>\n<\/tr>\n<tr>\n<td>Leichte Anwendung<\/td>\n<td>Es bietet schnelle und effektive Anwendungsprozesse.<\/td>\n<\/tr>\n<\/tbody>\n<\/table>\n<\/figure>\n<p>Daher ist die <strong>Zirkoniumbeschichtung<\/strong> eine herausragende L\u00f6sung in der Zahnbehandlung, die sowohl \u00e4sthetische als auch funktionelle Vorteile bietet. In Anbetracht dieser Vorteile kann sie die richtige Wahl f\u00fcr die Zahngesundheit und \u00c4sthetik des Einzelnen sein. <\/p>\n<figure class=\"image\"><img loading=\"lazy\" decoding=\"async\" src=\"https:\/\/www.elevenestetik.com\/wp-content\/uploads\/2024\/02\/Zirkon-Kron-Kaplamanin-Fiyatlari.jpg\" alt=\"\" width=\"1920\" height=\"1080\"><\/figure>\n<h2>Preise f\u00fcr Zirkoniumfurnier<\/h2>\n<p>Zirkonium-Veneers sind eine weithin bevorzugte \u00e4sthetische L\u00f6sung in der Zahnmedizin. Viele Menschen m\u00f6chten jedoch wissen, wie hoch die Kosten f\u00fcr dieses Verfahren sind. Die <strong>Preise f\u00fcr Zirkoniumkronen<\/strong> k\u00f6nnen je nach Qualit\u00e4t, Anwendungsbereich und Erfahrung des Zahnarztes variieren. <\/p>\n<p>Lassen Sie uns im Folgenden die wichtigsten Faktoren untersuchen, die die Preise f\u00fcr Zirkoniumfurniere beeinflussen:<\/p>\n<figure class=\"table\">\n<table>\n<thead>\n<tr>\n<th>Faktor<\/th>\n<th>Beschreibung<\/th>\n<\/tr>\n<\/thead>\n<tbody>\n<tr>\n<td>1. die <strong>Materialqualit\u00e4t<\/strong><\/td>\n<td>Hochwertige Zirkoniumverblendungen sind teurer, weil sie haltbarer und \u00e4sthetischer sind.<\/td>\n<\/tr>\n<tr>\n<td>2. die <strong>Erfahrung des Zahnarztes<\/strong><\/td>\n<td>Ein spezialisierter Zahnarzt kann bessere Ergebnisse erzielen, aber in der Regel zu h\u00f6heren Kosten.<\/td>\n<\/tr>\n<tr>\n<td>3. der <strong>Standort der Klinik<\/strong><\/td>\n<td>In Kliniken in Gro\u00dfst\u00e4dten sind die Preise oft h\u00f6her, w\u00e4hrend es in kleineren St\u00e4dten m\u00f6glich ist, erschwingliche Preise zu finden.<\/td>\n<\/tr>\n<tr>\n<td>4. <strong>die Anzahl der Vorg\u00e4nge<\/strong><\/td>\n<td>In manchen F\u00e4llen muss mehr als ein Zahn \u00fcberkront werden, wodurch sich die Gesamtkosten erh\u00f6hen.<\/td>\n<\/tr>\n<\/tbody>\n<\/table>\n<\/figure>\n<p>Vor der Behandlung mit Zirkoniumdioxid-Veneers ist es f\u00fcr Patienten wichtig, die Preise im Vergleich zur Qualit\u00e4t der erbrachten Leistung zu bewerten. Nachstehend finden Sie eine Tabelle mit den Durchschnittspreisen f\u00fcr Zirkoniumdioxid-Veneers: <\/p>\n<figure class=\"table\">\n<table>\n<thead>\n<tr>\n<th>Zahntyp<\/th>\n<th>Preisklasse<\/th>\n<\/tr>\n<\/thead>\n<tbody>\n<tr>\n<td>Frontzahn<\/td>\n<td>Angebot anfordern<\/td>\n<\/tr>\n<tr>\n<td>Backenzahn<\/td>\n<td>Ein Angebot anfordern<\/td>\n<\/tr>\n<tr>\n<td>Komplettes Zahnarztset<\/td>\n<td>Angebot anfordern<\/td>\n<\/tr>\n<\/tbody>\n<\/table>\n<\/figure>\n<p>Daher ist es schwierig, eine genaue Zahl zu nennen, da die <strong>Preise f\u00fcr Zirkoniumbeschichtungen<\/strong> von vielen Variablen beeinflusst werden. Im Allgemeinen k\u00f6nnen diese Kosten jedoch als wertvolle Investition betrachtet werden, wenn man bedenkt, dass das Zirkoniumdioxid-Beschichtungsverfahren eine lang anhaltende und \u00e4sthetisch zufriedenstellende L\u00f6sung bietet. Daher kann jede Investition in Bezug auf die Zahngesundheit und \u00c4sthetik langfristig von gro\u00dfem Nutzen sein.  <\/p>\n<h2>Zirkonium-Beschichtung Anwendungsbereiche<\/h2>\n<p><strong>Zirkoniumdioxid-Beschichtungen<\/strong> werden in verschiedenen Bereichen eingesetzt, um \u00e4sthetisches Aussehen und Haltbarkeit zu gew\u00e4hrleisten. Diese Art der Beschichtung, die insbesondere in der Zahnmedizin h\u00e4ufig bevorzugt wird, hat wichtige Anwendungsbereiche in verschiedenen Sektoren. Hier sind einige Bereiche, in denen Zirkoniumdioxid-Beschichtungen h\u00e4ufig verwendet werden:  <\/p>\n<h2>H\u00e4ufig gestellte Fragen<\/h2>\n<h3>Was ist eine Zirkoniumbeschichtung?<\/h3>\n<p>Die Zirkoniumbeschichtung ist eine Art der \u00e4sthetischen Beschichtung, die in der Zahnmedizin verwendet wird. Zirkoniumdioxid ist ein hochwertiges Material, das ein porzellan\u00e4hnliches Aussehen hat und auf den Zahn aufgetragen wird, um das \u00e4sthetische Erscheinungsbild der Z\u00e4hne zu verbessern. Zirkoniumdioxid-Veneers zeichnen sich durch ihre F\u00e4higkeit aus, das Aussehen nat\u00fcrlicher Z\u00e4hne zu imitieren, sowie durch ihre Lichtdurchl\u00e4ssigkeit und Haltbarkeit.  <\/p>\n<h3>Was sind die Vorteile von Zirkoniumveneers?<\/h3>\n<p>Zirkoniumdioxid-Veneers haben viele Vorteile. Zun\u00e4chst einmal bieten sie ein \u00e4sthetisch ansprechendes Erscheinungsbild, da sie eine Farbe und Transparenz aufweisen, die den nat\u00fcrlichen Z\u00e4hnen sehr \u00e4hnlich sind. Au\u00dferdem schadet das Zirkoniumdioxid-Material der Gesundheit des Zahnfleisches nicht, da es fast kein Metall enth\u00e4lt. Ihre Haltbarkeit und Langlebigkeit machen sie zu einer bevorzugten Option bei Zahnbehandlungen.   <\/p>\n<h3>Wie lange dauert der Prozess der Zirkoniumbeschichtung?<\/h3>\n<p>Die Behandlung mit einer Zirkonoxidkrone kann in der Regel mehrere Sitzungen in Anspruch nehmen. In der ersten Sitzung untersucht der Zahnarzt den Zahn des Patienten und nimmt die notwendigen Messungen vor. In der zweiten Sitzung wird die Zirkoniumdioxidkrone vorbereitet und nach abschlie\u00dfenden Kontrollen auf den Zahn gesetzt. Der gesamte Prozess dauert in der Regel 1-2 Wochen, da f\u00fcr die Anfertigung der Veneers ein Labor ben\u00f6tigt wird.   <\/p>\n<h3>Wie haltbar sind Zirkoniumverblendungen?<\/h3>\n<p>Zirkoniumdioxid-Inlays sind f\u00fcr ihre hohe Haltbarkeit bekannt. Im Durchschnitt k\u00f6nnen Zirkoniumdioxid-Veneers eine Lebensdauer von 10 Jahren oder mehr haben. Das liegt an der robusten Struktur des Zirkoniumdioxid-Materials und an seiner Verschlei\u00dffestigkeit. Die Lebensdauer der Veneers kann jedoch variieren, je nachdem, wie sehr der Patient auf seine Mundhygiene und regelm\u00e4\u00dfige zahn\u00e4rztliche Kontrolluntersuchungen achtet.   <\/p>\n<\/div><\/div><\/div><\/div><\/div><\/div><\/section><section class=\"l-section wpb_row us_custom_315b8835 height_medium color_footer-bottom\"><div class=\"l-section-h i-cf\"><div class=\"g-cols vc_row via_grid cols_1 laptops-cols_inherit tablets-cols_inherit mobiles-cols_1 valign_middle type_default stacking_default\"><div class=\"wpb_column vc_column_container\"><div class=\"vc_column-inner\"><div class=\"g-cols wpb_row us_custom_ee246b62 has_text_color via_grid cols_2 laptops-cols_inherit tablets-cols_1 mobiles-cols_1 valign_middle type_default stacking_default\" style=\"--columns-gap:0rem;\"><div class=\"wpb_column vc_column_container us_custom_2c279b99\"><div class=\"vc_column-inner\"><div class=\"w-text us_custom_a5df9810 has_text_color\"><span class=\"w-text-h\"><span class=\"w-text-value\">Erhalten Sie jetzt Informationen und Unterst\u00fctzung<\/span><\/span><\/div><h2 class=\"w-text\"><span class=\"w-text-h\"><span class=\"w-text-value\">Fordern Sie eine kostenlose Beratung an.<\/span><\/span><\/h2><\/div><\/div><div class=\"wpb_column vc_column_container us_custom_16154244\"><div class=\"vc_column-inner\"><div class=\"w-btn-wrapper default_align_right laptops_align_right tablets_align_left mobiles_align_left\"><a class=\"w-btn us-btn-style_2 us_custom_b4198c51\" href=\"https:\/\/www.elevenestetik.com\/de\/kontakt\/\"><span class=\"w-btn-label\">Einen Termin erstellen<\/span><\/a><\/div><\/div><\/div><\/div><\/div><\/div><\/div><\/div><\/section>\n","protected":false},"excerpt":{"rendered":"Zirkonium-FurnierDauer des KrankenhausaufenthaltsKein Krankenhausaufenthalt Operation Dauer2 - 4 Stunden An\u00e4sthesie TypLokale An\u00e4sthesie Prozess der WiederherstellungEs gibt keinen Heilungsprozess Kontaktieren Sie uns f\u00fcr weitere Informationen.Schreiben Sie auf WhatsAppDie Beschichtung mit Zirkonium ist in den letzten Jahren zu einer beliebten Wahl f\u00fcr Menschen geworden, die \u00c4sthetik und Haltbarkeit suchen. Was ist also eine Zirkoniumbeschichtung? Bei dieser Anwendung...","protected":false},"author":1,"featured_media":3425,"parent":0,"menu_order":0,"comment_status":"closed","ping_status":"closed","template":"","meta":{"rank_math_focus_keyword":"Zirkonium-Beschichtung","rank_math_description":"Informieren Sie sich \u00fcber Zirkoniumverblendungen; entdecken Sie Vorteile, Preise und Anwendungsbereiche.","footnotes":""},"class_list":["post-5626","page","type-page","status-publish","has-post-thumbnail","hentry"],"_links":{"self":[{"href":"https:\/\/www.elevenestetik.com\/de\/wp-json\/wp\/v2\/pages\/5626","targetHints":{"allow":["GET"]}}],"collection":[{"href":"https:\/\/www.elevenestetik.com\/de\/wp-json\/wp\/v2\/pages"}],"about":[{"href":"https:\/\/www.elevenestetik.com\/de\/wp-json\/wp\/v2\/types\/page"}],"author":[{"embeddable":true,"href":"https:\/\/www.elevenestetik.com\/de\/wp-json\/wp\/v2\/users\/1"}],"replies":[{"embeddable":true,"href":"https:\/\/www.elevenestetik.com\/de\/wp-json\/wp\/v2\/comments?post=5626"}],"version-history":[{"count":3,"href":"https:\/\/www.elevenestetik.com\/de\/wp-json\/wp\/v2\/pages\/5626\/revisions"}],"predecessor-version":[{"id":7848,"href":"https:\/\/www.elevenestetik.com\/de\/wp-json\/wp\/v2\/pages\/5626\/revisions\/7848"}],"wp:featuredmedia":[{"embeddable":true,"href":"https:\/\/www.elevenestetik.com\/de\/wp-json\/wp\/v2\/media\/3425"}],"wp:attachment":[{"href":"https:\/\/www.elevenestetik.com\/de\/wp-json\/wp\/v2\/media?parent=5626"}],"curies":[{"name":"wp","href":"https:\/\/api.w.org\/{rel}","templated":true}]}}