{"id":5571,"date":"2026-01-26T09:05:08","date_gmt":"2026-01-26T06:05:08","guid":{"rendered":"https:\/\/www.elevenestetik.com\/mesotherapie-prp\/"},"modified":"2026-01-26T09:07:03","modified_gmt":"2026-01-26T06:07:03","slug":"mesotherapie-prp","status":"publish","type":"page","link":"https:\/\/www.elevenestetik.com\/de\/mesotherapie-prp\/","title":{"rendered":"Mesotherapie PRP"},"content":{"rendered":"<section class=\"l-section wpb_row us_custom_4e2a4f93 height_large\"><div class=\"l-section-h i-cf\"><div class=\"g-cols vc_row via_grid cols_1 laptops-cols_inherit tablets-cols_inherit mobiles-cols_1 valign_top type_default stacking_default\"><div class=\"wpb_column vc_column_container\"><div class=\"vc_column-inner\"><h1 class=\"w-text us_custom_28784076 has_text_color\"><span class=\"w-text-h\"><span class=\"w-text-value\">Mesotherapie<\/span><\/span><\/h1><\/div><\/div><\/div><\/div><\/section><section class=\"l-section wpb_row us_custom_6179e1d8 height_large width_full\"><div class=\"l-section-h i-cf\"><div class=\"g-cols vc_row via_grid cols_1 laptops-cols_inherit tablets-cols_inherit mobiles-cols_1 valign_top type_default stacking_default\"><div class=\"wpb_column vc_column_container\"><div class=\"vc_column-inner\"><div class=\"g-cols wpb_row via_grid cols_2 laptops-cols_inherit tablets-cols_inherit mobiles-cols_1 valign_top type_default stacking_default\" style=\"--columns-gap:2rem;\"><div class=\"wpb_column vc_column_container\"><div class=\"vc_column-inner\"><div class=\"w-image us_custom_9cf479d2 align_none\"><div class=\"w-image-h\"><img decoding=\"async\" width=\"1024\" height=\"574\" src=\"https:\/\/www.elevenestetik.com\/wp-content\/uploads\/2024\/02\/Mezoterapi.jpg\" class=\"attachment-large size-large\" alt=\"\" loading=\"lazy\" srcset=\"https:\/\/www.elevenestetik.com\/wp-content\/uploads\/2024\/02\/Mezoterapi.jpg 1024w, https:\/\/www.elevenestetik.com\/wp-content\/uploads\/2024\/02\/Mezoterapi-300x168.jpg 300w\" sizes=\"auto, (max-width: 1024px) 100vw, 1024px\"><\/div><\/div><\/div><\/div><div class=\"wpb_column vc_column_container us_custom_29737451\"><div class=\"vc_column-inner\"><div class=\"w-hwrapper us_custom_147c3537 valign_top stack_on_mobiles align_center\" style=\"--hwrapper-gap:3rem\"><div class=\"w-iconbox us_custom_f9f315b4 has_text_color iconpos_top style_default color_primary align_center\"><div class=\"w-iconbox-icon\" style=\"font-size:2rem;\"><i class=\"fas fa-hospital\"><\/i><\/div><div class=\"w-iconbox-meta\"><p class=\"w-iconbox-title\">Dauer des Krankenhausaufenthalts<\/p><div class=\"w-iconbox-text\"><p>Kein Krankenhausaufenthalt<\/p>\n<\/div><\/div><\/div><div class=\"w-iconbox us_custom_f9f315b4 has_text_color iconpos_top style_default color_primary align_center\"><div class=\"w-iconbox-icon\" style=\"font-size:2rem;\"><i class=\"fas fa-clock\"><\/i><\/div><div class=\"w-iconbox-meta\"><p class=\"w-iconbox-title\">Operation Dauer<\/p><div class=\"w-iconbox-text\"><p>15 &#8211; 20 Minuten<\/p>\n<\/div><\/div><\/div><div class=\"w-iconbox us_custom_f9f315b4 has_text_color iconpos_top style_default color_primary align_center\"><div class=\"w-iconbox-icon\" style=\"font-size:2rem;\"><i class=\"fas fa-stethoscope\"><\/i><\/div><div class=\"w-iconbox-meta\"><p class=\"w-iconbox-title\">An\u00e4sthesie Typ<\/p><div class=\"w-iconbox-text\"><p>Keine An\u00e4sthesie wird verwendet<\/p>\n<\/div><\/div><\/div><div class=\"w-iconbox us_custom_f9f315b4 has_text_color iconpos_top style_default color_primary align_center\"><div class=\"w-iconbox-icon\" style=\"font-size:2rem;\"><i class=\"fas fa-hands-heart\"><\/i><\/div><div class=\"w-iconbox-meta\"><p class=\"w-iconbox-title\">Prozess der Wiederherstellung<\/p><div class=\"w-iconbox-text\"><p>Es gibt keinen Heilungsprozess<\/p>\n<\/div><\/div><\/div><\/div><h6 class=\"w-text us_custom_d0e1c2ad\"><span class=\"w-text-h\"><span class=\"w-text-value\">Kontaktieren Sie uns f\u00fcr weitere Informationen.<\/span><\/span><\/h6><div class=\"w-btn-wrapper align_center\"><a class=\"w-btn us-btn-style_1\" href=\"https:\/\/wa.me\/+905011552511\" target=\"_blank\" rel=\"noopener\"><span class=\"w-btn-label\">Schreiben Sie auf WhatsApp<\/span><\/a><\/div><\/div><\/div><\/div><\/div><\/div><\/div><\/div><\/section><section class=\"l-section wpb_row us_custom_ddf21fbc height_large\"><div class=\"l-section-h i-cf\"><div class=\"g-cols vc_row via_grid cols_1 laptops-cols_inherit tablets-cols_inherit mobiles-cols_1 valign_top type_default stacking_default\"><div class=\"wpb_column vc_column_container\"><div class=\"vc_column-inner\"><div class=\"wpb_text_column\"><div class=\"wpb_wrapper\"><p>Die Mesotherapie-Behandlung ist eine wirksame Methode, die in den letzten Jahren im Bereich der \u00c4sthetik und Gesundheit popul\u00e4r geworden ist. Was also ist <strong>Mesotherapie<\/strong> und <strong>was bewirkt eine Mesotherapie-Behandlung<\/strong>? In diesem Artikel werden wir uns mit den Grundlagen der Mesotherapie, ihren Vorteilen und der Frage besch\u00e4ftigen, in welchen F\u00e4llen sie bevorzugt wird. Wir werden uns auch \u00fcber die <strong>Preise der Mesotherapie-Behandlung<\/strong> informieren und uns mit den m\u00f6glichen <strong>Nebenwirkungen der Mesotherapie-Behandlung<\/strong> befassen. Durch die Beantwortung Ihrer Fragen zu den Anwendungsgebieten der Mesotherapie m\u00f6chten wir Ihnen helfen, die Informationen zu erhalten, die Sie f\u00fcr eine ges\u00fcndere und sch\u00f6nere Haut ben\u00f6tigen.    <\/p>\n<h2>Was ist Mesotherapie?<\/h2>\n<p>Die <strong>Mesotherapie<\/strong> ist eine Behandlungsmethode, die auf der Verabreichung von Vitaminen, Mineralien, Aminos\u00e4uren und anderen Wirkstoffen durch Mikroinjektionen in einer bestimmten Tiefe unter die Haut beruht. Diese Methode wird in einem breiten Spektrum von Anwendungen eingesetzt, von \u00e4sthetischen Anwendungen bis hin zur Sportmedizin, und wird sowohl f\u00fcr Gesundheits- als auch f\u00fcr Sch\u00f6nheitszwecke bevorzugt. <\/p>\n<p>Der Begriff <strong>Mesotherapie<\/strong> stammt von dem griechischen Wort &#8222;mesos&#8220;, was &#8222;Mitte&#8220; bedeutet. In diesem Zusammenhang bezieht sich die Mesotherapie auf die mittlere Schicht der Haut, die Mesodermschicht. Diese Anwendung wirkt direkt auf die Zellen im Zielgebiet, so dass die ben\u00f6tigten Substanzen schneller und effektiver eindringen k\u00f6nnen.  <\/p>\n<h3>Grundlegende Bestandteile der Mesotherapie<\/h3>\n<p>Mesotherapie-Anwendungen bestehen in der Regel aus den folgenden Komponenten:<\/p>\n<figure class=\"table\">\n<table>\n<thead>\n<tr>\n<th>Komponente<\/th>\n<th>Beschreibung<\/th>\n<\/tr>\n<\/thead>\n<tbody>\n<tr>\n<td>Vitamine<\/td>\n<td>Es wird zur Unterst\u00fctzung der Hautgesundheit verwendet.<\/td>\n<\/tr>\n<tr>\n<td>Mineralien<\/td>\n<td>Verbessert den Hautton und die Struktur der Haut.<\/td>\n<\/tr>\n<tr>\n<td>Aminos\u00e4uren<\/td>\n<td>Sie sind wichtig f\u00fcr die Elastizit\u00e4t und Regeneration der Haut.<\/td>\n<\/tr>\n<tr>\n<td>Hyalurons\u00e4ure<\/td>\n<td>Sorgt f\u00fcr F\u00fclle, indem sie den Feuchtigkeitshaushalt der Haut aufrechterh\u00e4lt.<\/td>\n<\/tr>\n<\/tbody>\n<\/table>\n<\/figure>\n<p>Die oben genannten Inhaltsstoffe k\u00f6nnen in verschiedenen Kombinationen verwendet werden, um die Wirksamkeit der Mesotherapie-Anwendung zu erh\u00f6hen. Daher wird jede Anwendung auf die individuellen Bed\u00fcrfnisse abgestimmt. <\/p>\n<h3>Vorteile der Mesotherapie<\/h3>\n<ul>\n<li><strong>Gezielte Anwendung:<\/strong> Die Mesotherapie liefert schnellere Ergebnisse, da sie die Problemzonen direkt erreicht.<\/li>\n<li><strong>Geringes Risiko von Nebenwirkungen:<\/strong> Da das Verfahren minimalinvasiv ist, sind die Nebenwirkungen in der Regel gering und vor\u00fcbergehend.<\/li>\n<li><strong>Schneller Genesungsprozess<\/strong>: Die Genesungszeit nach dem Eingriff ist recht kurz, so dass die Patienten problemlos in ihr t\u00e4gliches Leben zur\u00fcckkehren k\u00f6nnen.<\/li>\n<\/ul>\n<p>Zusammenfassend l\u00e4sst sich sagen, dass die <strong>Mesotherapie<\/strong> sowohl im \u00e4sthetischen als auch im gesundheitlichen Bereich eine wirksame Behandlungsoption darstellt. Dar\u00fcber hinaus machen die Vielfalt der bei der Anwendung verwendeten Substanzen und die Tatsache, dass sie mit einer individuellen Planung an die Bed\u00fcrfnisse jedes Einzelnen angepasst werden kann, diese Behandlungsmethode noch attraktiver. <\/p>\n<h2>Was bewirkt die Mesotherapie-Behandlung?<\/h2>\n<p>Bei der <strong>Mesotherapie-Anwendung<\/strong> werden spezielle L\u00f6sungen durch Mikroinjektionen unter die Haut verabreicht. Diese Methode ist nicht nur im Bereich der \u00c4sthetik weit verbreitet, sondern bietet auch eine wirksame L\u00f6sung bei der Behandlung verschiedener gesundheitlicher Probleme. Was bewirkt die Mesotherapie-Behandlung also? Hier ist ein detaillierter Blick:   <\/p>\n<h3>Hauterneuerung und Verj\u00fcngung<\/h3>\n<p>Die Mesotherapie enth\u00e4lt viele Wirkstoffe, die zur Verj\u00fcngung der Haut beitragen. Hyalurons\u00e4ure, Vitamine, Mineralien und Aminos\u00e4uren werden bei dieser Anwendung h\u00e4ufig verwendet. Diese Inhaltsstoffe stellen nicht nur den Feuchtigkeitshaushalt der Haut wieder her, sondern erh\u00f6hen auch ihre Elastizit\u00e4t, wodurch das Auftreten von feinen Falten reduziert wird.  <\/p>\n<h3>Behandlung von Haarausfall<\/h3>\n<p>Die Mesotherapie ist eine wirksame alternative Behandlungsmethode f\u00fcr Personen mit Haarausfallproblemen. Die Mesotherapie, die mit speziellen Formulierungen auf die Haarfollikel aufgetragen wird, hilft, die Haarfollikel zu st\u00e4rken, indem sie die Durchblutung erh\u00f6ht. Dadurch wird das Haar zu einem ges\u00fcnderen Wachstum angeregt.  <\/p>\n<h3>Cellulite und regionale Ausd\u00fcnnung<\/h3>\n<p>Die Cellulite-Behandlung kann auch mit <strong>Mesotherapie<\/strong> erfolgreich durchgef\u00fchrt werden. Spezielle Mischungen, die zum Schrumpfen der Fettzellen unter der Haut verwendet werden, k\u00f6nnen das Erscheinungsbild der Cellulite reduzieren. Dar\u00fcber hinaus kann diese Methode auch zur regionalen Ausd\u00fcnnung eingesetzt werden. Indem sie die Fettaufl\u00f6sung und Fl\u00fcssigkeitsausscheidung erh\u00f6ht, verleiht sie dem K\u00f6rper ein strafferes und geformtes Aussehen.   <\/p>\n<h3>Schmerzmanagement<\/h3>\n<p>Die Mesotherapie wird auch bei der Behandlung von verschiedenen Schmerzen eingesetzt. Insbesondere bei Rheuma und Sportverletzungen hilft diese Behandlungsmethode, die Entz\u00fcndung zu reduzieren und den Heilungsprozess zu beschleunigen. <\/p>\n<h3>Angenehme Mesotherapie-Anwendungen<\/h3>\n<p>Nachfolgend finden Sie eine Zusammenfassung der Vorteile von <strong>Mesotherapie-Anwendungen<\/strong>: <\/p>\n<figure class=\"table\">\n<table>\n<thead>\n<tr>\n<th>Anwendungsbereich<\/th>\n<th>Vorteile<\/th>\n<\/tr>\n<\/thead>\n<tbody>\n<tr>\n<td>Erneuerung der Haut<\/td>\n<td>Reduzierung von Falten, Hautfeuchtigkeit<\/td>\n<\/tr>\n<tr>\n<td>Haarausfall<\/td>\n<td>Kr\u00e4ftigung der Haarfollikel, gesundes Wachstum<\/td>\n<\/tr>\n<tr>\n<td>Cellulite<\/td>\n<td>Verringerung des Erscheinungsbildes von Cellulite, Straffung<\/td>\n<\/tr>\n<tr>\n<td>Schmerzbehandlung<\/td>\n<td>Schmerzlinderung, Kontrolle von Entz\u00fcndungen<\/td>\n<\/tr>\n<\/tbody>\n<\/table>\n<\/figure>\n<p>Daher hat die <strong>Mesotherapie-Behandlung<\/strong> ein breites Anwendungsspektrum und bietet L\u00f6sungen f\u00fcr viele Gesundheitsprobleme. Da die Bed\u00fcrfnisse jedes Einzelnen jedoch unterschiedlich sind, ist es wichtig, sich von einem spezialisierten Arzt informieren zu lassen und einen pers\u00f6nlichen Behandlungsplan zu erstellen. <\/p>\n<figure class=\"image\"><img loading=\"lazy\" decoding=\"async\" src=\"https:\/\/www.elevenestetik.com\/wp-content\/uploads\/2024\/02\/Mezoterapi-Hangi-Durumlarda-Uygulanir.jpg\" alt=\"\" width=\"1920\" height=\"1080\"><\/figure>\n<h2>Preise f\u00fcr Mesotherapie-Behandlungen<\/h2>\n<p>Die <strong>Mesotherapie-Behandlung<\/strong> ist eine der \u00e4sthetischen Anwendungen, die viele Menschen anzieht. Die Preise f\u00fcr diese Behandlung variieren jedoch in Abh\u00e4ngigkeit von verschiedenen Faktoren. In diesem Artikel befassen wir uns mit <strong>den Preisen f\u00fcr eine Mesotherapie-Behandlung<\/strong> und erl\u00e4utern die beeindruckenden Faktoren, die dabei zum Tragen kommen.  <\/p>\n<h3>Faktoren, die den Preis beeinflussen<\/h3>\n<p><strong>Art der Anwendung:<\/strong> Es gibt viele verschiedene Anwendungsm\u00f6glichkeiten der Mesotherapie. Mesotherapie-Anwendungen f\u00fcr Zwecke wie Hauterneuerung, Behandlung von Haarausfall oder Gewichtsabnahme k\u00f6nnen zu Preisunterschieden f\u00fchren. <\/p>\n<p><strong>Anzahl der Sitzungen:<\/strong> Im Allgemeinen sind f\u00fcr eine Mesotherapie-Behandlung mehrere Sitzungen erforderlich. Obwohl der Preis f\u00fcr die erste Sitzung h\u00f6her ist, k\u00f6nnen bei den folgenden Sitzungen Rabatte gew\u00e4hrt werden. Die Kosten f\u00fcr die gesamte Behandlung steigen jedoch je nach Anzahl der Sitzungen.  <\/p>\n<p><strong>Auswahl der Klinik und des Experten:<\/strong> Die Ausstattung der Kliniken, in denen die Anwendung durchgef\u00fchrt wird, Hygienestandards und die Erfahrung der Fach\u00e4rzte sind ebenfalls wichtige Faktoren, die den Preis beeinflussen. Erfahrene und lizenzierte Spezialisten verlangen in der Regel h\u00f6here Preise. <\/p>\n<p><strong>Verwendete Produkte:<\/strong> Die Qualit\u00e4t der L\u00f6sungen, die bei Mesotherapie-Anwendungen verwendet werden, spielt eine entscheidende Rolle f\u00fcr den Preis. Behandlungsmethoden, die spezielle Komponenten wie Vitamine und Hyalurons\u00e4ure enthalten, erh\u00f6hen die Kosten. <\/p>\n<p>In der nachstehenden Tabelle k\u00f6nnen Sie die allgemeinen Preisspannen und die Art der Anwendung \u00fcberpr\u00fcfen:<\/p>\n<figure class=\"table\">\n<table>\n<thead>\n<tr>\n<th>Anwendungstyp<\/th>\n<th>Durchschnittliche Preisspanne<\/th>\n<\/tr>\n<\/thead>\n<tbody>\n<tr>\n<td>Hauterneuerung Mesotherapie<\/td>\n<td>Ein Angebot anfordern<\/td>\n<\/tr>\n<tr>\n<td>Haarausfall Mesotherapie<\/td>\n<td>Angebot anfordern<\/td>\n<\/tr>\n<tr>\n<td>Schlankheits-Mesotherapie<\/td>\n<td>Angebot anfordern<\/td>\n<\/tr>\n<\/tbody>\n<\/table>\n<\/figure>\n<h3>Zus\u00e4tzliche Kosten<\/h3>\n<p>Neben den <strong>Preisen f\u00fcr die Mesotherapie-Behandlung<\/strong> sollten auch zus\u00e4tzliche Kosten ber\u00fccksichtigt werden. Zum Beispiel k\u00f6nnen zus\u00e4tzliche Ausgaben wie Facharztkontrollen oder Pflegeprodukte nach der Anwendung die Gesamtkosten beeinflussen. Daher ist es wichtig, dass Sie Ihr Budget vor der Behandlung festlegen.  <\/p>\n<p>Daher variieren die Preise f\u00fcr <strong>eine Mesotherapiebehandlung<\/strong> je nach Art der Anwendung, der Anzahl der Sitzungen und der Wahl des Spezialisten. Es ist die beste Wahl, sich vor Beginn der Behandlung ausf\u00fchrlich zu informieren und nach der Untersuchung klare Informationen \u00fcber den Preis zu erhalten. Vergessen Sie nicht, dass Ihre Gesundheit wichtiger ist als alles andere und dass Sie nach vern\u00fcnftigen Preisen suchen m\u00fcssen, um eine qualitativ hochwertige Dienstleistung zu erhalten.  <\/p>\n<h2>Nebenwirkungen der Mesotherapie-Behandlung<\/h2>\n<p>Die <strong>Mesotherapie<\/strong> ist eine effektive \u00e4sthetische Anwendung, bei der verschiedene Vitamine, Mineralien und Medikamente unter die Haut injiziert werden. Obwohl diese Behandlung viele Vorteile bietet, hat sie auch einige Nebenwirkungen. Hier erfahren Sie, was Sie \u00fcber die <strong>Nebenwirkungen der Mesotherapie-Behandlung<\/strong> wissen m\u00fcssen:  <\/p>\n<h3>H\u00e4ufige Nebenwirkungen<\/h3>\n<p>Im Folgenden finden Sie die Nebenwirkungen, die w\u00e4hrend und nach Mesotherapie-Anwendungen h\u00e4ufig auftreten:<\/p>\n<figure class=\"table\">\n<table>\n<thead>\n<tr>\n<th><strong>Nebeneffekt<\/strong><\/th>\n<th><strong>Beschreibung<\/strong><\/th>\n<\/tr>\n<\/thead>\n<tbody>\n<tr>\n<td><strong>R\u00f6tung<\/strong><\/td>\n<td>Im Bereich der Anwendung kann eine leichte R\u00f6tung auftreten.<\/td>\n<\/tr>\n<tr>\n<td><strong>Schwellung<\/strong><\/td>\n<td>Eine minimale Schwellung an der Injektionsstelle ist normal.<\/td>\n<\/tr>\n<tr>\n<td><strong>Agri<\/strong><\/td>\n<td>Nach der Anwendung kann ein leichter Schmerz auftreten.<\/td>\n<\/tr>\n<tr>\n<td><strong>Juckreiz<\/strong><\/td>\n<td>Bei manchen Menschen kann Juckreiz auftreten.<\/td>\n<\/tr>\n<tr>\n<td><strong>Bluterg\u00fcsse<\/strong><\/td>\n<td>An den Injektionsstellen k\u00f6nnen Bluterg\u00fcsse auftreten.<\/td>\n<\/tr>\n<\/tbody>\n<\/table>\n<\/figure>\n<h3>Seltene beobachtete Nebenwirkungen<\/h3>\n<p>In seltenen F\u00e4llen k\u00f6nnen auch schwerwiegendere Nebenwirkungen auftreten. Dazu geh\u00f6ren: <\/p>\n<p><strong>Allergische Reaktionen<\/strong>: Schwere allergische Reaktionen k\u00f6nnen bei Menschen auftreten, die empfindlich auf die verwendeten Substanzen reagieren. In solchen F\u00e4llen sollte sofort ein Spezialist konsultiert werden. <\/p>\n<p><strong>Infektion<\/strong> Obwohl selten, besteht das Risiko einer Infektion nach der Verabreichung. Die Hygienebedingungen m\u00fcssen eingehalten werden. <\/p>\n<p><strong>Intraven\u00f6se Injektion<\/strong>: Es kann zu schwerwiegenden Komplikationen kommen, wenn Substanzen aufgrund einer falschen Verabreichung in die Vene gelangen.<\/p>\n<h3>Pr\u00e4vention von Nebenwirkungen<\/h3>\n<p>Obwohl die Nebenwirkungen der Mesotherapie-Behandlung in der Regel gering sind, k\u00f6nnen Sie diese Auswirkungen durch einige Vorsichtsma\u00dfnahmen minimieren:<\/p>\n<p><strong>Anwendung durch Expertenhand<\/strong>: Vor der Behandlung sollten Sie einen Fachmann Ihres Vertrauens konsultieren. Die Anwendung durch einen geschulten Fachmann verringert m\u00f6gliche Komplikationen. <\/p>\n<p><strong>Hygiene<\/strong>: Die Sterilit\u00e4t der Anwendungsstelle reduziert das Infektionsrisiko erheblich.<\/p>\n<p><strong>Beratung<\/strong> Detaillierte Informationen \u00fcber den Gesundheitszustand und Allergietests auf die verwendeten Substanzen sollten im Voraus zur Verf\u00fcgung gestellt werden.<\/p>\n<p>Obwohl <strong>die Mesotherapie-Behandlung<\/strong> f\u00fcr viele Menschen von Vorteil ist, hat sie daher auch einige Nebenwirkungen. Aus diesem Grund ist es \u00e4u\u00dferst wichtig, vor der Behandlung alle M\u00f6glichkeiten zu pr\u00fcfen und eine Expertenmeinung einzuholen. Die Symptome, die nach der Anwendung im K\u00f6rper auftreten, sollten sorgf\u00e4ltig \u00fcberwacht werden und bei Bedarf sollte professionelle Hilfe in Anspruch genommen werden.  <\/p>\n<h2>Anwendungsgebiete der Mesotherapie<\/h2>\n<p>Die <strong>Mesotherapie<\/strong> ist eine Anwendung, bei der Vitamine, Mineralien, Aminos\u00e4uren und andere n\u00fctzliche Komponenten unter die Haut injiziert werden. Obwohl sie im Allgemeinen f\u00fcr \u00e4sthetische Zwecke bevorzugt wird, wird sie auch bei der Behandlung verschiedener gesundheitlicher Probleme eingesetzt. Hier sind die Bereiche, in denen die Mesotherapie am h\u00e4ufigsten angewendet wird:  <\/p>\n<figure class=\"table\">\n<table>\n<thead>\n<tr>\n<th>Anwendungsbereich<\/th>\n<th>Beschreibung<\/th>\n<\/tr>\n<\/thead>\n<tbody>\n<tr>\n<td>Erneuerung der Haut<\/td>\n<td>Es wird verwendet, um die Elastizit\u00e4t der Haut zu erh\u00f6hen und die Zeichen der Hautalterung zu reduzieren.<\/td>\n<\/tr>\n<tr>\n<td>Haarausfall<\/td>\n<td>Die Mesotherapie, die an den Haarfollikeln angewendet wird, soll das Haar st\u00e4rken und Haarausfall verhindern.<\/td>\n<\/tr>\n<tr>\n<td>Cellulite-Behandlung<\/td>\n<td>Spezielle L\u00f6sungen, die in die Haut injiziert werden, werden verwendet, um das Erscheinungsbild von Cellulite zu reduzieren.<\/td>\n<\/tr>\n<tr>\n<td>Heilende Wunden<\/td>\n<td>Mesotherapie unter der Haut unterst\u00fctzt die schnellere Heilung von Wunden.<\/td>\n<\/tr>\n<tr>\n<td>Gewichtskontrolle<\/td>\n<td>Es wird mit speziellen Formulierungen angewendet, um regionale Schmierprobleme zu reduzieren.<\/td>\n<\/tr>\n<\/tbody>\n<\/table>\n<\/figure>\n<p>Diese Anwendungsbereiche der Mesotherapie bieten verschiedene Vorteile in Bezug auf Gesundheit und \u00c4sthetik. Insbesondere die Frage, <strong>was eine Mesotherapiebehandlung bewirkt<\/strong>, variiert je nach den Bed\u00fcrfnissen des Einzelnen. Bei Programmen zur Hauterneuerung werden beispielsweise feine Linien und Falten reduziert, w\u00e4hrend bei Problemen mit Haarausfall die Haarfollikel gen\u00e4hrt und gest\u00e4rkt werden sollen.  <\/p>\n<p>Au\u00dferdem variieren die <strong>Preise f\u00fcr eine Mesotherapiebehandlung<\/strong> je nach Art der Anwendung, den verwendeten Substanzen und der Anzahl der Sitzungen. Aus diesem Grund w\u00e4re es sinnvoll, online zu recherchieren oder einen spezialisierten Dermatologen zu konsultieren. <\/p>\n<p>Es sollte nicht vergessen werden, dass die <strong>Mesotherapie-Behandlung<\/strong> wie jede medizinische Anwendung auch <strong>Nebenwirkungen<\/strong> haben kann. Aus diesem Grund ist es wichtig, zu Beginn des Prozesses eine ausf\u00fchrliche Bewertung durch einen Facharzt vorzunehmen. Um die Nebenwirkungen zu minimieren und die besten Ergebnisse zu erzielen, ist eine genaue Bewertung erforderlich.  <\/p>\n<p>Daher sind die Anwendungsbereiche der Mesotherapie sehr vielf\u00e4ltig und jeder Bereich bietet andere Ziele und Ergebnisse. So k\u00f6nnen spezielle Behandlungsmethoden f\u00fcr individuelle Bed\u00fcrfnisse geschaffen werden. <\/p>\n<h2>H\u00e4ufig gestellte Fragen<\/h2>\n<h3>Was ist eine Mesotherapie-Behandlung?<\/h3>\n<p>Die Mesotherapie ist eine Behandlungsmethode, bei der verschiedene Wirkstoffe unter die Haut injiziert werden. Sie wird im Allgemeinen zur L\u00f6sung von Problemen wie Hauterneuerung, Cellulite-Behandlung, Gewichtskontrolle und Haarausfall eingesetzt. Dieses Verfahren zielt darauf ab, die regionale Schlankheit und die Blutzirkulation zu erh\u00f6hen, indem direkt in das Gewebe unter der Haut eingegriffen wird. Die bei dem Verfahren verwendeten Substanzen enthalten in der Regel Vitamine, Mineralsalze und Aminos\u00e4uren.   <\/p>\n<h3>Tut eine Mesotherapie-Behandlung weh?<\/h3>\n<p>W\u00e4hrend der Mesotherapie-Behandlung k\u00f6nnen Patienten im Allgemeinen ein leichtes Unbehagen versp\u00fcren. Dieses Unbehagen kann jedoch durch die Verwendung von Cremes zur \u00f6rtlichen Bet\u00e4ubung vor der Anwendung minimiert werden. Das stechende Gef\u00fchl auf der Haut w\u00e4hrend der Injektionen ist normalerweise von kurzer Dauer und ertr\u00e4glich. Da jedoch jeder Patient eine andere Schmerzgrenze hat, k\u00f6nnen manche Menschen mehr Unbehagen empfinden.   <\/p>\n<h3>Gibt es Nebenwirkungen der Mesotherapie-Behandlung?<\/h3>\n<p>Die Nebenwirkungen der Mesotherapie-Behandlung sind in der Regel vor\u00fcbergehend und leicht. Zu den h\u00e4ufigsten Nebenwirkungen geh\u00f6ren R\u00f6tungen, Schwellungen oder Bluterg\u00fcsse an der Injektionsstelle. Diese Nebenwirkungen klingen in der Regel innerhalb weniger Tage spontan ab. In sehr seltenen F\u00e4llen k\u00f6nnen jedoch schwerwiegendere Nebenwirkungen wie allergische Reaktionen oder Infektionen auftreten. In solchen F\u00e4llen wird dringend empfohlen, einen Spezialisten aufzusuchen.    <\/p>\n<h3>Wie lange dauert eine Mesotherapie-Behandlung?<\/h3>\n<p>Die Mesotherapie-Behandlung dauert in der Regel zwischen 15 und 20 Minuten. Die Anwendungssitzungen werden je nach Zustand des Patienten und dem Zweck der Behandlung festgelegt. In der Regel werden 4 bis 6 Sitzungen empfohlen, die einmal pro Woche oder einmal alle zwei Wochen durchgef\u00fchrt werden. Nach der Behandlung k\u00f6nnen Pflegesitzungen geplant werden, wenn dies je nach Hautstruktur und Behandlungsziel des Patienten f\u00fcr notwendig erachtet wird.   <\/p>\n<\/div><\/div><\/div><\/div><\/div><\/div><\/section><section class=\"l-section wpb_row us_custom_315b8835 height_medium color_footer-bottom\"><div class=\"l-section-h i-cf\"><div class=\"g-cols vc_row via_grid cols_1 laptops-cols_inherit tablets-cols_inherit mobiles-cols_1 valign_middle type_default stacking_default\"><div class=\"wpb_column vc_column_container\"><div class=\"vc_column-inner\"><div class=\"g-cols wpb_row us_custom_ee246b62 has_text_color via_grid cols_2 laptops-cols_inherit tablets-cols_1 mobiles-cols_1 valign_middle type_default stacking_default\" style=\"--columns-gap:0rem;\"><div class=\"wpb_column vc_column_container us_custom_2c279b99\"><div class=\"vc_column-inner\"><div class=\"w-text us_custom_a5df9810 has_text_color\"><span class=\"w-text-h\"><span class=\"w-text-value\">Erhalten Sie jetzt Informationen und Unterst\u00fctzung<\/span><\/span><\/div><h2 class=\"w-text\"><span class=\"w-text-h\"><span class=\"w-text-value\">Fordern Sie eine kostenlose Beratung an.<\/span><\/span><\/h2><\/div><\/div><div class=\"wpb_column vc_column_container us_custom_16154244\"><div class=\"vc_column-inner\"><div class=\"w-btn-wrapper default_align_right laptops_align_right tablets_align_left mobiles_align_left\"><a class=\"w-btn us-btn-style_2 us_custom_b4198c51\" href=\"https:\/\/www.elevenestetik.com\/de\/kontakt\/\"><span class=\"w-btn-label\">Einen Termin erstellen<\/span><\/a><\/div><\/div><\/div><\/div><\/div><\/div><\/div><\/div><\/section>\n","protected":false},"excerpt":{"rendered":"MesotherapieDauer des KrankenhausaufenthaltsKein Krankenhausaufenthalt Operation Dauer15 - 20 Minuten An\u00e4sthesie TypKeine An\u00e4sthesie wird verwendet Prozess der WiederherstellungEs gibt keinen Heilungsprozess Kontaktieren Sie uns f\u00fcr weitere Informationen.Schreiben Sie auf WhatsAppDie Mesotherapie-Behandlung ist eine wirksame Methode, die in den letzten Jahren im Bereich der \u00c4sthetik und Gesundheit popul\u00e4r geworden ist. Was also ist Mesotherapie und was bewirkt...","protected":false},"author":1,"featured_media":3749,"parent":0,"menu_order":0,"comment_status":"closed","ping_status":"closed","template":"","meta":{"rank_math_focus_keyword":"Mesotherapie","rank_math_description":"Die Mesotherapie-Behandlung bietet wirksame L\u00f6sungen f\u00fcr Hautprobleme. Entdecken Sie die Vorteile, Preise und Nebenwirkungen. ","footnotes":""},"class_list":["post-5571","page","type-page","status-publish","has-post-thumbnail","hentry"],"_links":{"self":[{"href":"https:\/\/www.elevenestetik.com\/de\/wp-json\/wp\/v2\/pages\/5571","targetHints":{"allow":["GET"]}}],"collection":[{"href":"https:\/\/www.elevenestetik.com\/de\/wp-json\/wp\/v2\/pages"}],"about":[{"href":"https:\/\/www.elevenestetik.com\/de\/wp-json\/wp\/v2\/types\/page"}],"author":[{"embeddable":true,"href":"https:\/\/www.elevenestetik.com\/de\/wp-json\/wp\/v2\/users\/1"}],"replies":[{"embeddable":true,"href":"https:\/\/www.elevenestetik.com\/de\/wp-json\/wp\/v2\/comments?post=5571"}],"version-history":[{"count":2,"href":"https:\/\/www.elevenestetik.com\/de\/wp-json\/wp\/v2\/pages\/5571\/revisions"}],"predecessor-version":[{"id":5576,"href":"https:\/\/www.elevenestetik.com\/de\/wp-json\/wp\/v2\/pages\/5571\/revisions\/5576"}],"wp:featuredmedia":[{"embeddable":true,"href":"https:\/\/www.elevenestetik.com\/de\/wp-json\/wp\/v2\/media\/3749"}],"wp:attachment":[{"href":"https:\/\/www.elevenestetik.com\/de\/wp-json\/wp\/v2\/media?parent=5571"}],"curies":[{"name":"wp","href":"https:\/\/api.w.org\/{rel}","templated":true}]}}