{"id":5494,"date":"2026-01-26T09:04:42","date_gmt":"2026-01-26T06:04:42","guid":{"rendered":"https:\/\/www.elevenestetik.com\/magensonde\/"},"modified":"2026-01-26T09:06:46","modified_gmt":"2026-01-26T06:06:46","slug":"magensonde","status":"publish","type":"page","link":"https:\/\/www.elevenestetik.com\/de\/magensonde\/","title":{"rendered":"Magensonde"},"content":{"rendered":"<section class=\"l-section wpb_row us_custom_4e2a4f93 height_large\"><div class=\"l-section-h i-cf\"><div class=\"g-cols vc_row via_grid cols_1 laptops-cols_inherit tablets-cols_inherit mobiles-cols_1 valign_top type_default stacking_default\"><div class=\"wpb_column vc_column_container\"><div class=\"vc_column-inner\"><h1 class=\"w-text us_custom_28784076 has_text_color\"><span class=\"w-text-h\"><span class=\"w-text-value\">Magensonde<\/span><\/span><\/h1><\/div><\/div><\/div><\/div><\/section><section class=\"l-section wpb_row us_custom_6179e1d8 height_large width_full\"><div class=\"l-section-h i-cf\"><div class=\"g-cols vc_row via_grid cols_1 laptops-cols_inherit tablets-cols_inherit mobiles-cols_1 valign_top type_default stacking_default\"><div class=\"wpb_column vc_column_container\"><div class=\"vc_column-inner\"><div class=\"g-cols wpb_row via_grid cols_2 laptops-cols_inherit tablets-cols_inherit mobiles-cols_1 valign_top type_default stacking_default\" style=\"--columns-gap:2rem;\"><div class=\"wpb_column vc_column_container\"><div class=\"vc_column-inner\"><div class=\"w-image us_custom_9cf479d2 align_none\"><div class=\"w-image-h\"><img decoding=\"async\" width=\"1024\" height=\"568\" src=\"https:\/\/www.elevenestetik.com\/wp-content\/uploads\/2024\/02\/TUP-MIDE.jpg\" class=\"attachment-large size-large\" alt=\"\" loading=\"lazy\" srcset=\"https:\/\/www.elevenestetik.com\/wp-content\/uploads\/2024\/02\/TUP-MIDE.jpg 1024w, https:\/\/www.elevenestetik.com\/wp-content\/uploads\/2024\/02\/TUP-MIDE-300x166.jpg 300w\" sizes=\"auto, (max-width: 1024px) 100vw, 1024px\"><\/div><\/div><\/div><\/div><div class=\"wpb_column vc_column_container us_custom_29737451\"><div class=\"vc_column-inner\"><div class=\"w-hwrapper us_custom_147c3537 valign_top stack_on_mobiles align_center\" style=\"--hwrapper-gap:3rem\"><div class=\"w-iconbox us_custom_f9f315b4 has_text_color iconpos_top style_default color_primary align_center\"><div class=\"w-iconbox-icon\" style=\"font-size:2rem;\"><i class=\"fas fa-hospital\"><\/i><\/div><div class=\"w-iconbox-meta\"><p class=\"w-iconbox-title\">Dauer des Krankenhausaufenthalts<\/p><div class=\"w-iconbox-text\"><p>2 Tage<\/p>\n<\/div><\/div><\/div><div class=\"w-iconbox us_custom_f9f315b4 has_text_color iconpos_top style_default color_primary align_center\"><div class=\"w-iconbox-icon\" style=\"font-size:2rem;\"><i class=\"fas fa-clock\"><\/i><\/div><div class=\"w-iconbox-meta\"><p class=\"w-iconbox-title\">Operation Dauer<\/p><div class=\"w-iconbox-text\"><p>1 &#8211; 2 Stunden<\/p>\n<\/div><\/div><\/div><div class=\"w-iconbox us_custom_f9f315b4 has_text_color iconpos_top style_default color_primary align_center\"><div class=\"w-iconbox-icon\" style=\"font-size:2rem;\"><i class=\"fas fa-stethoscope\"><\/i><\/div><div class=\"w-iconbox-meta\"><p class=\"w-iconbox-title\">An\u00e4sthesie Typ<\/p><div class=\"w-iconbox-text\"><p>Allgemeine An\u00e4sthesie<\/p>\n<\/div><\/div><\/div><div class=\"w-iconbox us_custom_f9f315b4 has_text_color iconpos_top style_default color_primary align_center\"><div class=\"w-iconbox-icon\" style=\"font-size:2rem;\"><i class=\"fas fa-hands-heart\"><\/i><\/div><div class=\"w-iconbox-meta\"><p class=\"w-iconbox-title\">Prozess der Wiederherstellung<\/p><div class=\"w-iconbox-text\"><p>2 &#8211; 3 Wochen<\/p>\n<\/div><\/div><\/div><\/div><h6 class=\"w-text us_custom_d0e1c2ad\"><span class=\"w-text-h\"><span class=\"w-text-value\">Kontaktieren Sie uns f\u00fcr weitere Informationen.<\/span><\/span><\/h6><div class=\"w-btn-wrapper align_center\"><a class=\"w-btn us-btn-style_1\" href=\"https:\/\/wa.me\/+905011552511\" target=\"_blank\" rel=\"noopener\"><span class=\"w-btn-label\">Schreiben Sie auf WhatsApp<\/span><\/a><\/div><\/div><\/div><\/div><\/div><\/div><\/div><\/div><\/section><section class=\"l-section wpb_row us_custom_ddf21fbc height_large\"><div class=\"l-section-h i-cf\"><div class=\"g-cols vc_row via_grid cols_1 laptops-cols_inherit tablets-cols_inherit mobiles-cols_1 valign_top type_default stacking_default\"><div class=\"wpb_column vc_column_container\"><div class=\"vc_column-inner\"><div class=\"wpb_text_column\"><div class=\"wpb_wrapper\"><p>Die Gastro-Sleeve-Gastrektomie ist eine h\u00e4ufig bevorzugte chirurgische Methode bei der Behandlung von Fettleibigkeit. Bevor wir auf die Einzelheiten dieser Methode eingehen, ist es wichtig zu verstehen, was Sie w\u00e4hrend und nach der <strong>Gastric Sleeve Operation<\/strong> erwartet. Insbesondere finanzielle \u00dcberlegungen wie die <strong>Preise f\u00fcr die Magenmanschette<\/strong> und der Versicherungsschutz k\u00f6nnen Ihre Gesundheitsentscheidungen beeinflussen. Dar\u00fcber hinaus sind die Umstellung der <strong>Ern\u00e4hrung<\/strong> und des Lebensstils <strong>nach der Sleeve-Gastrektomie<\/strong> entscheidend f\u00fcr eine erfolgreiche Genesung. In diesem Artikel m\u00f6chten wir Sie umfassend \u00fcber die Magen-Sleeve-Operation informieren, indem wir all diese Themen ansprechen.    <\/p>\n<h2>Was ist die Gastric Sleeve Gastrectomy?<\/h2>\n<p>Die <strong>Sleeve-Gastrektomie<\/strong> ist ein chirurgischer Eingriff, der zur Behandlung von Fettleibigkeit durchgef\u00fchrt wird. Bei diesem Eingriff wird ein gro\u00dfer Teil des Magens entfernt und der Magen in Form eines Schlauches rekonstruiert. Dadurch wird die Esskapazit\u00e4t des Patienten reduziert, w\u00e4hrend gleichzeitig sein Appetit kontrolliert wird. Die wissenschaftlichen Verfahren, die hinter diesen Ver\u00e4nderungen stehen, sind sehr effektiv im Kampf gegen Fettleibigkeit.   <\/p>\n<p>Der Hauptzweck der Operation besteht darin, Patienten dabei zu unterst\u00fctzen, auf schnelle und gesunde Weise Gewicht zu verlieren. Bevor Sie sich f\u00fcr eine Sleeve-Gastrektomie entscheiden, sollten viele Faktoren ber\u00fccksichtigt werden. Die wichtigste Phase ist der allgemeine Gesundheitszustand der Person und das Vorhandensein von mit Fettleibigkeit verbundenen Gesundheitsproblemen.  <\/p>\n<h3>Merkmale der Gastric Sleeve Gastrectomy<\/h3>\n<figure class=\"table\">\n<table>\n<thead>\n<tr>\n<th>Eigenschaften<\/th>\n<th>Beschreibung<\/th>\n<\/tr>\n<\/thead>\n<tbody>\n<tr>\n<td><strong>Dauer der Operation<\/strong><\/td>\n<td>Sie dauert in der Regel zwischen 1,5 und 3 Stunden.<\/td>\n<\/tr>\n<tr>\n<td><strong>Dauer des Krankenhausaufenthalts<\/strong><\/td>\n<td>In der Regel wird ein Krankenhausaufenthalt von 2-3 Tagen nach der Operation empfohlen.<\/td>\n<\/tr>\n<tr>\n<td><strong>Genesungsprozess<\/strong><\/td>\n<td>Sie k\u00f6nnen innerhalb von 1-2 Wochen nach dem Eingriff zu normalen Aktivit\u00e4ten zur\u00fcckkehren.<\/td>\n<\/tr>\n<tr>\n<td><strong>Potenzial zur Gewichtsabnahme<\/strong><\/td>\n<td>Im ersten Jahr kann ein Gewichtsverlust von 60-80% erreicht werden.<\/td>\n<\/tr>\n<\/tbody>\n<\/table>\n<\/figure>\n<p>Die schlauchf\u00f6rmige Rekonstruktion des Magens erm\u00f6glicht es dem Patienten, mit weniger Nahrung ges\u00e4ttigt zu werden. Diese Situation reduziert sowohl die aufgenommene Kalorienmenge als auch die Gewichtsabnahme des Patienten, indem sie die Stoffwechselrate beeinflusst. Es ist notwendig, vor und nach der Operation geeignete Di\u00e4tpl\u00e4ne anzuwenden und unter der Anleitung von Spezialisten f\u00fcr die <strong>Ern\u00e4hrung nach der Sleeve-Gastrektomie<\/strong> zu gestalten.  <\/p>\n<p>Diese Methode erfordert nicht nur eine k\u00f6rperliche Umstellung, sondern auch eine radikale \u00c4nderung der Lebensweise. Die postoperative Di\u00e4t beinhaltet die Einf\u00fchrung gesunder Essgewohnheiten, was den langfristigen Erfolg erh\u00f6ht. Die Kombination all dieser Faktoren schafft einen effektiven Prozess, der die Lebensqualit\u00e4t der Patienten verbessert.  <\/p>\n<p>Daher ist die <strong>Sleeve-Gastrektomie<\/strong> eine wichtige Option, um eine dauerhafte und gesunde Gewichtsabnahme zu erreichen, vor allem, wenn sie durch die richtigen Behandlungsmethoden unterst\u00fctzt wird, indem sie eine neue T\u00fcr im Kampf gegen Fettleibigkeit \u00f6ffnet.<\/p>\n<h2><img loading=\"lazy\" decoding=\"async\" src=\"https:\/\/www.elevenestetik.com\/wp-content\/uploads\/2024\/02\/Tup-Mide-Ameliyati-Nasil-Yapilir.jpg\" alt=\"\" width=\"1920\" height=\"1080\"><\/h2>\n<h2>Prozess der Magenh\u00fclsen-Gastrektomie<\/h2>\n<p>Die <strong>Sleeve-Gastrektomie<\/strong> ist eine der am h\u00e4ufigsten bevorzugten chirurgischen Methoden bei der Behandlung von Fettleibigkeit. Der Ablauf dieser Operation kann je nach dem Gesundheitszustand des Patienten und den Empfehlungen des Arztes variieren. Im Allgemeinen besteht der Operationsprozess jedoch aus mehreren Schritten. Schauen wir uns die folgende Tabelle an, um diese Phasen besser zu verstehen:   <\/p>\n<figure class=\"table\">\n<table>\n<thead>\n<tr>\n<th>Phase<\/th>\n<th>Beschreibung<\/th>\n<\/tr>\n<\/thead>\n<tbody>\n<tr>\n<td>1. vorl\u00e4ufige Bewertung<\/td>\n<td>Der allgemeine Gesundheitszustand des Patienten und seine Adipositas-Anamnese werden eingehend untersucht.<\/td>\n<\/tr>\n<tr>\n<td>2. Operationstag<\/td>\n<td>Der Patient wird an dem vom Chirurgen festgelegten Tag in das Krankenhaus eingeliefert und es werden gegebenenfalls Vorbereitungen getroffen.<\/td>\n<\/tr>\n<tr>\n<td>3. die Operation<\/td>\n<td>Die Operation der Magenmanschette unter Vollnarkose wird normalerweise laparoskopisch durchgef\u00fchrt.<\/td>\n<\/tr>\n<tr>\n<td>4. der Genesungsprozess<\/td>\n<td>Der postoperative Krankenhausaufenthalt liegt in der Regel zwischen 1-3 Tagen.<\/td>\n<\/tr>\n<tr>\n<td>5. nach der Entlassung<\/td>\n<td>Die Patienten sollten das vom Arzt empfohlene Di\u00e4tprogramm und die Folgetermine einhalten.<\/td>\n<\/tr>\n<\/tbody>\n<\/table>\n<\/figure>\n<p>Einer der wichtigsten Punkte, auf die Patienten vor der Operation achten sollten, ist ein ausf\u00fchrliches Gespr\u00e4ch mit dem Arzt. Bei diesem Gespr\u00e4ch ist es wichtig, dass die Patienten alle Fragen zur Operation klar und deutlich stellen. Dar\u00fcber hinaus wird mit einigen Gesundheitsscans und Untersuchungen festgestellt, ob der Patient f\u00fcr diesen Eingriff geeignet ist.  <\/p>\n<p>Die Operation selbst dauert etwa 1-2 Stunden. Der Chirurg entfernt einen gro\u00dfen Teil des Magens, so dass dieser in eine kleinere schlauchf\u00f6rmige Struktur umgewandelt werden kann. Nach diesem Eingriff ist die Menge der Nahrung, die der Patient zu sich nehmen muss, deutlich reduziert. So kann der Gewichtsverlust der Patienten schneller realisiert werden.   <\/p>\n<p><strong>Die Ern\u00e4hrung nach einer Sleeve-Gastrektomie<\/strong> sollte sorgf\u00e4ltig geplant werden. Das Di\u00e4tprogramm, das die Patienten nach der Operation einhalten, ist entscheidend f\u00fcr den Erfolg. In den ersten Tagen beginnt das Di\u00e4tprogramm mit fl\u00fcssiger Nahrung und geht allm\u00e4hlich zu fester Nahrung \u00fcber. W\u00e4hrend dieses \u00dcbergangsprozesses sollten die Patienten viel Wasser zu sich nehmen und die Portionen kontrollieren.   <\/p>\n<p>Daher ist der Prozess der <strong>Sleeve-Gastrektomie-Operation<\/strong> von gro\u00dfer Bedeutung f\u00fcr die Gesundheit der Patienten. Es ist m\u00f6glich, ein erfolgreiches Ergebnis zu erzielen, wenn alle Schritte ber\u00fccksichtigt und die Empfehlungen des Arztes befolgt werden. <\/p>\n<h2><img loading=\"lazy\" decoding=\"async\" src=\"https:\/\/www.elevenestetik.com\/wp-content\/uploads\/2024\/02\/Tup-Mide-Ameliyati-Sonrasinda-Dikkat-Edilmesi-Gerekenler.jpg\" alt=\"\" width=\"1920\" height=\"1080\"><\/h2>\n<h2>Preise und Versicherungsschutz f\u00fcr den Schlauchmagen<\/h2>\n<p>Die <strong>Operation der Sleeve-Gastrektomie<\/strong> ist zu einer der beliebtesten Methoden in der Adipositasbehandlung geworden. Einer der wichtigsten Schritte bei diesem Verfahren sind jedoch die Kosten. Die <strong>Preise f\u00fcr die Magenmanschette<\/strong> variieren je nach Standort des Krankenhauses, der Erfahrung des Chirurgen, der Stadt, in der die Operation durchgef\u00fchrt wird, und der Krankenhauspolitik. <\/p>\n<h3>Gastric Sleeve Gastrectomy Preisspanne<\/h3>\n<p>Nachstehend finden Sie eine Tabelle mit der Preisspanne f\u00fcr die Sleeve-Gastrektomie:<\/p>\n<figure class=\"table\">\n<table>\n<thead>\n<tr>\n<th>Krankenhaus Typ<\/th>\n<th>Preisspanne (TL)<\/th>\n<\/tr>\n<\/thead>\n<tbody>\n<tr>\n<td>Private Krankenh\u00e4user<\/td>\n<td>Angebot anfordern<\/td>\n<\/tr>\n<tr>\n<td>Staatliche Krankenh\u00e4user<\/td>\n<td>Angebot anfordern<\/td>\n<\/tr>\n<\/tbody>\n<\/table>\n<\/figure>\n<p>Wie Sie sehen, ist die <strong>Operation der Sleeve-Gastrektomie<\/strong> in privaten Krankenh\u00e4usern in der Regel mit h\u00f6heren Kosten verbunden. Es ist jedoch auch m\u00f6glich, sich in staatlichen Krankenh\u00e4usern zu g\u00fcnstigeren Preisen operieren zu lassen. Allerdings kann die Wartezeit in \u00f6ffentlichen Krankenh\u00e4usern l\u00e4nger sein und es kann schwierig sein, einen Termin zu bekommen.  <\/p>\n<h3>Versicherungsschutz<\/h3>\n<p>Ein weiterer wichtiger Faktor, der sich auf die Kosten der Sleeve-Gastrektomie auswirkt, ist der Krankenversicherungsschutz. Die meisten privaten Krankenversicherungen k\u00f6nnen die Kosten f\u00fcr eine <strong>Sleeve-Gastrektomie<\/strong> zur Behandlung von Adipositas \u00fcbernehmen. Dies ist jedoch je nach Versicherung unterschiedlich.  <\/p>\n<p><strong>Von der Versicherung abgedeckte F\u00e4lle:<\/strong><\/p>\n<ul>\n<li>Patienten mit einem Body Mass Index (BMI) von 40 und mehr<\/li>\n<li>Patienten mit einem BMI von mehr als 35 und fettleibigkeitsbedingten Gesundheitsproblemen<\/li>\n<\/ul>\n<p><strong>Bedingungen, die nicht von der Versicherung abgedeckt werden:<\/strong><\/p>\n<ul>\n<li>Anfragen f\u00fcr \u00e4sthetische Eingriffe nach einer Operation<\/li>\n<li>Personen, die eine Sleeve-Gastrektomie aus anderen medizinischen Gr\u00fcnden w\u00fcnschen<\/li>\n<\/ul>\n<p>Es ist sehr wichtig, dass Sie sich im Voraus mit Ihrer Versicherung in Verbindung setzen und den Umfang der Operation abkl\u00e4ren. Dar\u00fcber hinaus bieten viele Krankenh\u00e4user Beratungsdienste an, um den Patienten die versicherungsrelevanten Vorg\u00e4nge zu erleichtern. <\/p>\n<h3>Fazit<\/h3>\n<p>Kurz gesagt, die <strong>Preise f\u00fcr die Magenmanschette<\/strong> und der Versicherungsschutz spielen eine wichtige Rolle bei der Entscheidungsfindung der Patienten. Eine sorgf\u00e4ltige Recherche w\u00e4hrend des Operationsprozesses wird Ihnen helfen, sowohl Ihre Kosten zu optimieren als auch die am besten geeignete Gesundheitsleistung zu erhalten. Es sollte nicht vergessen werden, dass solche Entscheidungen in Absprache mit einem Facharzt getroffen werden sollten.  <\/p>\n<h2>\u00c4nderungen der Ern\u00e4hrung und des Lebensstils nach der Gastric Sleeve Gastrectomy<\/h2>\n<p>Nach der Sleeve-Gastrektomie m\u00fcssen die Patienten ein bestimmtes Di\u00e4tprogramm einhalten, um ihr Leben weiterf\u00fchren zu k\u00f6nnen. Dieser Prozess spielt eine \u00e4u\u00dferst wichtige Rolle, sowohl um den Erfolg der Operation zu steigern als auch um gesundheitliche Probleme zu vermeiden. Die wichtigsten Punkte, die in der postoperativen Phase zu beachten sind, und die empfohlenen Di\u00e4tvorschriften lauten wie folgt:  <\/p>\n<h3>1. achten Sie auf die Fl\u00fcssigkeitszufuhr<\/h3>\n<p>In den ersten Wochen nach der Operation sollten Sie sich auf die Fl\u00fcssigkeitszufuhr konzentrieren, bevor Sie mit der Aufnahme fester Nahrung beginnen. Wenn Sie in den ersten 1-2 Wochen nur fl\u00fcssige Nahrung zu sich nehmen, hilft dies, das Magenvolumen zu reorganisieren. Empfohlene fl\u00fcssige Nahrungsmittel w\u00e4hrend dieser Zeit:  <\/p>\n<figure class=\"table\">\n<table>\n<thead>\n<tr>\n<th>Fl\u00fcssige Nahrungsmittel<\/th>\n<th>Empfohlene Menge<\/th>\n<\/tr>\n<\/thead>\n<tbody>\n<tr>\n<td>Wasser<\/td>\n<td>2-3 Liter pro Tag<\/td>\n<\/tr>\n<tr>\n<td>Gem\u00fcsesuppe<\/td>\n<td>2-3 Tassen pro Tag<\/td>\n<\/tr>\n<tr>\n<td>Proteinshake<\/td>\n<td>1-2 Mal t\u00e4glich<\/td>\n<\/tr>\n<\/tbody>\n<\/table>\n<\/figure>\n<h3>2. langsame und kleine H\u00e4ppchen<\/h3>\n<p>Die Essgewohnheiten sollten nach der Operation ge\u00e4ndert werden. Kleine Bissen zu nehmen, schnelles Essen zu vermeiden und jeden Bissen gr\u00fcndlich zu kauen, unterst\u00fctzt die gesunde Funktion des Magensystems. Dar\u00fcber hinaus sorgt diese Methode f\u00fcr ein schnelleres S\u00e4ttigungsgef\u00fchl.  <\/p>\n<h3>3. ausgewogene und nahrhafte Lebensmittel<\/h3>\n<p>Das Di\u00e4tprogramm sollte eine ausgewogene Aufnahme von Eiwei\u00df, Kohlenhydraten und Fetten gew\u00e4hrleisten. Besonders eiwei\u00dfreiche Lebensmittel sollten bevorzugt werden. Im Folgenden finden Sie die empfohlenen Lebensmittelgruppen und Lebensmittelbeispiele:  <\/p>\n<figure class=\"table\">\n<table>\n<thead>\n<tr>\n<th>Lebensmittelgruppe<\/th>\n<th>Muster-Lebensmittel<\/th>\n<\/tr>\n<\/thead>\n<tbody>\n<tr>\n<td>Eiwei\u00df-Quellen<\/td>\n<td>Huhn, Fisch, Joghurt<\/td>\n<\/tr>\n<tr>\n<td>Sp\u00e4rliche Kohlenhydrate<\/td>\n<td>Vollkornprodukte, Gem\u00fcse<\/td>\n<\/tr>\n<tr>\n<td>Gesunde Fette<\/td>\n<td>Oliven\u00f6l, Avocado<\/td>\n<\/tr>\n<\/tbody>\n<\/table>\n<\/figure>\n<h3>4. mehr Bewegung und Aktivit\u00e4t<\/h3>\n<p>Neben der Ern\u00e4hrung ist es auch wichtig, nach der Operation einen aktiven Lebensstil zu pflegen. Regelm\u00e4\u00dfige Bewegung unterst\u00fctzt die Gewichtsabnahme und verbessert die allgemeine Gesundheit. In den ersten 6 Monaten k\u00f6nnen Sie mit leichten Spazierg\u00e4ngen beginnen. Danach k\u00f6nnen Sie allm\u00e4hlich zu z\u00fcgigen Aktivit\u00e4ten \u00fcbergehen.   <\/p>\n<h3>5. kontinuierliche \u00dcberwachung und Unterst\u00fctzung<\/h3>\n<p>Nach der Operation helfen regelm\u00e4\u00dfige \u00e4rztliche Untersuchungen und die Beratung durch einen Ern\u00e4hrungsberater den Betroffenen, sich an die ver\u00e4nderte Ern\u00e4hrung und Lebensweise anzupassen. Es ist sinnvoll, sich professionelle Unterst\u00fctzung zu holen, um die Schwierigkeiten, die dabei auftreten k\u00f6nnen, zu \u00fcberwinden. <\/p>\n<p>Zusammenfassend l\u00e4sst sich sagen, dass eine Umstellung der <strong>Ern\u00e4hrung<\/strong> und des Lebensstils <strong>nach einer Sleeve-Gastrektomie<\/strong> von gro\u00dfer Bedeutung ist, um den Erfolg der Operation zu erhalten. Wenn Patienten diese Empfehlungen ber\u00fccksichtigen und umsetzen, kann sich dies positiv auf ihre physische und psychische Gesundheit auswirken. <\/p>\n<h2>Vorteile und Risiken der Gastric Sleeve Gastrectomy<\/h2>\n<p>Die <strong>Sleeve-Gastrektomie<\/strong> ist eine h\u00e4ufig bevorzugte chirurgische Methode bei der Behandlung von Adipositas. Es ist jedoch wichtig, dass Sie sowohl die Vorteile als auch die Risiken dieses Verfahrens abw\u00e4gen, bevor Sie damit beginnen. In diesem Abschnitt werden wir die Vorteile und m\u00f6glichen Risiken der Sleeve-Gastrektomie im Detail untersuchen.  <\/p>\n<h3>Vorteile der Gastric Sleeve Gastrectomy<\/h3>\n<p><strong>Schneller Gewichtsverlust:<\/strong> Nach der Operation kann es zu einer schnellen Gewichtsabnahme kommen, insbesondere in den ersten 6 Monaten. Das steigert die Motivation und macht es f\u00fcr den Einzelnen einfacher, seine Ziele zu erreichen. <\/p>\n<p><strong>Wirkung auf den Stoffwechsel:<\/strong> Die Anwendung der Gastric Sleeve Gastrectomy hilft bei der Gewichtskontrolle, indem der Stoffwechsel des K\u00f6rpers beschleunigt wird.<\/p>\n<p><strong>Insulinempfindlichkeit:<\/strong> In der postoperativen Phase zeigt sich bei vielen Patienten eine deutliche Verbesserung der Insulinsensitivit\u00e4t. Dies ist sehr wichtig f\u00fcr Personen mit einem Diabetesrisiko. <\/p>\n<p><strong>Verbesserung der Lebensqualit\u00e4t:<\/strong> Eine Gewichtsabnahme f\u00fchrt zu mehr k\u00f6rperlicher Aktivit\u00e4t. Dadurch verbessert sich die Lebensqualit\u00e4t insgesamt. Au\u00dferdem werden Probleme, die mit Fettleibigkeit zusammenh\u00e4ngen (z. B. Herzkrankheiten, Schlafapnoe), verringert.  <\/p>\n<p><strong>Langfristige Ergebnisse:<\/strong> Zusammen mit der richtigen Ern\u00e4hrung und einer Umstellung des Lebensstils k\u00f6nnen die Ergebnisse der Magen-Sleeve-Operation auf lange Sicht dauerhaft sein.<\/p>\n<h3>Risiken der Gastric Sleeve Gastrektomie<\/h3>\n<figure class=\"table\">\n<table>\n<thead>\n<tr>\n<th>Risikofaktor<\/th>\n<th>Beschreibung<\/th>\n<\/tr>\n<\/thead>\n<tbody>\n<tr>\n<td><strong>Chirurgische Komplikationen<\/strong><\/td>\n<td>Wie bei jedem chirurgischen Eingriff k\u00f6nnen Komplikationen wie Infektionen und Blutungen auftreten.<\/td>\n<\/tr>\n<tr>\n<td><strong>Ern\u00e4hrungsbedingte Defizite<\/strong><\/td>\n<td>Vitamin- und Mineralstoffmangel kann als Folge von Unterern\u00e4hrung nach der Operation auftreten.<\/td>\n<\/tr>\n<tr>\n<td><strong>Psychologische Auswirkungen<\/strong><\/td>\n<td>Nach einer Gewichtsabnahme k\u00f6nnen psychologische Ver\u00e4nderungen auftreten. Dies kann bei einigen Patienten ein Gef\u00fchl der Leere hervorrufen. <\/td>\n<\/tr>\n<tr>\n<td><strong>Gewicht zur\u00fcckgewinnen<\/strong><\/td>\n<td>Wenn die Ern\u00e4hrung und der Lebensstil nach der Operation nicht umgestellt werden, besteht das Risiko einer erneuten Gewichtszunahme.<\/td>\n<\/tr>\n<\/tbody>\n<\/table>\n<\/figure>\n<h3>Fazit<\/h3>\n<p>Die <strong>Operation der Sleeve-Gastrektomie<\/strong> bietet zwar viele Vorteile, birgt aber auch gewisse Risiken. Es ist wichtig, dass die Betroffenen gemeinsam mit ihren \u00c4rzten eine Entscheidung treffen, die sowohl die Vorteile als auch die m\u00f6glichen Gefahren ber\u00fccksichtigt. Mit regelm\u00e4\u00dfiger Nachsorge, geeigneten Di\u00e4tpl\u00e4nen und einer \u00c4nderung des Lebensstils nach der Operation k\u00f6nnen Sie die besten Ergebnisse erzielen.  <\/p>\n<h2>H\u00e4ufig gestellte Fragen<\/h2>\n<h3>Was ist eine Sleeve Gastrectomy Operation?<\/h3>\n<p>Die Sleeve-Gastrektomie ist eine chirurgische Methode, die bei der Behandlung von Fettleibigkeit h\u00e4ufig bevorzugt wird. Bei diesem Verfahren wird der Magen in Form eines Schlauchs verkleinert und sein Volumen reduziert. Dadurch entsteht ein S\u00e4ttigungsgef\u00fchl bei geringerer Nahrungsaufnahme. Die Operation wird laparoskopisch durchgef\u00fchrt und dauert in der Regel 1-2 Stunden. Nach dem Eingriff sollen die Patienten Gewicht verlieren und ihren Gesundheitszustand verbessern.    <\/p>\n<h3>Wer ist f\u00fcr eine Sleeve-Gastrektomie geeignet?<\/h3>\n<p>Die Operation der Sleeve-Gastrektomie eignet sich in der Regel f\u00fcr Personen mit einem Body-Mass-Index (BMI) von 40 und mehr oder f\u00fcr Personen mit einem BMI von 35 und mehr, die gesundheitliche Probleme im Zusammenhang mit Fettleibigkeit haben. Die Situation eines jeden Patienten ist jedoch unterschiedlich. Daher ist eine umfassende Beurteilung und ein ausf\u00fchrliches Gespr\u00e4ch mit dem Arzt vor der Operation wichtig. <\/p>\n<h3>Welche Art von Di\u00e4t sollte nach einer Sleeve-Gastrektomie eingehalten werden?<\/h3>\n<p>Nach einer Sleeve-Gastrektomie wird den Patienten empfohlen, in den ersten Wochen eine Fl\u00fcssignahrung zu sich zu nehmen. Dann wird p\u00fcrierte Nahrung eingef\u00fchrt. Ziel ist es, im Laufe der Zeit wieder feste Nahrung zu sich zu nehmen, aber mit kontrollierten Portionen. Eiwei\u00dfreiche Nahrungsmittel sollten bevorzugt und zucker- und fetthaltige Nahrungsmittel vermieden werden. Es ist wichtig, langfristig eine ausgewogene und gesunde Essgewohnheit zu entwickeln.    <\/p>\n<h3>Was sind die Risiken einer Sleeve-Gastrektomie?<\/h3>\n<p>Es gibt einige potenzielle Risiken und Komplikationen bei der Sleeve-Gastrektomie. Dazu geh\u00f6ren Infektionen, innere Blutungen, Reaktionen auf die An\u00e4sthesie, Magenausfluss und Vitamin-Mineral-Mangel. Daher sollte der Gesundheitszustand der Patienten vor der Operation sorgf\u00e4ltig gepr\u00fcft werden. Eine regelm\u00e4\u00dfige Nachsorge und Nachbehandlung nach der Operation ist ebenfalls von gro\u00dfer Bedeutung.   <\/p>\n<\/div><\/div><\/div><\/div><\/div><\/div><\/section><section class=\"l-section wpb_row us_custom_315b8835 height_medium color_footer-bottom\"><div class=\"l-section-h i-cf\"><div class=\"g-cols vc_row via_grid cols_1 laptops-cols_inherit tablets-cols_inherit mobiles-cols_1 valign_middle type_default stacking_default\"><div class=\"wpb_column vc_column_container\"><div class=\"vc_column-inner\"><div class=\"g-cols wpb_row us_custom_ee246b62 has_text_color via_grid cols_2 laptops-cols_inherit tablets-cols_1 mobiles-cols_1 valign_middle type_default stacking_default\" style=\"--columns-gap:0rem;\"><div class=\"wpb_column vc_column_container us_custom_2c279b99\"><div class=\"vc_column-inner\"><div class=\"w-text us_custom_a5df9810 has_text_color\"><span class=\"w-text-h\"><span class=\"w-text-value\">Erhalten Sie jetzt Informationen und Unterst\u00fctzung<\/span><\/span><\/div><h2 class=\"w-text\"><span class=\"w-text-h\"><span class=\"w-text-value\">Fordern Sie eine kostenlose Beratung an.<\/span><\/span><\/h2><\/div><\/div><div class=\"wpb_column vc_column_container us_custom_16154244\"><div class=\"vc_column-inner\"><div class=\"w-btn-wrapper default_align_right laptops_align_right tablets_align_left mobiles_align_left\"><a class=\"w-btn us-btn-style_2 us_custom_b4198c51\" href=\"https:\/\/www.elevenestetik.com\/de\/kontakt\/\"><span class=\"w-btn-label\">Einen Termin erstellen<\/span><\/a><\/div><\/div><\/div><\/div><\/div><\/div><\/div><\/div><\/section>\n","protected":false},"excerpt":{"rendered":"MagensondeDauer des Krankenhausaufenthalts2 Tage Operation Dauer1 - 2 Stunden An\u00e4sthesie TypAllgemeine An\u00e4sthesie Prozess der Wiederherstellung2 - 3 Wochen Kontaktieren Sie uns f\u00fcr weitere Informationen.Schreiben Sie auf WhatsAppDie Gastro-Sleeve-Gastrektomie ist eine h\u00e4ufig bevorzugte chirurgische Methode bei der Behandlung von Fettleibigkeit. Bevor wir auf die Einzelheiten dieser Methode eingehen, ist es wichtig zu verstehen, was Sie w\u00e4hrend...","protected":false},"author":1,"featured_media":5498,"parent":0,"menu_order":0,"comment_status":"closed","ping_status":"closed","template":"","meta":{"rank_math_focus_keyword":"Magenmanschette","rank_math_description":"Was ist eine Sleeve-Gastrektomie? Erfahren Sie mehr \u00fcber den Ablauf der Operation, Preise, Ern\u00e4hrungsempfehlungen und Vorteile. ","footnotes":""},"class_list":["post-5494","page","type-page","status-publish","has-post-thumbnail","hentry"],"_links":{"self":[{"href":"https:\/\/www.elevenestetik.com\/de\/wp-json\/wp\/v2\/pages\/5494","targetHints":{"allow":["GET"]}}],"collection":[{"href":"https:\/\/www.elevenestetik.com\/de\/wp-json\/wp\/v2\/pages"}],"about":[{"href":"https:\/\/www.elevenestetik.com\/de\/wp-json\/wp\/v2\/types\/page"}],"author":[{"embeddable":true,"href":"https:\/\/www.elevenestetik.com\/de\/wp-json\/wp\/v2\/users\/1"}],"replies":[{"embeddable":true,"href":"https:\/\/www.elevenestetik.com\/de\/wp-json\/wp\/v2\/comments?post=5494"}],"version-history":[{"count":2,"href":"https:\/\/www.elevenestetik.com\/de\/wp-json\/wp\/v2\/pages\/5494\/revisions"}],"predecessor-version":[{"id":5506,"href":"https:\/\/www.elevenestetik.com\/de\/wp-json\/wp\/v2\/pages\/5494\/revisions\/5506"}],"wp:featuredmedia":[{"embeddable":true,"href":"https:\/\/www.elevenestetik.com\/de\/wp-json\/wp\/v2\/media\/5498"}],"wp:attachment":[{"href":"https:\/\/www.elevenestetik.com\/de\/wp-json\/wp\/v2\/media?parent=5494"}],"curies":[{"name":"wp","href":"https:\/\/api.w.org\/{rel}","templated":true}]}}