{"id":5455,"date":"2026-01-26T09:05:10","date_gmt":"2026-01-26T06:05:10","guid":{"rendered":"https:\/\/www.elevenestetik.com\/magenballon\/"},"modified":"2026-01-26T09:07:05","modified_gmt":"2026-01-26T06:07:05","slug":"magenballon","status":"publish","type":"page","link":"https:\/\/www.elevenestetik.com\/de\/magenballon\/","title":{"rendered":"Magenballon"},"content":{"rendered":"<section class=\"l-section wpb_row us_custom_4e2a4f93 height_large\"><div class=\"l-section-h i-cf\"><div class=\"g-cols vc_row via_grid cols_1 laptops-cols_inherit tablets-cols_inherit mobiles-cols_1 valign_top type_default stacking_default\"><div class=\"wpb_column vc_column_container\"><div class=\"vc_column-inner\"><h1 class=\"w-text us_custom_28784076 has_text_color\"><span class=\"w-text-h\"><span class=\"w-text-value\">Magenballon<\/span><\/span><\/h1><\/div><\/div><\/div><\/div><\/section><section class=\"l-section wpb_row us_custom_6179e1d8 height_large width_full\"><div class=\"l-section-h i-cf\"><div class=\"g-cols vc_row via_grid cols_1 laptops-cols_inherit tablets-cols_inherit mobiles-cols_1 valign_top type_default stacking_default\"><div class=\"wpb_column vc_column_container\"><div class=\"vc_column-inner\"><div class=\"g-cols wpb_row via_grid cols_2 laptops-cols_inherit tablets-cols_inherit mobiles-cols_1 valign_top type_default stacking_default\" style=\"--columns-gap:2rem;\"><div class=\"wpb_column vc_column_container\"><div class=\"vc_column-inner\"><div class=\"w-image us_custom_9cf479d2 align_none\"><div class=\"w-image-h\"><img decoding=\"async\" width=\"1024\" height=\"568\" src=\"https:\/\/www.elevenestetik.com\/wp-content\/uploads\/2024\/02\/Adsiz-tasarim-3.jpg\" class=\"attachment-large size-large\" alt=\"\" loading=\"lazy\" srcset=\"https:\/\/www.elevenestetik.com\/wp-content\/uploads\/2024\/02\/Adsiz-tasarim-3.jpg 1024w, https:\/\/www.elevenestetik.com\/wp-content\/uploads\/2024\/02\/Adsiz-tasarim-3-300x166.jpg 300w\" sizes=\"auto, (max-width: 1024px) 100vw, 1024px\"><\/div><\/div><\/div><\/div><div class=\"wpb_column vc_column_container us_custom_29737451\"><div class=\"vc_column-inner\"><div class=\"w-hwrapper us_custom_147c3537 valign_top stack_on_mobiles align_center\" style=\"--hwrapper-gap:3rem\"><div class=\"w-iconbox us_custom_f9f315b4 has_text_color iconpos_top style_default color_primary align_center\"><div class=\"w-iconbox-icon\" style=\"font-size:2rem;\"><i class=\"fas fa-hospital\"><\/i><\/div><div class=\"w-iconbox-meta\"><p class=\"w-iconbox-title\">Dauer des Krankenhausaufenthalts<\/p><div class=\"w-iconbox-text\"><p>Kein Krankenhausaufenthalt<\/p>\n<\/div><\/div><\/div><div class=\"w-iconbox us_custom_f9f315b4 has_text_color iconpos_top style_default color_primary align_center\"><div class=\"w-iconbox-icon\" style=\"font-size:2rem;\"><i class=\"fas fa-clock\"><\/i><\/div><div class=\"w-iconbox-meta\"><p class=\"w-iconbox-title\">Operation Dauer<\/p><div class=\"w-iconbox-text\"><p>15 &#8211; 20 Minuten<\/p>\n<\/div><\/div><\/div><div class=\"w-iconbox us_custom_f9f315b4 has_text_color iconpos_top style_default color_primary align_center\"><div class=\"w-iconbox-icon\" style=\"font-size:2rem;\"><i class=\"fas fa-stethoscope\"><\/i><\/div><div class=\"w-iconbox-meta\"><p class=\"w-iconbox-title\">An\u00e4sthesie Typ<\/p><div class=\"w-iconbox-text\"><p>Allgemeine An\u00e4sthesie<\/p>\n<\/div><\/div><\/div><div class=\"w-iconbox us_custom_f9f315b4 has_text_color iconpos_top style_default color_primary align_center\"><div class=\"w-iconbox-icon\" style=\"font-size:2rem;\"><i class=\"fas fa-hands-heart\"><\/i><\/div><div class=\"w-iconbox-meta\"><p class=\"w-iconbox-title\">Prozess der Wiederherstellung<\/p><div class=\"w-iconbox-text\"><p>Es gibt keinen Heilungsprozess<\/p>\n<\/div><\/div><\/div><\/div><h6 class=\"w-text us_custom_d0e1c2ad\"><span class=\"w-text-h\"><span class=\"w-text-value\">Kontaktieren Sie uns f\u00fcr weitere Informationen.<\/span><\/span><\/h6><div class=\"w-btn-wrapper align_center\"><a class=\"w-btn us-btn-style_1\" href=\"https:\/\/wa.me\/+905011552511\" target=\"_blank\" rel=\"noopener\"><span class=\"w-btn-label\">Schreiben Sie auf WhatsApp<\/span><\/a><\/div><\/div><\/div><\/div><\/div><\/div><\/div><\/div><\/section><section class=\"l-section wpb_row us_custom_ddf21fbc height_large\"><div class=\"l-section-h i-cf\"><div class=\"g-cols vc_row via_grid cols_1 laptops-cols_inherit tablets-cols_inherit mobiles-cols_1 valign_top type_default stacking_default\"><div class=\"wpb_column vc_column_container\"><div class=\"vc_column-inner\"><div class=\"wpb_text_column\"><div class=\"wpb_wrapper\"><p>Der Magenballon ist eine moderne und effektive Methode f\u00fcr diejenigen, die abnehmen m\u00f6chten. <strong>Was<\/strong> also <strong>ist ein Magenballon<\/strong> und wie l\u00e4uft die <strong>Anwendung eines Magenballons<\/strong> ab? In diesem Blogbeitrag gehen wir auf viele Themen ein, von den Vor- und Nachteilen der Magenballon-Anwendung \u00fcber die Preise bis hin zu den Zahlungsm\u00f6glichkeiten. Wir werden auch auf die Punkte eingehen, die nach der Anwendung zu beachten sind. Wenn Sie Ihren Abnehmprozess beschleunigen m\u00f6chten, lesen Sie weiter und informieren Sie sich \u00fcber die <strong>Preise f\u00fcr Magenballons<\/strong>!    <\/p>\n<h2>Was ist ein Magenballon?<\/h2>\n<p>Der <strong>Magenballon<\/strong> ist ein medizinisches Ger\u00e4t, das in den Verdauungstrakt eingef\u00fchrt wird und den Prozess der Gewichtsabnahme unterst\u00fctzt. Diese Anwendung erh\u00f6ht das S\u00e4ttigungsgef\u00fchl im Magen, so dass die Betroffenen weniger Nahrung zu sich nehmen k\u00f6nnen. Er wird in der Regel als Erg\u00e4nzung zu Di\u00e4t- und Bewegungsprogrammen bei der Behandlung von Fettleibigkeit eingesetzt. Der Magenballon verkleinert die Magenkapazit\u00e4t des Patienten, reduziert den Appetit und hilft bei der Gewichtsabnahme.   <\/p>\n<h3>Wie wird der Magenballon-Eingriff durchgef\u00fchrt?<\/h3>\n<p>Die <strong>Magenballonierung<\/strong> wird in der Regel mit einer endoskopischen Methode durchgef\u00fchrt. W\u00e4hrend des Eingriffs platziert der Arzt den Ballon im Magen und injiziert dann eine Fl\u00fcssigkeit oder Luft in diesen Ballon. Die Gr\u00f6\u00dfe des Ballons variiert in der Regel zwischen 400-700 ml und wird je nach den Bed\u00fcrfnissen der zu behandelnden Person festgelegt. Der Eingriff dauert etwa 20-30 Minuten und wird normalerweise unter Vollnarkose durchgef\u00fchrt.   <\/p>\n<h4>Prozess-Stufen<\/h4>\n<figure class=\"table\">\n<table>\n<thead>\n<tr>\n<th>Phase<\/th>\n<th>Beschreibung<\/th>\n<\/tr>\n<\/thead>\n<tbody>\n<tr>\n<td>Vorbereitung<\/td>\n<td>Der Patient wird untersucht und die notwendigen Tests werden durchgef\u00fchrt.<\/td>\n<\/tr>\n<tr>\n<td>An\u00e4sthesie<\/td>\n<td>Es wird eine allgemeine An\u00e4sthesie durchgef\u00fchrt.<\/td>\n<\/tr>\n<tr>\n<td>Anwendung<\/td>\n<td>Mit dem Endoskop nimmt der Ballon seinen Platz im Magen ein.<\/td>\n<\/tr>\n<tr>\n<td>\u00dcberwachung<\/td>\n<td>Nach dem Eingriff wird der Zustand des Patienten \u00fcberpr\u00fcft.<\/td>\n<\/tr>\n<\/tbody>\n<\/table>\n<\/figure>\n<h3>F\u00fcr wen ist es geeignet?<\/h3>\n<p>Die Anwendung eines <strong>Magenballons<\/strong> wird im Allgemeinen f\u00fcr Personen empfohlen, die die folgenden Kriterien erf\u00fcllen:<\/p>\n<ul>\n<li>Body Mass Index (BMI) von 30 und mehr<\/li>\n<li>Menschen, die bereits versucht haben, mit Methoden wie Di\u00e4t oder Sport abzunehmen, aber nicht erfolgreich waren<\/li>\n<li>Personen, deren Gesundheitszustand f\u00fcr die Anwendung eines Magenballons geeignet ist<\/li>\n<\/ul>\n<h3>Fazit<\/h3>\n<p>Zusammenfassend l\u00e4sst sich sagen, dass <strong>der Magenballon<\/strong> eine effektive L\u00f6sung f\u00fcr diejenigen ist, die abnehmen m\u00f6chten. Allerdings ist es wichtig, vor der Anwendung einen Arzt zu konsultieren und den pers\u00f6nlichen Gesundheitszustand zu beurteilen. Diese Methode ist m\u00f6glicherweise nicht f\u00fcr jeden geeignet und individuelle Unterschiede sollten ber\u00fccksichtigt werden.  <\/p>\n<figure class=\"image\"><img loading=\"lazy\" decoding=\"async\" src=\"https:\/\/www.elevenestetik.com\/wp-content\/uploads\/2024\/02\/Mide-Botoksu-Nasil-Yapilir-1.jpg\" alt=\"\" width=\"1920\" height=\"1080\"><\/figure>\n<h2>\u00dcber die Anwendung des Magenballons<\/h2>\n<p>Die <strong>Magenballon-Anwendung<\/strong> ist eine Methode, die in den letzten Jahren bei der Behandlung von Fettleibigkeit an Popularit\u00e4t gewonnen hat. Diese Anwendung erm\u00f6glicht es, dass sich der Magen dank eines weichen Silikonballons, der im Magen platziert wird, schneller f\u00fcllt und somit weniger Nahrung aufgenommen werden muss. Das Verfahren ist minimalinvasiv, d.h. es wird ohne einen chirurgischen Schnitt durchgef\u00fchrt.  <\/p>\n<h3>Prozess der Implementierung<\/h3>\n<p>Die Anwendung eines <strong>Magenballons<\/strong> besteht in der Regel aus den folgenden Schritten:<\/p>\n<p><strong>Vorl\u00e4ufige Beurteilung<\/strong>: Vor der Anwendung beurteilt der Arzt den Gesundheitszustand des Patienten und die Diagnose der Fettleibigkeit. In dieser Phase kann, falls erforderlich, mit Hilfe eines Ern\u00e4hrungsberaters ein Di\u00e4tplan erstellt werden. <\/p>\n<p><strong>An\u00e4sthesie<\/strong>: W\u00e4hrend des Eingriffs wird in der Regel eine leichte Sedierung verabreicht. Dies erm\u00f6glicht dem Patienten eine angenehme Erfahrung. <\/p>\n<p><strong>Ballonplatzierung<\/strong>: Der Arzt f\u00fchrt einen Ballon durch ein Endoskop durch den Mund in den Magen ein. Nachdem der Ballon eingef\u00fchrt wurde, wird er mit einer sterilen Fl\u00fcssigkeit oder Luft gef\u00fcllt. <\/p>\n<p><strong>\u00dcberwachung nach dem Eingriff<\/strong>: Die Patienten werden in der Regel f\u00fcr 1-2 Stunden nach Abschluss der Anwendung \u00fcberwacht. Wenn es keine Probleme gibt, k\u00f6nnen sie noch am selben Tag entlassen werden. <\/p>\n<h3>Zu beachtende Dinge<\/h3>\n<p>Nach der Anwendung ist es f\u00fcr Patienten wichtig, einige Punkte zu beachten:<\/p>\n<p><strong>Ern\u00e4hrung<\/strong>: Nach dem Einsetzen des Ballons sollten die Patienten eine gesunde Ern\u00e4hrung einf\u00fchren, indem sie allm\u00e4hlich zu fester Nahrung \u00fcbergehen.<\/p>\n<p><strong>Zielgewicht<\/strong>: Die <strong>Anwendung eines Magenballons<\/strong> allein reicht nicht aus; regelm\u00e4\u00dfige Bewegung und eine gesunde Lebensweise sind ebenfalls erforderlich.<\/p>\n<h3>Dauer der Anwendung<\/h3>\n<p>Nachfolgend finden Sie den allgemeinen Zeitplan f\u00fcr das <strong>Magenballon-Verfahren<\/strong>: <\/p>\n<figure class=\"table\">\n<table>\n<thead>\n<tr>\n<th>Phase<\/th>\n<th>Dauer<\/th>\n<\/tr>\n<\/thead>\n<tbody>\n<tr>\n<td>Vorl\u00e4ufige Bewertung<\/td>\n<td>1-2 Stunden<\/td>\n<\/tr>\n<tr>\n<td>Ballon Platzierung<\/td>\n<td>30 Minuten<\/td>\n<\/tr>\n<tr>\n<td>\u00dcberwachung und Entlassung<\/td>\n<td>1-2 Stunden<\/td>\n<\/tr>\n<tr>\n<td>Gesamtdauer<\/td>\n<td>3-5 Stunden<\/td>\n<\/tr>\n<\/tbody>\n<\/table>\n<\/figure>\n<h3>Fazit<\/h3>\n<p>Zusammenfassend l\u00e4sst sich sagen, dass die <strong>Anwendung eines Magenballons<\/strong> eine wirksame Methode ist, um das Problem der Fettleibigkeit zu bek\u00e4mpfen. Allerdings ist diese Anwendung m\u00f6glicherweise nicht f\u00fcr jede Person geeignet. Daher ist es wichtig, in jeder Phase mit Ihrem Arzt in Kontakt zu bleiben und alle notwendigen Vorsichtsma\u00dfnahmen zu treffen. Gesunde Gewohnheiten w\u00e4hrend und nach der Anwendung erh\u00f6hen die Erfolgsaussichten.   <\/p>\n<h2>Preise und Zahlungsoptionen f\u00fcr Magenballons<\/h2>\n<p><strong>Die Anwendung eines Magenballons<\/strong> ist eine wirksame Option zur Gewichtsabnahme. Allerdings sollte auch die finanzielle Dimension dieses Verfahrens in Betracht gezogen werden. Die Preise f\u00fcr Magenballons variieren je nach den Kliniken, in denen die Anwendung durchgef\u00fchrt wird, der Marke des verwendeten Produkts und den nach der Anwendung erbrachten Leistungen. Im Allgemeinen lassen sich die <strong>Preise f\u00fcr Magenballons<\/strong> wie folgt auflisten:   <\/p>\n<figure class=\"table\">\n<table>\n<thead>\n<tr>\n<th>Klinik Typ<\/th>\n<th>Durchschnittlicher Preis (TL)<\/th>\n<\/tr>\n<\/thead>\n<tbody>\n<tr>\n<td>Privatklinik<\/td>\n<td><a href=\"https:\/\/www.elevenestetik.com\/de\/kontakt\/\">Angebot anfordern<\/a><\/td>\n<\/tr>\n<tr>\n<td>Staatliches Krankenhaus<\/td>\n<td>Angebot anfordern<\/td>\n<\/tr>\n<tr>\n<td>Privatklinik<\/td>\n<td>Angebot anfordern<\/td>\n<\/tr>\n<\/tbody>\n<\/table>\n<\/figure>\n<p>Laut der obigen Tabelle sind die Kosten f\u00fcr <strong>eine Magenballonbehandlung<\/strong> in privaten Krankenh\u00e4usern und Kliniken in der Regel h\u00f6her. Die Preise in \u00f6ffentlichen Krankenh\u00e4usern k\u00f6nnen jedoch erschwinglicher sein, aber das Antragsverfahren kann l\u00e4nger dauern. <\/p>\n<p>Die Antwort auf die Frage, <strong>was ein Magenballon ist<\/strong>, ist ein wichtiger Faktor bei der Bewertung der Vorteile dieses Verfahrens. Dar\u00fcber hinaus kann auch die Marke des zu verwendenden Ballons den Preis beeinflussen. So sind Ballons einiger spezieller Marken preislich h\u00f6her angesiedelt als andere, aber die Vorteile und der Komfort, den sie bieten, d\u00fcrften in gleichem Ma\u00dfe steigen.  <\/p>\n<h3>Zahlungsoptionen<\/h3>\n<p>Da die Kosten der <strong>Magenballon-Behandlung<\/strong> f\u00fcr die meisten Patienten eine wichtige Rolle spielen, sind auch die Zahlungsoptionen von gro\u00dfer Bedeutung. Nachfolgend finden Sie die Zahlungsoptionen, die h\u00e4ufig angeboten werden: <\/p>\n<ul>\n<li><strong>Vorauszahlung:<\/strong> Dies ist oft die g\u00fcnstigste Option und erfordert eine einmalige Zahlung des gesamten Honorars, bevor der Eingriff durchgef\u00fchrt wird.<\/li>\n<li><strong>Ratenzahlung:<\/strong> Einige Kliniken bieten Ratenzahlungspl\u00e4ne an, damit die Patienten ihre Kosten bequem decken k\u00f6nnen. Diese Option variiert in der Regel zwischen 3 und 12 Monaten. <\/li>\n<li><strong>Krankenversicherung:<\/strong> Viele private Krankenversicherungen in der T\u00fcrkei k\u00f6nnen die Magenballon-Behandlung unter bestimmten Bedingungen \u00fcbernehmen. In diesem Fall sollten Patienten verschiedene Versicherungspl\u00e4ne pr\u00fcfen. <\/li>\n<\/ul>\n<p>Daher sind die Preise und Zahlungsm\u00f6glichkeiten f\u00fcr die <strong>Anwendung eines Magenballons<\/strong> sehr unterschiedlich. Es ist wichtig, dass Patienten bei der Bewertung dieser Optionen ihr eigenes Budget und ihre Bed\u00fcrfnisse ber\u00fccksichtigen. Damit der Prozess der Gewichtsabnahme gesund und nachhaltig ist, ist es notwendig, die am besten geeignete Option zu w\u00e4hlen, die die finanzielle Situation erleichtert.  <\/p>\n<figure class=\"image\"><img loading=\"lazy\" decoding=\"async\" src=\"https:\/\/www.elevenestetik.com\/wp-content\/uploads\/2024\/03\/3-20.jpg\" alt=\"Magenballon\" width=\"1920\" height=\"1080\"><\/figure>\n<h2>Vorteile und Nachteile des Magenballons<\/h2>\n<p><strong>Die Anwendung eines Magenballons<\/strong> ist eine effektive Methode, um den Gewichtsverlust zu beschleunigen. Diese Anwendung hat jedoch einige Vor- und Nachteile. Im Folgenden wird eine Bewertung vorgenommen, damit Sie diese Punkte besser verstehen.  <\/p>\n<h3>Vorteile<\/h3>\n<p><strong>Beschleunigung der Gewichtsabnahme<\/strong>: Mit dem Magenballon kann weniger gegessen werden, da er das Volumen des Magens einnimmt. Dies erh\u00f6ht das S\u00e4ttigungsgef\u00fchl nach einer Mahlzeit und hilft der Person, viel weniger Kalorien zu sich zu nehmen und somit Gewicht zu verlieren. <\/p>\n<p><strong>Ein minimal-invasives Verfahren<\/strong>: Er wird endoskopisch eingesetzt, ohne dass ein chirurgischer Eingriff erforderlich ist. Auf diese Weise wird die Erholungszeit des Patienten verk\u00fcrzt und der Krankenhausaufenthalt auf ein Minimum reduziert. <\/p>\n<p><strong>Kurzfristiges Ergebnis<\/strong>: In den ersten Monaten nach der Anwendung des Magenballons kann ein sichtbarer Gewichtsverlust erzielt werden. Dies kann die Motivation der Betroffenen erh\u00f6hen. <\/p>\n<p><strong>Alternatives Gewichtsmanagement<\/strong>: Sie bietet eine Option insbesondere f\u00fcr Personen, die auf andere Methoden zur Behandlung von Fettleibigkeit nicht ansprechen. Auf diese Weise wird ein neuer Weg in der Gewichtskontrolle er\u00f6ffnet. <\/p>\n<h3>Benachteiligungen<\/h3>\n<figure class=\"table\">\n<table>\n<thead>\n<tr>\n<th>Benachteiligungen<\/th>\n<th>Beschreibung<\/th>\n<\/tr>\n<\/thead>\n<tbody>\n<tr>\n<td><strong>Nebeneffekte<\/strong><\/td>\n<td>Nebenwirkungen wie \u00dcbelkeit, Erbrechen und Unterleibsschmerzen k\u00f6nnen auftreten.<\/td>\n<\/tr>\n<tr>\n<td><strong>Eine vor\u00fcbergehende L\u00f6sung<\/strong><\/td>\n<td>Um eine dauerhafte Gewichtsabnahme nach der Anwendung zu gew\u00e4hrleisten, sind \u00c4nderungen im Lebensstil erforderlich.<\/td>\n<\/tr>\n<tr>\n<td><strong>Material-Reaktionen<\/strong><\/td>\n<td>In seltenen F\u00e4llen kann es zu allergischen Reaktionen auf den Magenballon kommen.<\/td>\n<\/tr>\n<tr>\n<td><strong>Erforderliche Wiederanwendung<\/strong><\/td>\n<td>Nach einer gewissen Zeit muss der Magenballon entfernt werden, was einen weiteren Eingriff erfordern kann.<\/td>\n<\/tr>\n<\/tbody>\n<\/table>\n<\/figure>\n<p>Die Vorteile des Magenballonings steigern die Motivation der Person und f\u00fchren zu einem ges\u00fcnderen Lebensstil. In Anbetracht der Nachteile ist es jedoch wichtig, diese Methode von einem Spezialisten beurteilen zu lassen. Es sollte nicht vergessen werden, dass sie durch eine ausgewogene Ern\u00e4hrung und regelm\u00e4\u00dfige Bewegung unterst\u00fctzt werden sollte, anstatt sich nur auf die Anwendung des Magenballons bei der Gewichtsabnahme zu verlassen. Auf diese Weise kann eine nachhaltigere und ges\u00fcndere Gewichtsabnahme erreicht werden.   <\/p>\n<h2>Was Sie nach der Anwendung eines Magenballons beachten sollten<\/h2>\n<p>Die <strong>Anwendung eines Magenballons<\/strong> stellt eine wirksame Methode zur Behandlung von Fettleibigkeit dar. Allerdings ist es f\u00fcr Patienten von gro\u00dfer Bedeutung, bestimmte Punkte zu beachten, damit diese Anwendung erfolgreich ist. Die Faktoren, die nach der Anwendung zu beachten sind, spielen eine entscheidende Rolle, wenn es darum geht, die Gesundheit w\u00e4hrend des gesamten Prozesses zu erhalten und das gew\u00fcnschte Gewicht zu verlieren. Hier sind einige wichtige Punkte, die Sie nach der Magenballon-Anwendung beachten sollten:   <\/p>\n<figure class=\"table\">\n<table>\n<thead>\n<tr>\n<th>Zu beachtende Dinge<\/th>\n<th>Beschreibung<\/th>\n<\/tr>\n<\/thead>\n<tbody>\n<tr>\n<td>Ern\u00e4hrungsgewohnheiten<\/td>\n<td>Nach der Anwendung sollte der Patient seine Essgewohnheiten \u00fcberpr\u00fcfen. Die Anwendung einer gesunden und ausgewogenen Ern\u00e4hrung beschleunigt den Gewichtsverlust. <\/td>\n<\/tr>\n<tr>\n<td>Verbrauch von Fl\u00fcssigkeit<\/td>\n<td>Es ist sehr wichtig, dass Sie ausreichend Wasser trinken. Im Allgemeinen wird eine Fl\u00fcssigkeitsaufnahme von mindestens 2-3 Litern pro Tag empfohlen. <\/td>\n<\/tr>\n<tr>\n<td>K\u00f6rperliche Aktivit\u00e4t<\/td>\n<td>Regelm\u00e4\u00dfige Bewegung f\u00f6rdert die Gewichtsabnahme. Mindestens 150 Minuten moderate Aktivit\u00e4t pro Woche sind erforderlich. <\/td>\n<\/tr>\n<tr>\n<td>Kontrollen und \u00dcberwachung<\/td>\n<td>Regelm\u00e4\u00dfige Kontrolluntersuchungen sollten gem\u00e4\u00df der Empfehlung des Arztes durchgef\u00fchrt werden. Dies hilft bei der \u00dcberwachung des Gesundheitszustandes. <\/td>\n<\/tr>\n<tr>\n<td>Psychologische Unterst\u00fctzung<\/td>\n<td>Um mit emotionalen Essgewohnheiten fertig zu werden, empfiehlt es sich, bei Bedarf Unterst\u00fctzung von einem Spezialisten zu erhalten.<\/td>\n<\/tr>\n<\/tbody>\n<\/table>\n<\/figure>\n<p>Unmittelbar nach dem Eingriff k\u00f6nnen bei einigen Patienten Nebenwirkungen wie \u00dcbelkeit, Erbrechen oder Bauchschmerzen auftreten. Obwohl diese Beschwerden in der Regel vor\u00fcbergehend sind, ist es wichtig, einen Spezialisten aufzusuchen, wenn die Symptome anhalten. Dar\u00fcber hinaus ist es wichtig, die Antwort auf die Frage zu verstehen, <strong>was ein Magenballon ist<\/strong>, um die Vorteile der Anwendung zu erkennen.  <\/p>\n<p>Gleichzeitig sind auch die <strong>Preise f\u00fcr den Magenballon<\/strong> ein wichtiger Faktor, den Patienten bei ihrer Entscheidungsfindung ber\u00fccksichtigen sollten. Die Kosten nach der Anwendung k\u00f6nnen je nach Krankenversicherungsschutz variieren. Patienten sollten das Verfahren und die m\u00f6glichen Kosten im Voraus absch\u00e4tzen.  <\/p>\n<p>Daher ist die Beachtung all dieser Details sehr wichtig, um die erzielten Ergebnisse zu maximieren. Indem Sie Schritte zu einer gesunden Lebensweise unternehmen, k\u00f6nnen Sie sicherstellen, dass der Prozess nach der <strong>Anwendung des Magenballons<\/strong> erfolgreich verl\u00e4uft. Vergessen Sie nicht, dass der K\u00f6rper eines jeden Menschen anders ist und es daher immer die ges\u00fcndeste Wahl ist, sich pers\u00f6nlich beraten zu lassen.  <\/p>\n<h2>H\u00e4ufig gestellte Fragen<\/h2>\n<h3>Was ist ein Magenballon?<\/h3>\n<p>Ein Magenballon ist ein endoskopisches Verfahren, das bei der Behandlung von Fettleibigkeit eingesetzt wird. Es handelt sich um einen aufblasbaren Ballon, der in den Magen eingesetzt wird. Dieser Ballon verst\u00e4rkt das S\u00e4ttigungsgef\u00fchl, indem er das Volumen des Magens vergr\u00f6\u00dfert und so dazu f\u00fchrt, dass man weniger isst. Er wird in der Regel als Erg\u00e4nzung zu Di\u00e4t- und Sportprogrammen eingesetzt, um die Gewichtsabnahme zu unterst\u00fctzen.   <\/p>\n<h3>F\u00fcr wen ist ein Magenballon geeignet?<\/h3>\n<p>Der Magenballon ist f\u00fcr Erwachsene mit einem Body Mass Index (BMI) von 30 und mehr geeignet. Er kann jedoch auch eine ideale Option f\u00fcr Menschen mit gesundheitlichen Problemen im Zusammenhang mit Fettleibigkeit sein oder f\u00fcr diejenigen, die mit Di\u00e4t und Sport keinen Erfolg hatten. Es ist jedoch wichtig, dass diese Entscheidung unter Ber\u00fccksichtigung des allgemeinen Gesundheitszustands und der medizinischen Vorgeschichte des Patienten getroffen wird.  <\/p>\n<h3>Wie wird die Platzierung eines Magenballons durchgef\u00fchrt?<\/h3>\n<p>Die Platzierung eines Magenballons wird in der Regel unter Sedierung mit einer endoskopischen Methode durchgef\u00fchrt. W\u00e4hrend des Eingriffs wird ein Schlauch durch den Mund in den Magen eingef\u00fchrt und dann der Ballon in den Magen gef\u00fchrt. Nachdem der Ballon mit einer sterilen Fl\u00fcssigkeit oder Luft gef\u00fcllt ist, wird er im Magen fixiert. Der gesamte Vorgang dauert in der Regel 20-30 Minuten und die Patienten k\u00f6nnen noch am selben Tag entlassen werden.   <\/p>\n<h3>Was sind die Nebenwirkungen einer Magenballonbehandlung?<\/h3>\n<p>Zu den Nebenwirkungen des Magenballons k\u00f6nnen Symptome wie \u00dcbelkeit, Erbrechen, Bauchschmerzen und Reflux geh\u00f6ren. Diese Symptome k\u00f6nnen in den ersten Tagen st\u00e4rker ausgepr\u00e4gt sein, wenn sich der Magen an den Ballon gew\u00f6hnt. Die meisten Patienten berichten jedoch, dass diese Nebenwirkungen mit der Zeit abklingen. Dar\u00fcber hinaus sollten Risiken wie Komplikationen beim Einsetzen oder Entfernen des Ballons bedacht werden.   <\/p>\n<\/div><\/div><\/div><\/div><\/div><\/div><\/section><section class=\"l-section wpb_row us_custom_315b8835 height_medium color_footer-bottom\"><div class=\"l-section-h i-cf\"><div class=\"g-cols vc_row via_grid cols_1 laptops-cols_inherit tablets-cols_inherit mobiles-cols_1 valign_middle type_default stacking_default\"><div class=\"wpb_column vc_column_container\"><div class=\"vc_column-inner\"><div class=\"g-cols wpb_row us_custom_ee246b62 has_text_color via_grid cols_2 laptops-cols_inherit tablets-cols_1 mobiles-cols_1 valign_middle type_default stacking_default\" style=\"--columns-gap:0rem;\"><div class=\"wpb_column vc_column_container us_custom_2c279b99\"><div class=\"vc_column-inner\"><div class=\"w-text us_custom_a5df9810 has_text_color\"><span class=\"w-text-h\"><span class=\"w-text-value\">Erhalten Sie jetzt Informationen und Unterst\u00fctzung<\/span><\/span><\/div><h2 class=\"w-text\"><span class=\"w-text-h\"><span class=\"w-text-value\">Fordern Sie eine kostenlose Beratung an.<\/span><\/span><\/h2><\/div><\/div><div class=\"wpb_column vc_column_container us_custom_16154244\"><div class=\"vc_column-inner\"><div class=\"w-btn-wrapper default_align_right laptops_align_right tablets_align_left mobiles_align_left\"><a class=\"w-btn us-btn-style_2 us_custom_b4198c51\" href=\"https:\/\/www.elevenestetik.com\/de\/kontakt\/\"><span class=\"w-btn-label\">Einen Termin erstellen<\/span><\/a><\/div><\/div><\/div><\/div><\/div><\/div><\/div><\/div><\/section>\n","protected":false},"excerpt":{"rendered":"MagenballonDauer des KrankenhausaufenthaltsKein Krankenhausaufenthalt Operation Dauer15 - 20 Minuten An\u00e4sthesie TypAllgemeine An\u00e4sthesie Prozess der WiederherstellungEs gibt keinen Heilungsprozess Kontaktieren Sie uns f\u00fcr weitere Informationen.Schreiben Sie auf WhatsAppDer Magenballon ist eine moderne und effektive Methode f\u00fcr diejenigen, die abnehmen m\u00f6chten. Was also ist ein Magenballon und wie l\u00e4uft die Anwendung eines Magenballons ab? In diesem Blogbeitrag...","protected":false},"author":1,"featured_media":3770,"parent":0,"menu_order":0,"comment_status":"closed","ping_status":"closed","template":"","meta":{"rank_math_focus_keyword":"Magenballon","rank_math_description":"Entdecken Sie Ihren Abnehmprozess mit dem Magenballon; erfahren Sie mehr \u00fcber die Anwendung, Preise und Vorteile.","footnotes":""},"class_list":["post-5455","page","type-page","status-publish","has-post-thumbnail","hentry"],"_links":{"self":[{"href":"https:\/\/www.elevenestetik.com\/de\/wp-json\/wp\/v2\/pages\/5455","targetHints":{"allow":["GET"]}}],"collection":[{"href":"https:\/\/www.elevenestetik.com\/de\/wp-json\/wp\/v2\/pages"}],"about":[{"href":"https:\/\/www.elevenestetik.com\/de\/wp-json\/wp\/v2\/types\/page"}],"author":[{"embeddable":true,"href":"https:\/\/www.elevenestetik.com\/de\/wp-json\/wp\/v2\/users\/1"}],"replies":[{"embeddable":true,"href":"https:\/\/www.elevenestetik.com\/de\/wp-json\/wp\/v2\/comments?post=5455"}],"version-history":[{"count":2,"href":"https:\/\/www.elevenestetik.com\/de\/wp-json\/wp\/v2\/pages\/5455\/revisions"}],"predecessor-version":[{"id":5469,"href":"https:\/\/www.elevenestetik.com\/de\/wp-json\/wp\/v2\/pages\/5455\/revisions\/5469"}],"wp:featuredmedia":[{"embeddable":true,"href":"https:\/\/www.elevenestetik.com\/de\/wp-json\/wp\/v2\/media\/3770"}],"wp:attachment":[{"href":"https:\/\/www.elevenestetik.com\/de\/wp-json\/wp\/v2\/media?parent=5455"}],"curies":[{"name":"wp","href":"https:\/\/api.w.org\/{rel}","templated":true}]}}