{"id":5419,"date":"2026-01-26T09:04:56","date_gmt":"2026-01-26T06:04:56","guid":{"rendered":"https:\/\/www.elevenestetik.com\/kaufvertrag\/"},"modified":"2026-01-26T09:06:56","modified_gmt":"2026-01-26T06:06:56","slug":"kaufvertrag","status":"publish","type":"page","link":"https:\/\/www.elevenestetik.com\/de\/kaufvertrag\/","title":{"rendered":"Kaufvertrag"},"content":{"rendered":"<section class=\"l-section wpb_row height_medium\"><div class=\"l-section-h i-cf\"><div class=\"g-cols vc_row via_grid cols_1 laptops-cols_inherit tablets-cols_inherit mobiles-cols_1 valign_top type_default stacking_default\"><div class=\"wpb_column vc_column_container\"><div class=\"vc_column-inner\"><div class=\"wpb_text_column\"><div class=\"wpb_wrapper\"><h1><strong>Kaufvertrag<\/strong><\/h1>\n<h1><strong>ARTIKEL 1 &#8211; PARTEIEN<\/strong><\/h1>\n<p><strong>VERK\u00c4UFER<\/strong><br \/>\nName\/Titel: ELEVEN ESTHETICS PRIVATE HEALTH SERVICES<br \/>\nAdresse: Kulo\u011flu, Sadri Al\u0131\u015f\u0131k Sk. Nr:16, 34440 Taksim\/Istanbul<br \/>\nE-Mail: info@elevenestetik.com<br \/>\nTelefon: 0501 155 25 11 <\/p>\n<p><strong>K\u00c4UFER<\/strong><br \/>\nVorname\/Nachname:<br \/>\nAdresse:<br \/>\nTelefon:<br \/>\nE-Mail:<\/p>\n<p><strong>ARTIKEL 2 &#8211; GEGENSTAND<\/strong><\/p>\n<p>Dieser Vertrag bestimmt die Rechte und Pflichten des K\u00c4UFERS in \u00dcbereinstimmung mit den Bestimmungen des Gesetzes Nr. 6502 \u00fcber den Verbraucherschutz und der Verordnung \u00fcber Fernabsatzvertr\u00e4ge in Bezug auf den Verkauf und die Lieferung der online beim VERK\u00c4UFER erworbenen Waren\/Dienstleistungen, deren Art, Menge und Verkaufspreis im Folgenden angegeben sind.<\/p>\n<p><strong>ARTIKEL 3 &#8211; PRODUKTINFORMATIONEN<\/strong><\/p>\n<p>Der Name, die Art, die Menge, die Marke\/das Modell, die Farbe und der Verkaufspreis der Dienstleistung sind wie folgt:<\/p>\n<p>Service Name:<br \/>\nTyp:<br \/>\nMenge:<br \/>\nVerkaufspreis:<\/p>\n<p><strong>ARTIKEL 4 &#8211; ALLGEMEINE BESTIMMUNGEN<\/strong><\/p>\n<p>4.1 &#8211; Der K\u00c4UFER erkl\u00e4rt, dass er alle Vorabinformationen \u00fcber die grundlegenden Qualifikationen, den Verkaufspreis und die Zahlungsweise sowie die Lieferung der vertragsgegenst\u00e4ndlichen Dienstleistung gelesen und zur Kenntnis genommen hat und dass er die erforderliche Best\u00e4tigung auf elektronischem Wege erteilt hat.<\/p>\n<p>4.2 &#8211; Die vertragsgegenst\u00e4ndliche Leistung wird dem K\u00c4UFER oder der Person\/Organisation an der vom K\u00c4UFER angegebenen Adresse oder der Person\/Organisation an der vom K\u00c4UFER angegebenen Adresse innerhalb der in den Vorabinformationen auf der Website angek\u00fcndigten Frist zugestellt, je nach Entfernung der Niederlassung des K\u00c4UFERS f\u00fcr jedes Produkt, vorausgesetzt, sie \u00fcberschreitet nicht die gesetzliche Frist von 30 Tagen.<\/p>\n<\/div><\/div><\/div><\/div><\/div><\/div><\/section>\n","protected":false},"excerpt":{"rendered":"Kaufvertrag ARTIKEL 1 &#8211; PARTEIEN VERK\u00c4UFER Name\/Titel: ELEVEN ESTHETICS PRIVATE HEALTH SERVICES Adresse: Kulo\u011flu, Sadri Al\u0131\u015f\u0131k Sk. Nr:16, 34440 Taksim\/Istanbul E-Mail: info@elevenestetik.com Telefon: 0501 155 25 11 K\u00c4UFER Vorname\/Nachname: Adresse: Telefon: E-Mail: ARTIKEL 2 &#8211; GEGENSTAND Dieser Vertrag bestimmt die Rechte und Pflichten des K\u00c4UFERS in \u00dcbereinstimmung mit den Bestimmungen des Gesetzes Nr. 6502 \u00fcber...","protected":false},"author":1,"featured_media":0,"parent":0,"menu_order":0,"comment_status":"closed","ping_status":"closed","template":"","meta":{"rank_math_focus_keyword":"","rank_math_description":"","footnotes":""},"class_list":["post-5419","page","type-page","status-publish","hentry"],"_links":{"self":[{"href":"https:\/\/www.elevenestetik.com\/de\/wp-json\/wp\/v2\/pages\/5419","targetHints":{"allow":["GET"]}}],"collection":[{"href":"https:\/\/www.elevenestetik.com\/de\/wp-json\/wp\/v2\/pages"}],"about":[{"href":"https:\/\/www.elevenestetik.com\/de\/wp-json\/wp\/v2\/types\/page"}],"author":[{"embeddable":true,"href":"https:\/\/www.elevenestetik.com\/de\/wp-json\/wp\/v2\/users\/1"}],"replies":[{"embeddable":true,"href":"https:\/\/www.elevenestetik.com\/de\/wp-json\/wp\/v2\/comments?post=5419"}],"version-history":[{"count":2,"href":"https:\/\/www.elevenestetik.com\/de\/wp-json\/wp\/v2\/pages\/5419\/revisions"}],"predecessor-version":[{"id":5430,"href":"https:\/\/www.elevenestetik.com\/de\/wp-json\/wp\/v2\/pages\/5419\/revisions\/5430"}],"wp:attachment":[{"href":"https:\/\/www.elevenestetik.com\/de\/wp-json\/wp\/v2\/media?parent=5419"}],"curies":[{"name":"wp","href":"https:\/\/api.w.org\/{rel}","templated":true}]}}