{"id":5411,"date":"2026-01-26T09:05:13","date_gmt":"2026-01-26T06:05:13","guid":{"rendered":"https:\/\/www.elevenestetik.com\/qualitaet-und-transparenz\/"},"modified":"2026-01-26T09:07:07","modified_gmt":"2026-01-26T06:07:07","slug":"qualitaet-und-transparenz","status":"publish","type":"page","link":"https:\/\/www.elevenestetik.com\/de\/qualitaet-und-transparenz\/","title":{"rendered":"Qualit\u00e4t und Transparenz"},"content":{"rendered":"<section class=\"l-section wpb_row us_custom_4e2a4f93 height_large\"><div class=\"l-section-h i-cf\"><div class=\"g-cols vc_row via_grid cols_1 laptops-cols_inherit tablets-cols_inherit mobiles-cols_1 valign_top type_default stacking_default\"><div class=\"wpb_column vc_column_container\"><div class=\"vc_column-inner\"><h1 class=\"w-text us_custom_28784076 has_text_color\"><span class=\"w-text-h\"><span class=\"w-text-value\">Qualit\u00e4t und Transparenz<\/span><\/span><\/h1><\/div><\/div><\/div><\/div><\/section><section class=\"l-section wpb_row us_custom_6179e1d8 height_large width_full\"><div class=\"l-section-h i-cf\"><div class=\"g-cols vc_row via_grid cols_1 laptops-cols_inherit tablets-cols_inherit mobiles-cols_1 valign_top type_default stacking_default\"><div class=\"wpb_column vc_column_container\"><div class=\"vc_column-inner\"><div class=\"wpb_text_column\"><div class=\"wpb_wrapper\"><h2><strong>Qualit\u00e4t<\/strong><\/h2>\n<p>Als Eleven Aesthetics ist es unser Ziel, die Qualit\u00e4t der Dienstleistungen, die wir unseren Patienten anbieten, zu verbessern. Wir tun dies, indem wir die Erfahrung und Zufriedenheit unserer Patienten in den Vordergrund stellen. Wir arbeiten nur mit spezialisierten und erfahrenen Chirurgen zusammen, um sicherzustellen, dass der Prozess sicher ist und die Ergebnisse zufriedenstellend sind. Dar\u00fcber hinaus arbeiten unsere Chirurgen in A+ Krankenh\u00e4usern, die nur mit den hochwertigsten Ger\u00e4ten ausgestattet sind, um einen reibungslosen Ablauf der Operation f\u00fcr alle zu gew\u00e4hrleisten. Zu unserer umfassenden Betreuung geh\u00f6rt auch die Unterbringung in einem 5-Sterne-Hotel mit einem rund um die Uhr verf\u00fcgbaren Pflegedienst, um die bestm\u00f6gliche Qualit\u00e4t der Reise zu gew\u00e4hrleisten.    <\/p>\n<p>Im Rahmen unserer Qualit\u00e4tspolitik schulen wir unsere Mitarbeiter regelm\u00e4\u00dfig, um unsere Servicequalit\u00e4t zu verbessern und gleichzeitig die Sicherheit von Mitarbeitern und Patienten zu gew\u00e4hrleisten. Wir werten die Zufriedenheit von Patienten und Mitarbeitern regelm\u00e4\u00dfig aus und analysieren die Ergebnisse, um die von uns angebotenen Dienstleistungen zu verbessern. <\/p>\n<h2><strong>Transparenz<\/strong><\/h2>\n<p class=\"text-start w-full mb-2\">Wir betonen die Bedeutung von Transparenz im Gesundheitswesen f\u00fcr einen qualitativ hochwertigen Behandlungsprozess. Dies st\u00e4rkt die Beziehungen, die wir zu unseren Patienten aufbauen, und ihr Vertrauen in uns erheblich. Gut informierte Patienten haben im Allgemeinen mehr Vertrauen in ihren Chirurgen und die von ihnen bevorzugten Behandlungsmethoden. Umfassend \u00fcber Ihren zuk\u00fcnftigen Behandlungsverlauf informiert zu sein und einen kompetenten Chirurgen, eine kompetente Einrichtung und einen kompetenten Pflegedienst zu finden, sind wichtige Faktoren, die Sie w\u00e4hrend des Behandlungsprozesses ber\u00fccksichtigen sollten.   <\/p>\n<p class=\"text-start w-full mb-2\">Als Eleven Aesthetics bieten wir unseren Patienten eine einzigartige Plattform, auf der sie ihre Erfahrungen, Ergebnisse und Empfehlungen \u00fcber Eleven Aesthetics Chirurgen teilen k\u00f6nnen, um ihnen bei ihrer Recherche zu helfen. Wir schaffen eine Umgebung, in der unsere Patienten, Patientenangeh\u00f6rigen und Mitarbeiter ihre Gedanken bequem \u00e4u\u00dfern k\u00f6nnen. Eleven Aesthetics beteiligt sich an verschiedenen Plattformen, auf die jeder zugreifen oder denen er privat beitreten kann, um seine Bilder mit neuen Mitgliedern zu teilen. Diese Plattformen haben sich als \u00e4u\u00dferst positiv f\u00fcr die Patientenaufkl\u00e4rung und -beratung erwiesen.   <\/p>\n<p class=\"text-start w-full mb-2\">W\u00e4hrend des pr\u00e4- und postoperativen Prozesses teilt unser Team umfassende Gesundheitsinformationen mit unseren Patienten, um die Ergebnisse zu verbessern und die Patientenzufriedenheit zu erh\u00f6hen. Unsere Einverst\u00e4ndniserkl\u00e4rungen enthalten detaillierte Informationen \u00fcber die Operation und m\u00f6gliche Ergebnisse. Unser Ziel ist es, Leben zu ver\u00e4ndern. Daher legen wir gro\u00dfen Wert auf Transparenz, um sicherzustellen, dass unsere Patienten die besten und ges\u00fcndesten Ergebnisse erzielen. Wir erheben und verarbeiten die personenbezogenen Daten aller unserer Patienten auf faire und rechtm\u00e4\u00dfige Weise, in \u00dcbereinstimmung mit dem Gesetz zum Schutz personenbezogener Daten.   <\/p>\n<\/div><\/div><\/div><\/div><\/div><\/div><\/section>\n","protected":false},"excerpt":{"rendered":"Qualit\u00e4t und TransparenzQualit\u00e4t Als Eleven Aesthetics ist es unser Ziel, die Qualit\u00e4t der Dienstleistungen, die wir unseren Patienten anbieten, zu verbessern. Wir tun dies, indem wir die Erfahrung und Zufriedenheit unserer Patienten in den Vordergrund stellen. Wir arbeiten nur mit spezialisierten und erfahrenen Chirurgen zusammen, um sicherzustellen, dass der Prozess sicher ist und die Ergebnisse...","protected":false},"author":1,"featured_media":0,"parent":0,"menu_order":0,"comment_status":"closed","ping_status":"closed","template":"","meta":{"rank_math_focus_keyword":"Qualit\u00e4t und Transparenz","rank_math_description":"","footnotes":""},"class_list":["post-5411","page","type-page","status-publish","hentry"],"_links":{"self":[{"href":"https:\/\/www.elevenestetik.com\/de\/wp-json\/wp\/v2\/pages\/5411","targetHints":{"allow":["GET"]}}],"collection":[{"href":"https:\/\/www.elevenestetik.com\/de\/wp-json\/wp\/v2\/pages"}],"about":[{"href":"https:\/\/www.elevenestetik.com\/de\/wp-json\/wp\/v2\/types\/page"}],"author":[{"embeddable":true,"href":"https:\/\/www.elevenestetik.com\/de\/wp-json\/wp\/v2\/users\/1"}],"replies":[{"embeddable":true,"href":"https:\/\/www.elevenestetik.com\/de\/wp-json\/wp\/v2\/comments?post=5411"}],"version-history":[{"count":2,"href":"https:\/\/www.elevenestetik.com\/de\/wp-json\/wp\/v2\/pages\/5411\/revisions"}],"predecessor-version":[{"id":5417,"href":"https:\/\/www.elevenestetik.com\/de\/wp-json\/wp\/v2\/pages\/5411\/revisions\/5417"}],"wp:attachment":[{"href":"https:\/\/www.elevenestetik.com\/de\/wp-json\/wp\/v2\/media?parent=5411"}],"curies":[{"name":"wp","href":"https:\/\/api.w.org\/{rel}","templated":true}]}}