{"id":4824,"date":"2026-01-26T09:05:33","date_gmt":"2026-01-26T06:05:33","guid":{"rendered":"https:\/\/www.elevenestetik.com\/datenschutzbestimmungen\/"},"modified":"2026-01-26T09:07:20","modified_gmt":"2026-01-26T06:07:20","slug":"datenschutzbestimmungen","status":"publish","type":"page","link":"https:\/\/www.elevenestetik.com\/de\/datenschutzbestimmungen\/","title":{"rendered":"Datenschutzbestimmungen"},"content":{"rendered":"<section class=\"l-section wpb_row height_medium\"><div class=\"l-section-h i-cf\"><div class=\"g-cols vc_row via_grid cols_1 laptops-cols_inherit tablets-cols_inherit mobiles-cols_1 valign_top type_default stacking_default\"><div class=\"wpb_column vc_column_container\"><div class=\"vc_column-inner\"><div class=\"wpb_text_column\"><div class=\"wpb_wrapper\"><h1><strong>Datenschutzbestimmungen<\/strong><\/h1>\n<h1><strong>Einf\u00fchrung<\/strong><\/h1>\n<p>Als unsere Webseite nehmen wir die Privatsph\u00e4re unserer Nutzer ernst. Diese Datenschutzerkl\u00e4rung gibt Auskunft dar\u00fcber, welche pers\u00f6nlichen Daten wir sammeln und wie wir sie verwenden.<\/p>\n<h2><strong>1. die Erhebung von personenbezogenen Daten<\/strong><\/h2>\n<p>Wenn Sie unsere Website besuchen, k\u00f6nnen bestimmte Informationen automatisch erfasst werden, darunter Ihre IP-Adresse, der Browsertyp, die Dauer des Besuchs und die von Ihnen besuchten Seiten. Wenn Sie sich auf unserer Website registrieren oder mit uns Kontakt aufnehmen, k\u00f6nnen wir auch pers\u00f6nliche Daten von Ihnen erfragen, wie z. B. Ihren Namen und Ihre E-Mail-Adresse.<\/p>\n<h2><strong>2. die Cookies<\/strong><\/h2>\n<p>Wir verwenden Cookies auf unserer Website. Cookies sind kleine Dateien, die von Websites verwendet werden k\u00f6nnen, um die Benutzerfreundlichkeit zu verbessern. Sie k\u00f6nnen sie ablehnen oder l\u00f6schen, indem Sie die Cookie-Einstellungen Ihres Browsers \u00e4ndern.<\/p>\n<h2><strong>3. die Verwendung personenbezogener Informationen<\/strong><\/h2>\n<p>Wir k\u00f6nnen die von uns gesammelten pers\u00f6nlichen Daten verwenden, um unsere Dienste bereitzustellen, die Benutzererfahrung zu verbessern und mit unseren Benutzern zu kommunizieren.<\/p>\n<h2><strong>4. pers\u00f6nliche Informationen weitergeben<\/strong><\/h2>\n<p>Ihre pers\u00f6nlichen Daten werden nur im Rahmen der gesetzlichen Bestimmungen oder mit Ihrer ausdr\u00fccklichen Zustimmung weitergegeben.<\/p>\n<h2><strong>5. die Sicherheit<\/strong><\/h2>\n<p>Wir treffen technische und administrative Sicherheitsma\u00dfnahmen, um die Datensicherheit zu gew\u00e4hrleisten.<\/p>\n<\/div><\/div><\/div><\/div><\/div><\/div><\/section>\n","protected":false},"excerpt":{"rendered":"Datenschutzbestimmungen Einf\u00fchrung Als unsere Webseite nehmen wir die Privatsph\u00e4re unserer Nutzer ernst. Diese Datenschutzerkl\u00e4rung gibt Auskunft dar\u00fcber, welche pers\u00f6nlichen Daten wir sammeln und wie wir sie verwenden. 1. die Erhebung von personenbezogenen Daten Wenn Sie unsere Website besuchen, k\u00f6nnen bestimmte Informationen automatisch erfasst werden, darunter Ihre IP-Adresse, der Browsertyp, die Dauer des Besuchs und die...","protected":false},"author":1,"featured_media":0,"parent":0,"menu_order":0,"comment_status":"closed","ping_status":"closed","template":"","meta":{"rank_math_focus_keyword":"","rank_math_description":"","footnotes":""},"class_list":["post-4824","page","type-page","status-publish","hentry"],"_links":{"self":[{"href":"https:\/\/www.elevenestetik.com\/de\/wp-json\/wp\/v2\/pages\/4824","targetHints":{"allow":["GET"]}}],"collection":[{"href":"https:\/\/www.elevenestetik.com\/de\/wp-json\/wp\/v2\/pages"}],"about":[{"href":"https:\/\/www.elevenestetik.com\/de\/wp-json\/wp\/v2\/types\/page"}],"author":[{"embeddable":true,"href":"https:\/\/www.elevenestetik.com\/de\/wp-json\/wp\/v2\/users\/1"}],"replies":[{"embeddable":true,"href":"https:\/\/www.elevenestetik.com\/de\/wp-json\/wp\/v2\/comments?post=4824"}],"version-history":[{"count":2,"href":"https:\/\/www.elevenestetik.com\/de\/wp-json\/wp\/v2\/pages\/4824\/revisions"}],"predecessor-version":[{"id":4826,"href":"https:\/\/www.elevenestetik.com\/de\/wp-json\/wp\/v2\/pages\/4824\/revisions\/4826"}],"wp:attachment":[{"href":"https:\/\/www.elevenestetik.com\/de\/wp-json\/wp\/v2\/media?parent=4824"}],"curies":[{"name":"wp","href":"https:\/\/api.w.org\/{rel}","templated":true}]}}