{"id":4744,"date":"2026-01-26T09:05:44","date_gmt":"2026-01-26T06:05:44","guid":{"rendered":"https:\/\/www.elevenestetik.com\/blog\/"},"modified":"2026-01-26T09:07:27","modified_gmt":"2026-01-26T06:07:27","slug":"blog","status":"publish","type":"page","link":"https:\/\/www.elevenestetik.com\/de\/blog\/","title":{"rendered":"Blog"},"content":{"rendered":"<section class=\"l-section wpb_row us_custom_4fb9e5a3 height_medium\"><div class=\"l-section-h i-cf\"><div class=\"g-cols vc_row via_grid cols_1 laptops-cols_inherit tablets-cols_inherit mobiles-cols_1 valign_top type_default stacking_default\"><div class=\"wpb_column vc_column_container\"><div class=\"vc_column-inner\"><h1 class=\"w-text us_custom_a369f9ce\"><span class=\"w-text-h\"><span class=\"w-text-value\">Blog<\/span><\/span><\/h1><div class=\"w-grid us_grid type_grid layout_4638 cols_1 preload_style_spinner\" id=\"us_grid_1\" style=\"--columns:1;--gap:4vh;\" data-filterable=\"true\"><style>.layout_4638 .w-grid-item-h{}@media(max-width:479px){.layout_4638 .usg_post_image_1{display:none!important}}.layout_4638 .usg_hwrapper_1{color:var(--color-content-text)!important;margin-left:10%!important;padding-top:6%!important;padding-bottom:6%!important;background:var(--color-content-bg-alt)!important}.layout_4638 .usg_post_image_1{width:50%!important;margin-left:-11%!important;margin-right:0!important;border-radius:20px!important}.layout_4638 .usg_vwrapper_1{width:48%!important;margin-left:7%!important}.layout_4638 .usg_post_date_1{font-size:0.9rem!important}.layout_4638 .usg_post_title_1{line-height:1.2!important;letter-spacing:-1px!important;font-weight:700!important}.layout_4638 .usg_post_content_1{font-size:0.9rem!important}.layout_4638 .usg_btn_1{text-align:left!important;margin-left:-28px!important}@media (min-width:1025px) and (max-width:1380px){.layout_4638 .usg_post_title_1{line-height:1.2!important;letter-spacing:-1px!important;font-weight:700!important}}@media (min-width:601px) and (max-width:1024px){.layout_4638 .usg_post_title_1{line-height:1.2!important;letter-spacing:-1px!important;font-weight:700!important}}@media (max-width:600px){.layout_4638 .usg_hwrapper_1{margin-left:0!important;margin-right:0!important;padding-top:0!important;padding-bottom:0!important}.layout_4638 .usg_post_image_1{width:100%!important;margin-left:0!important;margin-right:0!important}.layout_4638 .usg_vwrapper_1{width:86%!important;margin:5% 7% 7% 7%!important}.layout_4638 .usg_post_title_1{line-height:1.2!important;letter-spacing:-1px!important;font-weight:700!important}}<\/style><div class=\"w-grid-list\">\t<article class=\"w-grid-item size_1x1 post-7465 post type-post status-publish format-standard has-post-thumbnail hentry category-brust-asthetik\" data-id=\"7465\">\r\n\t\t<div class=\"w-grid-item-h\">\r\n\t\t\t\t\t\t<div class=\"w-hwrapper usg_hwrapper_1 has_text_color align_none valign_center wrap\"><div class=\"w-post-elm post_image usg_post_image_1 has_width stretched\"><a href=\"https:\/\/www.elevenestetik.com\/de\/brust-asthetik\/verfahren-zur-brustvergroesserung-vorteile-und-risiken\/\" aria-label=\"Verfahren zur Brustvergr\u00f6\u00dferung: Vorteile und Risiken\"><img loading=\"lazy\" decoding=\"async\" width=\"1920\" height=\"1080\" src=\"https:\/\/www.elevenestetik.com\/wp-content\/uploads\/2024\/11\/gogus-buyutme.jpg\" class=\"attachment-full size-full wp-post-image\" alt=\"g\u00f6\u011f\u00fcs b\u00fcy\u00fctme\" srcset=\"https:\/\/www.elevenestetik.com\/wp-content\/uploads\/2024\/11\/gogus-buyutme.jpg 1920w, https:\/\/www.elevenestetik.com\/wp-content\/uploads\/2024\/11\/gogus-buyutme-300x169.jpg 300w, https:\/\/www.elevenestetik.com\/wp-content\/uploads\/2024\/11\/gogus-buyutme-1024x576.jpg 1024w\" sizes=\"auto, (max-width: 1920px) 100vw, 1920px\" \/><\/a><\/div><div class=\"w-vwrapper usg_vwrapper_1 align_none valign_top\"><time class=\"w-post-elm post_date usg_post_date_1 entry-date published\" datetime=\"2024-11-07T17:50:47+03:00\" title=\"7 November 2024 um 17:50:47 +03:00\u00a0Uhr\">vor 1\u00a0Jahr<\/time><h2 class=\"w-post-elm post_title usg_post_title_1 entry-title color_link_inherit\"><a href=\"https:\/\/www.elevenestetik.com\/de\/brust-asthetik\/verfahren-zur-brustvergroesserung-vorteile-und-risiken\/\">Verfahren zur Brustvergr\u00f6\u00dferung: Vorteile und Risiken<\/a><\/h2><div class=\"w-post-elm post_content usg_post_content_1\">Eine Brustvergr\u00f6\u00dferung ist f\u00fcr viele Frauen eine \u00e4sthetische Entscheidung und ein wirksames Mittel zur St\u00e4rkung des Selbstbewusstseins. In diesem Blogbeitrag werden wir einen umfassenden Blick darauf werfen, was eine Brustvergr\u00f6\u00dferung&hellip;<\/div><a class=\"w-btn us-btn-style_4 usg_btn_1 icon_atright\" href=\"https:\/\/www.elevenestetik.com\/de\/brust-asthetik\/verfahren-zur-brustvergroesserung-vorteile-und-risiken\/\"><span class=\"w-btn-label\">Inhalt anzeigen<\/span><i class=\"far fa-angle-right\"><\/i><\/a><\/div><\/div>\t\t<\/div>\r\n\t\t\t<\/article>\r\n\t<article class=\"w-grid-item size_1x1 post-7453 post type-post status-publish format-standard has-post-thumbnail hentry category-gesichtsasthetik\" data-id=\"7453\">\r\n\t\t<div class=\"w-grid-item-h\">\r\n\t\t\t\t\t\t<div class=\"w-hwrapper usg_hwrapper_1 has_text_color align_none valign_center wrap\"><div class=\"w-post-elm post_image usg_post_image_1 has_width stretched\"><a href=\"https:\/\/www.elevenestetik.com\/de\/gesichtsasthetik\/wodurch-werden-augenlidschwellungen-verursacht-was-ist-gut-gegen-augenschwellungen\/\" aria-label=\"Wodurch werden Augenlidschwellungen verursacht? Was ist gut gegen Augenschwellungen?\"><img loading=\"lazy\" decoding=\"async\" width=\"1000\" height=\"667\" src=\"https:\/\/www.elevenestetik.com\/wp-content\/uploads\/2024\/04\/goz-sismesine-ne-iyi-gelir.jpeg\" class=\"attachment-full size-full wp-post-image\" alt=\"g\u00f6z \u015fi\u015fmesine ne iyi gelir\" srcset=\"https:\/\/www.elevenestetik.com\/wp-content\/uploads\/2024\/04\/goz-sismesine-ne-iyi-gelir.jpeg 1000w, https:\/\/www.elevenestetik.com\/wp-content\/uploads\/2024\/04\/goz-sismesine-ne-iyi-gelir-300x200.jpeg 300w\" sizes=\"auto, (max-width: 1000px) 100vw, 1000px\" \/><\/a><\/div><div class=\"w-vwrapper usg_vwrapper_1 align_none valign_top\"><time class=\"w-post-elm post_date usg_post_date_1 entry-date published\" datetime=\"2024-04-29T17:54:50+03:00\" title=\"29 April 2024 um 17:54:50 +03:00\u00a0Uhr\">vor 2\u00a0Jahren<\/time><h2 class=\"w-post-elm post_title usg_post_title_1 entry-title color_link_inherit\"><a href=\"https:\/\/www.elevenestetik.com\/de\/gesichtsasthetik\/wodurch-werden-augenlidschwellungen-verursacht-was-ist-gut-gegen-augenschwellungen\/\">Wodurch werden Augenlidschwellungen verursacht? Was ist gut gegen Augenschwellungen?<\/a><\/h2><div class=\"w-post-elm post_content usg_post_content_1\">Was ist gut gegen Augenschwellungen? Angeschwollene Augenlider sind ein h\u00e4ufiges Problem, mit dem viele Menschen zu k\u00e4mpfen haben. Dieses Leiden kann oft durch verschiedene Ursachen wie Schlafmangel, Stress, Allergien oder&hellip;<\/div><a class=\"w-btn us-btn-style_4 usg_btn_1 icon_atright\" href=\"https:\/\/www.elevenestetik.com\/de\/gesichtsasthetik\/wodurch-werden-augenlidschwellungen-verursacht-was-ist-gut-gegen-augenschwellungen\/\"><span class=\"w-btn-label\">Inhalt anzeigen<\/span><i class=\"far fa-angle-right\"><\/i><\/a><\/div><\/div>\t\t<\/div>\r\n\t\t\t<\/article>\r\n\t<article class=\"w-grid-item size_1x1 post-7461 post type-post status-publish format-standard has-post-thumbnail hentry category-gesichtsasthetik\" data-id=\"7461\">\r\n\t\t<div class=\"w-grid-item-h\">\r\n\t\t\t\t\t\t<div class=\"w-hwrapper usg_hwrapper_1 has_text_color align_none valign_center wrap\"><div class=\"w-post-elm post_image usg_post_image_1 has_width stretched\"><a href=\"https:\/\/www.elevenestetik.com\/de\/gesichtsasthetik\/informationen-zur-gruebchen-aesthetik-behandlung-und-zu-den-preisen-der-gruebchen-aesthetik\/\" aria-label=\"Informationen zur Gr\u00fcbchen-\u00c4sthetik-Behandlung und zu den Preisen der Gr\u00fcbchen-\u00c4sthetik\"><img loading=\"lazy\" decoding=\"async\" width=\"1024\" height=\"745\" src=\"https:\/\/www.elevenestetik.com\/wp-content\/uploads\/2024\/04\/gamze-estetigi-fiyatlari.webp\" class=\"attachment-full size-full wp-post-image\" alt=\"gamze esteti\u011fi fiyatlar\u0131\" srcset=\"https:\/\/www.elevenestetik.com\/wp-content\/uploads\/2024\/04\/gamze-estetigi-fiyatlari.webp 1024w, https:\/\/www.elevenestetik.com\/wp-content\/uploads\/2024\/04\/gamze-estetigi-fiyatlari-300x218.webp 300w\" sizes=\"auto, (max-width: 1024px) 100vw, 1024px\" \/><\/a><\/div><div class=\"w-vwrapper usg_vwrapper_1 align_none valign_top\"><time class=\"w-post-elm post_date usg_post_date_1 entry-date published\" datetime=\"2024-04-28T16:32:20+03:00\" title=\"28 April 2024 um 16:32:20 +03:00\u00a0Uhr\">vor 2\u00a0Jahren<\/time><h2 class=\"w-post-elm post_title usg_post_title_1 entry-title color_link_inherit\"><a href=\"https:\/\/www.elevenestetik.com\/de\/gesichtsasthetik\/informationen-zur-gruebchen-aesthetik-behandlung-und-zu-den-preisen-der-gruebchen-aesthetik\/\">Informationen zur Gr\u00fcbchen-\u00c4sthetik-Behandlung und zu den Preisen der Gr\u00fcbchen-\u00c4sthetik<\/a><\/h2><div class=\"w-post-elm post_content usg_post_content_1\">Die Gr\u00fcbchen\u00e4sthetik, die sich heute unter den \u00e4sthetischen Anwendungen immer gr\u00f6\u00dferer Beliebtheit erfreut, ist zu einer unverzichtbaren Option f\u00fcr diejenigen geworden, die ihrer Gesichtssch\u00f6nheit einen nat\u00fcrlichen Charme verleihen m\u00f6chten. Was&hellip;<\/div><a class=\"w-btn us-btn-style_4 usg_btn_1 icon_atright\" href=\"https:\/\/www.elevenestetik.com\/de\/gesichtsasthetik\/informationen-zur-gruebchen-aesthetik-behandlung-und-zu-den-preisen-der-gruebchen-aesthetik\/\"><span class=\"w-btn-label\">Inhalt anzeigen<\/span><i class=\"far fa-angle-right\"><\/i><\/a><\/div><\/div>\t\t<\/div>\r\n\t\t\t<\/article>\r\n\t<article class=\"w-grid-item size_1x1 post-7470 post type-post status-publish format-standard has-post-thumbnail hentry category-zahnarztliche-operationen\" data-id=\"7470\">\r\n\t\t<div class=\"w-grid-item-h\">\r\n\t\t\t\t\t\t<div class=\"w-hwrapper usg_hwrapper_1 has_text_color align_none valign_center wrap\"><div class=\"w-post-elm post_image usg_post_image_1 has_width stretched\"><a href=\"https:\/\/www.elevenestetik.com\/de\/zahnarztliche-operationen\/was-sie-ueber-zahnbrueckenbehandlung-und-preise-fuer-zahnbruecken-wissen-sollten\/\" aria-label=\"Was Sie \u00fcber Zahnbr\u00fcckenbehandlung und Preise f\u00fcr Zahnbr\u00fccken wissen sollten\"><img loading=\"lazy\" decoding=\"async\" width=\"1200\" height=\"900\" src=\"https:\/\/www.elevenestetik.com\/wp-content\/uploads\/2024\/04\/dis-kopru-fiyatlari.webp\" class=\"attachment-full size-full wp-post-image\" alt=\"di\u015f k\u00f6pr\u00fc fiyatlar\u0131\" srcset=\"https:\/\/www.elevenestetik.com\/wp-content\/uploads\/2024\/04\/dis-kopru-fiyatlari.webp 1200w, https:\/\/www.elevenestetik.com\/wp-content\/uploads\/2024\/04\/dis-kopru-fiyatlari-300x225.webp 300w, https:\/\/www.elevenestetik.com\/wp-content\/uploads\/2024\/04\/dis-kopru-fiyatlari-1024x768.webp 1024w\" sizes=\"auto, (max-width: 1200px) 100vw, 1200px\" \/><\/a><\/div><div class=\"w-vwrapper usg_vwrapper_1 align_none valign_top\"><time class=\"w-post-elm post_date usg_post_date_1 entry-date published\" datetime=\"2024-04-28T16:24:02+03:00\" title=\"28 April 2024 um 16:24:02 +03:00\u00a0Uhr\">vor 2\u00a0Jahren<\/time><h2 class=\"w-post-elm post_title usg_post_title_1 entry-title color_link_inherit\"><a href=\"https:\/\/www.elevenestetik.com\/de\/zahnarztliche-operationen\/was-sie-ueber-zahnbrueckenbehandlung-und-preise-fuer-zahnbruecken-wissen-sollten\/\">Was Sie \u00fcber Zahnbr\u00fcckenbehandlung und Preise f\u00fcr Zahnbr\u00fccken wissen sollten<\/a><\/h2><div class=\"w-post-elm post_content usg_post_content_1\">Die Behandlung mit einer Zahnbr\u00fccke ist eine beliebte Methode, um fehlende Z\u00e4hne \u00e4sthetisch und funktionell zu ersetzen. Der Hauptzweck dieser Behandlung besteht darin, die Kaufunktion der Person zu verbessern, indem&hellip;<\/div><a class=\"w-btn us-btn-style_4 usg_btn_1 icon_atright\" href=\"https:\/\/www.elevenestetik.com\/de\/zahnarztliche-operationen\/was-sie-ueber-zahnbrueckenbehandlung-und-preise-fuer-zahnbruecken-wissen-sollten\/\"><span class=\"w-btn-label\">Inhalt anzeigen<\/span><i class=\"far fa-angle-right\"><\/i><\/a><\/div><\/div>\t\t<\/div>\r\n\t\t\t<\/article>\r\n\t<article class=\"w-grid-item size_1x1 post-7469 post type-post status-publish format-standard has-post-thumbnail hentry category-korperasthetik\" data-id=\"7469\">\r\n\t\t<div class=\"w-grid-item-h\">\r\n\t\t\t\t\t\t<div class=\"w-hwrapper usg_hwrapper_1 has_text_color align_none valign_center wrap\"><div class=\"w-post-elm post_image usg_post_image_1 has_width stretched\"><a href=\"https:\/\/www.elevenestetik.com\/de\/korperasthetik\/perfekte-methoden-zur-aufhellung-der-vagina\/\" aria-label=\"Perfekte Methoden zur Aufhellung der Vagina\"><img loading=\"lazy\" decoding=\"async\" width=\"1024\" height=\"576\" src=\"https:\/\/www.elevenestetik.com\/wp-content\/uploads\/2024\/04\/vajina-beyazlatma.jpeg\" class=\"attachment-full size-full wp-post-image\" alt=\"vajina beyazlatma\" srcset=\"https:\/\/www.elevenestetik.com\/wp-content\/uploads\/2024\/04\/vajina-beyazlatma.jpeg 1024w, https:\/\/www.elevenestetik.com\/wp-content\/uploads\/2024\/04\/vajina-beyazlatma-300x169.jpeg 300w\" sizes=\"auto, (max-width: 1024px) 100vw, 1024px\" \/><\/a><\/div><div class=\"w-vwrapper usg_vwrapper_1 align_none valign_top\"><time class=\"w-post-elm post_date usg_post_date_1 entry-date published\" datetime=\"2024-04-18T17:43:24+03:00\" title=\"18 April 2024 um 17:43:24 +03:00\u00a0Uhr\">vor 2\u00a0Jahren<\/time><h2 class=\"w-post-elm post_title usg_post_title_1 entry-title color_link_inherit\"><a href=\"https:\/\/www.elevenestetik.com\/de\/korperasthetik\/perfekte-methoden-zur-aufhellung-der-vagina\/\">Perfekte Methoden zur Aufhellung der Vagina<\/a><\/h2><div class=\"w-post-elm post_content usg_post_content_1\">F\u00fcr diejenigen, die sich \u00fcber die perfekten Methoden zur Aufhellung der Vagina informieren m\u00f6chten, haben wir die nat\u00fcrlichen und chemischen Methoden untersucht, die zu Hause angewendet werden k\u00f6nnen, sowie die&hellip;<\/div><a class=\"w-btn us-btn-style_4 usg_btn_1 icon_atright\" href=\"https:\/\/www.elevenestetik.com\/de\/korperasthetik\/perfekte-methoden-zur-aufhellung-der-vagina\/\"><span class=\"w-btn-label\">Inhalt anzeigen<\/span><i class=\"far fa-angle-right\"><\/i><\/a><\/div><\/div>\t\t<\/div>\r\n\t\t\t<\/article>\r\n\t<article class=\"w-grid-item size_1x1 post-4777 post type-post status-publish format-standard has-post-thumbnail hentry category-gesichtsasthetik\" data-id=\"4777\">\r\n\t\t<div class=\"w-grid-item-h\">\r\n\t\t\t\t\t\t<div class=\"w-hwrapper usg_hwrapper_1 has_text_color align_none valign_center wrap\"><div class=\"w-post-elm post_image usg_post_image_1 has_width stretched\"><a href=\"https:\/\/www.elevenestetik.com\/de\/gesichtsasthetik\/effektive-gesichtsstraffung-aesthetik-arztauswahl\/\" aria-label=\"Effektive Gesichtsstraffung \u00c4sthetik Arztauswahl\"><img loading=\"lazy\" decoding=\"async\" width=\"1920\" height=\"1080\" src=\"https:\/\/www.elevenestetik.com\/wp-content\/uploads\/2024\/03\/yuz_germe_estetigi.jpg\" class=\"attachment-full size-full wp-post-image\" alt=\"\" srcset=\"https:\/\/www.elevenestetik.com\/wp-content\/uploads\/2024\/03\/yuz_germe_estetigi.jpg 1920w, https:\/\/www.elevenestetik.com\/wp-content\/uploads\/2024\/03\/yuz_germe_estetigi-300x169.jpg 300w, https:\/\/www.elevenestetik.com\/wp-content\/uploads\/2024\/03\/yuz_germe_estetigi-1024x576.jpg 1024w\" sizes=\"auto, (max-width: 1920px) 100vw, 1920px\"><\/a><\/div><div class=\"w-vwrapper usg_vwrapper_1 align_none valign_top\"><time class=\"w-post-elm post_date usg_post_date_1 entry-date published\" datetime=\"2024-03-13T18:47:47+03:00\" title=\"13 M\u00e4rz 2024 um 18:47:47 +03:00\u00a0Uhr\">vor 2\u00a0Jahren<\/time><h2 class=\"w-post-elm post_title usg_post_title_1 entry-title color_link_inherit\"><a href=\"https:\/\/www.elevenestetik.com\/de\/gesichtsasthetik\/effektive-gesichtsstraffung-aesthetik-arztauswahl\/\">Effektive Gesichtsstraffung \u00c4sthetik Arztauswahl<\/a><\/h2><div class=\"w-post-elm post_content usg_post_content_1\">Die Wahl eines guten Arztes f\u00fcr die \u00e4sthetische Gesichtsstraffung ist entscheidend f\u00fcr eine erfolgreiche \u00e4sthetische Operation. Es gibt mehrere wichtige Schritte, um den richtigen Arzt zu finden. Erstens ist es&hellip;<\/div><a class=\"w-btn us-btn-style_4 usg_btn_1 icon_atright\" href=\"https:\/\/www.elevenestetik.com\/de\/gesichtsasthetik\/effektive-gesichtsstraffung-aesthetik-arztauswahl\/\"><span class=\"w-btn-label\">Inhalt anzeigen<\/span><i class=\"far fa-angle-right\"><\/i><\/a><\/div><\/div>\t\t<\/div>\r\n\t\t\t<\/article>\r\n\t<article class=\"w-grid-item size_1x1 post-4780 post type-post status-publish format-standard has-post-thumbnail hentry category-korperasthetik\" data-id=\"4780\">\r\n\t\t<div class=\"w-grid-item-h\">\r\n\t\t\t\t\t\t<div class=\"w-hwrapper usg_hwrapper_1 has_text_color align_none valign_center wrap\"><div class=\"w-post-elm post_image usg_post_image_1 has_width stretched\"><a href=\"https:\/\/www.elevenestetik.com\/de\/korperasthetik\/kombinierte-aesthetische-operationen-die-perfekte-veraenderung\/\" aria-label=\"Kombinierte \u00e4sthetische Operationen: Die perfekte Ver\u00e4nderung\"><img loading=\"lazy\" decoding=\"async\" width=\"1600\" height=\"900\" src=\"https:\/\/www.elevenestetik.com\/wp-content\/uploads\/2024\/03\/PHOTO-2024-03-13-18-24-05.jpg\" class=\"attachment-full size-full wp-post-image\" alt=\"\" srcset=\"https:\/\/www.elevenestetik.com\/wp-content\/uploads\/2024\/03\/PHOTO-2024-03-13-18-24-05.jpg 1600w, https:\/\/www.elevenestetik.com\/wp-content\/uploads\/2024\/03\/PHOTO-2024-03-13-18-24-05-300x169.jpg 300w, https:\/\/www.elevenestetik.com\/wp-content\/uploads\/2024\/03\/PHOTO-2024-03-13-18-24-05-1024x576.jpg 1024w\" sizes=\"auto, (max-width: 1600px) 100vw, 1600px\"><\/a><\/div><div class=\"w-vwrapper usg_vwrapper_1 align_none valign_top\"><time class=\"w-post-elm post_date usg_post_date_1 entry-date published\" datetime=\"2024-03-13T18:26:46+03:00\" title=\"13 M\u00e4rz 2024 um 18:26:46 +03:00\u00a0Uhr\">vor 2\u00a0Jahren<\/time><h2 class=\"w-post-elm post_title usg_post_title_1 entry-title color_link_inherit\"><a href=\"https:\/\/www.elevenestetik.com\/de\/korperasthetik\/kombinierte-aesthetische-operationen-die-perfekte-veraenderung\/\">Kombinierte \u00e4sthetische Operationen: Die perfekte Ver\u00e4nderung<\/a><\/h2><div class=\"w-post-elm post_content usg_post_content_1\">Kombinierte \u00e4sthetische Operationen sind eine Methode, die viele Menschen bevorzugen, um ihr Aussehen zu ver\u00e4ndern und hervorragende Ergebnisse zu erzielen. Bei diesen Eingriffen handelt es sich um eine Kombination verschiedener&hellip;<\/div><a class=\"w-btn us-btn-style_4 usg_btn_1 icon_atright\" href=\"https:\/\/www.elevenestetik.com\/de\/korperasthetik\/kombinierte-aesthetische-operationen-die-perfekte-veraenderung\/\"><span class=\"w-btn-label\">Inhalt anzeigen<\/span><i class=\"far fa-angle-right\"><\/i><\/a><\/div><\/div>\t\t<\/div>\r\n\t\t\t<\/article>\r\n\t<article class=\"w-grid-item size_1x1 post-4783 post type-post status-publish format-standard has-post-thumbnail hentry category-korperasthetik\" data-id=\"4783\">\r\n\t\t<div class=\"w-grid-item-h\">\r\n\t\t\t\t\t\t<div class=\"w-hwrapper usg_hwrapper_1 has_text_color align_none valign_center wrap\"><div class=\"w-post-elm post_image usg_post_image_1 has_width stretched\"><a href=\"https:\/\/www.elevenestetik.com\/de\/korperasthetik\/ist-eine-fettabsaugung-im-sommer-riskant\/\" aria-label=\"Ist eine Fettabsaugung im Sommer riskant?\"><img loading=\"lazy\" decoding=\"async\" width=\"1600\" height=\"900\" src=\"https:\/\/www.elevenestetik.com\/wp-content\/uploads\/2024\/03\/PHOTO-2024-03-13-18-05-48.jpg\" class=\"attachment-full size-full wp-post-image\" alt=\"\" srcset=\"https:\/\/www.elevenestetik.com\/wp-content\/uploads\/2024\/03\/PHOTO-2024-03-13-18-05-48.jpg 1600w, https:\/\/www.elevenestetik.com\/wp-content\/uploads\/2024\/03\/PHOTO-2024-03-13-18-05-48-300x169.jpg 300w, https:\/\/www.elevenestetik.com\/wp-content\/uploads\/2024\/03\/PHOTO-2024-03-13-18-05-48-1024x576.jpg 1024w\" sizes=\"auto, (max-width: 1600px) 100vw, 1600px\"><\/a><\/div><div class=\"w-vwrapper usg_vwrapper_1 align_none valign_top\"><time class=\"w-post-elm post_date usg_post_date_1 entry-date published\" datetime=\"2024-03-13T18:11:17+03:00\" title=\"13 M\u00e4rz 2024 um 18:11:17 +03:00\u00a0Uhr\">vor 2\u00a0Jahren<\/time><h2 class=\"w-post-elm post_title usg_post_title_1 entry-title color_link_inherit\"><a href=\"https:\/\/www.elevenestetik.com\/de\/korperasthetik\/ist-eine-fettabsaugung-im-sommer-riskant\/\">Ist eine Fettabsaugung im Sommer riskant?<\/a><\/h2><div class=\"w-post-elm post_content usg_post_content_1\">Fettabsaugung im Sommer ist ein Thema, auf das viele Menschen neugierig sind. Bei der Fettabsaugung wird unerw\u00fcnschtes Fett im K\u00f6rper durch Absaugen entfernt. Allerdings kann ein solcher Eingriff im Sommer&hellip;<\/div><a class=\"w-btn us-btn-style_4 usg_btn_1 icon_atright\" href=\"https:\/\/www.elevenestetik.com\/de\/korperasthetik\/ist-eine-fettabsaugung-im-sommer-riskant\/\"><span class=\"w-btn-label\">Inhalt anzeigen<\/span><i class=\"far fa-angle-right\"><\/i><\/a><\/div><\/div>\t\t<\/div>\r\n\t\t\t<\/article>\r\n<\/div>\t<div class=\"w-grid-preloader\">\r\n\t\t<div class=\"g-preloader type_1\">\r\n\t\t\t<div><\/div>\r\n\t\t<\/div>\r\n\t<\/div>\r\n\t\t<div class=\"w-grid-json hidden\" onclick='return {&quot;action&quot;:&quot;us_ajax_grid&quot;,&quot;infinite_scroll&quot;:0,&quot;max_num_pages&quot;:1,&quot;pagination&quot;:&quot;none&quot;,&quot;template_vars&quot;:{&quot;columns&quot;:&quot;1&quot;,&quot;exclude_items&quot;:&quot;none&quot;,&quot;img_size&quot;:&quot;full&quot;,&quot;ignore_items_size&quot;:0,&quot;items_layout&quot;:&quot;4638&quot;,&quot;items_offset&quot;:&quot;1&quot;,&quot;load_animation&quot;:&quot;none&quot;,&quot;overriding_link&quot;:&quot;%7B%22url%22%3A%22%22%7D&quot;,&quot;post_id&quot;:0,&quot;query_args&quot;:{&quot;post_type&quot;:[&quot;post&quot;],&quot;post_status&quot;:[&quot;publish&quot;],&quot;posts_per_page&quot;:&quot;12&quot;},&quot;orderby_query_args&quot;:{&quot;orderby&quot;:{&quot;date&quot;:&quot;DESC&quot;}},&quot;type&quot;:&quot;grid&quot;,&quot;us_grid_post_type&quot;:&quot;post&quot;,&quot;us_grid_ajax_index&quot;:1,&quot;us_grid_filter_query_string&quot;:null,&quot;us_grid_index&quot;:1,&quot;page_args&quot;:[],&quot;lang&quot;:&quot;de&quot;}}'><\/div>\r\n\t<\/div><\/div><\/div><\/div><\/div><\/section>\n","protected":false},"excerpt":{"rendered":"Fettabsaugung im Sommer ist ein Thema, auf das viele Menschen neugierig sind. Bei der Fettabsaugung wird unerw\u00fcnschtes Fett im K\u00f6rper durch Absaugen entfernt. Allerdings kann ein solcher Eingriff im Sommer einige Risiken mit sich bringen. Es gibt einige Punkte, die bei einer Fettabsaugung im Sommer zu beachten sind. Wenn diese Punkte nicht beachtet werden, kann...","protected":false},"author":1,"featured_media":0,"parent":0,"menu_order":0,"comment_status":"closed","ping_status":"closed","template":"","meta":{"rank_math_focus_keyword":"Blog","rank_math_description":"","footnotes":""},"class_list":["post-4744","page","type-page","status-publish","hentry"],"_links":{"self":[{"href":"https:\/\/www.elevenestetik.com\/de\/wp-json\/wp\/v2\/pages\/4744","targetHints":{"allow":["GET"]}}],"collection":[{"href":"https:\/\/www.elevenestetik.com\/de\/wp-json\/wp\/v2\/pages"}],"about":[{"href":"https:\/\/www.elevenestetik.com\/de\/wp-json\/wp\/v2\/types\/page"}],"author":[{"embeddable":true,"href":"https:\/\/www.elevenestetik.com\/de\/wp-json\/wp\/v2\/users\/1"}],"replies":[{"embeddable":true,"href":"https:\/\/www.elevenestetik.com\/de\/wp-json\/wp\/v2\/comments?post=4744"}],"version-history":[{"count":1,"href":"https:\/\/www.elevenestetik.com\/de\/wp-json\/wp\/v2\/pages\/4744\/revisions"}],"predecessor-version":[{"id":4745,"href":"https:\/\/www.elevenestetik.com\/de\/wp-json\/wp\/v2\/pages\/4744\/revisions\/4745"}],"wp:attachment":[{"href":"https:\/\/www.elevenestetik.com\/de\/wp-json\/wp\/v2\/media?parent=4744"}],"curies":[{"name":"wp","href":"https:\/\/api.w.org\/{rel}","templated":true}]}}