{"id":3068,"date":"2026-01-26T09:04:41","date_gmt":"2026-01-26T06:04:41","guid":{"rendered":"https:\/\/www.elevenestetik.com\/lernen-sie-uns-kennen\/"},"modified":"2026-01-26T09:06:45","modified_gmt":"2026-01-26T06:06:45","slug":"lernen-sie-uns-kennen","status":"publish","type":"page","link":"https:\/\/www.elevenestetik.com\/de\/lernen-sie-uns-kennen\/","title":{"rendered":"Lernen Sie uns kennen"},"content":{"rendered":"<section class=\"l-section wpb_row height_medium full_height valign_center with_img parallax_ver\"><div class=\"l-section-img\" role=\"img\" aria-label=\"tan\u0131y\u0131n\" data-img-width=\"1920\" data-img-height=\"1080\" style=\"background-image: url(https:\/\/www.elevenestetik.com\/wp-content\/uploads\/2024\/11\/aboutheader.jpg);\"><\/div><div class=\"l-section-h i-cf\"><div class=\"g-cols vc_row via_grid cols_1 laptops-cols_inherit tablets-cols_inherit mobiles-cols_1 valign_top type_default stacking_default\"><div class=\"wpb_column vc_column_container\"><div class=\"vc_column-inner\"><\/div><\/div><\/div><\/div><\/section><section class=\"l-section wpb_row us_custom_fbf2fafc height_large with_img parallax_ver parallax_xpos_left\"><div class=\"l-section-img\" role=\"img\" aria-label=\"Bild\" data-img-width=\"1920\" data-img-height=\"1080\" style=\"background-image: url(https:\/\/www.elevenestetik.com\/wp-content\/uploads\/2023\/12\/el_transparent_back.png);background-position: center left;\"><\/div><div class=\"l-section-h i-cf\"><div class=\"g-cols vc_row via_grid cols_custom laptops-cols_inherit tablets-cols_inherit mobiles-cols_1 valign_top type_default stacking_default\" style=\"--custom-columns:1fr 4fr 1fr \"><div class=\"wpb_column vc_column_container\"><div class=\"vc_column-inner\"><\/div><\/div><div class=\"wpb_column vc_column_container\"><div class=\"vc_column-inner\"><h1 class=\"w-text us_custom_eb849559\"><span class=\"w-text-h\"><span class=\"w-text-value\">Lernen Sie unser Ziel<\/span><\/span><\/h1><div class=\"wpb_text_column us_custom_eb849559\"><div class=\"wpb_wrapper\"><p>Als Eleven Estetik sind wir bestrebt, allen unseren G\u00e4sten das beste Erlebnis zu bieten. In diesem Zusammenhang haben wir ein offenes Ohr f\u00fcr die Probleme unserer G\u00e4ste, gehen auf ihre W\u00fcnsche ein und bem\u00fchen uns, ihre Zufriedenheit zu erreichen. <span class=\"s2\">Mit unserer Erfahrung in der Branche empfangen wir alle unsere G\u00e4ste mit Ergebnissen, die sie zufrieden stellen werden.<\/span><\/p>\n<\/div><\/div><div class=\"w-video us_custom_28ca74d9 align_center ratio_16x9 has_border_radius has_iframe\"><div class=\"w-video-h\"><iframe title=\"Vimeo video player\" src=\"https:\/\/player.vimeo.com\/video\/910917326?autoplay=0&loop=0&autopause=0&color=00adef&portrait=0&byline=1&title=1&controls=1&muted=0\" frameborder=\"0\" allow=\"autoplay; fullscreen\" allowfullscreen loading=\"lazy\"><\/iframe><\/div><\/div><\/div><\/div><div class=\"wpb_column vc_column_container\"><div class=\"vc_column-inner\"><\/div><\/div><\/div><\/div><\/section><section class=\"l-section wpb_row us_custom_24941e40 height_large\"><div class=\"l-section-h i-cf\"><div class=\"g-cols vc_row via_grid cols_1 laptops-cols_inherit tablets-cols_inherit mobiles-cols_1 valign_top type_default stacking_default\" style=\"--columns-gap:4rem;\"><div class=\"wpb_column vc_column_container us_custom_ce836b37 has_text_color has_bg_color\"><div class=\"vc_column-inner\"><div class=\"wpb_text_column us_custom_8b3d6790 has_text_color\"><div class=\"wpb_wrapper\"><h2>3 Schritte zur Konzentration auf Ergebnisse<\/h2>\n<\/div><\/div><div class=\"w-separator size_large\"><\/div><div class=\"g-cols wpb_row via_grid cols_3 laptops-cols_inherit tablets-cols_1 mobiles-cols_1 valign_top type_default\" style=\"--columns-gap:3rem;\"><div class=\"wpb_column vc_column_container\"><div class=\"vc_column-inner\"><div class=\"w-text us_custom_80023f42 has_text_color\"><span class=\"w-text-h\"><span class=\"w-text-value\">01<\/span><\/span><\/div><div class=\"wpb_text_column us_custom_e8d85284 has_text_color\"><div class=\"wpb_wrapper\"><h4>Wir h\u00f6ren<br \/>Ihnen zu<\/h4>\n<p>Mit unserem speziellen Assistenten gehen wir auf Ihre Erwartungen und W\u00fcnsche ein. Wir machen uns Notizen \u00fcber Ihre Anfragen.<\/p>\n<\/div><\/div><\/div><\/div><div class=\"wpb_column vc_column_container\"><div class=\"vc_column-inner\"><div class=\"w-text us_custom_80023f42 has_text_color\"><span class=\"w-text-h\"><span class=\"w-text-value\">02<\/span><\/span><\/div><div class=\"wpb_text_column us_custom_e8d85284 has_text_color\"><div class=\"wpb_wrapper\"><h4>Wir beginnen<br \/>\nIhren Behandlungsprozess<\/h4>\n<p>Nach der Durchf\u00fchrung unserer Erkennungsstudie beginnen wir Ihren Prozess mit unseren leitenden \u00c4rzten in diesem Bereich.<\/p>\n<\/div><\/div><\/div><\/div><div class=\"wpb_column vc_column_container\"><div class=\"vc_column-inner\"><div class=\"w-text us_custom_80023f42 has_text_color\"><span class=\"w-text-h\"><span class=\"w-text-value\">03<\/span><\/span><\/div><div class=\"wpb_text_column us_custom_e8d85284 has_text_color\"><div class=\"wpb_wrapper\"><h4>Wir verabschieden uns mit Freude von Ihnen.<\/h4>\n<p>Nachdem der gesamte Prozess abgeschlossen ist, erhalten wir Ihre Ideen und wir reisen, indem wir Ihre Zufriedenheit gewinnen.<\/p>\n<\/div><\/div><\/div><\/div><\/div><\/div><\/div><\/div><\/div><\/section><section class=\"l-section wpb_row height_medium with_shape\"><div class=\"l-section-shape type_tilt pos_bottom\" style=\"height:35vmin;color:var(--color-header-transparent-text-hover)\"><svg xmlns=\"http:\/\/www.w3.org\/2000\/svg\" viewBox=\"0 0 64 8\" preserveAspectRatio=\"none\" width=\"100%\" height=\"100%\">\r\n\t<path fill=\"currentColor\" d=\"M64 7.9 L64 10 L0 10 L0 0 Z\"\/>\r\n<\/svg><\/div><div class=\"l-section-h i-cf\"><div class=\"g-cols vc_row via_grid cols_3-2 laptops-cols_2 tablets-cols_inherit mobiles-cols_1 valign_middle type_default reversed stacking_default\" style=\"--columns-gap:5%;\"><div class=\"wpb_column vc_column_container\"><div class=\"vc_column-inner\"><div class=\"w-image us_custom_f9970933 align_none\"><div class=\"w-image-h\"><img decoding=\"async\" width=\"1080\" height=\"1620\" src=\"https:\/\/www.elevenestetik.com\/wp-content\/uploads\/2025\/05\/eleven_about_new.jpg\" class=\"attachment-full size-full\" alt=\"eleven estetik hakk\u0131m\u0131zda\" loading=\"lazy\" srcset=\"https:\/\/www.elevenestetik.com\/wp-content\/uploads\/2025\/05\/eleven_about_new.jpg 1080w, https:\/\/www.elevenestetik.com\/wp-content\/uploads\/2025\/05\/eleven_about_new-200x300.jpg 200w, https:\/\/www.elevenestetik.com\/wp-content\/uploads\/2025\/05\/eleven_about_new-683x1024.jpg 683w, https:\/\/www.elevenestetik.com\/wp-content\/uploads\/2025\/05\/eleven_about_new-100x150.jpg 100w\" sizes=\"auto, (max-width: 1080px) 100vw, 1080px\" \/><\/div><\/div><\/div><\/div><div class=\"wpb_column vc_column_container\"><div class=\"vc_column-inner\"><div class=\"wpb_text_column us_custom_34fd2741\"><div class=\"wpb_wrapper\"><h2>Machen Sie sich bereit f\u00fcr ein besonderes Erlebnis.<\/h2>\n<div class=\"col-xs-12 col-lg-6\">\n<p>Als gesundheitstouristisches Unternehmen, das die Bereiche Gesundheit und Tourismus zusammenf\u00fchrt, bieten wir unseren gesch\u00e4tzten G\u00e4sten ein Servicekonzept, mit dem Sie zufrieden sein werden. Unser Ziel ist es, den gesunden Lebensstil unserer G\u00e4ste aus verschiedenen Teilen der Welt zu verbessern und zu einem Verst\u00e4ndnis von Lebensqualit\u00e4t beizutragen.<\/p>\n<p>Als Eleven Aesthetics arbeiten wir mit unseren erfahrenen und erfahrenen Gesundheitsexperten zusammen. Indem wir die Bed\u00fcrfnisse unserer G\u00e4ste erkennen, tragen wir dazu bei, ihre Gesundheit wiederherzustellen und ihre Lebensqualit\u00e4t zu verbessern.<\/p>\n<p>Unsere erste Pflicht ist es, die Sicherheit und den Komfort unserer G\u00e4ste zu gew\u00e4hrleisten. In Zusammenarbeit mit f\u00fchrenden Gesundheitseinrichtungen in der T\u00fcrkei bieten wir erstklassige Gesundheitsdienste zu optimalen Kosten. Wir legen jedoch besonderen Wert darauf, den Reiseprozess unserer G\u00e4ste einzigartig zu gestalten und bieten hochwertige Unterk\u00fcnfte.<\/p>\n<p>Jetzt wollen wir, dass Sie gl\u00fccklicher und ges\u00fcnder in die Zukunft blicken. Wir sind hier, um Ihnen zu helfen, Ihren Tag und Ihren Morgen besser zu beginnen. Wir sind hier, um unsere Erfahrung im Bereich des Gesundheitstourismus zu teilen und ihn f\u00fcr Sie zu einem besonderen Erlebnis zu machen. Beginnen Sie jetzt Ihre Reise und entdecken Sie sich neu.<\/p>\n<\/div>\n<\/div><\/div><\/div><\/div><\/div><\/div><\/section><section class=\"l-section wpb_row us_custom_669fa204 height_medium\"><div class=\"l-section-h i-cf\"><div class=\"g-cols vc_row via_grid cols_1 laptops-cols_inherit tablets-cols_inherit mobiles-cols_1 valign_top type_default stacking_default\"><div class=\"wpb_column vc_column_container us_custom_949481da has_bg_color\"><div class=\"vc_column-inner\"><div class=\"g-cols wpb_row via_grid cols_2-1 laptops-cols_1 tablets-cols_inherit mobiles-cols_1 valign_middle type_default stacking_default\" style=\"--columns-gap:3rem;\"><div class=\"wpb_column vc_column_container\"><div class=\"vc_column-inner\"><h3 class=\"w-text us_custom_a16e6009\"><span class=\"w-text-h\"><span class=\"w-text-value\">Machen Sie einen Neuanfang.<\/span><\/span><\/h3><h3 class=\"w-text us_custom_acb56ff8 has_text_color\"><span class=\"w-text-h\"><span class=\"w-text-value\">Ges\u00fcnder und besser.<\/span><\/span><\/h3><\/div><\/div><div class=\"wpb_column vc_column_container\"><div class=\"vc_column-inner\"><div class=\"w-btn-wrapper default_align_justify laptops_align_justify tablets_align_justify mobiles_align_left\"><a class=\"w-btn us-btn-style_1 us_custom_b7bb1673\" href=\"https:\/\/www.elevenestetik.com\/de\/kontakt\/\"><span class=\"w-btn-label\">Kontakt aufnehmen<\/span><\/a><\/div><\/div><\/div><\/div><div class=\"w-separator size_large\"><\/div><div class=\"w-image has_ratio align_none\"><div class=\"w-image-h\"><div style=\"padding-bottom:50%\"><\/div><img decoding=\"async\" width=\"1920\" height=\"1080\" src=\"https:\/\/www.elevenestetik.com\/wp-content\/uploads\/2024\/11\/contactheader.jpg\" class=\"attachment-full size-full\" alt=\"ileti\u015fim\" loading=\"lazy\" \/><\/div><\/div><\/div><\/div><\/div><\/div><\/section>\n","protected":false},"excerpt":{"rendered":"Lernen Sie unser ZielAls Eleven Estetik sind wir bestrebt, allen unseren G\u00e4sten das beste Erlebnis zu bieten. In diesem Zusammenhang haben wir ein offenes Ohr f\u00fcr die Probleme unserer G\u00e4ste, gehen auf ihre W\u00fcnsche ein und bem\u00fchen uns, ihre Zufriedenheit zu erreichen. Mit unserer Erfahrung in der Branche empfangen wir alle unsere G\u00e4ste mit Ergebnissen,...","protected":false},"author":1,"featured_media":0,"parent":0,"menu_order":0,"comment_status":"closed","ping_status":"closed","template":"","meta":{"rank_math_focus_keyword":"","rank_math_description":"","footnotes":""},"class_list":["post-3068","page","type-page","status-publish","hentry"],"_links":{"self":[{"href":"https:\/\/www.elevenestetik.com\/de\/wp-json\/wp\/v2\/pages\/3068","targetHints":{"allow":["GET"]}}],"collection":[{"href":"https:\/\/www.elevenestetik.com\/de\/wp-json\/wp\/v2\/pages"}],"about":[{"href":"https:\/\/www.elevenestetik.com\/de\/wp-json\/wp\/v2\/types\/page"}],"author":[{"embeddable":true,"href":"https:\/\/www.elevenestetik.com\/de\/wp-json\/wp\/v2\/users\/1"}],"replies":[{"embeddable":true,"href":"https:\/\/www.elevenestetik.com\/de\/wp-json\/wp\/v2\/comments?post=3068"}],"version-history":[{"count":18,"href":"https:\/\/www.elevenestetik.com\/de\/wp-json\/wp\/v2\/pages\/3068\/revisions"}],"predecessor-version":[{"id":7495,"href":"https:\/\/www.elevenestetik.com\/de\/wp-json\/wp\/v2\/pages\/3068\/revisions\/7495"}],"wp:attachment":[{"href":"https:\/\/www.elevenestetik.com\/de\/wp-json\/wp\/v2\/media?parent=3068"}],"curies":[{"name":"wp","href":"https:\/\/api.w.org\/{rel}","templated":true}]}}